{"id":12780,"date":"2026-02-20T13:14:51","date_gmt":"2026-02-20T12:14:51","guid":{"rendered":"https:\/\/cms.zdv.uni-mainz.de\/fb05-germanistik\/?page_id=12780"},"modified":"2026-03-23T10:45:40","modified_gmt":"2026-03-23T09:45:40","slug":"profilseite-von-jun-prof-dr-gudrun-bamberger","status":"publish","type":"page","link":"https:\/\/cms.zdv.uni-mainz.de\/fb05-germanistik\/profilseite-von-jun-prof-dr-gudrun-bamberger\/","title":{"rendered":"Profilseite von Jun.-Prof. Dr. Gudrun Bamberger"},"content":{"rendered":"<jgu-base-pageheader react-props=\"{\n    &quot;items&quot;: [\n        {\n            &quot;box&quot;: {\n                &quot;index&quot;: &quot;&quot;,\n                &quot;title&quot;: &quot;Profilseite von Jun.-Prof. Dr. Gudrun Bamberger &quot;,\n                &quot;link&quot;: {\n                    &quot;url&quot;: &quot;&quot;,\n                    &quot;title&quot;: &quot;learn more&quot;\n                }\n            },\n            &quot;color&quot;: &quot;dark&quot;,\n            &quot;image&quot;: {\n                &quot;url&quot;: &quot;&quot;\n            },\n            &quot;imgCredit&quot;: &quot;&quot;,\n            &quot;useVideo&quot;: false,\n            &quot;video&quot;: false\n        }\n    ],\n    &quot;type&quot;: &quot;small&quot;,\n    &quot;align&quot;: &quot;full&quot;,\n    &quot;quicklinks&quot;: {\n        &quot;show&quot;: false,\n        &quot;selects&quot;: []\n    },\n    &quot;useBreadcrumb&quot;: false\n}\">\n<\/jgu-base-pageheader>\n\n\n<div class=\"wp-block-columns is-layout-flex wp-container-core-columns-is-layout-9d6595d7 wp-block-columns-is-layout-flex\">\n<div class=\"wp-block-column is-layout-flow wp-block-column-is-layout-flow\" style=\"flex-basis:33.33%\">\n<div class=\"wp-block-group alignwide is-vertical is-content-justification-stretch is-nowrap is-layout-flex wp-container-core-group-is-layout-37936256 wp-block-group-is-layout-flex\">\n<div class=\"wp-block-group alignwide is-layout-constrained wp-block-group-is-layout-constrained\"><jgu-base-image react-props=\"{\n    &quot;image&quot;: {\n        &quot;url&quot;: &quot;https:\\\/\\\/cms.zdv.uni-mainz.de\\\/fb05-germanistik\\\/wp-content\\\/uploads\\\/sites\\\/834\\\/2026\\\/02\\\/portrait.jpeg&quot;,\n        &quot;id&quot;: 12793,\n        &quot;hideImageDescription&quot;: false,\n        &quot;hideCredit&quot;: false,\n        &quot;darkBackground&quot;: false,\n        &quot;title&quot;: &quot;portrait&quot;,\n        &quot;width&quot;: 400,\n        &quot;height&quot;: 400,\n        &quot;srcset&quot;: &quot;https:\\\/\\\/cms.zdv.uni-mainz.de\\\/fb05-germanistik\\\/wp-content\\\/uploads\\\/sites\\\/834\\\/2026\\\/02\\\/portrait.jpeg 400w, https:\\\/\\\/cms.zdv.uni-mainz.de\\\/fb05-germanistik\\\/wp-content\\\/uploads\\\/sites\\\/834\\\/2026\\\/02\\\/portrait-300x300.jpeg 300w, https:\\\/\\\/cms.zdv.uni-mainz.de\\\/fb05-germanistik\\\/wp-content\\\/uploads\\\/sites\\\/834\\\/2026\\\/02\\\/portrait-150x150.jpeg 150w&quot;\n    },\n    &quot;imgWidth&quot;: 407,\n    &quot;width&quot;: 0,\n    &quot;align&quot;: &quot;&quot;,\n    &quot;hasLightbox&quot;: false,\n    &quot;caption&quot;: &quot;&quot;,\n    &quot;link&quot;: {\n        &quot;url&quot;: &quot;&quot;,\n        &quot;target&quot;: &quot;&quot;,\n        &quot;rel&quot;: &quot;&quot;\n    }\n}\" class=\"align-\">\n    \n<\/jgu-base-image>\n\n\n<div class=\"wp-block-group alignwide is-layout-constrained wp-block-group-is-layout-constrained\">\n<p class=\"has-big-font-size\"><\/p>\n\n\n\n<p class=\"has-big-font-size\"><strong>Kontakt <\/strong><\/p>\n\n\n\n<p class=\"has-normal-font-size\"><strong>Mail<\/strong>: gudrun.bamberger@uni-mainz.de<\/p>\n\n\n\n<p class=\"has-normal-font-size\"><strong>Tel. <\/strong>+49 (06131) 39-30035<\/p>\n\n\n\n<p class=\"has-normal-font-size\"><strong>Raum <\/strong>02-926 (Philosophicum I)<\/p>\n\n\n\n<p class=\"has-big-font-size\"><strong>Sprechzeiten<\/strong> (in der vorlesungsfreien Zeit)<\/p>\n\n\n\n<p class=\"has-normal-font-size\"><strong>17.2.<\/strong> 14:00Uhr<br><strong>18.2.<\/strong> 9:00Uhr<em> (nur digital)<\/em><br><strong>23.2.<\/strong> 15:30Uhr <em>(nur digital)<\/em><br><strong>26.2.<\/strong> 15:30Uhr<br><strong>5.3.<\/strong> 14:00Uhr <em>(nur digital)<\/em><br><strong>31.3<\/strong>. 14:00 <em>(nur digital)<\/em><\/p>\n<\/div>\n<\/div>\n<\/div>\n<\/div>\n\n\n\n<div class=\"wp-block-column is-layout-flow wp-block-column-is-layout-flow\" style=\"flex-basis:66.66%\"><jgu-base-tabs react-props=\"{\n    &quot;stackMobile&quot;: true,\n    &quot;align&quot;: &quot;wide&quot;,\n    &quot;selected&quot;: 1,\n    &quot;ratio&quot;: 0,\n    &quot;autoRatio&quot;: true,\n    &quot;hasAllOpenButton&quot;: true,\n    &quot;onlyOne&quot;: false,\n    &quot;initAllClosed&quot;: true,\n    &quot;enableSearch&quot;: false,\n    &quot;layout&quot;: {\n        &quot;type&quot;: &quot;flex&quot;,\n        &quot;flexWrap&quot;: &quot;nowrap&quot;,\n        &quot;justifyContent&quot;: &quot;space-between&quot;,\n        &quot;orientation&quot;: &quot;horizontal&quot;\n    }\n}\">\n    \n<jgu-base-tabsitem react-props=\"{\n    &quot;title&quot;: &quot;Forschungsschwerpunkte&quot;,\n    &quot;slug&quot;: &quot;forschungsschwerpunkte&quot;,\n    &quot;align&quot;: &quot;wide&quot;,\n    &quot;customSlug&quot;: false\n}\">\n    \n<jgu-base-heading react-props=\"{\n    &quot;color&quot;: &quot;default&quot;,\n    &quot;tags&quot;: {\n        &quot;htmlTag&quot;: &quot;h2&quot;,\n        &quot;classTag&quot;: &quot;h3&quot;,\n        &quot;tag&quot;: &quot;h2.h3&quot;\n    },\n    &quot;heading&quot;: &quot;Forschungsschwerpunkte &quot;,\n    &quot;textAlign&quot;: &quot;left&quot;,\n    &quot;anchor&quot;: &quot;&quot;,\n    &quot;index&quot;: &quot;&quot;\n}\"><\/jgu-base-heading>\n\n\n\n<p class=\"has-normal-font-size\">Literatur der Fr\u00fchen Neuzeit 1450\u20131800,<br>insbesondere Erz\u00e4hlliteratur des 16. Jahrhunderts,<br>Lyrik und Dramatik des 17. Jahrhunderts,<br>Martin Opitz,<br>Editionsphilologie,<br>Intermedialit\u00e4t,<br>Konventionalisierung literarischer Verfahren,<br>Rhetorik (Wyle, Reuchlin),<br>Literatur und Wissen,<br>Rezeptions- und Wissensgeschichte der Fr\u00fchen Neuzeit,<br>Literatur um 1800<\/p>\n\n\n<\/jgu-base-tabsitem>\n\n<jgu-base-tabsitem react-props=\"{\n    &quot;title&quot;: &quot;Curriculum Vitae&quot;,\n    &quot;slug&quot;: &quot;curriculum-vitae&quot;,\n    &quot;align&quot;: &quot;wide&quot;,\n    &quot;customSlug&quot;: false\n}\">\n    \n<jgu-base-heading react-props=\"{\n    &quot;color&quot;: &quot;default&quot;,\n    &quot;tags&quot;: {\n        &quot;htmlTag&quot;: &quot;h2&quot;,\n        &quot;classTag&quot;: &quot;h3&quot;,\n        &quot;tag&quot;: &quot;h2.h3&quot;\n    },\n    &quot;heading&quot;: &quot;Curriculum Vitae &quot;,\n    &quot;textAlign&quot;: &quot;left&quot;,\n    &quot;anchor&quot;: &quot;&quot;,\n    &quot;index&quot;: &quot;&quot;\n}\"><\/jgu-base-heading>\n\n\n<ul class=\"styled-list hyphenation\">\n\t\n<ul class=\"styled-list hyphenation\"><jgu-base-listitem react-props=\"{\n    &quot;title&quot;: &quot;&lt;strong&gt;Seit 01.07.2022&lt;\\\/strong&gt;&lt;br&gt;Juniorprofessorin f\\u00fcr Neuere deutsche Literaturwissenschaft an der JGU Mainz&quot;,\n    &quot;uuid&quot;: &quot;1763029096502&quot;,\n    &quot;link&quot;: {\n        &quot;url&quot;: null\n    },\n    &quot;align&quot;: &quot;wide&quot;,\n    &quot;showInActions&quot;: false,\n    &quot;allowNesting&quot;: true,\n    &quot;icon&quot;: &quot;&quot;,\n    &quot;showExpandableContent&quot;: false,\n    &quot;expandableContent&quot;: &quot;&quot;\n}\">\n    \n<\/jgu-base-listitem>\n\n<jgu-base-listitem react-props=\"{\n    &quot;title&quot;: &quot;&lt;strong&gt;01.10.2021-30.06.2022&lt;\\\/strong&gt;&lt;br&gt;Unterbesetzung als Vertretung einer W1-Juniorprofessur f\\u00fcr deutsche Literatur des Sp\\u00e4tmittelalters und der Fr\\u00fchen Neuzeit, Universit\\u00e4t Leipzig&quot;,\n    &quot;uuid&quot;: &quot;1763029133959&quot;,\n    &quot;link&quot;: {\n        &quot;url&quot;: null\n    },\n    &quot;align&quot;: &quot;wide&quot;,\n    &quot;showInActions&quot;: false,\n    &quot;allowNesting&quot;: true,\n    &quot;icon&quot;: &quot;&quot;,\n    &quot;showExpandableContent&quot;: false,\n    &quot;expandableContent&quot;: &quot;&quot;\n}\">\n    \n<\/jgu-base-listitem>\n\n<jgu-base-listitem react-props=\"{\n    &quot;title&quot;: &quot;&lt;strong&gt;2018-2022&lt;\\\/strong&gt;&lt;br&gt;Wissenschaftliche Mitarbeiterin DFG-Projekt \\u201eHybridedition der deutschsprachigen Werke des Martin Opitz\\u201c (PostDoc, 100%), T\\u00fcbingen&quot;,\n    &quot;uuid&quot;: &quot;1763029145488&quot;,\n    &quot;link&quot;: {\n        &quot;url&quot;: null\n    },\n    &quot;align&quot;: &quot;wide&quot;,\n    &quot;showInActions&quot;: false,\n    &quot;allowNesting&quot;: true,\n    &quot;icon&quot;: &quot;&quot;,\n    &quot;showExpandableContent&quot;: false,\n    &quot;expandableContent&quot;: &quot;&quot;\n}\">\n    \n<\/jgu-base-listitem>\n\n<jgu-base-listitem react-props=\"{\n    &quot;title&quot;: &quot;&lt;strong&gt;27.07.2017&lt;\\\/strong&gt;&lt;br&gt;Promotionspr\\u00fcfung&quot;,\n    &quot;uuid&quot;: &quot;1763029168977&quot;,\n    &quot;link&quot;: {\n        &quot;url&quot;: null\n    },\n    &quot;align&quot;: &quot;wide&quot;,\n    &quot;showInActions&quot;: false,\n    &quot;allowNesting&quot;: true,\n    &quot;icon&quot;: &quot;&quot;,\n    &quot;showExpandableContent&quot;: false,\n    &quot;expandableContent&quot;: &quot;&quot;\n}\">\n    \n<\/jgu-base-listitem>\n\n<jgu-base-listitem react-props=\"{\n    &quot;title&quot;: &quot;&lt;strong&gt;09.02.2017&lt;\\\/strong&gt;&lt;br&gt;Abgabe der Dissertationsschrift: \\u201e,Dann also was das liedlin gemacht\\u2018. Poetologisches Wissen im Prosaroman (Fortunatus, J\\u00f6rg Wickrams Prosaoeuvre, Faustbuch)\\u201c; 2018 erschienen als \\u201ePoetologie im Prosaroman. Fortunatus \\u2013 Wickram \\u2013 Faustbuch\\u201c beim Verlag K\\u00f6nigshausen&amp;amp;Neumann&quot;,\n    &quot;uuid&quot;: &quot;1763029300022&quot;,\n    &quot;link&quot;: {\n        &quot;url&quot;: null\n    },\n    &quot;align&quot;: &quot;wide&quot;,\n    &quot;showInActions&quot;: false,\n    &quot;allowNesting&quot;: true,\n    &quot;icon&quot;: &quot;&quot;,\n    &quot;showExpandableContent&quot;: false,\n    &quot;expandableContent&quot;: &quot;&quot;\n}\">\n    \n<\/jgu-base-listitem>\n\n<jgu-base-listitem react-props=\"{\n    &quot;title&quot;: &quot;&lt;strong&gt;SoSe 2014\\u2013WS 2016\\\/17&lt;\\\/strong&gt;&lt;br&gt;Stipendiatin im Landesgraduiertenf\\u00f6rderungsprogramm Baden-W\\u00fcrttemberg im Rahmen des Promotionsverbunds \\u201eDie andere \\u00c4sthetik\\u201c, T\\u00fcbingen&lt;br&gt;Assoziierte Kollegiatin im DFG-Graduiertenkolleg 1662 \\u201eReligi\\u00f6ses Wissen im vormodernen Europa\\u201c, T\\u00fcbingen&quot;,\n    &quot;uuid&quot;: &quot;1763029314062&quot;,\n    &quot;link&quot;: {\n        &quot;url&quot;: null\n    },\n    &quot;align&quot;: &quot;wide&quot;,\n    &quot;showInActions&quot;: false,\n    &quot;allowNesting&quot;: true,\n    &quot;icon&quot;: &quot;&quot;,\n    &quot;showExpandableContent&quot;: false,\n    &quot;expandableContent&quot;: &quot;&quot;\n}\">\n    \n<\/jgu-base-listitem>\n\n<jgu-base-listitem react-props=\"{\n    &quot;title&quot;: &quot;&lt;strong&gt;WS 2013\\\/14&lt;br&gt;&lt;\\\/strong&gt;Staatsexamen in den F\\u00e4chern Deutsch\\\/Englisch f\\u00fcr das Lehramt an Gymnasien&quot;,\n    &quot;uuid&quot;: &quot;1763029321576&quot;,\n    &quot;link&quot;: {\n        &quot;url&quot;: null\n    },\n    &quot;align&quot;: &quot;wide&quot;,\n    &quot;showInActions&quot;: false,\n    &quot;allowNesting&quot;: true,\n    &quot;icon&quot;: &quot;&quot;,\n    &quot;showExpandableContent&quot;: false,\n    &quot;expandableContent&quot;: &quot;&quot;\n}\">\n    \n<\/jgu-base-listitem>\n\n<jgu-base-listitem react-props=\"{\n    &quot;title&quot;: &quot;&lt;strong&gt;SoSe 2013&lt;\\\/strong&gt;&lt;br&gt;Magistra Artium&quot;,\n    &quot;uuid&quot;: &quot;1763029329408&quot;,\n    &quot;link&quot;: {\n        &quot;url&quot;: null\n    },\n    &quot;align&quot;: &quot;wide&quot;,\n    &quot;showInActions&quot;: false,\n    &quot;allowNesting&quot;: true,\n    &quot;icon&quot;: &quot;&quot;,\n    &quot;showExpandableContent&quot;: false,\n    &quot;expandableContent&quot;: &quot;&quot;\n}\">\n    \n<\/jgu-base-listitem>\n\n<jgu-base-listitem react-props=\"{\n    &quot;title&quot;: &quot;&lt;strong&gt;WS 2007\\\/08\\u2013WS 2013\\\/14&lt;\\\/strong&gt;&lt;br&gt;Studium der F\\u00e4cher Anglistik, Finnougristik, Germanistik, Historische englische Sprachwissenschaft und mittelalterliche Literatur, Nordische Philologie sowie Slavische Philologie an der Universit\\u00e4t M\\u00fcnchen&quot;,\n    &quot;uuid&quot;: &quot;1763029354778&quot;,\n    &quot;link&quot;: {\n        &quot;url&quot;: null\n    },\n    &quot;align&quot;: &quot;wide&quot;,\n    &quot;showInActions&quot;: false,\n    &quot;allowNesting&quot;: true,\n    &quot;icon&quot;: &quot;&quot;,\n    &quot;showExpandableContent&quot;: false,\n    &quot;expandableContent&quot;: &quot;&quot;\n}\">\n    \n<\/jgu-base-listitem><\/ul>\n\n<\/ul>\n\n<\/jgu-base-tabsitem>\n\n<jgu-base-tabsitem react-props=\"{\n    &quot;title&quot;: &quot;Publikationen&quot;,\n    &quot;slug&quot;: &quot;publikationen&quot;,\n    &quot;align&quot;: &quot;wide&quot;,\n    &quot;customSlug&quot;: false\n}\">\n    \n<jgu-base-heading react-props=\"{\n    &quot;color&quot;: &quot;default&quot;,\n    &quot;tags&quot;: {\n        &quot;htmlTag&quot;: &quot;h2&quot;,\n        &quot;classTag&quot;: &quot;h3&quot;,\n        &quot;tag&quot;: &quot;h2.h3&quot;\n    },\n    &quot;heading&quot;: &quot;Publikationen&quot;,\n    &quot;textAlign&quot;: &quot;left&quot;,\n    &quot;anchor&quot;: &quot;&quot;,\n    &quot;index&quot;: &quot;&quot;\n}\"><\/jgu-base-heading>\n\n\n\n<div class=\"wp-block-columns is-layout-flex wp-container-core-columns-is-layout-9d6595d7 wp-block-columns-is-layout-flex\">\n<div class=\"wp-block-column is-layout-flow wp-block-column-is-layout-flow\"><jgu-base-teaserbox react-props=\"{\n    &quot;headline&quot;: {\n        &quot;htmlTag&quot;: &quot;h2&quot;,\n        &quot;classTag&quot;: &quot;&quot;,\n        &quot;tag&quot;: &quot;h2&quot;\n    },\n    &quot;icon&quot;: &quot;external-link-alt-solid&quot;,\n    &quot;color&quot;: &quot;red-index&quot;,\n    &quot;title&quot;: &quot;Publikationsverzeichnis&quot;,\n    &quot;link&quot;: {\n        &quot;url&quot;: &quot;https:\\\/\\\/researchprofiles.uni-mainz.de\\\/15633-gudrun-bamberger\\\/publications&quot;\n    },\n    &quot;unbound&quot;: true,\n    &quot;align&quot;: &quot;wide&quot;,\n    &quot;iconColor&quot;: &quot;default&quot;,\n    &quot;isCalendar&quot;: false,\n    &quot;iconBoxed&quot;: false,\n    &quot;useLinkList&quot;: false,\n    &quot;linkList&quot;: {},\n    &quot;hideThumbnail&quot;: false,\n    &quot;type&quot;: &quot;boxed&quot;,\n    &quot;index&quot;: &quot;&quot;,\n    &quot;excerpt&quot;: &quot;&quot;,\n    &quot;linkTitle&quot;: &quot;&quot;,\n    &quot;linkStyle&quot;: &quot;default&quot;,\n    &quot;overboxImage&quot;: false,\n    &quot;differingHeadlineColor&quot;: false,\n    &quot;headlineColor&quot;: &quot;&quot;,\n    &quot;textPositionBottom&quot;: false,\n    &quot;template&quot;: &quot;&quot;,\n    &quot;video&quot;: {\n        &quot;provider&quot;: &quot;youtube&quot;,\n        &quot;id&quot;: &quot;&quot;,\n        &quot;poster&quot;: &quot;&quot;\n    },\n    &quot;audioUrl&quot;: &quot;&quot;\n}\">\n    \n<\/jgu-base-teaserbox><\/div>\n\n\n\n<div class=\"wp-block-column is-layout-flow wp-block-column-is-layout-flow\"><\/div>\n<\/div>\n\n\n<\/jgu-base-tabsitem>\n\n<\/jgu-base-tabs><\/div>\n<\/div>\n    <div style=\"display: none\">\n        \n    <\/div>","protected":false},"excerpt":{"rendered":"<p>Kontakt Mail: gudrun.bamberger@uni-mainz.de Tel. +49 (06131) 39-30035 Raum 02-926 (Philosophicum I) Sprechzeiten (in der vorlesungsfreien Zeit) 17.2. 14:00Uhr18.2. 9:00Uhr (nur digital)23.2. 15:30Uhr (nur digital)26.2. 15:30Uhr5.3. 14:00Uhr (nur digital)31.3. 14:00 (nur digital)<\/p>\n","protected":false},"author":855,"featured_media":0,"parent":0,"menu_order":0,"comment_status":"closed","ping_status":"closed","template":"","meta":{"footnotes":""},"categories":[],"tags":[],"class_list":["post-12780","page","type-page","status-publish","hentry"],"content_raw":"<!-- wp:jgu\/pageheader {\"items\":[{\"box\":{\"index\":\"\",\"title\":\"Profilseite von Jun.-Prof. Dr. Gudrun Bamberger \",\"link\":{\"url\":\"\",\"title\":\"learn more\"}},\"color\":\"dark\",\"image\":{\"url\":\"\"},\"imgCredit\":\"\",\"useVideo\":false,\"video\":false}],\"type\":\"small\"} \/-->\n\n<!-- wp:columns {\"className\":\"\"} -->\n<div class=\"wp-block-columns\"><!-- wp:column {\"width\":\"33.33%\"} -->\n<div class=\"wp-block-column\" style=\"flex-basis:33.33%\"><!-- wp:group {\"align\":\"wide\",\"layout\":{\"type\":\"flex\",\"orientation\":\"vertical\",\"flexWrap\":\"nowrap\",\"justifyContent\":\"stretch\"}} -->\n<div class=\"wp-block-group alignwide\"><!-- wp:group {\"align\":\"wide\",\"layout\":{\"type\":\"constrained\"}} -->\n<div class=\"wp-block-group alignwide\"><!-- wp:jgu\/image {\"image\":{\"url\":null,\"id\":12793,\"hideImageDescription\":false,\"hideCredit\":false,\"darkBackground\":false},\"imgWidth\":407,\"width\":0} \/-->\n\n<!-- wp:group {\"align\":\"wide\",\"layout\":{\"type\":\"constrained\"}} -->\n<div class=\"wp-block-group alignwide\"><!-- wp:paragraph -->\n<p class=\"has-big-font-size\"><\/p>\n<!-- \/wp:paragraph -->\n\n<!-- wp:paragraph -->\n<p class=\"has-big-font-size\"><strong>Kontakt <\/strong><\/p>\n<!-- \/wp:paragraph -->\n\n<!-- wp:paragraph {\"fontSize\":\"normal\"} -->\n<p class=\"has-normal-font-size\"><strong>Mail<\/strong>: gudrun.bamberger@uni-mainz.de<\/p>\n<!-- \/wp:paragraph -->\n\n<!-- wp:paragraph {\"fontSize\":\"normal\"} -->\n<p class=\"has-normal-font-size\"><strong>Tel. <\/strong>+49 (06131) 39-30035<\/p>\n<!-- \/wp:paragraph -->\n\n<!-- wp:paragraph {\"fontSize\":\"normal\"} -->\n<p class=\"has-normal-font-size\"><strong>Raum <\/strong>02-926 (Philosophicum I)<\/p>\n<!-- \/wp:paragraph -->\n\n<!-- wp:paragraph -->\n<p class=\"has-big-font-size\"><strong>Sprechzeiten<\/strong> (in der vorlesungsfreien Zeit)<\/p>\n<!-- \/wp:paragraph -->\n\n<!-- wp:paragraph {\"fontSize\":\"normal\"} -->\n<p class=\"has-normal-font-size\"><strong>17.2.<\/strong> 14:00Uhr<br><strong>18.2.<\/strong> 9:00Uhr<em> (nur digital)<\/em><br><strong>23.2.<\/strong> 15:30Uhr <em>(nur digital)<\/em><br><strong>26.2.<\/strong> 15:30Uhr<br><strong>5.3.<\/strong> 14:00Uhr <em>(nur digital)<\/em><br><strong>31.3<\/strong>. 14:00 <em>(nur digital)<\/em><\/p>\n<!-- \/wp:paragraph --><\/div>\n<!-- \/wp:group --><\/div>\n<!-- \/wp:group --><\/div>\n<!-- \/wp:group --><\/div>\n<!-- \/wp:column -->\n\n<!-- wp:column {\"width\":\"66.66%\"} -->\n<div class=\"wp-block-column\" style=\"flex-basis:66.66%\"><!-- wp:jgu\/tabs {\"stackMobile\":true} -->\n<!-- wp:jgu\/tabs-item {\"title\":\"Forschungsschwerpunkte\",\"slug\":\"forschungsschwerpunkte\"} -->\n<!-- wp:jgu\/heading {\"color\":\"default\",\"tags\":{\"htmlTag\":\"h2\",\"classTag\":\"h3\",\"tag\":\"h2.h3\"},\"heading\":\"Forschungsschwerpunkte \"} \/-->\n\n<!-- wp:paragraph {\"fontSize\":\"normal\"} -->\n<p class=\"has-normal-font-size\">Literatur der Fr\u00fchen Neuzeit 1450\u20131800,<br>insbesondere Erz\u00e4hlliteratur des 16. Jahrhunderts,<br>Lyrik und Dramatik des 17. Jahrhunderts,<br>Martin Opitz,<br>Editionsphilologie,<br>Intermedialit\u00e4t,<br>Konventionalisierung literarischer Verfahren,<br>Rhetorik (Wyle, Reuchlin),<br>Literatur und Wissen,<br>Rezeptions- und Wissensgeschichte der Fr\u00fchen Neuzeit,<br>Literatur um 1800<\/p>\n<!-- \/wp:paragraph -->\n<!-- \/wp:jgu\/tabs-item -->\n\n<!-- wp:jgu\/tabs-item {\"title\":\"Curriculum Vitae\",\"slug\":\"curriculum-vitae\"} -->\n<!-- wp:jgu\/heading {\"color\":\"default\",\"tags\":{\"htmlTag\":\"h2\",\"classTag\":\"h3\",\"tag\":\"h2.h3\"},\"heading\":\"Curriculum Vitae \"} \/-->\n\n<!-- wp:jgu\/list -->\n<ul class=\"styled-list hyphenation\"><!-- wp:jgu\/list-item {\"title\":\"\\u003cstrong\\u003eSeit 01.07.2022\\u003c\/strong\\u003e\\u003cbr\\u003eJuniorprofessorin f\u00fcr Neuere deutsche Literaturwissenschaft an der JGU Mainz\",\"uuid\":\"1763029096502\",\"link\":{\"url\":null}} \/-->\n\n<!-- wp:jgu\/list-item {\"title\":\"\\u003cstrong\\u003e01.10.2021-30.06.2022\\u003c\/strong\\u003e\\u003cbr\\u003eUnterbesetzung als Vertretung einer W1-Juniorprofessur f\u00fcr deutsche Literatur des Sp\u00e4tmittelalters und der Fr\u00fchen Neuzeit, Universit\u00e4t Leipzig\",\"uuid\":\"1763029133959\",\"link\":{\"url\":null}} \/-->\n\n<!-- wp:jgu\/list-item {\"title\":\"\\u003cstrong\\u003e2018-2022\\u003c\/strong\\u003e\\u003cbr\\u003eWissenschaftliche Mitarbeiterin DFG-Projekt \u201eHybridedition der deutschsprachigen Werke des Martin Opitz\u201c (PostDoc, 100%), T\u00fcbingen\",\"uuid\":\"1763029145488\",\"link\":{\"url\":null}} \/-->\n\n<!-- wp:jgu\/list-item {\"title\":\"\\u003cstrong\\u003e27.07.2017\\u003c\/strong\\u003e\\u003cbr\\u003ePromotionspr\u00fcfung\",\"uuid\":\"1763029168977\",\"link\":{\"url\":null}} \/-->\n\n<!-- wp:jgu\/list-item {\"title\":\"\\u003cstrong\\u003e09.02.2017\\u003c\/strong\\u003e\\u003cbr\\u003eAbgabe der Dissertationsschrift: \u201e,Dann also was das liedlin gemacht\u2018. Poetologisches Wissen im Prosaroman (Fortunatus, J\u00f6rg Wickrams Prosaoeuvre, Faustbuch)\u201c; 2018 erschienen als \u201ePoetologie im Prosaroman. Fortunatus \u2013 Wickram \u2013 Faustbuch\u201c beim Verlag K\u00f6nigshausen\\u0026amp;Neumann\",\"uuid\":\"1763029300022\",\"link\":{\"url\":null}} \/-->\n\n<!-- wp:jgu\/list-item {\"title\":\"\\u003cstrong\\u003eSoSe 2014\u2013WS 2016\/17\\u003c\/strong\\u003e\\u003cbr\\u003eStipendiatin im Landesgraduiertenf\u00f6rderungsprogramm Baden-W\u00fcrttemberg im Rahmen des Promotionsverbunds \u201eDie andere \u00c4sthetik\u201c, T\u00fcbingen\\u003cbr\\u003eAssoziierte Kollegiatin im DFG-Graduiertenkolleg 1662 \u201eReligi\u00f6ses Wissen im vormodernen Europa\u201c, T\u00fcbingen\",\"uuid\":\"1763029314062\",\"link\":{\"url\":null}} \/-->\n\n<!-- wp:jgu\/list-item {\"title\":\"\\u003cstrong\\u003eWS 2013\/14\\u003cbr\\u003e\\u003c\/strong\\u003eStaatsexamen in den F\u00e4chern Deutsch\/Englisch f\u00fcr das Lehramt an Gymnasien\",\"uuid\":\"1763029321576\",\"link\":{\"url\":null}} \/-->\n\n<!-- wp:jgu\/list-item {\"title\":\"\\u003cstrong\\u003eSoSe 2013\\u003c\/strong\\u003e\\u003cbr\\u003eMagistra Artium\",\"uuid\":\"1763029329408\",\"link\":{\"url\":null}} \/-->\n\n<!-- wp:jgu\/list-item {\"title\":\"\\u003cstrong\\u003eWS 2007\/08\u2013WS 2013\/14\\u003c\/strong\\u003e\\u003cbr\\u003eStudium der F\u00e4cher Anglistik, Finnougristik, Germanistik, Historische englische Sprachwissenschaft und mittelalterliche Literatur, Nordische Philologie sowie Slavische Philologie an der Universit\u00e4t M\u00fcnchen\",\"uuid\":\"1763029354778\",\"link\":{\"url\":null}} \/--><\/ul>\n<!-- \/wp:jgu\/list -->\n<!-- \/wp:jgu\/tabs-item -->\n\n<!-- wp:jgu\/tabs-item {\"title\":\"Publikationen\",\"slug\":\"publikationen\"} -->\n<!-- wp:jgu\/heading {\"color\":\"default\",\"tags\":{\"htmlTag\":\"h2\",\"classTag\":\"h3\",\"tag\":\"h2.h3\"},\"heading\":\"Publikationen\"} \/-->\n\n<!-- wp:columns {\"className\":\"\"} -->\n<div class=\"wp-block-columns\"><!-- wp:column -->\n<div class=\"wp-block-column\"><!-- wp:jgu\/teaserbox {\"headline\":{\"htmlTag\":\"h2\",\"classTag\":\"\",\"tag\":\"h2\"},\"icon\":\"external-link-alt-solid\",\"color\":\"red-index\",\"title\":\"Publikationsverzeichnis\",\"link\":{\"url\":\"https:\/\/researchprofiles.uni-mainz.de\/15633-gudrun-bamberger\/publications\"},\"unbound\":true} \/--><\/div>\n<!-- \/wp:column -->\n\n<!-- wp:column -->\n<div class=\"wp-block-column\"><\/div>\n<!-- \/wp:column --><\/div>\n<!-- \/wp:columns -->\n<!-- \/wp:jgu\/tabs-item -->\n<!-- \/wp:jgu\/tabs --><\/div>\n<!-- \/wp:column --><\/div>\n<!-- \/wp:columns -->","_links":{"self":[{"href":"https:\/\/cms.zdv.uni-mainz.de\/fb05-germanistik\/wp-json\/wp\/v2\/pages\/12780","targetHints":{"allow":["GET"]}}],"collection":[{"href":"https:\/\/cms.zdv.uni-mainz.de\/fb05-germanistik\/wp-json\/wp\/v2\/pages"}],"about":[{"href":"https:\/\/cms.zdv.uni-mainz.de\/fb05-germanistik\/wp-json\/wp\/v2\/types\/page"}],"author":[{"embeddable":true,"href":"https:\/\/cms.zdv.uni-mainz.de\/fb05-germanistik\/wp-json\/wp\/v2\/users\/855"}],"replies":[{"embeddable":true,"href":"https:\/\/cms.zdv.uni-mainz.de\/fb05-germanistik\/wp-json\/wp\/v2\/comments?post=12780"}],"version-history":[{"count":11,"href":"https:\/\/cms.zdv.uni-mainz.de\/fb05-germanistik\/wp-json\/wp\/v2\/pages\/12780\/revisions"}],"predecessor-version":[{"id":13148,"href":"https:\/\/cms.zdv.uni-mainz.de\/fb05-germanistik\/wp-json\/wp\/v2\/pages\/12780\/revisions\/13148"}],"wp:attachment":[{"href":"https:\/\/cms.zdv.uni-mainz.de\/fb05-germanistik\/wp-json\/wp\/v2\/media?parent=12780"}],"wp:term":[{"taxonomy":"category","embeddable":true,"href":"https:\/\/cms.zdv.uni-mainz.de\/fb05-germanistik\/wp-json\/wp\/v2\/categories?post=12780"},{"taxonomy":"post_tag","embeddable":true,"href":"https:\/\/cms.zdv.uni-mainz.de\/fb05-germanistik\/wp-json\/wp\/v2\/tags?post=12780"}],"curies":[{"name":"wp","href":"https:\/\/api.w.org\/{rel}","templated":true}]}}