{"id":2008,"date":"2023-11-10T18:28:42","date_gmt":"2023-11-10T17:28:42","guid":{"rendered":"https:\/\/cms-stage.zdv.uni-mainz.de\/fb-all\/?page_id=2008"},"modified":"2024-05-07T12:28:33","modified_gmt":"2024-05-07T10:28:33","slug":"newsroom","status":"publish","type":"page","link":"https:\/\/cms.zdv.uni-mainz.de\/kopiervorlage\/newsroom\/","title":{"rendered":"Newsroom"},"content":{"rendered":"<jgu-base-pageheader react-props=\"{\n    &quot;items&quot;: [\n        {\n            &quot;box&quot;: {\n                &quot;index&quot;: &quot;&quot;,\n                &quot;title&quot;: &quot;Newsroom&quot;,\n                &quot;link&quot;: {\n                    &quot;url&quot;: &quot;&quot;,\n                    &quot;title&quot;: &quot;learn more&quot;\n                }\n            },\n            &quot;color&quot;: &quot;dark&quot;,\n            &quot;image&quot;: {\n                &quot;url&quot;: &quot;&quot;\n            },\n            &quot;imgCredit&quot;: &quot;&quot;,\n            &quot;useVideo&quot;: false,\n            &quot;video&quot;: false\n        }\n    ],\n    &quot;type&quot;: &quot;small&quot;,\n    &quot;align&quot;: &quot;full&quot;,\n    &quot;quicklinks&quot;: {\n        &quot;show&quot;: false,\n        &quot;selects&quot;: []\n    },\n    &quot;useBreadcrumb&quot;: false\n}\">\n<\/jgu-base-pageheader>\n\n<jgu-base-section react-props=\"{&quot;color&quot;:&quot;white&quot;,&quot;align&quot;:&quot;wide&quot;,&quot;padding&quot;:&quot;medium&quot;}\">\n<div class=\"jgu-bgsection bg bg-white\"><div class=\"content padding-medium\">\n<div class=\"wp-block-columns is-layout-flex wp-container-core-columns-is-layout-9d6595d7 wp-block-columns-is-layout-flex\">\n<div class=\"wp-block-column is-layout-flow wp-block-column-is-layout-flow\" style=\"flex-basis:75%\"><jgu-base-heading react-props=\"{\n    &quot;index&quot;: &quot;Willkommen&quot;,\n    &quot;tags&quot;: {\n        &quot;htmlTag&quot;: &quot;h2&quot;,\n        &quot;classTag&quot;: &quot;&quot;,\n        &quot;tag&quot;: &quot;h2&quot;\n    },\n    &quot;heading&quot;: &quot;Newsroom - Aktuelles, Wissenswertes, Nennenswertes&quot;,\n    &quot;textAlign&quot;: &quot;left&quot;,\n    &quot;anchor&quot;: &quot;&quot;,\n    &quot;color&quot;: &quot;red&quot;\n}\"><\/jgu-base-heading>\n\n\n\n<p class=\"has-big-font-size\">((Der Newsroom kann nach Bedarf mit Themen ausgebaut werden. Bitte vergleichen Sie auch die Inhalte des Newsrooms der JGU.)) In unserem Newsroom halten wir eine Vielzahl interessanter Angebote f\u00fcr Sie bereit &#8211; angefangen von den aktuellsten Ereignissen und Errungenschaften bis zum &#8230;..Lorem ipsum dolor sit amet. Lorem ipsum dolor sit amet, consetetur sadipscing elitr, sed diam nonumy eirmod tempor invidunt ut labore et dolore magna aliquyam erat, sed diam voluptua. At vero eos et accusam et justo duo dolores et ea rebum. <\/p>\n\n\n\n<div class=\"wp-block-group is-layout-constrained wp-block-group-is-layout-constrained\">\n<p class=\"has-big-font-size\">((Hinweis: In diesem Beispiel enth\u00e4lt der Newsroom: <\/p>\n\n\n\n<ul class=\"has-big-font-size wp-block-list\">\n<li>unter Aktuelles den Block &#8218;Beitragsauflistung&#8216; mit Mitteilungen &#8218;aller Kategorien&#8216; <br><br>!! Der Block Beitragsauflistung erm\u00f6glicht die Sortierung nach &#8218;Kategorien&#8216;, so dass im Newsroom auch Beitr\u00e4ge nach unterschiedlichen Kategorien in mehreren Beitragsauflistungen getrennt angek\u00fcndigt werden k\u00f6nnen.<\/li>\n<\/ul>\n\n\n\n<ul class=\"has-big-font-size wp-block-list\">\n<li>f\u00fcr die Suche archivierter Mitteilungen den Block &#8218;Beitrags Archiv&#8216;.))<\/li>\n<\/ul>\n<\/div>\n<\/div>\n\n\n\n<div class=\"wp-block-column hide-on-mobile is-layout-flow wp-block-column-is-layout-flow\" style=\"flex-basis:25%\"><\/div>\n<\/div>\n<\/div><\/div>\n<\/jgu-base-section>\n\n<jgu-base-anchornavigation react-props=\"{\n    &quot;align&quot;: &quot;wide&quot;,\n    &quot;theme&quot;: &quot;white&quot;\n}\">\n    \n<\/jgu-base-anchornavigation>\n\n<jgu-base-section react-props=\"{&quot;color&quot;:&quot;light&quot;,&quot;align&quot;:&quot;wide&quot;,&quot;padding&quot;:&quot;medium&quot;}\">\n<div class=\"jgu-bgsection bg bg-light\"><div class=\"content padding-medium\"><div\n\tclass=\"jgu-anchorpoint\"\n\tid=\"aktuelles\"\n\tdata-label=\"Aktuelles\"\n\tdata-hide-in-nav=\"false\"\n\ttabindex=\"0\"\n\tdata-initial-scroll=\"true\"\n><\/div>\n\n\n<jgu-base-heading react-props=\"{\n    &quot;index&quot;: &quot;Aktuelles&quot;,\n    &quot;color&quot;: &quot;default&quot;,\n    &quot;tags&quot;: {\n        &quot;htmlTag&quot;: &quot;h2&quot;,\n        &quot;classTag&quot;: &quot;&quot;,\n        &quot;tag&quot;: &quot;h2&quot;\n    },\n    &quot;heading&quot;: &quot;Mitteilungen&quot;,\n    &quot;textAlign&quot;: &quot;left&quot;,\n    &quot;anchor&quot;: &quot;&quot;\n}\"><\/jgu-base-heading>\n\n\n\n<p class=\"has-big-font-size\">(Block: Beitragsauflistung, Type: Grid with first highlighted \/ Layoutvariante f\u00fcr Aktuelles\/ automatische Archivierung von Beitr\u00e4gen, alle Neuigkeiten in Form von Beitr\u00e4gen)<\/p>\n\n\n<jgu-base-postlisting react-props=\"{\n    &quot;type&quot;: &quot;entryGrid&quot;,\n    &quot;categories&quot;: [\n        &quot;54;all&quot;\n    ],\n    &quot;color&quot;: &quot;red&quot;,\n    &quot;align&quot;: &quot;&quot;,\n    &quot;isInFocus&quot;: false,\n    &quot;focusGroup&quot;: [],\n    &quot;isInFocusListing&quot;: false,\n    &quot;focusGroupListing&quot;: [],\n    &quot;categoriesListing&quot;: [],\n    &quot;limitListing&quot;: 10,\n    &quot;count&quot;: 10,\n    &quot;headline&quot;: &quot;Pressemeldungen&quot;,\n    &quot;secondHeadline&quot;: &quot;Kurznews&quot;,\n    &quot;posts&quot;: [\n        {\n            &quot;id&quot;: &quot;7794&quot;,\n            &quot;index&quot;: &quot;19.03.2024&quot;,\n            &quot;title&quot;: &quot;CHECKLISTE WEBSITE&quot;,\n            &quot;excerpt&quot;: &quot;Wenn Sie folgendes nicht durchf\\u00fchren, dann ist ihre Website unvollst\\u00e4ndig und enth\\u00e4lt Platzhalter!&quot;,\n            &quot;link&quot;: {\n                &quot;url&quot;: &quot;https:\\\/\\\/cms.zdv.uni-mainz.de\\\/kopiervorlage\\\/2024\\\/03\\\/19\\\/nur-ein-video-testimonial\\\/&quot;,\n                &quot;title&quot;: &quot;mehr erfahren&quot;,\n                &quot;target&quot;: &quot;_self&quot;\n            },\n            &quot;linkIcon&quot;: &quot;arrow-right-solid&quot;,\n            &quot;media&quot;: null,\n            &quot;image&quot;: {\n                &quot;url&quot;: &quot;https:\\\/\\\/cms.zdv.uni-mainz.de\\\/kopiervorlage\\\/wp-content\\\/uploads\\\/sites\\\/54\\\/2023\\\/08\\\/dummi-1250x700px.jpg&quot;,\n                &quot;credit&quot;: &quot;&quot;\n            }\n        }\n    ],\n    &quot;listPosts&quot;: []\n}\"><\/jgu-base-postlisting><\/div><\/div>\n<\/jgu-base-section>\n\n<jgu-base-section react-props=\"{&quot;color&quot;:&quot;dark&quot;,&quot;align&quot;:&quot;wide&quot;,&quot;padding&quot;:&quot;medium&quot;}\">\n<div class=\"jgu-bgsection bg bg-dark\"><div class=\"content padding-medium\"><jgu-base-heading react-props=\"{\n    &quot;color&quot;: &quot;default&quot;,\n    &quot;tags&quot;: {\n        &quot;htmlTag&quot;: &quot;h2&quot;,\n        &quot;classTag&quot;: &quot;h3&quot;,\n        &quot;tag&quot;: &quot;h2.h3&quot;\n    },\n    &quot;heading&quot;: &quot;Beispiel Muster 2&quot;,\n    &quot;textAlign&quot;: &quot;left&quot;,\n    &quot;anchor&quot;: &quot;&quot;,\n    &quot;index&quot;: &quot;&quot;\n}\"><\/jgu-base-heading>\n\n\n\n<p class=\"has-big-font-size\">(Block: Beitragsauflistung, Type: Slider \/ k\u00f6nnte z.B. nach einer bestimmten Kategorie gefiltert werden.)<\/p>\n\n\n<jgu-base-postlisting react-props=\"{\n    &quot;categories&quot;: [\n        &quot;54;all&quot;\n    ],\n    &quot;align&quot;: &quot;&quot;,\n    &quot;type&quot;: &quot;slider&quot;,\n    &quot;isInFocus&quot;: false,\n    &quot;focusGroup&quot;: [],\n    &quot;isInFocusListing&quot;: false,\n    &quot;focusGroupListing&quot;: [],\n    &quot;categoriesListing&quot;: [],\n    &quot;limitListing&quot;: 10,\n    &quot;count&quot;: 10,\n    &quot;headline&quot;: &quot;Pressemeldungen&quot;,\n    &quot;secondHeadline&quot;: &quot;Kurznews&quot;,\n    &quot;color&quot;: &quot;default&quot;,\n    &quot;posts&quot;: [\n        {\n            &quot;id&quot;: &quot;7794&quot;,\n            &quot;index&quot;: &quot;19.03.2024&quot;,\n            &quot;title&quot;: &quot;CHECKLISTE WEBSITE&quot;,\n            &quot;excerpt&quot;: &quot;Wenn Sie folgendes nicht durchf\\u00fchren, dann ist ihre Website unvollst\\u00e4ndig und enth\\u00e4lt Platzhalter!&quot;,\n            &quot;link&quot;: {\n                &quot;url&quot;: &quot;https:\\\/\\\/cms.zdv.uni-mainz.de\\\/kopiervorlage\\\/2024\\\/03\\\/19\\\/nur-ein-video-testimonial\\\/&quot;,\n                &quot;title&quot;: &quot;mehr erfahren&quot;,\n                &quot;target&quot;: &quot;_self&quot;\n            },\n            &quot;linkIcon&quot;: &quot;arrow-right-solid&quot;,\n            &quot;media&quot;: null,\n            &quot;image&quot;: {\n                &quot;url&quot;: &quot;https:\\\/\\\/cms.zdv.uni-mainz.de\\\/kopiervorlage\\\/wp-content\\\/uploads\\\/sites\\\/54\\\/2023\\\/08\\\/dummi-1250x700px.jpg&quot;,\n                &quot;credit&quot;: &quot;&quot;\n            }\n        }\n    ],\n    &quot;listPosts&quot;: []\n}\"><\/jgu-base-postlisting><\/div><\/div>\n<\/jgu-base-section>\n\n<jgu-base-section react-props=\"{&quot;color&quot;:&quot;white&quot;,&quot;align&quot;:&quot;wide&quot;,&quot;padding&quot;:&quot;medium&quot;}\">\n<div class=\"jgu-bgsection bg bg-white\"><div class=\"content padding-medium\"><div\n\tclass=\"jgu-anchorpoint\"\n\tid=\"mitteilungen-im-archiv\"\n\tdata-label=\"Mitteilungen im Archiv\"\n\tdata-hide-in-nav=\"false\"\n\ttabindex=\"0\"\n\tdata-initial-scroll=\"true\"\n><\/div>\n\n\n<jgu-base-heading react-props=\"{\n    &quot;index&quot;: &quot;Archiv&quot;,\n    &quot;tags&quot;: {\n        &quot;htmlTag&quot;: &quot;h2&quot;,\n        &quot;classTag&quot;: &quot;&quot;,\n        &quot;tag&quot;: &quot;h2&quot;\n    },\n    &quot;heading&quot;: &quot;fr\\u00fchere Mitteilungen&quot;,\n    &quot;textAlign&quot;: &quot;left&quot;,\n    &quot;anchor&quot;: &quot;&quot;,\n    &quot;color&quot;: &quot;red&quot;\n}\"><\/jgu-base-heading>\n\n\n<jgu-base-archive react-props=\"{\n    &quot;categories&quot;: [\n        &quot;75;all&quot;\n    ],\n    &quot;align&quot;: &quot;&quot;,\n    &quot;isInFocus&quot;: false,\n    &quot;showFiltersByDefault&quot;: true,\n    &quot;posts&quot;: [],\n    &quot;siteID&quot;: 54\n}\"><\/jgu-base-archive><\/div><\/div>\n<\/jgu-base-section>    <div style=\"display: none\">\n        \n    <\/div>","protected":false},"excerpt":{"rendered":"","protected":false},"author":1,"featured_media":0,"parent":0,"menu_order":0,"comment_status":"closed","ping_status":"closed","template":"","meta":{"footnotes":""},"categories":[],"tags":[],"class_list":["post-2008","page","type-page","status-publish","hentry"],"content_raw":"<!-- wp:jgu\/pageheader {\"items\":[{\"box\":{\"index\":\"\",\"title\":\"Newsroom\",\"link\":{\"url\":\"\",\"title\":\"learn more\"}},\"color\":\"dark\",\"image\":{\"url\":\"\"},\"imgCredit\":\"\",\"useVideo\":false,\"video\":false}],\"type\":\"small\"} \/-->\n\n<!-- wp:jgu\/section {\"color\": \"white\"} -->\n<div class=\"jgu-bgsection bg bg-white\"><div class=\"content padding-medium\"><!-- wp:columns {\"className\":\"\"} -->\n<div class=\"wp-block-columns\"><!-- wp:column {\"width\":\"75%\"} -->\n<div class=\"wp-block-column\" style=\"flex-basis:75%\"><!-- wp:jgu\/heading {\"index\":\"Willkommen\",\"tags\":{\"htmlTag\":\"h2\",\"classTag\":\"\",\"tag\":\"h2\"},\"heading\":\"Newsroom - Aktuelles, Wissenswertes, Nennenswertes\"} \/-->\n\n<!-- wp:paragraph -->\n<p class=\"has-big-font-size\">((Der Newsroom kann nach Bedarf mit Themen ausgebaut werden. Bitte vergleichen Sie auch die Inhalte des Newsrooms der JGU.)) In unserem Newsroom halten wir eine Vielzahl interessanter Angebote f\u00fcr Sie bereit - angefangen von den aktuellsten Ereignissen und Errungenschaften bis zum .....Lorem ipsum dolor sit amet. Lorem ipsum dolor sit amet, consetetur sadipscing elitr, sed diam nonumy eirmod tempor invidunt ut labore et dolore magna aliquyam erat, sed diam voluptua. At vero eos et accusam et justo duo dolores et ea rebum. <\/p>\n<!-- \/wp:paragraph -->\n\n<!-- wp:group {\"layout\":{\"type\":\"constrained\"}} -->\n<div class=\"wp-block-group\"><!-- wp:paragraph -->\n<p class=\"has-big-font-size\">((Hinweis: In diesem Beispiel enth\u00e4lt der Newsroom: <\/p>\n<!-- \/wp:paragraph -->\n\n<!-- wp:list -->\n<ul class=\"has-big-font-size\"><!-- wp:list-item -->\n<li>unter Aktuelles den Block 'Beitragsauflistung' mit Mitteilungen 'aller Kategorien' <br><br>!! Der Block Beitragsauflistung erm\u00f6glicht die Sortierung nach 'Kategorien', so dass im Newsroom auch Beitr\u00e4ge nach unterschiedlichen Kategorien in mehreren Beitragsauflistungen getrennt angek\u00fcndigt werden k\u00f6nnen.<\/li>\n<!-- \/wp:list-item --><\/ul>\n<!-- \/wp:list -->\n\n<!-- wp:list -->\n<ul class=\"has-big-font-size\"><!-- wp:list-item -->\n<li>f\u00fcr die Suche archivierter Mitteilungen den Block 'Beitrags Archiv'.))<\/li>\n<!-- \/wp:list-item --><\/ul>\n<!-- \/wp:list --><\/div>\n<!-- \/wp:group --><\/div>\n<!-- \/wp:column -->\n\n<!-- wp:column {\"width\":\"25%\",\"hideOnMobile\":true} -->\n<div class=\"wp-block-column hide-on-mobile\" style=\"flex-basis:25%\"><\/div>\n<!-- \/wp:column --><\/div>\n<!-- \/wp:columns --><\/div><\/div>\n<!-- \/wp:jgu\/section -->\n\n<!-- wp:jgu\/anchornavigation \/-->\n\n<!-- wp:jgu\/section {\"color\": \"light\"} -->\n<div class=\"jgu-bgsection bg bg-light\"><div class=\"content padding-medium\"><!-- wp:jgu\/anchorpoint {\"title\":\"Aktuelles\",\"slug\":\"aktuelles\"} \/-->\n\n<!-- wp:jgu\/heading {\"index\":\"Aktuelles\",\"color\":\"default\",\"tags\":{\"htmlTag\":\"h2\",\"classTag\":\"\",\"tag\":\"h2\"},\"heading\":\"Mitteilungen\"} \/-->\n\n<!-- wp:paragraph -->\n<p class=\"has-big-font-size\">(Block: Beitragsauflistung, Type: Grid with first highlighted \/ Layoutvariante f\u00fcr Aktuelles\/ automatische Archivierung von Beitr\u00e4gen, alle Neuigkeiten in Form von Beitr\u00e4gen)<\/p>\n<!-- \/wp:paragraph -->\n\n<!-- wp:jgu\/post-listing {\"type\":\"entryGrid\",\"categories\":[\"54;all\"],\"color\":\"red\"} \/--><\/div><\/div>\n<!-- \/wp:jgu\/section -->\n\n<!-- wp:jgu\/section {\"color\": \"dark\"} -->\n<div class=\"jgu-bgsection bg bg-dark\"><div class=\"content padding-medium\"><!-- wp:jgu\/heading {\"color\":\"default\",\"tags\":{\"htmlTag\":\"h2\",\"classTag\":\"h3\",\"tag\":\"h2.h3\"},\"heading\":\"Beispiel Muster 2\"} \/-->\n\n<!-- wp:paragraph -->\n<p class=\"has-big-font-size\">(Block: Beitragsauflistung, Type: Slider \/ k\u00f6nnte z.B. nach einer bestimmten Kategorie gefiltert werden.)<\/p>\n<!-- \/wp:paragraph -->\n\n<!-- wp:jgu\/post-listing {\"categories\":[\"54;all\"]} \/--><\/div><\/div>\n<!-- \/wp:jgu\/section -->\n\n<!-- wp:jgu\/section {\"color\": \"white\"} -->\n<div class=\"jgu-bgsection bg bg-white\"><div class=\"content padding-medium\"><!-- wp:jgu\/anchorpoint {\"title\":\"Mitteilungen im Archiv\",\"slug\":\"mitteilungen-im-archiv\"} \/-->\n\n<!-- wp:jgu\/heading {\"index\":\"Archiv\",\"tags\":{\"htmlTag\":\"h2\",\"classTag\":\"\",\"tag\":\"h2\"},\"heading\":\"fr\u00fchere Mitteilungen\"} \/-->\n\n<!-- wp:jgu\/archive {\"categories\":[\"75;all\"]} \/--><\/div><\/div>\n<!-- \/wp:jgu\/section -->","_links":{"self":[{"href":"https:\/\/cms.zdv.uni-mainz.de\/kopiervorlage\/wp-json\/wp\/v2\/pages\/2008","targetHints":{"allow":["GET"]}}],"collection":[{"href":"https:\/\/cms.zdv.uni-mainz.de\/kopiervorlage\/wp-json\/wp\/v2\/pages"}],"about":[{"href":"https:\/\/cms.zdv.uni-mainz.de\/kopiervorlage\/wp-json\/wp\/v2\/types\/page"}],"author":[{"embeddable":true,"href":"https:\/\/cms.zdv.uni-mainz.de\/kopiervorlage\/wp-json\/wp\/v2\/users\/1"}],"replies":[{"embeddable":true,"href":"https:\/\/cms.zdv.uni-mainz.de\/kopiervorlage\/wp-json\/wp\/v2\/comments?post=2008"}],"version-history":[{"count":10,"href":"https:\/\/cms.zdv.uni-mainz.de\/kopiervorlage\/wp-json\/wp\/v2\/pages\/2008\/revisions"}],"predecessor-version":[{"id":8235,"href":"https:\/\/cms.zdv.uni-mainz.de\/kopiervorlage\/wp-json\/wp\/v2\/pages\/2008\/revisions\/8235"}],"wp:attachment":[{"href":"https:\/\/cms.zdv.uni-mainz.de\/kopiervorlage\/wp-json\/wp\/v2\/media?parent=2008"}],"wp:term":[{"taxonomy":"category","embeddable":true,"href":"https:\/\/cms.zdv.uni-mainz.de\/kopiervorlage\/wp-json\/wp\/v2\/categories?post=2008"},{"taxonomy":"post_tag","embeddable":true,"href":"https:\/\/cms.zdv.uni-mainz.de\/kopiervorlage\/wp-json\/wp\/v2\/tags?post=2008"}],"curies":[{"name":"wp","href":"https:\/\/api.w.org\/{rel}","templated":true}]}}