{"id":2099,"date":"2023-12-07T14:48:56","date_gmt":"2023-12-07T13:48:56","guid":{"rendered":"https:\/\/cms.zdv.uni-mainz.de\/startseite\/?page_id=2099"},"modified":"2024-06-20T11:50:45","modified_gmt":"2024-06-20T09:50:45","slug":"barrierefreiheit","status":"publish","type":"page","link":"https:\/\/cms.zdv.uni-mainz.de\/kopiervorlage\/barrierefreiheit\/","title":{"rendered":"Barrierefreiheit"},"content":{"rendered":"<jgu-base-pageheader react-props=\"{\n    &quot;items&quot;: [\n        {\n            &quot;box&quot;: {\n                &quot;index&quot;: &quot;&quot;,\n                &quot;title&quot;: &quot;Barrierefreiheit&quot;,\n                &quot;link&quot;: {\n                    &quot;url&quot;: &quot;&quot;,\n                    &quot;title&quot;: &quot;learn more&quot;\n                }\n            },\n            &quot;color&quot;: &quot;dark&quot;,\n            &quot;image&quot;: {\n                &quot;url&quot;: &quot;&quot;\n            },\n            &quot;imgCredit&quot;: &quot;&quot;,\n            &quot;useVideo&quot;: false,\n            &quot;video&quot;: false\n        }\n    ],\n    &quot;type&quot;: &quot;small&quot;,\n    &quot;align&quot;: &quot;full&quot;,\n    &quot;quicklinks&quot;: {\n        &quot;show&quot;: false,\n        &quot;selects&quot;: []\n    },\n    &quot;useBreadcrumb&quot;: false\n}\">\n<\/jgu-base-pageheader>\n\n<jgu-base-section react-props=\"{&quot;color&quot;:&quot;white&quot;,&quot;align&quot;:&quot;wide&quot;,&quot;padding&quot;:&quot;medium&quot;}\">\n<div class=\"jgu-bgsection bg bg-white\"><div class=\"content padding-medium\">\n<p class=\"has-big-font-size\">Diese Erkl\u00e4rung wurde am&nbsp;<strong>23.09.2020<\/strong>&nbsp;erstellt.<\/p>\n\n\n\n<p class=\"has-big-font-size\">Die Johannes Gutenberg-Universit\u00e4t Mainz ist bem\u00fcht, die Websites der Domain &#8222;uni-mainz.de&#8220; barrierefrei zug\u00e4nglich zu machen. Rechtsgrundlage sind das Landesgesetz zur Gleichstellung behinderter Menschen (LGGBehM) und die Barrierefreie-Informationstechnik-Verordnung Rheinland-Pfalz (BITV RP).<\/p>\n\n\n<jgu-base-heading react-props=\"{\n    &quot;index&quot;: &quot;&lt;br&gt;&quot;,\n    &quot;tags&quot;: {\n        &quot;htmlTag&quot;: &quot;h2&quot;,\n        &quot;classTag&quot;: &quot;&quot;,\n        &quot;tag&quot;: &quot;h2&quot;\n    },\n    &quot;heading&quot;: &quot;Stand der Vereinbarkeit mit den Anforderungen der BITV RP&quot;,\n    &quot;textAlign&quot;: &quot;left&quot;,\n    &quot;anchor&quot;: &quot;&quot;,\n    &quot;color&quot;: &quot;red&quot;\n}\"><\/jgu-base-heading>\n\n\n\n<p class=\"has-big-font-size\">Die Websites der Domain &#8222;uni-mainz.de&#8220; sind momentan aus technischer Sicht barrierearm gestaltet. Im Zuge des universit\u00e4tsweiten Website-Relaunchs ist eine Anpassung des Rahmenlayouts und des barrierefreien Zugangs geplant. Eine vorherige \u00c4nderung der Gestaltung der Websites stellt eine unverh\u00e4ltnism\u00e4\u00dfige Belastung der Johannes Gutenberg-Universit\u00e4t Mainz gem\u00e4\u00df \u00a7 7 Abs. 3 LGGBehM dar, sodass diese insoweit von der Verpflichtung des barrierefreien Zugangs im Sinne des \u00a7 7 Abs. 1 LGGBehM befreit ist.<\/p>\n\n\n<jgu-base-heading react-props=\"{\n    &quot;index&quot;: &quot;&lt;br&gt;&quot;,\n    &quot;tags&quot;: {\n        &quot;htmlTag&quot;: &quot;h2&quot;,\n        &quot;classTag&quot;: &quot;&quot;,\n        &quot;tag&quot;: &quot;h2&quot;\n    },\n    &quot;heading&quot;: &quot;Feedback und Kontakt&quot;,\n    &quot;textAlign&quot;: &quot;left&quot;,\n    &quot;anchor&quot;: &quot;&quot;,\n    &quot;color&quot;: &quot;red&quot;\n}\"><\/jgu-base-heading>\n\n\n\n<p class=\"has-big-font-size\">Sollten Sie eine R\u00fcckmeldung zum barrierefreien Zugang haben, k\u00f6nnen Sie sich gern an unseren Ansprechpartner wenden:<\/p>\n\n\n\n<p class=\"has-big-font-size\"><strong>Prof. Dr. Franz Rothlauf<\/strong><br>Chief Information Officer<br>Johannes Gutenberg-Universit\u00e4t Mainz<br>55099 Mainz<br>E-Mail:&nbsp;<a href=\"mailto:cio@uni-mainz.de?subject=Betreff%3A%20Barrierefreier%20Zugang\">cio@uni-mainz.de<\/a><\/p>\n\n\n<jgu-base-heading react-props=\"{\n    &quot;index&quot;: &quot;&lt;br&gt;&quot;,\n    &quot;tags&quot;: {\n        &quot;htmlTag&quot;: &quot;h2&quot;,\n        &quot;classTag&quot;: &quot;&quot;,\n        &quot;tag&quot;: &quot;h2&quot;\n    },\n    &quot;heading&quot;: &quot;Durchsetzungsstelle&quot;,\n    &quot;textAlign&quot;: &quot;left&quot;,\n    &quot;anchor&quot;: &quot;&quot;,\n    &quot;color&quot;: &quot;red&quot;\n}\"><\/jgu-base-heading>\n\n\n\n<p class=\"has-big-font-size\">Sollten Sie nach Ihrer Anfrage bei &#8222;Feedback und Kontakt&#8220; der Ansicht sein, dass Sie benachteiligt wurden, k\u00f6nnen Sie sich an die Landesbeauftragte f\u00fcr die Belange von Menschen mit Behinderungen wenden:<\/p>\n\n\n\n<p class=\"has-big-font-size\"><strong>Ellen Kubica<\/strong><br>Landesbeauftragte f\u00fcr die Belange von Menschen mit Behinderungen<br>Ministerium f\u00fcr Soziales, Arbeit, Gesundheit und Demografie des Landes Rheinland-Pfalz<br>Bauhofstr. 9<br>55116 Mainz<br>Tel.: 06131 16-5342<br>Fax: 06131 16-175342<br>E-Mail:&nbsp;<a href=\"mailto:durchsetzungsstelle@msagd.rlp.de\">durchsetzungsstelle@msagd.rlp.de<\/a><br><a href=\"https:\/\/inklusion.rlp.de\/index.php?id=5191\" target=\"_blank\" rel=\"noreferrer noopener\">https:\/\/inklusion.rlp.de\/index.php?id=5191<\/a><\/p>\n<\/div><\/div>\n<\/jgu-base-section>    <div style=\"display: none\">\n        \n    <\/div>","protected":false},"excerpt":{"rendered":"","protected":false},"author":1,"featured_media":0,"parent":0,"menu_order":0,"comment_status":"closed","ping_status":"closed","template":"","meta":{"footnotes":""},"categories":[],"tags":[],"class_list":["post-2099","page","type-page","status-publish","hentry"],"content_raw":"<!-- wp:jgu\/pageheader {\"items\":[{\"box\":{\"index\":\"\",\"title\":\"Barrierefreiheit\",\"link\":{\"url\":\"\",\"title\":\"learn more\"}},\"color\":\"dark\",\"image\":{\"url\":\"\"},\"imgCredit\":\"\",\"useVideo\":false,\"video\":false}],\"type\":\"small\"} \/-->\n\n<!-- wp:jgu\/section {\"color\": \"white\"} -->\n<div class=\"jgu-bgsection bg bg-white\"><div class=\"content padding-medium\"><!-- wp:paragraph {\"className\":\"has-big-font-size\"} -->\n<p class=\"has-big-font-size\">Diese Erkl\u00e4rung wurde am&nbsp;<strong>23.09.2020<\/strong>&nbsp;erstellt.<\/p>\n<!-- \/wp:paragraph -->\n\n<!-- wp:paragraph {\"className\":\"has-big-font-size\"} -->\n<p class=\"has-big-font-size\">Die Johannes Gutenberg-Universit\u00e4t Mainz ist bem\u00fcht, die Websites der Domain \"uni-mainz.de\" barrierefrei zug\u00e4nglich zu machen. Rechtsgrundlage sind das Landesgesetz zur Gleichstellung behinderter Menschen (LGGBehM) und die Barrierefreie-Informationstechnik-Verordnung Rheinland-Pfalz (BITV RP).<\/p>\n<!-- \/wp:paragraph -->\n\n<!-- wp:jgu\/heading {\"index\":\"\\u003cbr\\u003e\",\"tags\":{\"htmlTag\":\"h2\",\"classTag\":\"\",\"tag\":\"h2\"},\"heading\":\"Stand der Vereinbarkeit mit den Anforderungen der BITV RP\"} \/-->\n\n<!-- wp:paragraph {\"className\":\"has-big-font-size\"} -->\n<p class=\"has-big-font-size\">Die Websites der Domain \"uni-mainz.de\" sind momentan aus technischer Sicht barrierearm gestaltet. Im Zuge des universit\u00e4tsweiten Website-Relaunchs ist eine Anpassung des Rahmenlayouts und des barrierefreien Zugangs geplant. Eine vorherige \u00c4nderung der Gestaltung der Websites stellt eine unverh\u00e4ltnism\u00e4\u00dfige Belastung der Johannes Gutenberg-Universit\u00e4t Mainz gem\u00e4\u00df \u00a7 7 Abs. 3 LGGBehM dar, sodass diese insoweit von der Verpflichtung des barrierefreien Zugangs im Sinne des \u00a7 7 Abs. 1 LGGBehM befreit ist.<\/p>\n<!-- \/wp:paragraph -->\n\n<!-- wp:jgu\/heading {\"index\":\"\\u003cbr\\u003e\",\"tags\":{\"htmlTag\":\"h2\",\"classTag\":\"\",\"tag\":\"h2\"},\"heading\":\"Feedback und Kontakt\"} \/-->\n\n<!-- wp:paragraph {\"className\":\"has-big-font-size\"} -->\n<p class=\"has-big-font-size\">Sollten Sie eine R\u00fcckmeldung zum barrierefreien Zugang haben, k\u00f6nnen Sie sich gern an unseren Ansprechpartner wenden:<\/p>\n<!-- \/wp:paragraph -->\n\n<!-- wp:paragraph {\"className\":\"has-big-font-size\"} -->\n<p class=\"has-big-font-size\"><strong>Prof. Dr. Franz Rothlauf<\/strong><br>Chief Information Officer<br>Johannes Gutenberg-Universit\u00e4t Mainz<br>55099 Mainz<br>E-Mail:&nbsp;<a href=\"mailto:cio@uni-mainz.de?subject=Betreff%3A%20Barrierefreier%20Zugang\">cio@uni-mainz.de<\/a><\/p>\n<!-- \/wp:paragraph -->\n\n<!-- wp:jgu\/heading {\"index\":\"\\u003cbr\\u003e\",\"tags\":{\"htmlTag\":\"h2\",\"classTag\":\"\",\"tag\":\"h2\"},\"heading\":\"Durchsetzungsstelle\"} \/-->\n\n<!-- wp:paragraph {\"className\":\"has-big-font-size\"} -->\n<p class=\"has-big-font-size\">Sollten Sie nach Ihrer Anfrage bei \"Feedback und Kontakt\" der Ansicht sein, dass Sie benachteiligt wurden, k\u00f6nnen Sie sich an die Landesbeauftragte f\u00fcr die Belange von Menschen mit Behinderungen wenden:<\/p>\n<!-- \/wp:paragraph -->\n\n<!-- wp:paragraph {\"className\":\"has-big-font-size\"} -->\n<p class=\"has-big-font-size\"><strong>Ellen Kubica<\/strong><br>Landesbeauftragte f\u00fcr die Belange von Menschen mit Behinderungen<br>Ministerium f\u00fcr Soziales, Arbeit, Gesundheit und Demografie des Landes Rheinland-Pfalz<br>Bauhofstr. 9<br>55116 Mainz<br>Tel.: 06131 16-5342<br>Fax: 06131 16-175342<br>E-Mail:&nbsp;<a href=\"mailto:durchsetzungsstelle@msagd.rlp.de\">durchsetzungsstelle@msagd.rlp.de<\/a><br><a href=\"https:\/\/inklusion.rlp.de\/index.php?id=5191\" target=\"_blank\" rel=\"noreferrer noopener\">https:\/\/inklusion.rlp.de\/index.php?id=5191<\/a><\/p>\n<!-- \/wp:paragraph --><\/div><\/div>\n<!-- \/wp:jgu\/section -->","_links":{"self":[{"href":"https:\/\/cms.zdv.uni-mainz.de\/kopiervorlage\/wp-json\/wp\/v2\/pages\/2099","targetHints":{"allow":["GET"]}}],"collection":[{"href":"https:\/\/cms.zdv.uni-mainz.de\/kopiervorlage\/wp-json\/wp\/v2\/pages"}],"about":[{"href":"https:\/\/cms.zdv.uni-mainz.de\/kopiervorlage\/wp-json\/wp\/v2\/types\/page"}],"author":[{"embeddable":true,"href":"https:\/\/cms.zdv.uni-mainz.de\/kopiervorlage\/wp-json\/wp\/v2\/users\/1"}],"replies":[{"embeddable":true,"href":"https:\/\/cms.zdv.uni-mainz.de\/kopiervorlage\/wp-json\/wp\/v2\/comments?post=2099"}],"version-history":[{"count":3,"href":"https:\/\/cms.zdv.uni-mainz.de\/kopiervorlage\/wp-json\/wp\/v2\/pages\/2099\/revisions"}],"predecessor-version":[{"id":8756,"href":"https:\/\/cms.zdv.uni-mainz.de\/kopiervorlage\/wp-json\/wp\/v2\/pages\/2099\/revisions\/8756"}],"wp:attachment":[{"href":"https:\/\/cms.zdv.uni-mainz.de\/kopiervorlage\/wp-json\/wp\/v2\/media?parent=2099"}],"wp:term":[{"taxonomy":"category","embeddable":true,"href":"https:\/\/cms.zdv.uni-mainz.de\/kopiervorlage\/wp-json\/wp\/v2\/categories?post=2099"},{"taxonomy":"post_tag","embeddable":true,"href":"https:\/\/cms.zdv.uni-mainz.de\/kopiervorlage\/wp-json\/wp\/v2\/tags?post=2099"}],"curies":[{"name":"wp","href":"https:\/\/api.w.org\/{rel}","templated":true}]}}