{"id":4213,"date":"2024-01-30T16:07:16","date_gmt":"2024-01-30T15:07:16","guid":{"rendered":"https:\/\/cms-stage.zdv.uni-mainz.de\/fb-all\/?page_id=4213"},"modified":"2024-05-07T12:28:33","modified_gmt":"2024-05-07T10:28:33","slug":"leichte-sprache","status":"publish","type":"page","link":"https:\/\/cms.zdv.uni-mainz.de\/kopiervorlage\/leichte-sprache\/","title":{"rendered":"Leichte Sprache"},"content":{"rendered":"<jgu-base-pageheader react-props=\"{\n    &quot;items&quot;: [\n        {\n            &quot;box&quot;: {\n                &quot;index&quot;: &quot;&quot;,\n                &quot;title&quot;: &quot;Leichte Sprache&quot;,\n                &quot;link&quot;: {\n                    &quot;url&quot;: &quot;&quot;,\n                    &quot;title&quot;: &quot;learn more&quot;\n                }\n            },\n            &quot;color&quot;: &quot;dark&quot;,\n            &quot;image&quot;: {\n                &quot;url&quot;: &quot;&quot;\n            },\n            &quot;imgCredit&quot;: &quot;&quot;,\n            &quot;useVideo&quot;: false,\n            &quot;video&quot;: false\n        }\n    ],\n    &quot;type&quot;: &quot;small&quot;,\n    &quot;align&quot;: &quot;full&quot;,\n    &quot;quicklinks&quot;: {\n        &quot;show&quot;: false,\n        &quot;selects&quot;: []\n    },\n    &quot;useBreadcrumb&quot;: false\n}\">\n<\/jgu-base-pageheader>\n\n\n<p>Sie sind auf der Internet-Seite von Einrichtungsname XXX. Hier lernen Sie alle Leute kennen, die in unserer Einrichtung XXX arbeiten. Sie forschen an XXX \/ Sie lehren XXX<\/p>\n\n\n\n<p class=\"has-big-font-size\">Das Pr\u00e4sidium der JGU hat festgelegt, da\u00df die Zust\u00e4ndigkeit f\u00fcr die<br>Pr\u00e4sentation der Webseiten-Inhalte in leichter Sprache bei den<br>jeweiligen Redakteuren der Website liegt.<\/p>\n\n\n\n<p class=\"has-big-font-size\">F\u00fcr das Erstellen der entsprechenden Informationen kann ChatGPT verwendet werden, dem man einen<br>Text geben kann, welchen ChatGPT entweder zusammenfassen und\/oder in<br>leichter Sprache umformulieren kann.<\/p>\n\n\n\n<p class=\"has-big-font-size\">Beispiele f\u00fcr Unis mit Seiten in leichter Sprache:<\/p>\n\n\n\n<ul class=\"has-big-font-size wp-block-list\">\n<li><a href=\"https:\/\/www.uni-hamburg.de\/leichte-sprache.html\" target=\"_blank\" rel=\"noreferrer noopener\">https:\/\/www.uni-hamburg.de\/leichte-sprache.html<\/a><\/li>\n\n\n\n<li><a href=\"https:\/\/uni-tuebingen.de\/leichte-sprache\/\" target=\"_blank\" rel=\"noreferrer noopener\">https:\/\/uni-tuebingen.de\/leichte-sprache\/<\/a><\/li>\n\n\n\n<li><a href=\"https:\/\/www.goethe-campus.uni-frankfurt.de\/qisserver\/pages\/cs\/sys\/portal\/utilities\/easyLanguageHelp.faces\" target=\"_blank\" rel=\"noreferrer noopener\">https:\/\/www.goethe-campus.uni-frankfurt.de\/qisserver\/pages\/cs\/sys\/portal\/ut[..]<\/a><\/li>\n<\/ul>\n    <div style=\"display: none\">\n        \n    <\/div>","protected":false},"excerpt":{"rendered":"<p>Sie sind auf der Internet-Seite von Einrichtungsname XXX. Hier lernen Sie alle Leute kennen, die in unserer Einrichtung XXX arbeiten. Sie forschen an XXX \/ Sie lehren XXX Das Pr\u00e4sidium der JGU hat festgelegt, da\u00df die Zust\u00e4ndigkeit f\u00fcr diePr\u00e4sentation der Webseiten-Inhalte in leichter Sprache bei denjeweiligen Redakteuren der Website liegt. F\u00fcr das Erstellen der entsprechenden &hellip; <a href=\"https:\/\/cms.zdv.uni-mainz.de\/kopiervorlage\/leichte-sprache\/\">Weiter lesen<\/a><\/p>\n","protected":false},"author":1,"featured_media":0,"parent":0,"menu_order":0,"comment_status":"closed","ping_status":"closed","template":"","meta":{"footnotes":""},"categories":[],"tags":[],"class_list":["post-4213","page","type-page","status-publish","hentry"],"content_raw":"<!-- wp:jgu\/pageheader {\"items\":[{\"box\":{\"index\":\"\",\"title\":\"Leichte Sprache\",\"link\":{\"url\":\"\",\"title\":\"learn more\"}},\"color\":\"dark\",\"image\":{\"url\":\"\"},\"imgCredit\":\"\",\"useVideo\":false,\"video\":false}],\"type\":\"small\"} \/-->\n\n<!-- wp:paragraph -->\n<p>Sie sind auf der Internet-Seite von Einrichtungsname XXX. Hier lernen Sie alle Leute kennen, die in unserer Einrichtung XXX arbeiten. Sie forschen an XXX \/ Sie lehren XXX<\/p>\n<!-- \/wp:paragraph -->\n\n<!-- wp:paragraph {\"className\":\"has-big-font-size\"} -->\n<p class=\"has-big-font-size\">Das Pr\u00e4sidium der JGU hat festgelegt, da\u00df die Zust\u00e4ndigkeit f\u00fcr die<br>Pr\u00e4sentation der Webseiten-Inhalte in leichter Sprache bei den<br>jeweiligen Redakteuren der Website liegt.<\/p>\n<!-- \/wp:paragraph -->\n\n<!-- wp:paragraph {\"className\":\"has-big-font-size\"} -->\n<p class=\"has-big-font-size\">F\u00fcr das Erstellen der entsprechenden Informationen kann ChatGPT verwendet werden, dem man einen<br>Text geben kann, welchen ChatGPT entweder zusammenfassen und\/oder in<br>leichter Sprache umformulieren kann.<\/p>\n<!-- \/wp:paragraph -->\n\n<!-- wp:paragraph {\"className\":\"has-big-font-size\"} -->\n<p class=\"has-big-font-size\">Beispiele f\u00fcr Unis mit Seiten in leichter Sprache:<\/p>\n<!-- \/wp:paragraph -->\n\n<!-- wp:list {\"className\":\"has-big-font-size\"} -->\n<ul class=\"has-big-font-size\"><!-- wp:list-item -->\n<li><a href=\"https:\/\/www.uni-hamburg.de\/leichte-sprache.html\" target=\"_blank\" rel=\"noreferrer noopener\">https:\/\/www.uni-hamburg.de\/leichte-sprache.html<\/a><\/li>\n<!-- \/wp:list-item -->\n\n<!-- wp:list-item -->\n<li><a href=\"https:\/\/uni-tuebingen.de\/leichte-sprache\/\" target=\"_blank\" rel=\"noreferrer noopener\">https:\/\/uni-tuebingen.de\/leichte-sprache\/<\/a><\/li>\n<!-- \/wp:list-item -->\n\n<!-- wp:list-item -->\n<li><a href=\"https:\/\/www.goethe-campus.uni-frankfurt.de\/qisserver\/pages\/cs\/sys\/portal\/utilities\/easyLanguageHelp.faces\" target=\"_blank\" rel=\"noreferrer noopener\">https:\/\/www.goethe-campus.uni-frankfurt.de\/qisserver\/pages\/cs\/sys\/portal\/ut[..]<\/a><\/li>\n<!-- \/wp:list-item --><\/ul>\n<!-- \/wp:list -->","_links":{"self":[{"href":"https:\/\/cms.zdv.uni-mainz.de\/kopiervorlage\/wp-json\/wp\/v2\/pages\/4213","targetHints":{"allow":["GET"]}}],"collection":[{"href":"https:\/\/cms.zdv.uni-mainz.de\/kopiervorlage\/wp-json\/wp\/v2\/pages"}],"about":[{"href":"https:\/\/cms.zdv.uni-mainz.de\/kopiervorlage\/wp-json\/wp\/v2\/types\/page"}],"author":[{"embeddable":true,"href":"https:\/\/cms.zdv.uni-mainz.de\/kopiervorlage\/wp-json\/wp\/v2\/users\/1"}],"replies":[{"embeddable":true,"href":"https:\/\/cms.zdv.uni-mainz.de\/kopiervorlage\/wp-json\/wp\/v2\/comments?post=4213"}],"version-history":[{"count":3,"href":"https:\/\/cms.zdv.uni-mainz.de\/kopiervorlage\/wp-json\/wp\/v2\/pages\/4213\/revisions"}],"predecessor-version":[{"id":8580,"href":"https:\/\/cms.zdv.uni-mainz.de\/kopiervorlage\/wp-json\/wp\/v2\/pages\/4213\/revisions\/8580"}],"wp:attachment":[{"href":"https:\/\/cms.zdv.uni-mainz.de\/kopiervorlage\/wp-json\/wp\/v2\/media?parent=4213"}],"wp:term":[{"taxonomy":"category","embeddable":true,"href":"https:\/\/cms.zdv.uni-mainz.de\/kopiervorlage\/wp-json\/wp\/v2\/categories?post=4213"},{"taxonomy":"post_tag","embeddable":true,"href":"https:\/\/cms.zdv.uni-mainz.de\/kopiervorlage\/wp-json\/wp\/v2\/tags?post=4213"}],"curies":[{"name":"wp","href":"https:\/\/api.w.org\/{rel}","templated":true}]}}