{"id":113952,"date":"2024-01-18T16:19:11","date_gmt":"2024-01-18T15:19:11","guid":{"rendered":"https:\/\/cms.zdv.uni-mainz.de\/modul-demo\/?page_id=113952"},"modified":"2024-10-07T07:40:23","modified_gmt":"2024-10-07T05:40:23","slug":"tabelle","status":"publish","type":"page","link":"https:\/\/cms.zdv.uni-mainz.de\/modul-demo\/tabelle\/","title":{"rendered":"Tabelle"},"content":{"rendered":"<jgu-base-pageheader react-props=\"{\n    &quot;items&quot;: [\n        {\n            &quot;box&quot;: {\n                &quot;index&quot;: &quot;&quot;,\n                &quot;title&quot;: &quot;Tabellen&quot;,\n                &quot;link&quot;: {\n                    &quot;url&quot;: &quot;&quot;,\n                    &quot;title&quot;: &quot;learn more&quot;\n                }\n            },\n            &quot;color&quot;: &quot;default&quot;,\n            &quot;image&quot;: {\n                &quot;url&quot;: &quot;&quot;\n            },\n            &quot;imgCredit&quot;: &quot;&quot;,\n            &quot;useVideo&quot;: false,\n            &quot;video&quot;: false\n        }\n    ],\n    &quot;type&quot;: &quot;border&quot;,\n    &quot;align&quot;: &quot;full&quot;,\n    &quot;quicklinks&quot;: {\n        &quot;show&quot;: false,\n        &quot;selects&quot;: []\n    },\n    &quot;useBreadcrumb&quot;: false\n}\">\n<\/jgu-base-pageheader>\n\n\n<p>Tabellen sind im Zeitalter von Smartphones ein Auslaufmodell. Machen Sie sich davon frei, indem Sie IMMER, bevor Sie sich f\u00fcr eine Tabelle entscheiden, testen, wie die im Smartphone aussieht. Danach sind Diskussionen dar\u00fcber oft vorbei.<\/p>\n\n\n\n<p><\/p>\n\n\n\n<figure class=\"wp-block-table is-style-stripes\"><table><thead><tr><th><strong>Kopfzeile<\/strong><\/th><th>Kopfzeile zweite Spalte<\/th><\/tr><\/thead><tbody><tr><td>Diese Tabelle ist abwechselnd grau und wei\u00df gef\u00e4rbt &#8230;<\/td><td>unangenehm an den Tabellen ist&#8230;<\/td><\/tr><tr><td>Der Stil hei\u00dft &#8222;Streifen&#8220;<\/td><td>dass sie ausschlie\u00dflich mit der<\/td><\/tr><tr><td>Noch eine Zeile<\/td><td>Werkzeugleiste ge\u00e4ndert werden<\/td><\/tr><\/tbody><tfoot><tr><td>Optionale Fu\u00dfzeile<\/td><td>Das sogenannte Footer-Label<\/td><\/tr><\/tfoot><\/table><figcaption class=\"wp-element-caption\">Das ist die Beschriftung der Tabelle. Sie dient der Barrierefreiheit und erl\u00e4utert, was sich in der Tabelle befindet. <\/figcaption><\/figure>\n\n\n\n<figure class=\"wp-block-table is-style-regular\"><table><tbody><tr><td>Diese Tabelle enth\u00e4lt weder Kopf- noch Fu\u00dfzeile<\/td><td>Note: 2,3 (NRV2)<br>Wz: 3 Sem (NRV2)<\/td><td>alle zugelassen (NRV1)<\/td><td>Note: 3,0 (DoSV, K1)<br>Wz: 4 Sem (DoSV, K1)<\/td><\/tr><tr><td>Sie ist im Standard-Stil gef\u00e4rbt<\/td><td>Note: 2,3 (NRV2)<br>Wz: 3 Sem (NRV2)<\/td><td>alle zugelassen (NRV1)<\/td><td>Note: 3,0 (DoSV, K1)<br>Wz: 4 Sem (DoSV, K1)<\/td><\/tr><\/tbody><\/table><\/figure>\n    <div style=\"display: none\">\n        \n    <\/div>","protected":false},"excerpt":{"rendered":"<p>Tabellen sind im Zeitalter von Smartphones ein Auslaufmodell. Machen Sie sich davon frei, indem Sie IMMER, bevor Sie sich f\u00fcr eine Tabelle entscheiden, testen, wie die im Smartphone aussieht. Danach sind Diskussionen dar\u00fcber oft vorbei. Kopfzeile Kopfzeile zweite Spalte Diese Tabelle ist abwechselnd grau und wei\u00df gef\u00e4rbt &#8230; unangenehm an den Tabellen ist&#8230; Der Stil &hellip; <a href=\"https:\/\/cms.zdv.uni-mainz.de\/modul-demo\/tabelle\/\">Weiter lesen<\/a><\/p>\n","protected":false},"author":16,"featured_media":0,"parent":0,"menu_order":0,"comment_status":"closed","ping_status":"closed","template":"","meta":{"footnotes":""},"categories":[],"tags":[],"class_list":["post-113952","page","type-page","status-publish","hentry"],"content_raw":"<!-- wp:jgu\/pageheader {\"items\":[{\"box\":{\"index\":\"\",\"title\":\"Tabellen\",\"link\":{\"url\":\"\",\"title\":\"learn more\"}},\"color\":\"default\",\"image\":{\"url\":\"\"},\"imgCredit\":\"\",\"useVideo\":false,\"video\":false}],\"type\":\"border\"} \/-->\n\n<!-- wp:paragraph -->\n<p>Tabellen sind im Zeitalter von Smartphones ein Auslaufmodell. Machen Sie sich davon frei, indem Sie IMMER, bevor Sie sich f\u00fcr eine Tabelle entscheiden, testen, wie die im Smartphone aussieht. Danach sind Diskussionen dar\u00fcber oft vorbei.<\/p>\n<!-- \/wp:paragraph -->\n\n<!-- wp:paragraph -->\n<p><\/p>\n<!-- \/wp:paragraph -->\n\n<!-- wp:table {\"className\":\"is-style-stripes\"} -->\n<figure class=\"wp-block-table is-style-stripes\"><table><thead><tr><th><strong>Kopfzeile<\/strong><\/th><th>Kopfzeile zweite Spalte<\/th><\/tr><\/thead><tbody><tr><td>Diese Tabelle ist abwechselnd grau und wei\u00df gef\u00e4rbt ...<\/td><td>unangenehm an den Tabellen ist...<\/td><\/tr><tr><td>Der Stil hei\u00dft \"Streifen\"<\/td><td>dass sie ausschlie\u00dflich mit der<\/td><\/tr><tr><td>Noch eine Zeile<\/td><td>Werkzeugleiste ge\u00e4ndert werden<\/td><\/tr><\/tbody><tfoot><tr><td>Optionale Fu\u00dfzeile<\/td><td>Das sogenannte Footer-Label<\/td><\/tr><\/tfoot><\/table><figcaption class=\"wp-element-caption\">Das ist die Beschriftung der Tabelle. Sie dient der Barrierefreiheit und erl\u00e4utert, was sich in der Tabelle befindet. <\/figcaption><\/figure>\n<!-- \/wp:table -->\n\n<!-- wp:table {\"className\":\"is-style-regular\"} -->\n<figure class=\"wp-block-table is-style-regular\"><table><tbody><tr><td>Diese Tabelle enth\u00e4lt weder Kopf- noch Fu\u00dfzeile<\/td><td>Note: 2,3 (NRV2)<br>Wz: 3 Sem (NRV2)<\/td><td>alle zugelassen (NRV1)<\/td><td>Note: 3,0 (DoSV, K1)<br>Wz: 4 Sem (DoSV, K1)<\/td><\/tr><tr><td>Sie ist im Standard-Stil gef\u00e4rbt<\/td><td>Note: 2,3 (NRV2)<br>Wz: 3 Sem (NRV2)<\/td><td>alle zugelassen (NRV1)<\/td><td>Note: 3,0 (DoSV, K1)<br>Wz: 4 Sem (DoSV, K1)<\/td><\/tr><\/tbody><\/table><\/figure>\n<!-- \/wp:table -->","_links":{"self":[{"href":"https:\/\/cms.zdv.uni-mainz.de\/modul-demo\/wp-json\/wp\/v2\/pages\/113952","targetHints":{"allow":["GET"]}}],"collection":[{"href":"https:\/\/cms.zdv.uni-mainz.de\/modul-demo\/wp-json\/wp\/v2\/pages"}],"about":[{"href":"https:\/\/cms.zdv.uni-mainz.de\/modul-demo\/wp-json\/wp\/v2\/types\/page"}],"author":[{"embeddable":true,"href":"https:\/\/cms.zdv.uni-mainz.de\/modul-demo\/wp-json\/wp\/v2\/users\/16"}],"replies":[{"embeddable":true,"href":"https:\/\/cms.zdv.uni-mainz.de\/modul-demo\/wp-json\/wp\/v2\/comments?post=113952"}],"version-history":[{"count":3,"href":"https:\/\/cms.zdv.uni-mainz.de\/modul-demo\/wp-json\/wp\/v2\/pages\/113952\/revisions"}],"predecessor-version":[{"id":116101,"href":"https:\/\/cms.zdv.uni-mainz.de\/modul-demo\/wp-json\/wp\/v2\/pages\/113952\/revisions\/116101"}],"wp:attachment":[{"href":"https:\/\/cms.zdv.uni-mainz.de\/modul-demo\/wp-json\/wp\/v2\/media?parent=113952"}],"wp:term":[{"taxonomy":"category","embeddable":true,"href":"https:\/\/cms.zdv.uni-mainz.de\/modul-demo\/wp-json\/wp\/v2\/categories?post=113952"},{"taxonomy":"post_tag","embeddable":true,"href":"https:\/\/cms.zdv.uni-mainz.de\/modul-demo\/wp-json\/wp\/v2\/tags?post=113952"}],"curies":[{"name":"wp","href":"https:\/\/api.w.org\/{rel}","templated":true}]}}