{"id":114048,"date":"2024-01-22T10:09:44","date_gmt":"2024-01-22T09:09:44","guid":{"rendered":"https:\/\/cms.zdv.uni-mainz.de\/modul-demo\/?page_id=114048"},"modified":"2025-12-17T08:52:11","modified_gmt":"2025-12-17T07:52:11","slug":"absatz","status":"publish","type":"page","link":"https:\/\/cms.zdv.uni-mainz.de\/modul-demo\/absatz\/","title":{"rendered":"Absatz"},"content":{"rendered":"<jgu-base-pageheader react-props=\"{\n    &quot;items&quot;: [\n        {\n            &quot;box&quot;: {\n                &quot;index&quot;: &quot;&quot;,\n                &quot;title&quot;: &quot;Absatz&quot;,\n                &quot;link&quot;: {\n                    &quot;url&quot;: &quot;&quot;,\n                    &quot;title&quot;: &quot;learn more&quot;\n                }\n            },\n            &quot;color&quot;: &quot;default&quot;,\n            &quot;image&quot;: {\n                &quot;url&quot;: &quot;&quot;\n            },\n            &quot;imgCredit&quot;: &quot;&quot;,\n            &quot;useVideo&quot;: false,\n            &quot;video&quot;: false\n        }\n    ],\n    &quot;type&quot;: &quot;border&quot;,\n    &quot;align&quot;: &quot;full&quot;,\n    &quot;quicklinks&quot;: {\n        &quot;show&quot;: false,\n        &quot;selects&quot;: []\n    },\n    &quot;useBreadcrumb&quot;: false\n}\">\n<\/jgu-base-pageheader>\n\n\n<p class=\"has-big-font-size\">Der Absatz ist ein Block, der durch einen Zeilenumbruch davor und danach von den anderen Bl\u00f6cken getrennt ist. In den Einstellungen \/ Settings rechts oben blenden Sie die Eigenschaften ein und k\u00f6nnen bei Typography zwischen klein = s, Mittel = M und Gro\u00df = L w\u00e4hlen.<\/p>\n\n\n\n<p class=\"has-big-font-size\">Wollen Sie einen Umbruch in einem Block erreichen, dr\u00fccken Sie Umschalt(Shift) + Enter. <\/p>\n\n\n\n<p>Nur scheinbar ist der Absatz leicht anzuwenden. Bedenken Sie:<\/p>\n\n\n\n<ul class=\"wp-block-list\">\n<li>Lange Zeilen sind schwer lesbar.<\/li>\n\n\n\n<li>Auf gro\u00dfen Bildschirmen werden bildschirmf\u00fcllende Zeilen zu lang.<\/li>\n\n\n\n<li>Verwenden Sie Spalten, um die Breite zu verkleinern.<\/li>\n\n\n\n<li>Die au\u00dfenliegenden Spalten bleiben leer<\/li>\n\n\n\n<li>Auf kleinen Ger\u00e4ten werden die leeren R\u00e4nder unterdr\u00fcckt.<\/li>\n\n\n\n<li>In den Kopiervorlagen sind durchg\u00e4ngig Beispiele f\u00fcr die Einrichtung von Spalten zur Gestaltung von Textabschnitten enthalten.<\/li>\n<\/ul>\n    <div style=\"display: none\">\n        \n    <\/div>","protected":false},"excerpt":{"rendered":"<p>Der Absatz ist ein Block, der durch einen Zeilenumbruch davor und danach von den anderen Bl\u00f6cken getrennt ist. In den Einstellungen \/ Settings rechts oben blenden Sie die Eigenschaften ein und k\u00f6nnen bei Typography zwischen klein = s, Mittel = M und Gro\u00df = L w\u00e4hlen. Wollen Sie einen Umbruch in einem Block erreichen, dr\u00fccken &hellip; <a href=\"https:\/\/cms.zdv.uni-mainz.de\/modul-demo\/absatz\/\">Weiter lesen<\/a><\/p>\n","protected":false},"author":231,"featured_media":0,"parent":0,"menu_order":0,"comment_status":"closed","ping_status":"closed","template":"","meta":{"footnotes":""},"categories":[],"tags":[],"class_list":["post-114048","page","type-page","status-publish","hentry"],"content_raw":"<!-- wp:jgu\/pageheader {\"items\":[{\"box\":{\"index\":\"\",\"title\":\"Absatz\",\"link\":{\"url\":\"\",\"title\":\"learn more\"}},\"color\":\"default\",\"image\":{\"url\":\"\"},\"imgCredit\":\"\",\"useVideo\":false,\"video\":false}],\"type\":\"border\"} \/-->\n\n<!-- wp:paragraph {\"fontSize\":\"big\"} -->\n<p class=\"has-big-font-size\">Der Absatz ist ein Block, der durch einen Zeilenumbruch davor und danach von den anderen Bl\u00f6cken getrennt ist. In den Einstellungen \/ Settings rechts oben blenden Sie die Eigenschaften ein und k\u00f6nnen bei Typography zwischen klein = s, Mittel = M und Gro\u00df = L w\u00e4hlen.<\/p>\n<!-- \/wp:paragraph -->\n\n<!-- wp:paragraph {\"className\":\"has-big-font-size\"} -->\n<p class=\"has-big-font-size\">Wollen Sie einen Umbruch in einem Block erreichen, dr\u00fccken Sie Umschalt(Shift) + Enter. <\/p>\n<!-- \/wp:paragraph -->\n\n<!-- wp:block {\"ref\":115893} \/-->","_links":{"self":[{"href":"https:\/\/cms.zdv.uni-mainz.de\/modul-demo\/wp-json\/wp\/v2\/pages\/114048","targetHints":{"allow":["GET"]}}],"collection":[{"href":"https:\/\/cms.zdv.uni-mainz.de\/modul-demo\/wp-json\/wp\/v2\/pages"}],"about":[{"href":"https:\/\/cms.zdv.uni-mainz.de\/modul-demo\/wp-json\/wp\/v2\/types\/page"}],"author":[{"embeddable":true,"href":"https:\/\/cms.zdv.uni-mainz.de\/modul-demo\/wp-json\/wp\/v2\/users\/231"}],"replies":[{"embeddable":true,"href":"https:\/\/cms.zdv.uni-mainz.de\/modul-demo\/wp-json\/wp\/v2\/comments?post=114048"}],"version-history":[{"count":6,"href":"https:\/\/cms.zdv.uni-mainz.de\/modul-demo\/wp-json\/wp\/v2\/pages\/114048\/revisions"}],"predecessor-version":[{"id":118073,"href":"https:\/\/cms.zdv.uni-mainz.de\/modul-demo\/wp-json\/wp\/v2\/pages\/114048\/revisions\/118073"}],"wp:attachment":[{"href":"https:\/\/cms.zdv.uni-mainz.de\/modul-demo\/wp-json\/wp\/v2\/media?parent=114048"}],"wp:term":[{"taxonomy":"category","embeddable":true,"href":"https:\/\/cms.zdv.uni-mainz.de\/modul-demo\/wp-json\/wp\/v2\/categories?post=114048"},{"taxonomy":"post_tag","embeddable":true,"href":"https:\/\/cms.zdv.uni-mainz.de\/modul-demo\/wp-json\/wp\/v2\/tags?post=114048"}],"curies":[{"name":"wp","href":"https:\/\/api.w.org\/{rel}","templated":true}]}}