{"id":114123,"date":"2024-01-22T11:34:37","date_gmt":"2024-01-22T10:34:37","guid":{"rendered":"https:\/\/cms.zdv.uni-mainz.de\/modul-demo\/?page_id=114123"},"modified":"2026-01-07T11:17:49","modified_gmt":"2026-01-07T10:17:49","slug":"archive","status":"publish","type":"page","link":"https:\/\/cms.zdv.uni-mainz.de\/modul-demo\/archive\/","title":{"rendered":"Archive"},"content":{"rendered":"<jgu-base-pageheader react-props=\"{\n    &quot;items&quot;: [\n        {\n            &quot;box&quot;: {\n                &quot;index&quot;: &quot;&quot;,\n                &quot;title&quot;: &quot;Archive&quot;,\n                &quot;link&quot;: {\n                    &quot;url&quot;: &quot;&quot;,\n                    &quot;title&quot;: &quot;learn more&quot;\n                }\n            },\n            &quot;color&quot;: &quot;default&quot;,\n            &quot;image&quot;: {\n                &quot;url&quot;: &quot;&quot;\n            },\n            &quot;imgCredit&quot;: &quot;&quot;,\n            &quot;useVideo&quot;: false,\n            &quot;video&quot;: false\n        }\n    ],\n    &quot;type&quot;: &quot;border&quot;,\n    &quot;align&quot;: &quot;full&quot;,\n    &quot;quicklinks&quot;: {\n        &quot;show&quot;: false,\n        &quot;selects&quot;: []\n    },\n    &quot;useBreadcrumb&quot;: false\n}\">\n<\/jgu-base-pageheader>\n\n\n<p class=\"has-big-font-size\">Der&nbsp;<strong>Archivblock&nbsp;<\/strong>zeigt ein Datumsarchiv Ihrer Beitr\u00e4ge an. Verwenden Sie den <strong>Archivblock<\/strong>, um Ihre zuvor ver\u00f6ffentlichten Beitr\u00e4ge nach Jahr, Monat, Woche oder Tag zu organisieren. Dies ist f\u00fcr Leser n\u00fctzlich, die Ihre \u00e4lteren Inhalte durchsuchen. Hier ist &#8222;group by day&#8220; und &#8222;show post count&#8220; eingestellt.<\/p>\n\n\n<ul class=\"wp-block-archives-list wp-block-archives\">\t<li><a href='https:\/\/cms.zdv.uni-mainz.de\/modul-demo\/2026\/'>2026<\/a>&nbsp;(3)<\/li>\n\t<li><a href='https:\/\/cms.zdv.uni-mainz.de\/modul-demo\/2025\/'>2025<\/a>&nbsp;(6)<\/li>\n\t<li><a href='https:\/\/cms.zdv.uni-mainz.de\/modul-demo\/2024\/'>2024<\/a>&nbsp;(4)<\/li>\n\t<li><a href='https:\/\/cms.zdv.uni-mainz.de\/modul-demo\/2023\/'>2023<\/a>&nbsp;(2)<\/li>\n<\/ul>    <div style=\"display: none\">\n        \n    <\/div>","protected":false},"excerpt":{"rendered":"<p>Der&nbsp;Archivblock&nbsp;zeigt ein Datumsarchiv Ihrer Beitr\u00e4ge an. Verwenden Sie den Archivblock, um Ihre zuvor ver\u00f6ffentlichten Beitr\u00e4ge nach Jahr, Monat, Woche oder Tag zu organisieren. Dies ist f\u00fcr Leser n\u00fctzlich, die Ihre \u00e4lteren Inhalte durchsuchen. Hier ist &#8222;group by day&#8220; und &#8222;show post count&#8220; eingestellt.<\/p>\n","protected":false},"author":231,"featured_media":0,"parent":0,"menu_order":0,"comment_status":"closed","ping_status":"closed","template":"","meta":{"footnotes":""},"categories":[],"tags":[],"class_list":["post-114123","page","type-page","status-publish","hentry"],"content_raw":"<!-- wp:jgu\/pageheader {\"items\":[{\"box\":{\"index\":\"\",\"title\":\"Archive\",\"link\":{\"url\":\"\",\"title\":\"learn more\"}},\"color\":\"default\",\"image\":{\"url\":\"\"},\"imgCredit\":\"\",\"useVideo\":false,\"video\":false}],\"type\":\"border\"} \/-->\n\n<!-- wp:paragraph {\"className\":\"has-big-font-size\",\"fontSize\":\"big\"} -->\n<p class=\"has-big-font-size\">Der&nbsp;<strong>Archivblock&nbsp;<\/strong>zeigt ein Datumsarchiv Ihrer Beitr\u00e4ge an. Verwenden Sie den <strong>Archivblock<\/strong>, um Ihre zuvor ver\u00f6ffentlichten Beitr\u00e4ge nach Jahr, Monat, Woche oder Tag zu organisieren. Dies ist f\u00fcr Leser n\u00fctzlich, die Ihre \u00e4lteren Inhalte durchsuchen. Hier ist \"group by day\" und \"show post count\" eingestellt.<\/p>\n<!-- \/wp:paragraph -->\n\n<!-- wp:archives {\"showPostCounts\":true,\"type\":\"yearly\"} \/-->","_links":{"self":[{"href":"https:\/\/cms.zdv.uni-mainz.de\/modul-demo\/wp-json\/wp\/v2\/pages\/114123","targetHints":{"allow":["GET"]}}],"collection":[{"href":"https:\/\/cms.zdv.uni-mainz.de\/modul-demo\/wp-json\/wp\/v2\/pages"}],"about":[{"href":"https:\/\/cms.zdv.uni-mainz.de\/modul-demo\/wp-json\/wp\/v2\/types\/page"}],"author":[{"embeddable":true,"href":"https:\/\/cms.zdv.uni-mainz.de\/modul-demo\/wp-json\/wp\/v2\/users\/231"}],"replies":[{"embeddable":true,"href":"https:\/\/cms.zdv.uni-mainz.de\/modul-demo\/wp-json\/wp\/v2\/comments?post=114123"}],"version-history":[{"count":4,"href":"https:\/\/cms.zdv.uni-mainz.de\/modul-demo\/wp-json\/wp\/v2\/pages\/114123\/revisions"}],"predecessor-version":[{"id":117822,"href":"https:\/\/cms.zdv.uni-mainz.de\/modul-demo\/wp-json\/wp\/v2\/pages\/114123\/revisions\/117822"}],"wp:attachment":[{"href":"https:\/\/cms.zdv.uni-mainz.de\/modul-demo\/wp-json\/wp\/v2\/media?parent=114123"}],"wp:term":[{"taxonomy":"category","embeddable":true,"href":"https:\/\/cms.zdv.uni-mainz.de\/modul-demo\/wp-json\/wp\/v2\/categories?post=114123"},{"taxonomy":"post_tag","embeddable":true,"href":"https:\/\/cms.zdv.uni-mainz.de\/modul-demo\/wp-json\/wp\/v2\/tags?post=114123"}],"curies":[{"name":"wp","href":"https:\/\/api.w.org\/{rel}","templated":true}]}}