{"id":114141,"date":"2024-01-22T11:45:58","date_gmt":"2024-01-22T10:45:58","guid":{"rendered":"https:\/\/cms.zdv.uni-mainz.de\/modul-demo\/?page_id=114141"},"modified":"2026-03-09T14:22:46","modified_gmt":"2026-03-09T13:22:46","slug":"beitrags-archiv","status":"publish","type":"page","link":"https:\/\/cms.zdv.uni-mainz.de\/modul-demo\/beitrags-archiv\/","title":{"rendered":"Beitrags-Archiv"},"content":{"rendered":"<jgu-base-pageheader react-props=\"{\n    &quot;items&quot;: [\n        {\n            &quot;box&quot;: {\n                &quot;index&quot;: &quot;&quot;,\n                &quot;title&quot;: &quot;Beitrags-Archiv \\\/ Post Archive&quot;,\n                &quot;link&quot;: {\n                    &quot;url&quot;: &quot;&quot;,\n                    &quot;title&quot;: &quot;learn more&quot;\n                }\n            },\n            &quot;color&quot;: &quot;default&quot;,\n            &quot;image&quot;: {\n                &quot;url&quot;: &quot;&quot;\n            },\n            &quot;imgCredit&quot;: &quot;&quot;,\n            &quot;useVideo&quot;: false,\n            &quot;video&quot;: false\n        }\n    ],\n    &quot;type&quot;: &quot;border&quot;,\n    &quot;align&quot;: &quot;full&quot;,\n    &quot;quicklinks&quot;: {\n        &quot;show&quot;: false,\n        &quot;selects&quot;: []\n    },\n    &quot;useBreadcrumb&quot;: false\n}\">\n<\/jgu-base-pageheader>\n\n\n<p class=\"has-big-font-size\">Beitr\u00e4ge aus verschiedenen Subsites der Multisite gemeinsam in eine feste Darstellung ein, die Sie nicht weiter beeinflussen k\u00f6nnen, au\u00dfer da\u00df Sie auf eine Kategorie einschr\u00e4nken k\u00f6nnen. Standardm\u00e4\u00dfig zeigt er die Beitr\u00e4ge Ihrer Subsite, also Ihren Blog, an. Verwenden Sie den <strong>Beitrags-Archivblock<\/strong>, um Ihre zuvor ver\u00f6ffentlichten Beitr\u00e4ge nach Jahr, Monat, Woche oder Tag zu organisieren. Zus\u00e4tzlich zu einem normalen <strong><a href=\"https:\/\/cms.zdv.uni-mainz.de\/modul-demo\/core\/archive-2\/\">Archivblock<\/a><\/strong>, kann nach Beitr\u00e4gen suchen und diese nach verschiedenen Kategorien filtern. Dies ist f\u00fcr Leser n\u00fctzlich, die Ihre \u00e4lteren Inhalte durchsuchen.<\/p>\n\n\n<jgu-base-archive react-props=\"{\n    &quot;align&quot;: &quot;&quot;,\n    &quot;isInFocus&quot;: false,\n    &quot;categories&quot;: [],\n    &quot;showFiltersByDefault&quot;: true,\n    &quot;posts&quot;: [],\n    &quot;siteID&quot;: 22\n}\"><\/jgu-base-archive>    <div style=\"display: none\">\n        \n    <\/div>","protected":false},"excerpt":{"rendered":"<p>Beitr\u00e4ge aus verschiedenen Subsites der Multisite gemeinsam in eine feste Darstellung ein, die Sie nicht weiter beeinflussen k\u00f6nnen, au\u00dfer da\u00df Sie auf eine Kategorie einschr\u00e4nken k\u00f6nnen. Standardm\u00e4\u00dfig zeigt er die Beitr\u00e4ge Ihrer Subsite, also Ihren Blog, an. Verwenden Sie den Beitrags-Archivblock, um Ihre zuvor ver\u00f6ffentlichten Beitr\u00e4ge nach Jahr, Monat, Woche oder Tag zu organisieren. Zus\u00e4tzlich &hellip; <a href=\"https:\/\/cms.zdv.uni-mainz.de\/modul-demo\/beitrags-archiv\/\">Weiter lesen<\/a><\/p>\n","protected":false},"author":231,"featured_media":0,"parent":0,"menu_order":0,"comment_status":"closed","ping_status":"closed","template":"","meta":{"footnotes":""},"categories":[],"tags":[],"class_list":["post-114141","page","type-page","status-publish","hentry"],"content_raw":"<!-- wp:jgu\/pageheader {\"items\":[{\"box\":{\"index\":\"\",\"title\":\"Beitrags-Archiv \/ Post Archive\",\"link\":{\"url\":\"\",\"title\":\"learn more\"}},\"color\":\"default\",\"image\":{\"url\":\"\"},\"imgCredit\":\"\",\"useVideo\":false,\"video\":false}],\"type\":\"border\"} \/-->\n\n<!-- wp:paragraph {\"className\":\"has-big-font-size\"} -->\n<p class=\"has-big-font-size\">Beitr\u00e4ge aus verschiedenen Subsites der Multisite gemeinsam in eine feste Darstellung ein, die Sie nicht weiter beeinflussen k\u00f6nnen, au\u00dfer da\u00df Sie auf eine Kategorie einschr\u00e4nken k\u00f6nnen. Standardm\u00e4\u00dfig zeigt er die Beitr\u00e4ge Ihrer Subsite, also Ihren Blog, an. Verwenden Sie den <strong>Beitrags-Archivblock<\/strong>, um Ihre zuvor ver\u00f6ffentlichten Beitr\u00e4ge nach Jahr, Monat, Woche oder Tag zu organisieren. Zus\u00e4tzlich zu einem normalen <strong><a href=\"https:\/\/cms.zdv.uni-mainz.de\/modul-demo\/core\/archive-2\/\">Archivblock<\/a><\/strong>, kann nach Beitr\u00e4gen suchen und diese nach verschiedenen Kategorien filtern. Dies ist f\u00fcr Leser n\u00fctzlich, die Ihre \u00e4lteren Inhalte durchsuchen.<\/p>\n<!-- \/wp:paragraph -->\n\n<!-- wp:jgu\/archive \/-->","_links":{"self":[{"href":"https:\/\/cms.zdv.uni-mainz.de\/modul-demo\/wp-json\/wp\/v2\/pages\/114141","targetHints":{"allow":["GET"]}}],"collection":[{"href":"https:\/\/cms.zdv.uni-mainz.de\/modul-demo\/wp-json\/wp\/v2\/pages"}],"about":[{"href":"https:\/\/cms.zdv.uni-mainz.de\/modul-demo\/wp-json\/wp\/v2\/types\/page"}],"author":[{"embeddable":true,"href":"https:\/\/cms.zdv.uni-mainz.de\/modul-demo\/wp-json\/wp\/v2\/users\/231"}],"replies":[{"embeddable":true,"href":"https:\/\/cms.zdv.uni-mainz.de\/modul-demo\/wp-json\/wp\/v2\/comments?post=114141"}],"version-history":[{"count":6,"href":"https:\/\/cms.zdv.uni-mainz.de\/modul-demo\/wp-json\/wp\/v2\/pages\/114141\/revisions"}],"predecessor-version":[{"id":117190,"href":"https:\/\/cms.zdv.uni-mainz.de\/modul-demo\/wp-json\/wp\/v2\/pages\/114141\/revisions\/117190"}],"wp:attachment":[{"href":"https:\/\/cms.zdv.uni-mainz.de\/modul-demo\/wp-json\/wp\/v2\/media?parent=114141"}],"wp:term":[{"taxonomy":"category","embeddable":true,"href":"https:\/\/cms.zdv.uni-mainz.de\/modul-demo\/wp-json\/wp\/v2\/categories?post=114141"},{"taxonomy":"post_tag","embeddable":true,"href":"https:\/\/cms.zdv.uni-mainz.de\/modul-demo\/wp-json\/wp\/v2\/tags?post=114141"}],"curies":[{"name":"wp","href":"https:\/\/api.w.org\/{rel}","templated":true}]}}