{"id":114198,"date":"2024-01-22T13:05:35","date_gmt":"2024-01-22T12:05:35","guid":{"rendered":"https:\/\/cms.zdv.uni-mainz.de\/modul-demo\/?page_id=114198"},"modified":"2026-04-09T08:25:59","modified_gmt":"2026-04-09T06:25:59","slug":"blog-archive","status":"publish","type":"page","link":"https:\/\/cms.zdv.uni-mainz.de\/modul-demo\/blog-archive\/","title":{"rendered":"Blog Archive"},"content":{"rendered":"<jgu-base-pageheader react-props=\"{\n    &quot;items&quot;: [\n        {\n            &quot;box&quot;: {\n                &quot;index&quot;: &quot;&quot;,\n                &quot;title&quot;: &quot;Blog Archive&quot;,\n                &quot;link&quot;: {\n                    &quot;url&quot;: &quot;&quot;,\n                    &quot;title&quot;: &quot;learn more&quot;\n                }\n            },\n            &quot;color&quot;: &quot;default&quot;,\n            &quot;image&quot;: {\n                &quot;url&quot;: &quot;&quot;\n            },\n            &quot;imgCredit&quot;: &quot;&quot;,\n            &quot;useVideo&quot;: false,\n            &quot;video&quot;: false\n        }\n    ],\n    &quot;type&quot;: &quot;border&quot;,\n    &quot;align&quot;: &quot;full&quot;,\n    &quot;quicklinks&quot;: {\n        &quot;show&quot;: false,\n        &quot;selects&quot;: []\n    },\n    &quot;useBreadcrumb&quot;: false\n}\">\n<\/jgu-base-pageheader>\n\n\n<p class=\"has-big-font-size\">Alle Beitr\u00e4ge ihrer eigenen Subsites (als Ihres Blogs)  in fester Darstellung. Sie k\u00f6nnen auf eine Kategorie einschr\u00e4nken. Der&nbsp;<strong>Blog-Archivblock&nbsp;<\/strong>zeigt ein Datumsarchiv Ihrer Beitr\u00e4ge in Form von Blogbeitr\u00e4gen an. Verwenden Sie den&nbsp;<strong>Blog-Archivblock<\/strong>, um Ihre zuvor ver\u00f6ffentlichten Beitr\u00e4ge nach Datum zu organisieren. Dies ist f\u00fcr Leser n\u00fctzlich, die Ihre \u00e4lteren Inhalte durchsuchen.<\/p>\n\n\n\n<p class=\"has-big-font-size\">Der Nutzer kann die angezeigten Beitr\u00e4ge durch das Ausw\u00e4hlen verschiedener Kategorien beeinflussen.<\/p>\n\n\n<jgu-base-blogarchive react-props=\"{\n    &quot;showHeadline&quot;: false,\n    &quot;align&quot;: &quot;wide&quot;,\n    &quot;category&quot;: &quot;&quot;,\n    &quot;color&quot;: &quot;red&quot;,\n    &quot;query&quot;: {\n        &quot;posts_per_page&quot;: 12,\n        &quot;fields&quot;: &quot;ids&quot;,\n        &quot;tax_query&quot;: [\n            {\n                &quot;taxonomy&quot;: &quot;category&quot;,\n                &quot;field&quot;: &quot;id&quot;,\n                &quot;terms&quot;: []\n            }\n        ]\n    },\n    &quot;sections&quot;: [\n        {\n            &quot;term_id&quot;: 90,\n            &quot;name&quot;: &quot;Allgemein&quot;,\n            &quot;slug&quot;: &quot;allgemein&quot;,\n            &quot;term_group&quot;: 0,\n            &quot;term_taxonomy_id&quot;: 90,\n            &quot;taxonomy&quot;: &quot;category&quot;,\n            &quot;description&quot;: &quot;&quot;,\n            &quot;parent&quot;: 0,\n            &quot;count&quot;: 16,\n            &quot;filter&quot;: &quot;raw&quot;,\n            &quot;cat_ID&quot;: 90,\n            &quot;category_count&quot;: 16,\n            &quot;category_description&quot;: &quot;&quot;,\n            &quot;cat_name&quot;: &quot;Allgemein&quot;,\n            &quot;category_nicename&quot;: &quot;allgemein&quot;,\n            &quot;category_parent&quot;: 0\n        },\n        {\n            &quot;term_id&quot;: 54,\n            &quot;name&quot;: &quot;Barrierefreiheit&quot;,\n            &quot;slug&quot;: &quot;barrierefreiheit&quot;,\n            &quot;term_group&quot;: 0,\n            &quot;term_taxonomy_id&quot;: 54,\n            &quot;taxonomy&quot;: &quot;category&quot;,\n            &quot;description&quot;: &quot;Accessability, A11y oder Zug\\u00e4nglichkeit bezieht sich darauf, dass ger\\u00e4teunabh\\u00e4ngig alle Inhalte der Seite erfahrbar sein sollen.&quot;,\n            &quot;parent&quot;: 95,\n            &quot;count&quot;: 3,\n            &quot;filter&quot;: &quot;raw&quot;,\n            &quot;cat_ID&quot;: 54,\n            &quot;category_count&quot;: 3,\n            &quot;category_description&quot;: &quot;Accessability, A11y oder Zug\\u00e4nglichkeit bezieht sich darauf, dass ger\\u00e4teunabh\\u00e4ngig alle Inhalte der Seite erfahrbar sein sollen.&quot;,\n            &quot;cat_name&quot;: &quot;Barrierefreiheit&quot;,\n            &quot;category_nicename&quot;: &quot;barrierefreiheit&quot;,\n            &quot;category_parent&quot;: 95\n        },\n        {\n            &quot;term_id&quot;: 94,\n            &quot;name&quot;: &quot;Rechtliches&quot;,\n            &quot;slug&quot;: &quot;rechtliches&quot;,\n            &quot;term_group&quot;: 0,\n            &quot;term_taxonomy_id&quot;: 94,\n            &quot;taxonomy&quot;: &quot;category&quot;,\n            &quot;description&quot;: &quot;Neues aus der Rechtsabteilung \\u00fcber Webseiten, Impressum ...&quot;,\n            &quot;parent&quot;: 95,\n            &quot;count&quot;: 1,\n            &quot;filter&quot;: &quot;raw&quot;,\n            &quot;cat_ID&quot;: 94,\n            &quot;category_count&quot;: 1,\n            &quot;category_description&quot;: &quot;Neues aus der Rechtsabteilung \\u00fcber Webseiten, Impressum ...&quot;,\n            &quot;cat_name&quot;: &quot;Rechtliches&quot;,\n            &quot;category_nicename&quot;: &quot;rechtliches&quot;,\n            &quot;category_parent&quot;: 95\n        },\n        {\n            &quot;term_id&quot;: 57,\n            &quot;name&quot;: &quot;Schreiben f\\u00fcr Webseiten&quot;,\n            &quot;slug&quot;: &quot;schreiben-fuer-webseiten&quot;,\n            &quot;term_group&quot;: 0,\n            &quot;term_taxonomy_id&quot;: 57,\n            &quot;taxonomy&quot;: &quot;category&quot;,\n            &quot;description&quot;: &quot;Jede Ver\\u00f6ffentlichkeitsart hat ihren eigenen Stil, eine Pressemitteilung ist anders als ein Roman. Einige Regeln f\\u00fcrs Web sind hier zusammengefasst.&quot;,\n            &quot;parent&quot;: 95,\n            &quot;count&quot;: 4,\n            &quot;filter&quot;: &quot;raw&quot;,\n            &quot;cat_ID&quot;: 57,\n            &quot;category_count&quot;: 4,\n            &quot;category_description&quot;: &quot;Jede Ver\\u00f6ffentlichkeitsart hat ihren eigenen Stil, eine Pressemitteilung ist anders als ein Roman. Einige Regeln f\\u00fcrs Web sind hier zusammengefasst.&quot;,\n            &quot;cat_name&quot;: &quot;Schreiben f\\u00fcr Webseiten&quot;,\n            &quot;category_nicename&quot;: &quot;schreiben-fuer-webseiten&quot;,\n            &quot;category_parent&quot;: 95\n        },\n        {\n            &quot;term_id&quot;: 51,\n            &quot;name&quot;: &quot;Suchmaschinenoptimierung (SEO)&quot;,\n            &quot;slug&quot;: &quot;seo&quot;,\n            &quot;term_group&quot;: 0,\n            &quot;term_taxonomy_id&quot;: 51,\n            &quot;taxonomy&quot;: &quot;category&quot;,\n            &quot;description&quot;: &quot;Suchmaschinenoptimierung = Search Engine Optimization ist nur in Teilen vom System selbst zu leisten, ein Gro\\u00dfteil ist Redaktion&quot;,\n            &quot;parent&quot;: 95,\n            &quot;count&quot;: 5,\n            &quot;filter&quot;: &quot;raw&quot;,\n            &quot;cat_ID&quot;: 51,\n            &quot;category_count&quot;: 5,\n            &quot;category_description&quot;: &quot;Suchmaschinenoptimierung = Search Engine Optimization ist nur in Teilen vom System selbst zu leisten, ein Gro\\u00dfteil ist Redaktion&quot;,\n            &quot;cat_name&quot;: &quot;Suchmaschinenoptimierung (SEO)&quot;,\n            &quot;category_nicename&quot;: &quot;seo&quot;,\n            &quot;category_parent&quot;: 95\n        },\n        {\n            &quot;term_id&quot;: 95,\n            &quot;name&quot;: &quot;Verwandte Themen&quot;,\n            &quot;slug&quot;: &quot;verwandte-themen&quot;,\n            &quot;term_group&quot;: 0,\n            &quot;term_taxonomy_id&quot;: 95,\n            &quot;taxonomy&quot;: &quot;category&quot;,\n            &quot;description&quot;: &quot;&quot;,\n            &quot;parent&quot;: 0,\n            &quot;count&quot;: 0,\n            &quot;filter&quot;: &quot;raw&quot;,\n            &quot;cat_ID&quot;: 95,\n            &quot;category_count&quot;: 0,\n            &quot;category_description&quot;: &quot;&quot;,\n            &quot;cat_name&quot;: &quot;Verwandte Themen&quot;,\n            &quot;category_nicename&quot;: &quot;verwandte-themen&quot;,\n            &quot;category_parent&quot;: 0\n        }\n    ],\n    &quot;posts&quot;: []\n}\"><\/jgu-base-blogarchive>    <div style=\"display: none\">\n        \n    <\/div>","protected":false},"excerpt":{"rendered":"<p>Alle Beitr\u00e4ge ihrer eigenen Subsites (als Ihres Blogs) in fester Darstellung. Sie k\u00f6nnen auf eine Kategorie einschr\u00e4nken. Der&nbsp;Blog-Archivblock&nbsp;zeigt ein Datumsarchiv Ihrer Beitr\u00e4ge in Form von Blogbeitr\u00e4gen an. Verwenden Sie den&nbsp;Blog-Archivblock, um Ihre zuvor ver\u00f6ffentlichten Beitr\u00e4ge nach Datum zu organisieren. Dies ist f\u00fcr Leser n\u00fctzlich, die Ihre \u00e4lteren Inhalte durchsuchen. Der Nutzer kann die angezeigten Beitr\u00e4ge &hellip; <a href=\"https:\/\/cms.zdv.uni-mainz.de\/modul-demo\/blog-archive\/\">Weiter lesen<\/a><\/p>\n","protected":false},"author":231,"featured_media":0,"parent":0,"menu_order":0,"comment_status":"closed","ping_status":"closed","template":"","meta":{"footnotes":""},"categories":[],"tags":[],"class_list":["post-114198","page","type-page","status-publish","hentry"],"content_raw":"<!-- wp:jgu\/pageheader {\"items\":[{\"box\":{\"index\":\"\",\"title\":\"Blog Archive\",\"link\":{\"url\":\"\",\"title\":\"learn more\"}},\"color\":\"default\",\"image\":{\"url\":\"\"},\"imgCredit\":\"\",\"useVideo\":false,\"video\":false}],\"type\":\"border\"} \/-->\n\n<!-- wp:paragraph {\"className\":\"has-big-font-size\"} -->\n<p class=\"has-big-font-size\">Alle Beitr\u00e4ge ihrer eigenen Subsites (als Ihres Blogs)  in fester Darstellung. Sie k\u00f6nnen auf eine Kategorie einschr\u00e4nken. Der&nbsp;<strong>Blog-Archivblock&nbsp;<\/strong>zeigt ein Datumsarchiv Ihrer Beitr\u00e4ge in Form von Blogbeitr\u00e4gen an. Verwenden Sie den&nbsp;<strong>Blog-Archivblock<\/strong>, um Ihre zuvor ver\u00f6ffentlichten Beitr\u00e4ge nach Datum zu organisieren. Dies ist f\u00fcr Leser n\u00fctzlich, die Ihre \u00e4lteren Inhalte durchsuchen.<\/p>\n<!-- \/wp:paragraph -->\n\n<!-- wp:paragraph {\"className\":\"has-big-font-size\"} -->\n<p class=\"has-big-font-size\">Der Nutzer kann die angezeigten Beitr\u00e4ge durch das Ausw\u00e4hlen verschiedener Kategorien beeinflussen.<\/p>\n<!-- \/wp:paragraph -->\n\n<!-- wp:jgu\/blog-archive {\"showHeadline\":false} \/-->","_links":{"self":[{"href":"https:\/\/cms.zdv.uni-mainz.de\/modul-demo\/wp-json\/wp\/v2\/pages\/114198","targetHints":{"allow":["GET"]}}],"collection":[{"href":"https:\/\/cms.zdv.uni-mainz.de\/modul-demo\/wp-json\/wp\/v2\/pages"}],"about":[{"href":"https:\/\/cms.zdv.uni-mainz.de\/modul-demo\/wp-json\/wp\/v2\/types\/page"}],"author":[{"embeddable":true,"href":"https:\/\/cms.zdv.uni-mainz.de\/modul-demo\/wp-json\/wp\/v2\/users\/231"}],"replies":[{"embeddable":true,"href":"https:\/\/cms.zdv.uni-mainz.de\/modul-demo\/wp-json\/wp\/v2\/comments?post=114198"}],"version-history":[{"count":8,"href":"https:\/\/cms.zdv.uni-mainz.de\/modul-demo\/wp-json\/wp\/v2\/pages\/114198\/revisions"}],"predecessor-version":[{"id":119292,"href":"https:\/\/cms.zdv.uni-mainz.de\/modul-demo\/wp-json\/wp\/v2\/pages\/114198\/revisions\/119292"}],"wp:attachment":[{"href":"https:\/\/cms.zdv.uni-mainz.de\/modul-demo\/wp-json\/wp\/v2\/media?parent=114198"}],"wp:term":[{"taxonomy":"category","embeddable":true,"href":"https:\/\/cms.zdv.uni-mainz.de\/modul-demo\/wp-json\/wp\/v2\/categories?post=114198"},{"taxonomy":"post_tag","embeddable":true,"href":"https:\/\/cms.zdv.uni-mainz.de\/modul-demo\/wp-json\/wp\/v2\/tags?post=114198"}],"curies":[{"name":"wp","href":"https:\/\/api.w.org\/{rel}","templated":true}]}}