{"id":114333,"date":"2024-01-22T14:27:30","date_gmt":"2024-01-22T13:27:30","guid":{"rendered":"https:\/\/cms.zdv.uni-mainz.de\/modul-demo\/?page_id=114333"},"modified":"2024-01-22T14:29:09","modified_gmt":"2024-01-22T13:29:09","slug":"cover","status":"publish","type":"page","link":"https:\/\/cms.zdv.uni-mainz.de\/modul-demo\/cover\/","title":{"rendered":"Cover"},"content":{"rendered":"<jgu-base-pageheader react-props=\"{\n    &quot;items&quot;: [\n        {\n            &quot;box&quot;: {\n                &quot;index&quot;: &quot;&quot;,\n                &quot;title&quot;: &quot;Cover&quot;,\n                &quot;link&quot;: {\n                    &quot;url&quot;: &quot;&quot;,\n                    &quot;title&quot;: &quot;learn more&quot;\n                }\n            },\n            &quot;color&quot;: &quot;default&quot;,\n            &quot;image&quot;: {\n                &quot;url&quot;: &quot;&quot;\n            },\n            &quot;imgCredit&quot;: &quot;&quot;,\n            &quot;useVideo&quot;: false,\n            &quot;video&quot;: false\n        }\n    ],\n    &quot;type&quot;: &quot;border&quot;,\n    &quot;align&quot;: &quot;full&quot;,\n    &quot;quicklinks&quot;: {\n        &quot;show&quot;: false,\n        &quot;selects&quot;: []\n    },\n    &quot;useBreadcrumb&quot;: false\n}\">\n<\/jgu-base-pageheader>\n\n\n<p class=\"has-big-font-size\">Der <strong>Coverblock<\/strong> f\u00fcgt ein Bild oder ein Video mit einem Text-Overlay hinzu. Dabei sind Farbe und Deckkraft des Textes anpassbar. Ebenso ist der Fokuspunkt des Bildes in prozentualen Angaben im Verh\u00e4ltnis zur Webseitengr\u00f6\u00dfe anpassbar.<\/p>\n\n\n\n<div class=\"wp-block-cover\"><span aria-hidden=\"true\" class=\"wp-block-cover__background has-background-dim\"><\/span><img loading=\"lazy\" decoding=\"async\" width=\"2560\" height=\"1707\" class=\"wp-block-cover__image-background wp-image-113769\" alt=\"Die Gl\u00fcckskatze pirscht durch den Garten\" src=\"https:\/\/cms.zdv.uni-mainz.de\/modul-demo\/wp-content\/uploads\/sites\/22\/2024\/01\/2019-02-03_53-pinky-scaled.jpg\" style=\"object-position:50% 50%\" data-object-fit=\"cover\" data-object-position=\"50% 50%\" srcset=\"https:\/\/cms.zdv.uni-mainz.de\/modul-demo\/wp-content\/uploads\/sites\/22\/2024\/01\/2019-02-03_53-pinky-scaled.jpg 2560w, https:\/\/cms.zdv.uni-mainz.de\/modul-demo\/wp-content\/uploads\/sites\/22\/2024\/01\/2019-02-03_53-pinky-300x200.jpg 300w, https:\/\/cms.zdv.uni-mainz.de\/modul-demo\/wp-content\/uploads\/sites\/22\/2024\/01\/2019-02-03_53-pinky-1024x683.jpg 1024w, https:\/\/cms.zdv.uni-mainz.de\/modul-demo\/wp-content\/uploads\/sites\/22\/2024\/01\/2019-02-03_53-pinky-768x512.jpg 768w, https:\/\/cms.zdv.uni-mainz.de\/modul-demo\/wp-content\/uploads\/sites\/22\/2024\/01\/2019-02-03_53-pinky-1536x1024.jpg 1536w, https:\/\/cms.zdv.uni-mainz.de\/modul-demo\/wp-content\/uploads\/sites\/22\/2024\/01\/2019-02-03_53-pinky-2048x1365.jpg 2048w\" sizes=\"auto, (max-width: 2560px) 100vw, 2560px\" \/><div class=\"wp-block-cover__inner-container is-layout-constrained wp-container-core-cover-is-layout-4b40baab wp-block-cover-is-layout-constrained\">\n<p class=\"has-text-align-center has-big-font-size\">Beispieltext<\/p>\n<\/div><\/div>\n    <div style=\"display: none\">\n        \n    <\/div>","protected":false},"excerpt":{"rendered":"<p>Der Coverblock f\u00fcgt ein Bild oder ein Video mit einem Text-Overlay hinzu. Dabei sind Farbe und Deckkraft des Textes anpassbar. Ebenso ist der Fokuspunkt des Bildes in prozentualen Angaben im Verh\u00e4ltnis zur Webseitengr\u00f6\u00dfe anpassbar.<\/p>\n","protected":false},"author":231,"featured_media":0,"parent":0,"menu_order":0,"comment_status":"closed","ping_status":"closed","template":"","meta":{"footnotes":""},"categories":[],"tags":[],"class_list":["post-114333","page","type-page","status-publish","hentry"],"content_raw":"<!-- wp:jgu\/pageheader {\"items\":[{\"box\":{\"index\":\"\",\"title\":\"Cover\",\"link\":{\"url\":\"\",\"title\":\"learn more\"}},\"color\":\"default\",\"image\":{\"url\":\"\"},\"imgCredit\":\"\",\"useVideo\":false,\"video\":false}],\"type\":\"border\"} \/-->\n\n<!-- wp:paragraph -->\n<p class=\"has-big-font-size\">Der <strong>Coverblock<\/strong> f\u00fcgt ein Bild oder ein Video mit einem Text-Overlay hinzu. Dabei sind Farbe und Deckkraft des Textes anpassbar. Ebenso ist der Fokuspunkt des Bildes in prozentualen Angaben im Verh\u00e4ltnis zur Webseitengr\u00f6\u00dfe anpassbar.<\/p>\n<!-- \/wp:paragraph -->\n\n<!-- wp:cover {\"url\":\"https:\/\/cms.zdv.uni-mainz.de\/modul-demo\/wp-content\/uploads\/sites\/22\/2024\/01\/2019-02-03_53-pinky-scaled.jpg\",\"id\":113769,\"dimRatio\":50,\"focalPoint\":{\"x\":0.5,\"y\":0.5},\"layout\":{\"type\":\"constrained\",\"wideSize\":\"80%\"}} -->\n<div class=\"wp-block-cover\"><span aria-hidden=\"true\" class=\"wp-block-cover__background has-background-dim\"><\/span><img class=\"wp-block-cover__image-background wp-image-113769\" alt=\"Die Gl\u00fcckskatze pirscht durch den Garten\" src=\"https:\/\/cms.zdv.uni-mainz.de\/modul-demo\/wp-content\/uploads\/sites\/22\/2024\/01\/2019-02-03_53-pinky-scaled.jpg\" style=\"object-position:50% 50%\" data-object-fit=\"cover\" data-object-position=\"50% 50%\" \/><div class=\"wp-block-cover__inner-container\"><!-- wp:paragraph {\"align\":\"center\",\"placeholder\":\"Schreibe einen Titel\u2026\"} -->\n<p class=\"has-text-align-center has-big-font-size\">Beispieltext<\/p>\n<!-- \/wp:paragraph --><\/div><\/div>\n<!-- \/wp:cover -->","_links":{"self":[{"href":"https:\/\/cms.zdv.uni-mainz.de\/modul-demo\/wp-json\/wp\/v2\/pages\/114333","targetHints":{"allow":["GET"]}}],"collection":[{"href":"https:\/\/cms.zdv.uni-mainz.de\/modul-demo\/wp-json\/wp\/v2\/pages"}],"about":[{"href":"https:\/\/cms.zdv.uni-mainz.de\/modul-demo\/wp-json\/wp\/v2\/types\/page"}],"author":[{"embeddable":true,"href":"https:\/\/cms.zdv.uni-mainz.de\/modul-demo\/wp-json\/wp\/v2\/users\/231"}],"replies":[{"embeddable":true,"href":"https:\/\/cms.zdv.uni-mainz.de\/modul-demo\/wp-json\/wp\/v2\/comments?post=114333"}],"version-history":[{"count":2,"href":"https:\/\/cms.zdv.uni-mainz.de\/modul-demo\/wp-json\/wp\/v2\/pages\/114333\/revisions"}],"predecessor-version":[{"id":114345,"href":"https:\/\/cms.zdv.uni-mainz.de\/modul-demo\/wp-json\/wp\/v2\/pages\/114333\/revisions\/114345"}],"wp:attachment":[{"href":"https:\/\/cms.zdv.uni-mainz.de\/modul-demo\/wp-json\/wp\/v2\/media?parent=114333"}],"wp:term":[{"taxonomy":"category","embeddable":true,"href":"https:\/\/cms.zdv.uni-mainz.de\/modul-demo\/wp-json\/wp\/v2\/categories?post=114333"},{"taxonomy":"post_tag","embeddable":true,"href":"https:\/\/cms.zdv.uni-mainz.de\/modul-demo\/wp-json\/wp\/v2\/tags?post=114333"}],"curies":[{"name":"wp","href":"https:\/\/api.w.org\/{rel}","templated":true}]}}