{"id":114390,"date":"2024-01-23T10:26:58","date_gmt":"2024-01-23T09:26:58","guid":{"rendered":"https:\/\/cms.zdv.uni-mainz.de\/modul-demo\/?page_id=114390"},"modified":"2026-02-12T11:01:10","modified_gmt":"2026-02-12T10:01:10","slug":"community-plugins","status":"publish","type":"page","link":"https:\/\/cms.zdv.uni-mainz.de\/modul-demo\/community-plugins\/","title":{"rendered":"Community Plugins"},"content":{"rendered":"\n<p class=\"has-big-font-size\">Die hier untergeordneten Seiten sind Plugins, Erweiterungen f\u00fcr WordPress, die teilweise kostenpflichtig allen zur Verf\u00fcgung stehen,  wenn das entsprechende Plugin f\u00fcr Ihre WordPress-Website aktiviert ist.<\/p>\n\n\n\n<ul class=\"wp-block-list\">\n<li>Gravity Forms: die Infos<\/li>\n\n\n\n<li><a href=\"https:\/\/cms.zdv.uni-mainz.de\/modul-demo\/community-plugins\/wpml\/\" data-type=\"page\" data-id=\"117235\">WPML<\/a><\/li>\n\n\n\n<li>TablePress<\/li>\n<\/ul>\n    <div style=\"display: none\">\n        \n    <\/div>","protected":false},"excerpt":{"rendered":"<p>Die hier untergeordneten Seiten sind Plugins, Erweiterungen f\u00fcr WordPress, die teilweise kostenpflichtig allen zur Verf\u00fcgung stehen, wenn das entsprechende Plugin f\u00fcr Ihre WordPress-Website aktiviert ist.<\/p>\n","protected":false},"author":107,"featured_media":0,"parent":0,"menu_order":0,"comment_status":"closed","ping_status":"closed","template":"","meta":{"footnotes":""},"categories":[],"tags":[],"class_list":["post-114390","page","type-page","status-publish","hentry"],"content_raw":"<!-- wp:paragraph {\"className\":\"has-big-font-size\"} -->\n<p class=\"has-big-font-size\">Die hier untergeordneten Seiten sind Plugins, Erweiterungen f\u00fcr WordPress, die teilweise kostenpflichtig allen zur Verf\u00fcgung stehen,  wenn das entsprechende Plugin f\u00fcr Ihre WordPress-Website aktiviert ist.<\/p>\n<!-- \/wp:paragraph -->\n\n<!-- wp:list -->\n<ul><!-- wp:list-item -->\n<li>Gravity Forms: die Infos<\/li>\n<!-- \/wp:list-item -->\n\n<!-- wp:list-item -->\n<li><a href=\"https:\/\/cms.zdv.uni-mainz.de\/modul-demo\/community-plugins\/wpml\/\" data-type=\"page\" data-id=\"117235\">WPML<\/a><\/li>\n<!-- \/wp:list-item -->\n\n<!-- wp:list-item -->\n<li>TablePress<\/li>\n<!-- \/wp:list-item --><\/ul>\n<!-- \/wp:list -->","_links":{"self":[{"href":"https:\/\/cms.zdv.uni-mainz.de\/modul-demo\/wp-json\/wp\/v2\/pages\/114390","targetHints":{"allow":["GET"]}}],"collection":[{"href":"https:\/\/cms.zdv.uni-mainz.de\/modul-demo\/wp-json\/wp\/v2\/pages"}],"about":[{"href":"https:\/\/cms.zdv.uni-mainz.de\/modul-demo\/wp-json\/wp\/v2\/types\/page"}],"author":[{"embeddable":true,"href":"https:\/\/cms.zdv.uni-mainz.de\/modul-demo\/wp-json\/wp\/v2\/users\/107"}],"replies":[{"embeddable":true,"href":"https:\/\/cms.zdv.uni-mainz.de\/modul-demo\/wp-json\/wp\/v2\/comments?post=114390"}],"version-history":[{"count":3,"href":"https:\/\/cms.zdv.uni-mainz.de\/modul-demo\/wp-json\/wp\/v2\/pages\/114390\/revisions"}],"predecessor-version":[{"id":118070,"href":"https:\/\/cms.zdv.uni-mainz.de\/modul-demo\/wp-json\/wp\/v2\/pages\/114390\/revisions\/118070"}],"wp:attachment":[{"href":"https:\/\/cms.zdv.uni-mainz.de\/modul-demo\/wp-json\/wp\/v2\/media?parent=114390"}],"wp:term":[{"taxonomy":"category","embeddable":true,"href":"https:\/\/cms.zdv.uni-mainz.de\/modul-demo\/wp-json\/wp\/v2\/categories?post=114390"},{"taxonomy":"post_tag","embeddable":true,"href":"https:\/\/cms.zdv.uni-mainz.de\/modul-demo\/wp-json\/wp\/v2\/tags?post=114390"}],"curies":[{"name":"wp","href":"https:\/\/api.w.org\/{rel}","templated":true}]}}