{"id":114456,"date":"2024-01-23T13:04:06","date_gmt":"2024-01-23T12:04:06","guid":{"rendered":"https:\/\/cms.zdv.uni-mainz.de\/modul-demo\/?page_id=114456"},"modified":"2026-02-16T08:48:21","modified_gmt":"2026-02-16T07:48:21","slug":"fussnoten","status":"publish","type":"page","link":"https:\/\/cms.zdv.uni-mainz.de\/modul-demo\/fussnoten\/","title":{"rendered":"Fu\u00dfnoten"},"content":{"rendered":"<jgu-base-heading react-props=\"{\n    &quot;tags&quot;: {\n        &quot;htmlTag&quot;: &quot;h2&quot;,\n        &quot;classTag&quot;: &quot;&quot;,\n        &quot;tag&quot;: &quot;h2&quot;\n    },\n    &quot;heading&quot;: &quot;Fussnoten&quot;,\n    &quot;textAlign&quot;: &quot;left&quot;,\n    &quot;anchor&quot;: &quot;&quot;,\n    &quot;index&quot;: &quot;&quot;,\n    &quot;color&quot;: &quot;red&quot;\n}\"><\/jgu-base-heading>\n\n\n\n<p class=\"has-big-font-size\">Fu\u00dfnoten k\u00f6nnen Sie \u00fcber den Link &#8218;Mehr&#8216; des Texteditors \u00fcberall in den Text einf\u00fcgen. Hier der Text mit Fu\u00dfnote 1<sup data-fn=\"658e7d8d-162b-4396-bfdc-c54beb943aec\" class=\"fn\"><a href=\"#658e7d8d-162b-4396-bfdc-c54beb943aec\" id=\"658e7d8d-162b-4396-bfdc-c54beb943aec-link\">1<\/a><\/sup>, in der weitere Erl\u00e4uterungen dazu stehen k\u00f6nnen.<\/p>\n\n\n\n<p class=\"has-big-font-size\">Und ganz unten k\u00f6nnen Sie dann den Block &#8218;Fu\u00dfnoten&#8216; einf\u00fcgen, der alle weiter oben auf der Seite gesetzten Fu\u00dfnoten mit den Zusatztexten anzeigt. Jeder Link zu einer Fu\u00dfnote f\u00fchrt dann nach ganz unten auf die Seite. Dorthin, wo die Fu\u00dfnoten stehen&#8230;<\/p>\n\n\n\n<p class=\"has-big-font-size\">Hier steht noch viel mehr Text.<\/p>\n\n\n\n<p class=\"has-big-font-size\">Und noch viel mehr Text.<\/p>\n\n\n\n<p class=\"has-big-font-size\">Und noch viel mehr Text.<\/p>\n\n\n\n<p class=\"has-big-font-size\">Und noch viel mehr Text.<\/p>\n\n\n\n<p class=\"has-big-font-size\">Und noch viel mehr Text.<\/p>\n\n\n\n<p class=\"has-big-font-size\">Und noch viel mehr Text.<\/p>\n\n\n\n<p class=\"has-big-font-size\">Und noch viel mehr Text.<\/p>\n\n\n\n<p class=\"has-big-font-size\">Und noch viel mehr Text.<\/p>\n\n\n\n<p class=\"has-big-font-size\">Der Text mit Fu\u00dfnote 2<sup data-fn=\"689cb1f5-bf75-4301-a490-c3949e6f5cbf\" class=\"fn\"><a href=\"#689cb1f5-bf75-4301-a490-c3949e6f5cbf\" id=\"689cb1f5-bf75-4301-a490-c3949e6f5cbf-link\">2<\/a><\/sup> in der auch wieder weitere Erl\u00e4uterungen stehen k\u00f6nnen.<\/p>\n\n\n<ol class=\"wp-block-footnotes\"><li id=\"658e7d8d-162b-4396-bfdc-c54beb943aec\">Dies ist die erste Fu\u00dfnote. Hier kann eine erg\u00e4nzender Text hinzugef\u00fcgt werden. <a href=\"#658e7d8d-162b-4396-bfdc-c54beb943aec-link\" aria-label=\"Zur Fu\u00dfnotenreferenz 1 navigieren\">\u21a9\ufe0e<\/a><\/li><li id=\"689cb1f5-bf75-4301-a490-c3949e6f5cbf\">Dies ist die zweite Fu\u00dfnote. Auch hier kann ein weiterer, erg\u00e4nzender Text hinzugef\u00fcgt werden. <a href=\"#689cb1f5-bf75-4301-a490-c3949e6f5cbf-link\" aria-label=\"Zur Fu\u00dfnotenreferenz 2 navigieren\">\u21a9\ufe0e<\/a><\/li><\/ol>    <div style=\"display: none\">\n        \n    <\/div>","protected":false},"excerpt":{"rendered":"<p>Fu\u00dfnoten k\u00f6nnen Sie \u00fcber den Link &#8218;Mehr&#8216; des Texteditors \u00fcberall in den Text einf\u00fcgen. Hier der Text mit Fu\u00dfnote 1, in der weitere Erl\u00e4uterungen dazu stehen k\u00f6nnen. Und ganz unten k\u00f6nnen Sie dann den Block &#8218;Fu\u00dfnoten&#8216; einf\u00fcgen, der alle weiter oben auf der Seite gesetzten Fu\u00dfnoten mit den Zusatztexten anzeigt. Jeder Link zu einer Fu\u00dfnote &hellip; <a href=\"https:\/\/cms.zdv.uni-mainz.de\/modul-demo\/fussnoten\/\">Weiter lesen<\/a><\/p>\n","protected":false},"author":107,"featured_media":0,"parent":0,"menu_order":0,"comment_status":"closed","ping_status":"closed","template":"","meta":{"footnotes":"[{\"content\":\"Dies ist die erste Fu\u00dfnote. Hier kann eine erg\u00e4nzender Text hinzugef\u00fcgt werden.\",\"id\":\"658e7d8d-162b-4396-bfdc-c54beb943aec\"},{\"content\":\"Dies ist die zweite Fu\u00dfnote. Auch hier kann ein weiterer, erg\u00e4nzender Text hinzugef\u00fcgt werden.\",\"id\":\"689cb1f5-bf75-4301-a490-c3949e6f5cbf\"}]"},"categories":[],"tags":[],"class_list":["post-114456","page","type-page","status-publish","hentry"],"content_raw":"<!-- wp:jgu\/heading {\"tags\":{\"htmlTag\":\"h2\",\"classTag\":\"\",\"tag\":\"h2\"},\"heading\":\"Fussnoten\"} \/-->\n\n<!-- wp:paragraph {\"className\":\"has-big-font-size\"} -->\n<p class=\"has-big-font-size\">Fu\u00dfnoten k\u00f6nnen Sie \u00fcber den Link 'Mehr' des Texteditors \u00fcberall in den Text einf\u00fcgen. Hier der Text mit Fu\u00dfnote 1<sup data-fn=\"658e7d8d-162b-4396-bfdc-c54beb943aec\" class=\"fn\"><a href=\"#658e7d8d-162b-4396-bfdc-c54beb943aec\" id=\"658e7d8d-162b-4396-bfdc-c54beb943aec-link\">1<\/a><\/sup>, in der weitere Erl\u00e4uterungen dazu stehen k\u00f6nnen.<\/p>\n<!-- \/wp:paragraph -->\n\n<!-- wp:paragraph {\"className\":\"has-big-font-size\"} -->\n<p class=\"has-big-font-size\">Und ganz unten k\u00f6nnen Sie dann den Block 'Fu\u00dfnoten' einf\u00fcgen, der alle weiter oben auf der Seite gesetzten Fu\u00dfnoten mit den Zusatztexten anzeigt. Jeder Link zu einer Fu\u00dfnote f\u00fchrt dann nach ganz unten auf die Seite. Dorthin, wo die Fu\u00dfnoten stehen...<\/p>\n<!-- \/wp:paragraph -->\n\n<!-- wp:paragraph {\"className\":\"has-big-font-size\"} -->\n<p class=\"has-big-font-size\">Hier steht noch viel mehr Text.<\/p>\n<!-- \/wp:paragraph -->\n\n<!-- wp:paragraph {\"className\":\"has-big-font-size\"} -->\n<p class=\"has-big-font-size\">Und noch viel mehr Text.<\/p>\n<!-- \/wp:paragraph -->\n\n<!-- wp:paragraph {\"className\":\"has-big-font-size\"} -->\n<p class=\"has-big-font-size\">Und noch viel mehr Text.<\/p>\n<!-- \/wp:paragraph -->\n\n<!-- wp:paragraph {\"className\":\"has-big-font-size\"} -->\n<p class=\"has-big-font-size\">Und noch viel mehr Text.<\/p>\n<!-- \/wp:paragraph -->\n\n<!-- wp:paragraph {\"className\":\"has-big-font-size\"} -->\n<p class=\"has-big-font-size\">Und noch viel mehr Text.<\/p>\n<!-- \/wp:paragraph -->\n\n<!-- wp:paragraph {\"className\":\"has-big-font-size\"} -->\n<p class=\"has-big-font-size\">Und noch viel mehr Text.<\/p>\n<!-- \/wp:paragraph -->\n\n<!-- wp:paragraph {\"className\":\"has-big-font-size\"} -->\n<p class=\"has-big-font-size\">Und noch viel mehr Text.<\/p>\n<!-- \/wp:paragraph -->\n\n<!-- wp:paragraph {\"className\":\"has-big-font-size\"} -->\n<p class=\"has-big-font-size\">Und noch viel mehr Text.<\/p>\n<!-- \/wp:paragraph -->\n\n<!-- wp:paragraph {\"className\":\"has-big-font-size\"} -->\n<p class=\"has-big-font-size\">Der Text mit Fu\u00dfnote 2<sup data-fn=\"689cb1f5-bf75-4301-a490-c3949e6f5cbf\" class=\"fn\"><a href=\"#689cb1f5-bf75-4301-a490-c3949e6f5cbf\" id=\"689cb1f5-bf75-4301-a490-c3949e6f5cbf-link\">2<\/a><\/sup> in der auch wieder weitere Erl\u00e4uterungen stehen k\u00f6nnen.<\/p>\n<!-- \/wp:paragraph -->\n\n<!-- wp:footnotes \/-->","_links":{"self":[{"href":"https:\/\/cms.zdv.uni-mainz.de\/modul-demo\/wp-json\/wp\/v2\/pages\/114456","targetHints":{"allow":["GET"]}}],"collection":[{"href":"https:\/\/cms.zdv.uni-mainz.de\/modul-demo\/wp-json\/wp\/v2\/pages"}],"about":[{"href":"https:\/\/cms.zdv.uni-mainz.de\/modul-demo\/wp-json\/wp\/v2\/types\/page"}],"author":[{"embeddable":true,"href":"https:\/\/cms.zdv.uni-mainz.de\/modul-demo\/wp-json\/wp\/v2\/users\/107"}],"replies":[{"embeddable":true,"href":"https:\/\/cms.zdv.uni-mainz.de\/modul-demo\/wp-json\/wp\/v2\/comments?post=114456"}],"version-history":[{"count":12,"href":"https:\/\/cms.zdv.uni-mainz.de\/modul-demo\/wp-json\/wp\/v2\/pages\/114456\/revisions"}],"predecessor-version":[{"id":118111,"href":"https:\/\/cms.zdv.uni-mainz.de\/modul-demo\/wp-json\/wp\/v2\/pages\/114456\/revisions\/118111"}],"wp:attachment":[{"href":"https:\/\/cms.zdv.uni-mainz.de\/modul-demo\/wp-json\/wp\/v2\/media?parent=114456"}],"wp:term":[{"taxonomy":"category","embeddable":true,"href":"https:\/\/cms.zdv.uni-mainz.de\/modul-demo\/wp-json\/wp\/v2\/categories?post=114456"},{"taxonomy":"post_tag","embeddable":true,"href":"https:\/\/cms.zdv.uni-mainz.de\/modul-demo\/wp-json\/wp\/v2\/tags?post=114456"}],"curies":[{"name":"wp","href":"https:\/\/api.w.org\/{rel}","templated":true}]}}