{"id":114537,"date":"2024-01-23T15:15:13","date_gmt":"2024-01-23T14:15:13","guid":{"rendered":"https:\/\/cms.zdv.uni-mainz.de\/modul-demo\/?page_id=114537"},"modified":"2026-04-22T11:16:49","modified_gmt":"2026-04-22T09:16:49","slug":"jgu-idm-organisation","status":"publish","type":"page","link":"https:\/\/cms.zdv.uni-mainz.de\/modul-demo\/schnittstelle\/jgu-idm-organisation\/","title":{"rendered":"JGU IdM Organisation"},"content":{"rendered":"<jgu-base-heading react-props=\"{\n    &quot;tags&quot;: {\n        &quot;htmlTag&quot;: &quot;h2&quot;,\n        &quot;classTag&quot;: &quot;&quot;,\n        &quot;tag&quot;: &quot;h2&quot;\n    },\n    &quot;heading&quot;: &quot;JGU IdM Organisation&quot;,\n    &quot;textAlign&quot;: &quot;left&quot;,\n    &quot;anchor&quot;: &quot;&quot;,\n    &quot;index&quot;: &quot;&quot;,\n    &quot;color&quot;: &quot;red&quot;\n}\"><\/jgu-base-heading>\n\n\n\n<p class=\"has-big-font-size\">Zeigt eine Liste von Personen einer Organisationseinheit mit den ausgew\u00e4hlten Details an. <\/p>\n\n\n\n<p class=\"has-big-font-size\">Es fehlen Personen? Dies haben wir in der <a href=\"https:\/\/cms.zdv.uni-mainz.de\/modul-demo\/schnittstelle\/jgu-idm-person\/\" data-type=\"page\" data-id=\"114573\">JGu IdM Personen-Demo <\/a>erkl\u00e4rt.<\/p>\n\n\n\n<p class=\"has-big-font-size\">Standard ist die Darstellung \u00e4hnlich wie in personen.uni-mainz.de <\/p>\n\n\n\n<p class=\"has-big-font-size\">W\u00e4hlen Sie die A-Z-Liste, wird auf die IdM-Personeneintr\u00e4ge verlinkt.<\/p>\n\n\n<jgu-base-idm-organization react-props=\"{\n    &quot;id&quot;: &quot;1890&quot;,\n    &quot;link&quot;: &quot;website&quot;,\n    &quot;layout&quot;: &quot;default&quot;,\n    &quot;displayOptions&quot;: {\n        &quot;portraits&quot;: true,\n        &quot;role&quot;: true,\n        &quot;organization&quot;: true,\n        &quot;personAddress&quot;: true,\n        &quot;officeHours&quot;: true,\n        &quot;room&quot;: true,\n        &quot;email&quot;: true,\n        &quot;phone&quot;: true,\n        &quot;website&quot;: true,\n        &quot;departmentAddress&quot;: true\n    },\n    &quot;depth&quot;: &quot;0&quot;,\n    &quot;startlevel&quot;: 2,\n    &quot;skip&quot;: [],\n    &quot;skipRoles&quot;: [],\n    &quot;roleIds&quot;: [],\n    &quot;align&quot;: &quot;left&quot;,\n    &quot;color&quot;: &quot;default&quot;,\n    &quot;mode&quot;: &quot;edit&quot;\n}\">\n        \n<\/jgu-base-idm-organization>\n\n\n<jgu-base-heading react-props=\"{\n    &quot;tags&quot;: {\n        &quot;htmlTag&quot;: &quot;h2&quot;,\n        &quot;classTag&quot;: &quot;&quot;,\n        &quot;tag&quot;: &quot;h2&quot;\n    },\n    &quot;heading&quot;: &quot;Ersatzportrait&quot;,\n    &quot;textAlign&quot;: &quot;left&quot;,\n    &quot;anchor&quot;: &quot;&quot;,\n    &quot;index&quot;: &quot;&quot;,\n    &quot;color&quot;: &quot;red&quot;\n}\"><\/jgu-base-heading>\n\n\n\n<div class=\"wp-block-media-text is-stacked-on-mobile is-vertically-aligned-top\" style=\"grid-template-columns:20% auto\"><figure class=\"wp-block-media-text__media\"><img loading=\"lazy\" decoding=\"async\" width=\"1024\" height=\"1024\" src=\"https:\/\/cms.zdv.uni-mainz.de\/modul-demo\/wp-content\/uploads\/sites\/22\/2025\/03\/jgu-idm-portrait-1024x1024.png\" alt=\"\" class=\"wp-image-116786 size-full\" srcset=\"https:\/\/cms.zdv.uni-mainz.de\/modul-demo\/wp-content\/uploads\/sites\/22\/2025\/03\/jgu-idm-portrait-1024x1024.png 1024w, https:\/\/cms.zdv.uni-mainz.de\/modul-demo\/wp-content\/uploads\/sites\/22\/2025\/03\/jgu-idm-portrait-300x300.png 300w, https:\/\/cms.zdv.uni-mainz.de\/modul-demo\/wp-content\/uploads\/sites\/22\/2025\/03\/jgu-idm-portrait-150x150.png 150w, https:\/\/cms.zdv.uni-mainz.de\/modul-demo\/wp-content\/uploads\/sites\/22\/2025\/03\/jgu-idm-portrait-768x768.png 768w, https:\/\/cms.zdv.uni-mainz.de\/modul-demo\/wp-content\/uploads\/sites\/22\/2025\/03\/jgu-idm-portrait-1536x1536.png 1536w, https:\/\/cms.zdv.uni-mainz.de\/modul-demo\/wp-content\/uploads\/sites\/22\/2025\/03\/jgu-idm-portrait-2048x2048.png 2048w\" sizes=\"auto, (max-width: 1024px) 100vw, 1024px\" \/><\/figure><div class=\"wp-block-media-text__content\">\n<p class=\"has-big-font-size\">Sind keine Portraits freigegeben, ist der Abstand zu den vorigen Elementen, etwas gro\u00df. <\/p>\n\n\n\n<p class=\"has-big-font-size\">F\u00fcr diesen Fall haben wir hier ein Ersatzportrait. Bitten Sie einfach alle Personen \u00fcbergangsweise, dieses Portrait hochzuladen, dann ist der Eindruck wieder stimmig.<\/p>\n\n\n\n<p class=\"has-big-font-size\"><a href=\"https:\/\/cms.zdv.uni-mainz.de\/modul-demo\/wp-content\/uploads\/sites\/22\/2025\/03\/jgu-idm-portrait.png\">Download Ersatzportrait<\/a><\/p>\n<\/div><\/div>\n\n\n\n<p class=\"has-big-font-size\"><\/p>\n    <div style=\"display: none\">\n        \n    <\/div>","protected":false},"excerpt":{"rendered":"<p>Zeigt eine Liste von Personen einer Organisationseinheit mit den ausgew\u00e4hlten Details an. Es fehlen Personen? Dies haben wir in der JGu IdM Personen-Demo erkl\u00e4rt. Standard ist die Darstellung \u00e4hnlich wie in personen.uni-mainz.de W\u00e4hlen Sie die A-Z-Liste, wird auf die IdM-Personeneintr\u00e4ge verlinkt. Sind keine Portraits freigegeben, ist der Abstand zu den vorigen Elementen, etwas gro\u00df. F\u00fcr &hellip; <a href=\"https:\/\/cms.zdv.uni-mainz.de\/modul-demo\/schnittstelle\/jgu-idm-organisation\/\">Weiter lesen<\/a><\/p>\n","protected":false},"author":107,"featured_media":0,"parent":115148,"menu_order":0,"comment_status":"closed","ping_status":"closed","template":"","meta":{"footnotes":""},"categories":[],"tags":[],"class_list":["post-114537","page","type-page","status-publish","hentry"],"content_raw":"<!-- wp:jgu\/heading {\"tags\":{\"htmlTag\":\"h2\",\"classTag\":\"\",\"tag\":\"h2\"},\"heading\":\"JGU IdM Organisation\"} \/-->\n\n<!-- wp:paragraph {\"className\":\"has-big-font-size\"} -->\n<p class=\"has-big-font-size\">Zeigt eine Liste von Personen einer Organisationseinheit mit den ausgew\u00e4hlten Details an. <\/p>\n<!-- \/wp:paragraph -->\n\n<!-- wp:paragraph -->\n<p class=\"has-big-font-size\">Es fehlen Personen? Dies haben wir in der <a href=\"https:\/\/cms.zdv.uni-mainz.de\/modul-demo\/schnittstelle\/jgu-idm-person\/\" data-type=\"page\" data-id=\"114573\">JGu IdM Personen-Demo <\/a>erkl\u00e4rt.<\/p>\n<!-- \/wp:paragraph -->\n\n<!-- wp:paragraph -->\n<p class=\"has-big-font-size\">Standard ist die Darstellung \u00e4hnlich wie in personen.uni-mainz.de <\/p>\n<!-- \/wp:paragraph -->\n\n<!-- wp:paragraph -->\n<p class=\"has-big-font-size\">W\u00e4hlen Sie die A-Z-Liste, wird auf die IdM-Personeneintr\u00e4ge verlinkt.<\/p>\n<!-- \/wp:paragraph -->\n\n<!-- wp:jgu\/idm-organization {\"id\":\"1890\",\"link\":\"website\"} \/-->\n\n<!-- wp:jgu\/heading {\"tags\":{\"htmlTag\":\"h2\",\"classTag\":\"\",\"tag\":\"h2\"},\"heading\":\"Ersatzportrait\"} \/-->\n\n<!-- wp:media-text {\"mediaId\":116786,\"mediaLink\":\"https:\/\/cms.zdv.uni-mainz.de\/modul-demo\/schnittstelle\/jgu-idm-organisation\/jgu-idm-portrait\/\",\"mediaType\":\"image\",\"mediaWidth\":20,\"verticalAlignment\":\"top\"} -->\n<div class=\"wp-block-media-text is-stacked-on-mobile is-vertically-aligned-top\" style=\"grid-template-columns:20% auto\"><figure class=\"wp-block-media-text__media\"><img src=\"https:\/\/cms.zdv.uni-mainz.de\/modul-demo\/wp-content\/uploads\/sites\/22\/2025\/03\/jgu-idm-portrait-1024x1024.png\" alt=\"\" class=\"wp-image-116786 size-full\"\/><\/figure><div class=\"wp-block-media-text__content\"><!-- wp:paragraph {\"placeholder\":\"Inhalt\u00a0\u2026\"} -->\n<p class=\"has-big-font-size\">Sind keine Portraits freigegeben, ist der Abstand zu den vorigen Elementen, etwas gro\u00df. <\/p>\n<!-- \/wp:paragraph -->\n\n<!-- wp:paragraph {\"placeholder\":\"Inhalt\u00a0\u2026\"} -->\n<p class=\"has-big-font-size\">F\u00fcr diesen Fall haben wir hier ein Ersatzportrait. Bitten Sie einfach alle Personen \u00fcbergangsweise, dieses Portrait hochzuladen, dann ist der Eindruck wieder stimmig.<\/p>\n<!-- \/wp:paragraph -->\n\n<!-- wp:paragraph -->\n<p class=\"has-big-font-size\"><a href=\"https:\/\/cms.zdv.uni-mainz.de\/modul-demo\/wp-content\/uploads\/sites\/22\/2025\/03\/jgu-idm-portrait.png\">Download Ersatzportrait<\/a><\/p>\n<!-- \/wp:paragraph --><\/div><\/div>\n<!-- \/wp:media-text -->\n\n<!-- wp:paragraph -->\n<p class=\"has-big-font-size\"><\/p>\n<!-- \/wp:paragraph -->","_links":{"self":[{"href":"https:\/\/cms.zdv.uni-mainz.de\/modul-demo\/wp-json\/wp\/v2\/pages\/114537","targetHints":{"allow":["GET"]}}],"collection":[{"href":"https:\/\/cms.zdv.uni-mainz.de\/modul-demo\/wp-json\/wp\/v2\/pages"}],"about":[{"href":"https:\/\/cms.zdv.uni-mainz.de\/modul-demo\/wp-json\/wp\/v2\/types\/page"}],"author":[{"embeddable":true,"href":"https:\/\/cms.zdv.uni-mainz.de\/modul-demo\/wp-json\/wp\/v2\/users\/107"}],"replies":[{"embeddable":true,"href":"https:\/\/cms.zdv.uni-mainz.de\/modul-demo\/wp-json\/wp\/v2\/comments?post=114537"}],"version-history":[{"count":14,"href":"https:\/\/cms.zdv.uni-mainz.de\/modul-demo\/wp-json\/wp\/v2\/pages\/114537\/revisions"}],"predecessor-version":[{"id":119589,"href":"https:\/\/cms.zdv.uni-mainz.de\/modul-demo\/wp-json\/wp\/v2\/pages\/114537\/revisions\/119589"}],"up":[{"embeddable":true,"href":"https:\/\/cms.zdv.uni-mainz.de\/modul-demo\/wp-json\/wp\/v2\/pages\/115148"}],"wp:attachment":[{"href":"https:\/\/cms.zdv.uni-mainz.de\/modul-demo\/wp-json\/wp\/v2\/media?parent=114537"}],"wp:term":[{"taxonomy":"category","embeddable":true,"href":"https:\/\/cms.zdv.uni-mainz.de\/modul-demo\/wp-json\/wp\/v2\/categories?post=114537"},{"taxonomy":"post_tag","embeddable":true,"href":"https:\/\/cms.zdv.uni-mainz.de\/modul-demo\/wp-json\/wp\/v2\/tags?post=114537"}],"curies":[{"name":"wp","href":"https:\/\/api.w.org\/{rel}","templated":true}]}}