{"id":114573,"date":"2024-01-23T16:38:32","date_gmt":"2024-01-23T15:38:32","guid":{"rendered":"https:\/\/cms.zdv.uni-mainz.de\/modul-demo\/?page_id=114573"},"modified":"2026-05-06T15:55:21","modified_gmt":"2026-05-06T13:55:21","slug":"jgu-idm-person","status":"publish","type":"page","link":"https:\/\/cms.zdv.uni-mainz.de\/modul-demo\/schnittstelle\/jgu-idm-person\/","title":{"rendered":"JGU IdM Person"},"content":{"rendered":"<jgu-base-heading react-props=\"{\n    &quot;tags&quot;: {\n        &quot;htmlTag&quot;: &quot;h2&quot;,\n        &quot;classTag&quot;: &quot;&quot;,\n        &quot;tag&quot;: &quot;h2&quot;\n    },\n    &quot;heading&quot;: &quot;JGU IdM Person&quot;,\n    &quot;textAlign&quot;: &quot;left&quot;,\n    &quot;anchor&quot;: &quot;&quot;,\n    &quot;index&quot;: &quot;&quot;,\n    &quot;color&quot;: &quot;red&quot;\n}\"><\/jgu-base-heading>\n\n\n<jgu-base-anchornavigation react-props=\"{\n    &quot;align&quot;: &quot;wide&quot;,\n    &quot;theme&quot;: &quot;white&quot;\n}\">\n    \n<\/jgu-base-anchornavigation>\n\n\n<p class=\"has-big-font-size\">Personen auf Ihrer Website sollten Sie bevorzugt per IdM einblenden. Vorteil: die Personen geben Ihre Daten selbst frei, die Portraits werden von den Personen selbst hochgeladen. Damit entf\u00e4llt f\u00fcr Sie Arbeit, denn Sie m\u00fcssten ansonsten f\u00fcr jede Person das schriftliche Einverst\u00e4ndnis einholen, Daten und Portrait zu verwenden. F\u00fcr Personen ohne Vertrag verwenden Sie die <a href=\"https:\/\/cms.zdv.uni-mainz.de\/modul-demo\/ge\/kontakt\/\" data-type=\"page\" data-id=\"59\">Kontaktkarte<\/a>.<\/p>\n\n\n<div\n\tclass=\"jgu-anchorpoint\"\n\tid=\"person-finden\"\n\tdata-label=\"Person finden\"\n\tdata-hide-in-nav=\"false\"\n\ttabindex=\"0\"\n\tdata-initial-scroll=\"true\"\n><\/div>\n\n\n<jgu-base-heading react-props=\"{\n    &quot;index&quot;: &quot;Voraussetzung: Vertrag und Freigabe&quot;,\n    &quot;tags&quot;: {\n        &quot;htmlTag&quot;: &quot;h3&quot;,\n        &quot;classTag&quot;: &quot;&quot;,\n        &quot;tag&quot;: &quot;h3&quot;\n    },\n    &quot;heading&quot;: &quot;Person finden&quot;,\n    &quot;textAlign&quot;: &quot;left&quot;,\n    &quot;anchor&quot;: &quot;&quot;,\n    &quot;color&quot;: &quot;red&quot;\n}\"><\/jgu-base-heading>\n\n\n\n<p class=\"has-big-font-size\">Geben Sie den Namen der Person ein.<\/p>\n\n\n<div\n\tclass=\"jgu-anchorpoint\"\n\tid=\"anzeige-testen\"\n\tdata-label=\"Anzeige testen\"\n\tdata-hide-in-nav=\"false\"\n\ttabindex=\"0\"\n\tdata-initial-scroll=\"true\"\n><\/div>\n\n\n<jgu-base-heading react-props=\"{\n    &quot;index&quot;: &quot;In privatem Fenster&quot;,\n    &quot;tags&quot;: {\n        &quot;htmlTag&quot;: &quot;h3&quot;,\n        &quot;classTag&quot;: &quot;&quot;,\n        &quot;tag&quot;: &quot;h3&quot;\n    },\n    &quot;heading&quot;: &quot;Anzeige testen &quot;,\n    &quot;textAlign&quot;: &quot;left&quot;,\n    &quot;anchor&quot;: &quot;&quot;,\n    &quot;color&quot;: &quot;red&quot;\n}\"><\/jgu-base-heading>\n\n\n\n<p class=\"has-big-font-size\">WordPress zeigt nur an was von den Personen&nbsp;<strong><em>freigegeben<\/em><\/strong>&nbsp;wurde! Dies ist zwar nur einmalig n\u00f6tig, wird aber gern vergessen (nehmen Sie es in das Onboarding auf). Darum: Schauen Sie sich <a href=\"https:\/\/personen.uni-mainz.de\/\">Personen.Uni-Mainz.DE<\/a> in einem privaten Fenster an, nur so sehen Sie die \u00f6ffentlichen Inhalte. Das geht so:<\/p>\n\n\n\n<ul class=\"wp-block-list\">\n<li>Chrome: ein neues Incognito-Fenster: Strg + Umschalttaste + N<\/li>\n\n\n\n<li>Firefox: ein neues privates Fenster: Strg + Umschalttaste + P<\/li>\n\n\n\n<li>Edge: Neues InPrivate -Fenster: Strg + Umschalttaste + N<\/li>\n\n\n\n<li>Internet Explorer: InPrivate-Browsen: Strg + Umschalttaste + P<\/li>\n<\/ul>\n\n\n\n<ul class=\"wp-block-list has-big-font-size\">\n<li>Solange Sie nicht angemeldet sind, sehen Sie oben rechts den Button&nbsp;<code>Anmelden<\/code>. Das ist der Zustand, in dem Sie sich die Kontaktdaten anschauen m\u00fcssen!<\/li>\n\n\n\n<li><strong>Suchen Sie nach einer Person.<\/strong>&nbsp;Wird eine Person nicht gefunden, hat sie Ihre Daten (Profil und Rollen) nicht freigegeben und kann daher auch nicht in ausgegeben werden! Schicken Sie der Person die Anleitung:&nbsp;<a href=\"https:\/\/download.uni-mainz.de\/idm\/intern-alle-user\/Datenschutzeinstellungen_Sichtbarkeit_JGU-Verzeichnis.pdf\">Eigene Daten im IdM verwalten und freigeben<\/a><\/li>\n<\/ul>\n\n\n<div\n\tclass=\"jgu-anchorpoint\"\n\tid=\"fehler-beseitigen\"\n\tdata-label=\"Fehler beseitigen\"\n\tdata-hide-in-nav=\"false\"\n\ttabindex=\"0\"\n\tdata-initial-scroll=\"true\"\n><\/div>\n\n\n<jgu-base-heading react-props=\"{\n    &quot;anchor&quot;: &quot;fehler&quot;,\n    &quot;tags&quot;: {\n        &quot;htmlTag&quot;: &quot;h3&quot;,\n        &quot;classTag&quot;: &quot;&quot;,\n        &quot;tag&quot;: &quot;h3&quot;\n    },\n    &quot;heading&quot;: &quot;Es stimmt was nicht im IdM&quot;,\n    &quot;textAlign&quot;: &quot;left&quot;,\n    &quot;index&quot;: &quot;&quot;,\n    &quot;color&quot;: &quot;red&quot;\n}\"><\/jgu-base-heading>\n\n\n\n<ul class=\"wp-block-list\">\n<li><strong>Namens\u00e4nderung von Abteilungen und Personen<\/strong>: hier ist ein JGU Account n\u00f6tig:bei&nbsp;<a href=\"https:\/\/idm.uni-mainz.de\/\">https:\/\/idm.uni-mainz.de<\/a><\/li>\n\n\n\n<li><strong>Jemand fehlt, obwohl er eine Zeitlang erfolgreich angezeigt wurde<\/strong>: der Vertrag hat sich ge\u00e4ndert. Oder die OU, in der die Person einsortiert ist, oder die Rolle: dann hilft, den Block zu l\u00f6schen und neu anzulegen. Oder die Einstellung zur Ver\u00f6ffentlichung wurde von der Person zur\u00fcckgezogen.<\/li>\n\n\n\n<li><strong>Jemand fehlt und kann sich auch in Personen.Uni-Mainz.DE nicht einloggen<\/strong>:<span style=\"font-size: inherit;\"> PHD und Bachlor sind im IdM, sofern sie sich registriert haben. <\/span><\/li>\n\n\n\n<li><strong>Hilfskr\u00e4fte fehlen<\/strong>: Stand Januar 2025 fehlen <span style=\"font-size: inherit;\">die Hilfskr\u00e4fte, weil diese nicht alle einen entsprechenden Account haben. L\u00f6sung aktuell: lassen Sie denen einen Account einrichten. Das Problem mit de Hilfskr\u00e4ften l\u00f6st sich mit der Anbindung des Active Directorys an das IdM\/MACH.<\/span><\/li>\n\n\n\n<li><strong>Externe Personen und Kooperationen (RMU) fehlen<\/strong>: einen entsprechenden Workflow ist in Anfrage beim Datenschutz. Eine Checkliste w\u00e4re hier ggf. schon ausreichend.<\/li>\n<\/ul>\n\n\n<jgu-base-button style=\"display: flex; flex-wrap: wrap; column-gap: 30px; max-width: 100%; flex-direction: row; justify-content: left\">\n  \n<jgu-base-buttonitem react-props=\"{\n    &quot;text&quot;: &quot;idm-support@uni-mainz.de&quot;,\n    &quot;link&quot;: {\n        &quot;url&quot;: &quot;mailto:idm-support@uni-mainz.de?Subject=Frage zum IdM&quot;,\n        &quot;linkTarget&quot;: &quot;&quot;,\n        &quot;rel&quot;: &quot;&quot;\n    },\n    &quot;align&quot;: &quot;left&quot;,\n    &quot;styling&quot;: &quot;primary&quot;,\n    &quot;icon&quot;: &quot;arrow-right-solid&quot;,\n    &quot;type&quot;: &quot;default&quot;,\n    &quot;iconBefore&quot;: false,\n    &quot;isSmall&quot;: false,\n    &quot;fullWidth&quot;: false,\n    &quot;className&quot;: &quot;&quot;\n}\"><\/jgu-base-buttonitem>\n\n<\/jgu-base-button>\n\n\n<p class=\"has-big-font-size\">Einstellm\u00f6glichkeit in dem Block ist vor allem die Verlinkung: wahlweise Profilseite, dies ist der Standard, eine eigene Webseite oder gar keine Verlinkung.<\/p>\n\n\n<div\n\tclass=\"jgu-anchorpoint\"\n\tid=\"beispiel\"\n\tdata-label=\"Beispiel\"\n\tdata-hide-in-nav=\"false\"\n\ttabindex=\"0\"\n\tdata-initial-scroll=\"true\"\n><\/div>\n\n\n<jgu-base-heading react-props=\"{\n    &quot;tags&quot;: {\n        &quot;htmlTag&quot;: &quot;h3&quot;,\n        &quot;classTag&quot;: &quot;&quot;,\n        &quot;tag&quot;: &quot;h3&quot;\n    },\n    &quot;heading&quot;: &quot;Beispiel einer Person:&quot;,\n    &quot;textAlign&quot;: &quot;left&quot;,\n    &quot;anchor&quot;: &quot;&quot;,\n    &quot;index&quot;: &quot;&quot;,\n    &quot;color&quot;: &quot;red&quot;\n}\"><\/jgu-base-heading>\n\n\n\n<p class=\"has-big-font-size\">1162:<\/p>\n\n\n<jgu-base-idm-person react-props=\"{\n    &quot;id&quot;: &quot;1162&quot;,\n    &quot;name&quot;: &quot;r\\u00f6hl&quot;,\n    &quot;organizationId&quot;: 1890,\n    &quot;roleId&quot;: 12,\n    &quot;link&quot;: &quot;idm&quot;,\n    &quot;skipDetails&quot;: [],\n    &quot;align&quot;: &quot;left&quot;,\n    &quot;color&quot;: &quot;default&quot;,\n    &quot;mode&quot;: &quot;edit&quot;,\n    &quot;linkType&quot;: &quot;idm&quot;\n}\">\n        \n<\/jgu-base-idm-person>\n\n\n\n<p class=\"has-big-font-size\"><\/p>\n\n\n\n<p class=\"has-big-font-size\"><\/p>\n    <div style=\"display: none\">\n        \n    <\/div>","protected":false},"excerpt":{"rendered":"<p>Personen auf Ihrer Website sollten Sie bevorzugt per IdM einblenden. Vorteil: die Personen geben Ihre Daten selbst frei, die Portraits werden von den Personen selbst hochgeladen. Damit entf\u00e4llt f\u00fcr Sie Arbeit, denn Sie m\u00fcssten ansonsten f\u00fcr jede Person das schriftliche Einverst\u00e4ndnis einholen, Daten und Portrait zu verwenden. F\u00fcr Personen ohne Vertrag verwenden Sie die Kontaktkarte. &hellip; <a href=\"https:\/\/cms.zdv.uni-mainz.de\/modul-demo\/schnittstelle\/jgu-idm-person\/\">Weiter lesen<\/a><\/p>\n","protected":false},"author":107,"featured_media":0,"parent":115148,"menu_order":0,"comment_status":"closed","ping_status":"closed","template":"","meta":{"footnotes":""},"categories":[],"tags":[],"class_list":["post-114573","page","type-page","status-publish","hentry"],"content_raw":"<!-- wp:jgu\/heading {\"tags\":{\"htmlTag\":\"h2\",\"classTag\":\"\",\"tag\":\"h2\"},\"heading\":\"JGU IdM Person\"} \/-->\n\n<!-- wp:jgu\/anchornavigation \/-->\n\n<!-- wp:paragraph -->\n<p class=\"has-big-font-size\">Personen auf Ihrer Website sollten Sie bevorzugt per IdM einblenden. Vorteil: die Personen geben Ihre Daten selbst frei, die Portraits werden von den Personen selbst hochgeladen. Damit entf\u00e4llt f\u00fcr Sie Arbeit, denn Sie m\u00fcssten ansonsten f\u00fcr jede Person das schriftliche Einverst\u00e4ndnis einholen, Daten und Portrait zu verwenden. F\u00fcr Personen ohne Vertrag verwenden Sie die <a href=\"https:\/\/cms.zdv.uni-mainz.de\/modul-demo\/ge\/kontakt\/\" data-type=\"page\" data-id=\"59\">Kontaktkarte<\/a>.<\/p>\n<!-- \/wp:paragraph -->\n\n<!-- wp:jgu\/anchorpoint {\"title\":\"Person finden\",\"slug\":\"person-finden\"} \/-->\n\n<!-- wp:jgu\/heading {\"index\":\"Voraussetzung: Vertrag und Freigabe\",\"tags\":{\"htmlTag\":\"h3\",\"classTag\":\"\",\"tag\":\"h3\"},\"heading\":\"Person finden\"} \/-->\n\n<!-- wp:paragraph -->\n<p class=\"has-big-font-size\">Geben Sie den Namen der Person ein.<\/p>\n<!-- \/wp:paragraph -->\n\n<!-- wp:jgu\/anchorpoint {\"title\":\"Anzeige testen\",\"slug\":\"anzeige-testen\"} \/-->\n\n<!-- wp:jgu\/heading {\"index\":\"In privatem Fenster\",\"tags\":{\"htmlTag\":\"h3\",\"classTag\":\"\",\"tag\":\"h3\"},\"heading\":\"Anzeige testen \"} \/-->\n\n<!-- wp:paragraph -->\n<p class=\"has-big-font-size\">WordPress zeigt nur an was von den Personen&nbsp;<strong><em>freigegeben<\/em><\/strong>&nbsp;wurde! Dies ist zwar nur einmalig n\u00f6tig, wird aber gern vergessen (nehmen Sie es in das Onboarding auf). Darum: Schauen Sie sich <a href=\"https:\/\/personen.uni-mainz.de\/\">Personen.Uni-Mainz.DE<\/a> in einem privaten Fenster an, nur so sehen Sie die \u00f6ffentlichen Inhalte. Das geht so:<\/p>\n<!-- \/wp:paragraph -->\n\n<!-- wp:list -->\n<ul class=\"wp-block-list\"><!-- wp:list-item -->\n<li>Chrome: ein neues Incognito-Fenster: Strg + Umschalttaste + N<\/li>\n<!-- \/wp:list-item -->\n\n<!-- wp:list-item -->\n<li>Firefox: ein neues privates Fenster: Strg + Umschalttaste + P<\/li>\n<!-- \/wp:list-item -->\n\n<!-- wp:list-item -->\n<li>Edge: Neues InPrivate -Fenster: Strg + Umschalttaste + N<\/li>\n<!-- \/wp:list-item -->\n\n<!-- wp:list-item -->\n<li>Internet Explorer: InPrivate-Browsen: Strg + Umschalttaste + P<\/li>\n<!-- \/wp:list-item --><\/ul>\n<!-- \/wp:list -->\n\n<!-- wp:list {\"fontSize\":\"big\"} -->\n<ul class=\"wp-block-list has-big-font-size\"><!-- wp:list-item -->\n<li>Solange Sie nicht angemeldet sind, sehen Sie oben rechts den Button&nbsp;<code>Anmelden<\/code>. Das ist der Zustand, in dem Sie sich die Kontaktdaten anschauen m\u00fcssen!<\/li>\n<!-- \/wp:list-item -->\n\n<!-- wp:list-item -->\n<li><strong>Suchen Sie nach einer Person.<\/strong>&nbsp;Wird eine Person nicht gefunden, hat sie Ihre Daten (Profil und Rollen) nicht freigegeben und kann daher auch nicht in ausgegeben werden! Schicken Sie der Person die Anleitung:&nbsp;<a href=\"https:\/\/download.uni-mainz.de\/idm\/intern-alle-user\/Datenschutzeinstellungen_Sichtbarkeit_JGU-Verzeichnis.pdf\">Eigene Daten im IdM verwalten und freigeben<\/a><\/li>\n<!-- \/wp:list-item --><\/ul>\n<!-- \/wp:list -->\n\n<!-- wp:jgu\/anchorpoint {\"title\":\"Fehler beseitigen\",\"slug\":\"fehler-beseitigen\"} \/-->\n\n<!-- wp:jgu\/heading {\"anchor\":\"fehler\",\"tags\":{\"htmlTag\":\"h3\",\"classTag\":\"\",\"tag\":\"h3\"},\"heading\":\"Es stimmt was nicht im IdM\"} \/-->\n\n<!-- wp:list -->\n<ul class=\"wp-block-list\"><!-- wp:list-item -->\n<li><strong>Namens\u00e4nderung von Abteilungen und Personen<\/strong>: hier ist ein JGU Account n\u00f6tig:bei&nbsp;<a href=\"https:\/\/idm.uni-mainz.de\/\">https:\/\/idm.uni-mainz.de<\/a><\/li>\n<!-- \/wp:list-item -->\n\n<!-- wp:list-item -->\n<li><strong>Jemand fehlt, obwohl er eine Zeitlang erfolgreich angezeigt wurde<\/strong>: der Vertrag hat sich ge\u00e4ndert. Oder die OU, in der die Person einsortiert ist, oder die Rolle: dann hilft, den Block zu l\u00f6schen und neu anzulegen. Oder die Einstellung zur Ver\u00f6ffentlichung wurde von der Person zur\u00fcckgezogen.<\/li>\n<!-- \/wp:list-item -->\n\n<!-- wp:list-item -->\n<li><strong>Jemand fehlt und kann sich auch in Personen.Uni-Mainz.DE nicht einloggen<\/strong>:<span style=\"font-size: inherit;\"> PHD und Bachlor sind im IdM, sofern sie sich registriert haben. <\/span><\/li>\n<!-- \/wp:list-item -->\n\n<!-- wp:list-item -->\n<li><strong>Hilfskr\u00e4fte fehlen<\/strong>: Stand Januar 2025 fehlen <span style=\"font-size: inherit;\">die Hilfskr\u00e4fte, weil diese nicht alle einen entsprechenden Account haben. L\u00f6sung aktuell: lassen Sie denen einen Account einrichten. Das Problem mit de Hilfskr\u00e4ften l\u00f6st sich mit der Anbindung des Active Directorys an das IdM\/MACH.<\/span><\/li>\n<!-- \/wp:list-item -->\n\n<!-- wp:list-item -->\n<li><strong>Externe Personen und Kooperationen (RMU) fehlen<\/strong>: einen entsprechenden Workflow ist in Anfrage beim Datenschutz. Eine Checkliste w\u00e4re hier ggf. schon ausreichend.<\/li>\n<!-- \/wp:list-item --><\/ul>\n<!-- \/wp:list -->\n\n<!-- wp:jgu\/button -->\n<!-- wp:jgu\/button-item {\"text\":\"idm-support@uni-mainz.de\",\"link\":{\"url\":\"mailto:idm-support@uni-mainz.de?Subject=Frage zum IdM\",\"linkTarget\":\"\",\"rel\":\"\"}} \/-->\n<!-- \/wp:jgu\/button -->\n\n<!-- wp:paragraph {\"className\":\"has-big-font-size\"} -->\n<p class=\"has-big-font-size\">Einstellm\u00f6glichkeit in dem Block ist vor allem die Verlinkung: wahlweise Profilseite, dies ist der Standard, eine eigene Webseite oder gar keine Verlinkung.<\/p>\n<!-- \/wp:paragraph -->\n\n<!-- wp:jgu\/anchorpoint {\"title\":\"Beispiel\",\"slug\":\"beispiel\"} \/-->\n\n<!-- wp:jgu\/heading {\"tags\":{\"htmlTag\":\"h3\",\"classTag\":\"\",\"tag\":\"h3\"},\"heading\":\"Beispiel einer Person:\"} \/-->\n\n<!-- wp:paragraph -->\n<p class=\"has-big-font-size\">1162:<\/p>\n<!-- \/wp:paragraph -->\n\n<!-- wp:jgu\/idm-person {\"id\":\"1162\",\"name\":\"r\u00f6hl\",\"organizationId\":1890,\"roleId\":12} \/-->\n\n<!-- wp:paragraph -->\n<p class=\"has-big-font-size\"><\/p>\n<!-- \/wp:paragraph -->\n\n<!-- wp:paragraph -->\n<p class=\"has-big-font-size\"><\/p>\n<!-- \/wp:paragraph -->","_links":{"self":[{"href":"https:\/\/cms.zdv.uni-mainz.de\/modul-demo\/wp-json\/wp\/v2\/pages\/114573","targetHints":{"allow":["GET"]}}],"collection":[{"href":"https:\/\/cms.zdv.uni-mainz.de\/modul-demo\/wp-json\/wp\/v2\/pages"}],"about":[{"href":"https:\/\/cms.zdv.uni-mainz.de\/modul-demo\/wp-json\/wp\/v2\/types\/page"}],"author":[{"embeddable":true,"href":"https:\/\/cms.zdv.uni-mainz.de\/modul-demo\/wp-json\/wp\/v2\/users\/107"}],"replies":[{"embeddable":true,"href":"https:\/\/cms.zdv.uni-mainz.de\/modul-demo\/wp-json\/wp\/v2\/comments?post=114573"}],"version-history":[{"count":15,"href":"https:\/\/cms.zdv.uni-mainz.de\/modul-demo\/wp-json\/wp\/v2\/pages\/114573\/revisions"}],"predecessor-version":[{"id":119963,"href":"https:\/\/cms.zdv.uni-mainz.de\/modul-demo\/wp-json\/wp\/v2\/pages\/114573\/revisions\/119963"}],"up":[{"embeddable":true,"href":"https:\/\/cms.zdv.uni-mainz.de\/modul-demo\/wp-json\/wp\/v2\/pages\/115148"}],"wp:attachment":[{"href":"https:\/\/cms.zdv.uni-mainz.de\/modul-demo\/wp-json\/wp\/v2\/media?parent=114573"}],"wp:term":[{"taxonomy":"category","embeddable":true,"href":"https:\/\/cms.zdv.uni-mainz.de\/modul-demo\/wp-json\/wp\/v2\/categories?post=114573"},{"taxonomy":"post_tag","embeddable":true,"href":"https:\/\/cms.zdv.uni-mainz.de\/modul-demo\/wp-json\/wp\/v2\/tags?post=114573"}],"curies":[{"name":"wp","href":"https:\/\/api.w.org\/{rel}","templated":true}]}}