{"id":114594,"date":"2024-01-24T07:24:06","date_gmt":"2024-01-24T06:24:06","guid":{"rendered":"https:\/\/cms.zdv.uni-mainz.de\/modul-demo\/?page_id=114594"},"modified":"2024-01-24T08:22:30","modified_gmt":"2024-01-24T07:22:30","slug":"zeile","status":"publish","type":"page","link":"https:\/\/cms.zdv.uni-mainz.de\/modul-demo\/zeile\/","title":{"rendered":"Zeile"},"content":{"rendered":"<jgu-base-heading react-props=\"{\n    &quot;tags&quot;: {\n        &quot;htmlTag&quot;: &quot;h2&quot;,\n        &quot;classTag&quot;: &quot;&quot;,\n        &quot;tag&quot;: &quot;h2&quot;\n    },\n    &quot;heading&quot;: &quot;Zeile&quot;,\n    &quot;textAlign&quot;: &quot;left&quot;,\n    &quot;anchor&quot;: &quot;&quot;,\n    &quot;index&quot;: &quot;&quot;,\n    &quot;color&quot;: &quot;red&quot;\n}\"><\/jgu-base-heading>\n\n\n\n<div class=\"wp-block-group is-horizontal is-content-justification-space-between is-nowrap is-layout-flex wp-container-core-group-is-layout-a81e0488 wp-block-group-is-layout-flex\">\n<p class=\"has-big-font-size\">Absatz 1 im Zeilenblock.<\/p>\n\n\n\n<p class=\"has-big-font-size\">Absatz 2. im Block Zeile<\/p>\n<\/div>\n\n\n\n<p class=\"has-big-font-size\"><\/p>\n\n\n\n<p class=\"has-big-font-size\">Bl\u00f6cke im Zeilenblock werden direkt ausgerichtet. Sie m\u00fcssen also nicht zus\u00e4tzlich noch einmal in einen eigenen Block geschachtelt werden. W\u00e4hlen Sie neben- oder untereinander als Ausrichtung. In diesem Beispiel ist als Eigenschaft in den Einstellungen bei Anordnung ein Abstand zwischen den Elementen eingestellt.<\/p>\n\n\n\n<p class=\"has-big-font-size\">Originale <a href=\"https:\/\/wordpress.com\/de\/support\/wordpress-editor\/bloecke\/zeilenblock\/\">WordPress-Anleitung f\u00fcr die Zeile<\/a><\/p>\n    <div style=\"display: none\">\n        \n    <\/div>","protected":false},"excerpt":{"rendered":"<p>Absatz 1 im Zeilenblock. Absatz 2. im Block Zeile Bl\u00f6cke im Zeilenblock werden direkt ausgerichtet. Sie m\u00fcssen also nicht zus\u00e4tzlich noch einmal in einen eigenen Block geschachtelt werden. W\u00e4hlen Sie neben- oder untereinander als Ausrichtung. In diesem Beispiel ist als Eigenschaft in den Einstellungen bei Anordnung ein Abstand zwischen den Elementen eingestellt. Originale WordPress-Anleitung f\u00fcr &hellip; <a href=\"https:\/\/cms.zdv.uni-mainz.de\/modul-demo\/zeile\/\">Weiter lesen<\/a><\/p>\n","protected":false},"author":16,"featured_media":0,"parent":0,"menu_order":0,"comment_status":"closed","ping_status":"closed","template":"","meta":{"footnotes":""},"categories":[],"tags":[],"class_list":["post-114594","page","type-page","status-publish","hentry"],"content_raw":"<!-- wp:jgu\/heading {\"tags\":{\"htmlTag\":\"h2\",\"classTag\":\"\",\"tag\":\"h2\"},\"heading\":\"Zeile\"} \/-->\n\n<!-- wp:group {\"layout\":{\"type\":\"flex\",\"flexWrap\":\"nowrap\",\"justifyContent\":\"space-between\",\"orientation\":\"horizontal\",\"verticalAlignment\":\"stretch\"}} -->\n<div class=\"wp-block-group\"><!-- wp:paragraph {\"style\":{\"layout\":{\"selfStretch\":\"fit\",\"flexSize\":null}}} -->\n<p class=\"has-big-font-size\">Absatz 1 im Zeilenblock.<\/p>\n<!-- \/wp:paragraph -->\n\n<!-- wp:paragraph -->\n<p class=\"has-big-font-size\">Absatz 2. im Block Zeile<\/p>\n<!-- \/wp:paragraph --><\/div>\n<!-- \/wp:group -->\n\n<!-- wp:paragraph -->\n<p class=\"has-big-font-size\"><\/p>\n<!-- \/wp:paragraph -->\n\n<!-- wp:paragraph -->\n<p class=\"has-big-font-size\">Bl\u00f6cke im Zeilenblock werden direkt ausgerichtet. Sie m\u00fcssen also nicht zus\u00e4tzlich noch einmal in einen eigenen Block geschachtelt werden. W\u00e4hlen Sie neben- oder untereinander als Ausrichtung. In diesem Beispiel ist als Eigenschaft in den Einstellungen bei Anordnung ein Abstand zwischen den Elementen eingestellt.<\/p>\n<!-- \/wp:paragraph -->\n\n<!-- wp:paragraph -->\n<p class=\"has-big-font-size\">Originale <a href=\"https:\/\/wordpress.com\/de\/support\/wordpress-editor\/bloecke\/zeilenblock\/\">WordPress-Anleitung f\u00fcr die Zeile<\/a><\/p>\n<!-- \/wp:paragraph -->","_links":{"self":[{"href":"https:\/\/cms.zdv.uni-mainz.de\/modul-demo\/wp-json\/wp\/v2\/pages\/114594","targetHints":{"allow":["GET"]}}],"collection":[{"href":"https:\/\/cms.zdv.uni-mainz.de\/modul-demo\/wp-json\/wp\/v2\/pages"}],"about":[{"href":"https:\/\/cms.zdv.uni-mainz.de\/modul-demo\/wp-json\/wp\/v2\/types\/page"}],"author":[{"embeddable":true,"href":"https:\/\/cms.zdv.uni-mainz.de\/modul-demo\/wp-json\/wp\/v2\/users\/16"}],"replies":[{"embeddable":true,"href":"https:\/\/cms.zdv.uni-mainz.de\/modul-demo\/wp-json\/wp\/v2\/comments?post=114594"}],"version-history":[{"count":3,"href":"https:\/\/cms.zdv.uni-mainz.de\/modul-demo\/wp-json\/wp\/v2\/pages\/114594\/revisions"}],"predecessor-version":[{"id":114606,"href":"https:\/\/cms.zdv.uni-mainz.de\/modul-demo\/wp-json\/wp\/v2\/pages\/114594\/revisions\/114606"}],"wp:attachment":[{"href":"https:\/\/cms.zdv.uni-mainz.de\/modul-demo\/wp-json\/wp\/v2\/media?parent=114594"}],"wp:term":[{"taxonomy":"category","embeddable":true,"href":"https:\/\/cms.zdv.uni-mainz.de\/modul-demo\/wp-json\/wp\/v2\/categories?post=114594"},{"taxonomy":"post_tag","embeddable":true,"href":"https:\/\/cms.zdv.uni-mainz.de\/modul-demo\/wp-json\/wp\/v2\/tags?post=114594"}],"curies":[{"name":"wp","href":"https:\/\/api.w.org\/{rel}","templated":true}]}}