{"id":114609,"date":"2024-01-24T08:23:41","date_gmt":"2024-01-24T07:23:41","guid":{"rendered":"https:\/\/cms.zdv.uni-mainz.de\/modul-demo\/?page_id=114609"},"modified":"2024-01-24T08:31:24","modified_gmt":"2024-01-24T07:31:24","slug":"vorformatiert","status":"publish","type":"page","link":"https:\/\/cms.zdv.uni-mainz.de\/modul-demo\/vorformatiert\/","title":{"rendered":"Vorformatiert"},"content":{"rendered":"<jgu-base-heading react-props=\"{\n    &quot;tags&quot;: {\n        &quot;htmlTag&quot;: &quot;h2&quot;,\n        &quot;classTag&quot;: &quot;&quot;,\n        &quot;tag&quot;: &quot;h2&quot;\n    },\n    &quot;heading&quot;: &quot;Vorformatiert&quot;,\n    &quot;textAlign&quot;: &quot;left&quot;,\n    &quot;anchor&quot;: &quot;&quot;,\n    &quot;index&quot;: &quot;&quot;,\n    &quot;color&quot;: &quot;red&quot;\n}\"><\/jgu-base-heading>\n\n\n\n<pre class=\"wp-block-preformatted\">Dies ist ein Block Vorformatiert. Damit \u00e4ndert sich nicht nur die Schriftart zu einer Monospace Schrift, also einer Schrift, in der alle Zeichen den gleichen Platz einnehmen. \nVorformatiert bedeutet auch, da\u00df alle Umbr\u00fcche beachtet werden.<\/pre>\n\n\n\n<p class=\"has-big-font-size\">Dieser Block ist ein Standard-Block, hier die <a href=\"https:\/\/wordpress.com\/de\/support\/wordpress-editor\/bloecke\/vorformatiert-block\/\">WordPress-Anleitung f\u00fcr den Block Vorformatiert<\/a><\/p>\n    <div style=\"display: none\">\n        \n    <\/div>","protected":false},"excerpt":{"rendered":"<p>Dies ist ein Block Vorformatiert. Damit \u00e4ndert sich nicht nur die Schriftart zu einer Monospace Schrift, also einer Schrift, in der alle Zeichen den gleichen Platz einnehmen. Vorformatiert bedeutet auch, da\u00df alle Umbr\u00fcche beachtet werden. Dieser Block ist ein Standard-Block, hier die WordPress-Anleitung f\u00fcr den Block Vorformatiert<\/p>\n","protected":false},"author":16,"featured_media":0,"parent":0,"menu_order":0,"comment_status":"closed","ping_status":"closed","template":"","meta":{"footnotes":""},"categories":[],"tags":[],"class_list":["post-114609","page","type-page","status-publish","hentry"],"content_raw":"<!-- wp:jgu\/heading {\"tags\":{\"htmlTag\":\"h2\",\"classTag\":\"\",\"tag\":\"h2\"},\"heading\":\"Vorformatiert\"} \/-->\n\n<!-- wp:preformatted -->\n<pre class=\"wp-block-preformatted\">Dies ist ein Block Vorformatiert. Damit \u00e4ndert sich nicht nur die Schriftart zu einer Monospace Schrift, also einer Schrift, in der alle Zeichen den gleichen Platz einnehmen. \nVorformatiert bedeutet auch, da\u00df alle Umbr\u00fcche beachtet werden.<\/pre>\n<!-- \/wp:preformatted -->\n\n<!-- wp:paragraph -->\n<p class=\"has-big-font-size\">Dieser Block ist ein Standard-Block, hier die <a href=\"https:\/\/wordpress.com\/de\/support\/wordpress-editor\/bloecke\/vorformatiert-block\/\">WordPress-Anleitung f\u00fcr den Block Vorformatiert<\/a><\/p>\n<!-- \/wp:paragraph -->","_links":{"self":[{"href":"https:\/\/cms.zdv.uni-mainz.de\/modul-demo\/wp-json\/wp\/v2\/pages\/114609","targetHints":{"allow":["GET"]}}],"collection":[{"href":"https:\/\/cms.zdv.uni-mainz.de\/modul-demo\/wp-json\/wp\/v2\/pages"}],"about":[{"href":"https:\/\/cms.zdv.uni-mainz.de\/modul-demo\/wp-json\/wp\/v2\/types\/page"}],"author":[{"embeddable":true,"href":"https:\/\/cms.zdv.uni-mainz.de\/modul-demo\/wp-json\/wp\/v2\/users\/16"}],"replies":[{"embeddable":true,"href":"https:\/\/cms.zdv.uni-mainz.de\/modul-demo\/wp-json\/wp\/v2\/comments?post=114609"}],"version-history":[{"count":2,"href":"https:\/\/cms.zdv.uni-mainz.de\/modul-demo\/wp-json\/wp\/v2\/pages\/114609\/revisions"}],"predecessor-version":[{"id":114618,"href":"https:\/\/cms.zdv.uni-mainz.de\/modul-demo\/wp-json\/wp\/v2\/pages\/114609\/revisions\/114618"}],"wp:attachment":[{"href":"https:\/\/cms.zdv.uni-mainz.de\/modul-demo\/wp-json\/wp\/v2\/media?parent=114609"}],"wp:term":[{"taxonomy":"category","embeddable":true,"href":"https:\/\/cms.zdv.uni-mainz.de\/modul-demo\/wp-json\/wp\/v2\/categories?post=114609"},{"taxonomy":"post_tag","embeddable":true,"href":"https:\/\/cms.zdv.uni-mainz.de\/modul-demo\/wp-json\/wp\/v2\/tags?post=114609"}],"curies":[{"name":"wp","href":"https:\/\/api.w.org\/{rel}","templated":true}]}}