{"id":114657,"date":"2024-01-24T08:52:57","date_gmt":"2024-01-24T07:52:57","guid":{"rendered":"https:\/\/cms.zdv.uni-mainz.de\/modul-demo\/?page_id=114657"},"modified":"2026-03-02T12:07:34","modified_gmt":"2026-03-02T11:07:34","slug":"spalten","status":"publish","type":"page","link":"https:\/\/cms.zdv.uni-mainz.de\/modul-demo\/spalten\/","title":{"rendered":"Spalten"},"content":{"rendered":"<jgu-base-heading react-props=\"{\n    &quot;tags&quot;: {\n        &quot;htmlTag&quot;: &quot;h2&quot;,\n        &quot;classTag&quot;: &quot;&quot;,\n        &quot;tag&quot;: &quot;h2&quot;\n    },\n    &quot;heading&quot;: &quot;Spalten&quot;,\n    &quot;textAlign&quot;: &quot;left&quot;,\n    &quot;anchor&quot;: &quot;&quot;,\n    &quot;index&quot;: &quot;&quot;,\n    &quot;color&quot;: &quot;red&quot;\n}\"><\/jgu-base-heading>\n\n\n\n<div class=\"wp-block-columns is-layout-flex wp-container-core-columns-is-layout-9d6595d7 wp-block-columns-is-layout-flex\">\n<div class=\"wp-block-column is-layout-flow wp-block-column-is-layout-flow\" style=\"flex-basis:25%\">\n<p class=\"has-big-font-size\">Spalten ist ein geschachtelter Block. Bei Auswahl legen Sie das Verh\u00e4ltnis der einzelnen Spalten zueinander fest. Diese Spalte ist auf 25% Platz voreingestellt.<\/p>\n<\/div>\n\n\n\n<div class=\"wp-block-column is-layout-flow wp-block-column-is-layout-flow\" style=\"flex-basis:75%\">\n<p class=\"has-big-font-size\">In diesem Beispiel sind es zwei Spalten, diese Spalte ist 75% breit. Diese Werte sind im nachhinein \u00e4nderbar. Im \u00e4u\u00dferen Spalten-Block ist ebenfalls voreingestellt, da\u00df die Inhalte mobil gestapelt werden. Auch dies legen Sie rechts in den Einstellungen f\u00fcr den Block Spalten fest.<\/p>\n<\/div>\n<\/div>\n\n\n\n<div class=\"wp-block-columns is-layout-flex wp-container-core-columns-is-layout-9d6595d7 wp-block-columns-is-layout-flex\">\n<div class=\"wp-block-column is-layout-flow wp-block-column-is-layout-flow\" style=\"flex-basis:25%\"><\/div>\n\n\n\n<div class=\"wp-block-column is-layout-flow wp-block-column-is-layout-flow\" style=\"flex-basis:50%\">\n<p>Nur scheinbar ist der Absatz leicht anzuwenden. Bedenken Sie:<\/p>\n\n\n\n<ul class=\"wp-block-list\">\n<li>Lange Zeilen sind schwer lesbar.<\/li>\n\n\n\n<li>Auf gro\u00dfen Bildschirmen werden bildschirmf\u00fcllende Zeilen zu lang.<\/li>\n\n\n\n<li>Verwenden Sie Spalten, um die Breite zu verkleinern.<\/li>\n\n\n\n<li>Die au\u00dfenliegenden Spalten bleiben leer<\/li>\n\n\n\n<li>Auf kleinen Ger\u00e4ten werden die leeren R\u00e4nder unterdr\u00fcckt.<\/li>\n\n\n\n<li>In den Kopiervorlagen sind durchg\u00e4ngig Beispiele f\u00fcr die Einrichtung von Spalten zur Gestaltung von Textabschnitten enthalten.<\/li>\n<\/ul>\n<\/div>\n\n\n\n<div class=\"wp-block-column is-layout-flow wp-block-column-is-layout-flow\" style=\"flex-basis:25%\"><\/div>\n<\/div>\n    <div style=\"display: none\">\n        \n    <\/div>","protected":false},"excerpt":{"rendered":"<p>Spalten ist ein geschachtelter Block. Bei Auswahl legen Sie das Verh\u00e4ltnis der einzelnen Spalten zueinander fest. Diese Spalte ist auf 25% Platz voreingestellt. In diesem Beispiel sind es zwei Spalten, diese Spalte ist 75% breit. Diese Werte sind im nachhinein \u00e4nderbar. Im \u00e4u\u00dferen Spalten-Block ist ebenfalls voreingestellt, da\u00df die Inhalte mobil gestapelt werden. Auch dies &hellip; <a href=\"https:\/\/cms.zdv.uni-mainz.de\/modul-demo\/spalten\/\">Weiter lesen<\/a><\/p>\n","protected":false},"author":16,"featured_media":0,"parent":0,"menu_order":0,"comment_status":"closed","ping_status":"closed","template":"","meta":{"footnotes":""},"categories":[],"tags":[],"class_list":["post-114657","page","type-page","status-publish","hentry"],"content_raw":"<!-- wp:jgu\/heading {\"tags\":{\"htmlTag\":\"h2\",\"classTag\":\"\",\"tag\":\"h2\"},\"heading\":\"Spalten\"} \/-->\n\n<!-- wp:columns {\"className\":\"\"} -->\n<div class=\"wp-block-columns\"><!-- wp:column {\"width\":\"25%\"} -->\n<div class=\"wp-block-column\" style=\"flex-basis:25%\"><!-- wp:paragraph {\"className\":\"has-big-font-size\"} -->\n<p class=\"has-big-font-size\">Spalten ist ein geschachtelter Block. Bei Auswahl legen Sie das Verh\u00e4ltnis der einzelnen Spalten zueinander fest. Diese Spalte ist auf 25% Platz voreingestellt.<\/p>\n<!-- \/wp:paragraph --><\/div>\n<!-- \/wp:column -->\n\n<!-- wp:column {\"width\":\"75%\"} -->\n<div class=\"wp-block-column\" style=\"flex-basis:75%\"><!-- wp:paragraph {\"className\":\"has-big-font-size\"} -->\n<p class=\"has-big-font-size\">In diesem Beispiel sind es zwei Spalten, diese Spalte ist 75% breit. Diese Werte sind im nachhinein \u00e4nderbar. Im \u00e4u\u00dferen Spalten-Block ist ebenfalls voreingestellt, da\u00df die Inhalte mobil gestapelt werden. Auch dies legen Sie rechts in den Einstellungen f\u00fcr den Block Spalten fest.<\/p>\n<!-- \/wp:paragraph --><\/div>\n<!-- \/wp:column --><\/div>\n<!-- \/wp:columns -->\n\n<!-- wp:columns {\"className\":\"\"} -->\n<div class=\"wp-block-columns\"><!-- wp:column {\"width\":\"25%\"} -->\n<div class=\"wp-block-column\" style=\"flex-basis:25%\"><\/div>\n<!-- \/wp:column -->\n\n<!-- wp:column {\"width\":\"50%\"} -->\n<div class=\"wp-block-column\" style=\"flex-basis:50%\"><!-- wp:block {\"ref\":115893} \/--><\/div>\n<!-- \/wp:column -->\n\n<!-- wp:column {\"width\":\"25%\"} -->\n<div class=\"wp-block-column\" style=\"flex-basis:25%\"><\/div>\n<!-- \/wp:column --><\/div>\n<!-- \/wp:columns -->","_links":{"self":[{"href":"https:\/\/cms.zdv.uni-mainz.de\/modul-demo\/wp-json\/wp\/v2\/pages\/114657","targetHints":{"allow":["GET"]}}],"collection":[{"href":"https:\/\/cms.zdv.uni-mainz.de\/modul-demo\/wp-json\/wp\/v2\/pages"}],"about":[{"href":"https:\/\/cms.zdv.uni-mainz.de\/modul-demo\/wp-json\/wp\/v2\/types\/page"}],"author":[{"embeddable":true,"href":"https:\/\/cms.zdv.uni-mainz.de\/modul-demo\/wp-json\/wp\/v2\/users\/16"}],"replies":[{"embeddable":true,"href":"https:\/\/cms.zdv.uni-mainz.de\/modul-demo\/wp-json\/wp\/v2\/comments?post=114657"}],"version-history":[{"count":6,"href":"https:\/\/cms.zdv.uni-mainz.de\/modul-demo\/wp-json\/wp\/v2\/pages\/114657\/revisions"}],"predecessor-version":[{"id":118570,"href":"https:\/\/cms.zdv.uni-mainz.de\/modul-demo\/wp-json\/wp\/v2\/pages\/114657\/revisions\/118570"}],"wp:attachment":[{"href":"https:\/\/cms.zdv.uni-mainz.de\/modul-demo\/wp-json\/wp\/v2\/media?parent=114657"}],"wp:term":[{"taxonomy":"category","embeddable":true,"href":"https:\/\/cms.zdv.uni-mainz.de\/modul-demo\/wp-json\/wp\/v2\/categories?post=114657"},{"taxonomy":"post_tag","embeddable":true,"href":"https:\/\/cms.zdv.uni-mainz.de\/modul-demo\/wp-json\/wp\/v2\/tags?post=114657"}],"curies":[{"name":"wp","href":"https:\/\/api.w.org\/{rel}","templated":true}]}}