{"id":114747,"date":"2024-01-24T11:13:37","date_gmt":"2024-01-24T10:13:37","guid":{"rendered":"https:\/\/cms.zdv.uni-mainz.de\/modul-demo\/?page_id=114747"},"modified":"2024-09-19T10:47:15","modified_gmt":"2024-09-19T08:47:15","slug":"medien-und-text-nebeneinander","status":"publish","type":"page","link":"https:\/\/cms.zdv.uni-mainz.de\/modul-demo\/medien-und-text-nebeneinander\/","title":{"rendered":"Medien und Text nebeneinander"},"content":{"rendered":"<jgu-base-heading react-props=\"{\n    &quot;tags&quot;: {\n        &quot;htmlTag&quot;: &quot;h2&quot;,\n        &quot;classTag&quot;: &quot;&quot;,\n        &quot;tag&quot;: &quot;h2&quot;\n    },\n    &quot;heading&quot;: &quot;Medien und Text nebeneinander&quot;,\n    &quot;textAlign&quot;: &quot;left&quot;,\n    &quot;anchor&quot;: &quot;&quot;,\n    &quot;index&quot;: &quot;&quot;,\n    &quot;color&quot;: &quot;red&quot;\n}\"><\/jgu-base-heading>\n\n\n\n<div class=\"wp-block-media-text is-stacked-on-mobile is-vertically-aligned-top\" style=\"grid-template-columns:27% auto\"><figure class=\"wp-block-media-text__media\"><a href=\"https:\/\/cms.zdv.uni-mainz.de\/modul-demo\/wp-content\/uploads\/sites\/22\/2024\/01\/wasgau-elwetritsch.jpg\"><img loading=\"lazy\" decoding=\"async\" width=\"512\" height=\"683\" src=\"https:\/\/cms.zdv.uni-mainz.de\/modul-demo\/wp-content\/uploads\/sites\/22\/2024\/01\/wasgau-elwetritsch.jpg\" alt=\"\" class=\"wp-image-114753 size-full\" srcset=\"https:\/\/cms.zdv.uni-mainz.de\/modul-demo\/wp-content\/uploads\/sites\/22\/2024\/01\/wasgau-elwetritsch.jpg 512w, https:\/\/cms.zdv.uni-mainz.de\/modul-demo\/wp-content\/uploads\/sites\/22\/2024\/01\/wasgau-elwetritsch-225x300.jpg 225w\" sizes=\"auto, (max-width: 512px) 100vw, 512px\" \/><\/a><\/figure><div class=\"wp-block-media-text__content\">\n<p class=\"has-big-font-size\">Ein sehr n\u00fctzlicher Standardblock (also nicht extra f\u00fcr die JGU gemacht). Die Anordnung (Alignment) ist standardm\u00e4\u00dfig zentriert. Hier ist das Alignment auf Align Top ge\u00e4ndert. Und hier kommt der zu diesem Bild geh\u00f6rige Text. <\/p>\n\n\n\n<p class=\"has-big-font-size\">Dieser Standardblock ist auch die einfachste M\u00f6glichkeit, Bilder nicht auf die komplette Gr\u00f6\u00dfe zu ziehen, so wie im Block f\u00fcr ein Bild.<br>Es Elwetritsche \u00fcberlegt derzeit noch, was der passende Text f\u00fcr dieses Bild sein k\u00f6nnte&#8230; \ud83d\ude09<\/p>\n\n\n\n<p><\/p>\n<\/div><\/div>\n    <div style=\"display: none\">\n        \n    <\/div>","protected":false},"excerpt":{"rendered":"<p>Ein sehr n\u00fctzlicher Standardblock (also nicht extra f\u00fcr die JGU gemacht). Die Anordnung (Alignment) ist standardm\u00e4\u00dfig zentriert. Hier ist das Alignment auf Align Top ge\u00e4ndert. Und hier kommt der zu diesem Bild geh\u00f6rige Text. Dieser Standardblock ist auch die einfachste M\u00f6glichkeit, Bilder nicht auf die komplette Gr\u00f6\u00dfe zu ziehen, so wie im Block f\u00fcr ein &hellip; <a href=\"https:\/\/cms.zdv.uni-mainz.de\/modul-demo\/medien-und-text-nebeneinander\/\">Weiter lesen<\/a><\/p>\n","protected":false},"author":107,"featured_media":0,"parent":0,"menu_order":0,"comment_status":"closed","ping_status":"closed","template":"","meta":{"footnotes":""},"categories":[],"tags":[],"class_list":["post-114747","page","type-page","status-publish","hentry"],"content_raw":"<!-- wp:jgu\/heading {\"tags\":{\"htmlTag\":\"h2\",\"classTag\":\"\",\"tag\":\"h2\"},\"heading\":\"Medien und Text nebeneinander\"} \/-->\n\n<!-- wp:media-text {\"mediaId\":114753,\"mediaLink\":\"https:\/\/cms.zdv.uni-mainz.de\/modul-demo\/core\/medien-und-text-nebeneinander\/wasgau-elwetritsch\/\",\"linkDestination\":\"media\",\"mediaType\":\"image\",\"mediaWidth\":27,\"verticalAlignment\":\"top\"} -->\n<div class=\"wp-block-media-text is-stacked-on-mobile is-vertically-aligned-top\" style=\"grid-template-columns:27% auto\"><figure class=\"wp-block-media-text__media\"><a href=\"https:\/\/cms.zdv.uni-mainz.de\/modul-demo\/wp-content\/uploads\/sites\/22\/2024\/01\/wasgau-elwetritsch.jpg\"><img src=\"https:\/\/cms.zdv.uni-mainz.de\/modul-demo\/wp-content\/uploads\/sites\/22\/2024\/01\/wasgau-elwetritsch.jpg\" alt=\"\" class=\"wp-image-114753 size-full\"\/><\/a><\/figure><div class=\"wp-block-media-text__content\"><!-- wp:paragraph {\"placeholder\":\"Inhalt\u2026\",\"className\":\"has-big-font-size\"} -->\n<p class=\"has-big-font-size\">Ein sehr n\u00fctzlicher Standardblock (also nicht extra f\u00fcr die JGU gemacht). Die Anordnung (Alignment) ist standardm\u00e4\u00dfig zentriert. Hier ist das Alignment auf Align Top ge\u00e4ndert. Und hier kommt der zu diesem Bild geh\u00f6rige Text. <\/p>\n<!-- \/wp:paragraph -->\n\n<!-- wp:paragraph {\"placeholder\":\"Inhalt\u2026\",\"className\":\"has-big-font-size\"} -->\n<p class=\"has-big-font-size\">Dieser Standardblock ist auch die einfachste M\u00f6glichkeit, Bilder nicht auf die komplette Gr\u00f6\u00dfe zu ziehen, so wie im Block f\u00fcr ein Bild.<br>Es Elwetritsche \u00fcberlegt derzeit noch, was der passende Text f\u00fcr dieses Bild sein k\u00f6nnte... ;-)<\/p>\n<!-- \/wp:paragraph -->\n\n<!-- wp:paragraph -->\n<p><\/p>\n<!-- \/wp:paragraph --><\/div><\/div>\n<!-- \/wp:media-text -->","_links":{"self":[{"href":"https:\/\/cms.zdv.uni-mainz.de\/modul-demo\/wp-json\/wp\/v2\/pages\/114747","targetHints":{"allow":["GET"]}}],"collection":[{"href":"https:\/\/cms.zdv.uni-mainz.de\/modul-demo\/wp-json\/wp\/v2\/pages"}],"about":[{"href":"https:\/\/cms.zdv.uni-mainz.de\/modul-demo\/wp-json\/wp\/v2\/types\/page"}],"author":[{"embeddable":true,"href":"https:\/\/cms.zdv.uni-mainz.de\/modul-demo\/wp-json\/wp\/v2\/users\/107"}],"replies":[{"embeddable":true,"href":"https:\/\/cms.zdv.uni-mainz.de\/modul-demo\/wp-json\/wp\/v2\/comments?post=114747"}],"version-history":[{"count":9,"href":"https:\/\/cms.zdv.uni-mainz.de\/modul-demo\/wp-json\/wp\/v2\/pages\/114747\/revisions"}],"predecessor-version":[{"id":116056,"href":"https:\/\/cms.zdv.uni-mainz.de\/modul-demo\/wp-json\/wp\/v2\/pages\/114747\/revisions\/116056"}],"wp:attachment":[{"href":"https:\/\/cms.zdv.uni-mainz.de\/modul-demo\/wp-json\/wp\/v2\/media?parent=114747"}],"wp:term":[{"taxonomy":"category","embeddable":true,"href":"https:\/\/cms.zdv.uni-mainz.de\/modul-demo\/wp-json\/wp\/v2\/categories?post=114747"},{"taxonomy":"post_tag","embeddable":true,"href":"https:\/\/cms.zdv.uni-mainz.de\/modul-demo\/wp-json\/wp\/v2\/tags?post=114747"}],"curies":[{"name":"wp","href":"https:\/\/api.w.org\/{rel}","templated":true}]}}