{"id":115073,"date":"2024-03-06T10:21:00","date_gmt":"2024-03-06T09:21:00","guid":{"rendered":"https:\/\/cms.zdv.uni-mainz.de\/modul-demo\/?page_id=115073"},"modified":"2026-03-02T14:03:17","modified_gmt":"2026-03-02T13:03:17","slug":"jogustine","status":"publish","type":"page","link":"https:\/\/cms.zdv.uni-mainz.de\/modul-demo\/schnittstelle\/jogustine\/","title":{"rendered":"Jogustine"},"content":{"rendered":"<jgu-base-heading react-props=\"{\n    &quot;tags&quot;: {\n        &quot;htmlTag&quot;: &quot;h2&quot;,\n        &quot;classTag&quot;: &quot;&quot;,\n        &quot;tag&quot;: &quot;h2&quot;\n    },\n    &quot;heading&quot;: &quot;JGU Jogustine&quot;,\n    &quot;textAlign&quot;: &quot;left&quot;,\n    &quot;anchor&quot;: &quot;&quot;,\n    &quot;index&quot;: &quot;&quot;,\n    &quot;color&quot;: &quot;red&quot;\n}\"><\/jgu-base-heading>\n\n\n\n<p class=\"has-big-font-size\">Zeigen Sie Veranstaltungen aus JOGU-StINe tagesaktuell und dynamisch an. Die Daten werden mehrfach t\u00e4glich aktualisiert. Die Ausgabe erfolgt standardm\u00e4\u00dfig f\u00fcr das aktuelle Semester (Format des Semesters ist und ist nach Veranstaltungart gegliedert. Sie k\u00f6nnen auch eine alphabetische Liste der Veranstaltungen ausgeben lassen.<\/p>\n\n\n<jgu-base-heading react-props=\"{\n    &quot;tags&quot;: {\n        &quot;htmlTag&quot;: &quot;h3&quot;,\n        &quot;classTag&quot;: &quot;&quot;,\n        &quot;tag&quot;: &quot;h3&quot;\n    },\n    &quot;heading&quot;: &quot;Notwendige Basisparameter&quot;,\n    &quot;textAlign&quot;: &quot;left&quot;,\n    &quot;anchor&quot;: &quot;&quot;,\n    &quot;index&quot;: &quot;&quot;,\n    &quot;color&quot;: &quot;red&quot;\n}\"><\/jgu-base-heading>\n\n\n\n<p class=\"has-big-font-size\">Filtern Sie Veranstaltungen nach Organisations-Einheiten (ORG UNIT), Dozentinnen und Dozenten (INSTRUCTOR), Semestern, Veranstaltungsart und Kursnummern (COURSE NUMBERS). Eine dieser Einschr\u00e4nkungen ist notwendig.<\/p>\n\n\n\n<p class=\"has-big-font-size\"><strong>ORG UNIT = Organisations-Einheit:<\/strong>&nbsp;Name von Organisations-Einheiten. Den Namen Ihrer Organisationseinheit erhalten Sie in Ihrem Studienb\u00fcro. Die Pr\u00fcfungsordnungen sind in Organisations-Einheiten organisiert. Es gibt z.B. Physik und Biologie. <\/p>\n\n\n\n<p class=\"has-big-font-size\">Die Logik der Organisations-Einheiten folgt den Studienb\u00fcros! Kleinere Einheiten wie AGs werden nicht repr\u00e4sentiert. Die m\u00fcssen Sie quasi nachbauen, indem Sie zus\u00e4tzlich zur ORG UNIT noch eine Instructor Liste der Dozenten dazuschreiben.<\/p>\n\n\n\n<p class=\"has-big-font-size\"><strong>INSTRUCTOR<\/strong> = Schreiben Sie es ganz genau so, wie es im Jogustine angezeigt wird: Vorname Nachname. Sie k\u00f6nnen damit auch die Lehrveranstaltungen von Arbeitsgruppen in einer gemeinsamen Liste angeben. Auch eine Komma-separierte Liste von Namen ist m\u00f6glich.<\/p>\n\n\n\n<p class=\"has-big-font-size\"><strong>COURSE NUMBERS<\/strong> = Komma-separierte Liste von Kursnummern<\/p>\n\n\n<jgu-base-heading react-props=\"{\n    &quot;tags&quot;: {\n        &quot;htmlTag&quot;: &quot;h2&quot;,\n        &quot;classTag&quot;: &quot;&quot;,\n        &quot;tag&quot;: &quot;h2&quot;\n    },\n    &quot;heading&quot;: &quot;Optionale Einstellungen&quot;,\n    &quot;textAlign&quot;: &quot;left&quot;,\n    &quot;anchor&quot;: &quot;&quot;,\n    &quot;index&quot;: &quot;&quot;,\n    &quot;color&quot;: &quot;red&quot;\n}\"><\/jgu-base-heading>\n\n\n\n<p class=\"has-big-font-size\">Diese finden Sie in den Blockeinstellungen in der rechten Spalte.<\/p>\n\n\n\n<p class=\"has-big-font-size\"><strong>SEMESTER<\/strong> = Es wird das aktuelle Semester ausgegeben. Als Semesterstart f\u00fcr das Sommersemester gilt der 01.04, f\u00fcr das Wintersemester der 01.10. eines Jahres.<br>Die Semesterumstellungszeit ist angelehnt an die automatische Teilnehmenden-Synchronisation von Jogustine ins LMS, diese beginnt jeweils zum 1. Oktober und zum 1. April jeden Jahres. <\/p>\n\n\n\n<p class=\"has-big-font-size\">Beispiel: Angabe eines Semesters im Format WiSe 2021\/22, SoSe 2026, also f\u00fcr den Sommer 2026 tragen Sie ein: SoSe 2026<\/p>\n\n\n\n<p class=\"has-big-font-size\"><strong>COURSE TYPES <\/strong>= Veranstaltungen \u00fcber Veranstaltungsarten einschr\u00e4nken. Damit \u00e4ndern Sie&nbsp;<em>nicht<\/em>&nbsp;die Reihenfolge der Veranstaltungstypen, sondern nur, welche Veranstaltungstypen dargestellt werden.&nbsp;Es werden immer alle Veranstaltungsarten ausgegeben (also Vorlesungen, Seminare usw.).&nbsp;Komma-separierte Liste von Kurstypen, z.B.: &#8222;Vorlesung, Hauptseminar&#8220;<\/p>\n\n\n\n<p class=\"has-big-font-size\"><\/p>\n\n\n\n<p class=\"has-big-font-size\"><\/p>\n\n\n\t\t\t\t<h2>Semesterer\u00f6ffnung<\/h2>\n\t\t<ul>\n\t\t\t\t\t\t\t\t\t\t\t\t\t\t\t\t\t\t\t<li>\n\t\t\t\t\t\t<a href=\"?event_id=395204916918901&amp;skip_groups=false\">\n\t\t\t\t\t\t\tEinf\u00fchrungsveranstaltung Master International Economics &amp; Public Policy &#8211; Professor*innen\t\t\t\t\t\t<\/a>\n\t\t\t\t\t\t<br>Dozent:in: Univ.-Prof. Dr. Philipp Harms\t\t\t\t\t\t\t\t\t\t\t<\/li>\n\t\t\t\t\t\t\t\t\t\t\t\t\t\t\t\t\t\t\t\t\t\t\t\t\t\t\t\t\t\t\t\t\t\t\t\t\t<\/ul>\n\t\t\t<h2>Vorlesung<\/h2>\n\t\t<ul>\n\t\t\t\t\t\t\t\t\t\t\t\t\t\t\t\t\t\t\t\t\t\t\t\t\t\t\t\t\t\t\t\t\t\t\t\t\t\t\t\t<li>\n\t\t\t\t\t\t<a href=\"?event_id=394755148925500&amp;skip_groups=false\">\n\t\t\t\t\t\t\tExchange Rates and International Capital Markets\t\t\t\t\t\t<\/a>\n\t\t\t\t\t\t<br>Dozent:in: Univ.-Prof. Dr. Philipp Harms; Luca Pennacchio\t\t\t\t\t\t\t\t\t\t\t<\/li>\n\t\t\t\t\t\t\t\t\t\t\t\t\t\t\t\t<li>\n\t\t\t\t\t\t<a href=\"?event_id=394753129532567&amp;skip_groups=false\">\n\t\t\t\t\t\t\tInternational Macroeconomics\t\t\t\t\t\t<\/a>\n\t\t\t\t\t\t<br>Dozent:in: Univ.-Prof. Dr. Philipp Harms; Albi Lika\t\t\t\t\t\t\t\t\t\t\t<\/li>\n\t\t\t\t\t\t\t\t\t<\/ul>\n\t\t\t<h2>Hauptseminar<\/h2>\n\t\t<ul>\n\t\t\t\t\t\t\t\t\t\t\t\t<li>\n\t\t\t\t\t\t<a href=\"?event_id=394753129044478&amp;skip_groups=false\">\n\t\t\t\t\t\t\tSeminar International Economics: Challenges to Globalization\t\t\t\t\t\t<\/a>\n\t\t\t\t\t\t<br>Dozent:in: Univ.-Prof. Dr. Philipp Harms; Albi Lika; Luca Pennacchio\t\t\t\t\t\t\t\t\t\t\t<\/li>\n\t\t\t\t\t\t\t\t\t\t\t\t\t\t\t\t\t\t\t\t\t\t\t\t\t\t\t\t\t\t\t\t\t\t\t\t\t\t\t\t\t\t\t\t<\/ul>\n\t\t\t<h2>\u00dcbung<\/h2>\n\t\t<ul>\n\t\t\t\t\t\t\t\t\t\t\t\t\t\t\t\t\t\t\t\t\t\t\t\t\t\t<li>\n\t\t\t\t\t\t<a href=\"?event_id=394755149440539&amp;skip_groups=false\">\n\t\t\t\t\t\t\tExchange Rates and International Capital Markets (\u00dcbung)\t\t\t\t\t\t<\/a>\n\t\t\t\t\t\t<br>Dozent:in: Univ.-Prof. Dr. Philipp Harms; Luca Pennacchio\t\t\t\t\t\t\t\t\t\t\t<\/li>\n\t\t\t\t\t\t\t\t\t\t\t\t\t\t\t\t<li>\n\t\t\t\t\t\t<a href=\"?event_id=394753129487551&amp;skip_groups=false\">\n\t\t\t\t\t\t\tInternational Macroeconomics (\u00dcbung)\t\t\t\t\t\t<\/a>\n\t\t\t\t\t\t<br>Dozent:in: Univ.-Prof. Dr. Philipp Harms; Albi Lika\t\t\t\t\t\t\t\t\t\t\t<\/li>\n\t\t\t\t\t\t\t\t\t\t\t\t\t\t\t\t\t\t\t\t\t\t\t<\/ul>\n\t\t<hr>\n<p>\n\tSoSe 2026\t<\/p>\n    <div style=\"display: none\">\n        \n    <\/div>","protected":false},"excerpt":{"rendered":"<p>Zeigen Sie Veranstaltungen aus JOGU-StINe tagesaktuell und dynamisch an. Die Daten werden mehrfach t\u00e4glich aktualisiert. Die Ausgabe erfolgt standardm\u00e4\u00dfig f\u00fcr das aktuelle Semester (Format des Semesters ist und ist nach Veranstaltungart gegliedert. Sie k\u00f6nnen auch eine alphabetische Liste der Veranstaltungen ausgeben lassen. Filtern Sie Veranstaltungen nach Organisations-Einheiten (ORG UNIT), Dozentinnen und Dozenten (INSTRUCTOR), Semestern, Veranstaltungsart &hellip; <a href=\"https:\/\/cms.zdv.uni-mainz.de\/modul-demo\/schnittstelle\/jogustine\/\">Weiter lesen<\/a><\/p>\n","protected":false},"author":16,"featured_media":0,"parent":115148,"menu_order":0,"comment_status":"closed","ping_status":"closed","template":"","meta":{"footnotes":""},"categories":[],"tags":[],"class_list":["post-115073","page","type-page","status-publish","hentry"],"content_raw":"<!-- wp:jgu\/heading {\"tags\":{\"htmlTag\":\"h2\",\"classTag\":\"\",\"tag\":\"h2\"},\"heading\":\"JGU Jogustine\"} \/-->\n\n<!-- wp:paragraph -->\n<p class=\"has-big-font-size\">Zeigen Sie Veranstaltungen aus JOGU-StINe tagesaktuell und dynamisch an. Die Daten werden mehrfach t\u00e4glich aktualisiert. Die Ausgabe erfolgt standardm\u00e4\u00dfig f\u00fcr das aktuelle Semester (Format des Semesters ist und ist nach Veranstaltungart gegliedert. Sie k\u00f6nnen auch eine alphabetische Liste der Veranstaltungen ausgeben lassen.<\/p>\n<!-- \/wp:paragraph -->\n\n<!-- wp:jgu\/heading {\"tags\":{\"htmlTag\":\"h3\",\"classTag\":\"\",\"tag\":\"h3\"},\"heading\":\"Notwendige Basisparameter\"} \/-->\n\n<!-- wp:paragraph -->\n<p class=\"has-big-font-size\">Filtern Sie Veranstaltungen nach Organisations-Einheiten (ORG UNIT), Dozentinnen und Dozenten (INSTRUCTOR), Semestern, Veranstaltungsart und Kursnummern (COURSE NUMBERS). Eine dieser Einschr\u00e4nkungen ist notwendig.<\/p>\n<!-- \/wp:paragraph -->\n\n<!-- wp:paragraph -->\n<p class=\"has-big-font-size\"><strong>ORG UNIT = Organisations-Einheit:<\/strong>&nbsp;Name von Organisations-Einheiten. Den Namen Ihrer Organisationseinheit erhalten Sie in Ihrem Studienb\u00fcro. Die Pr\u00fcfungsordnungen sind in Organisations-Einheiten organisiert. Es gibt z.B. Physik und Biologie. <\/p>\n<!-- \/wp:paragraph -->\n\n<!-- wp:paragraph -->\n<p class=\"has-big-font-size\">Die Logik der Organisations-Einheiten folgt den Studienb\u00fcros! Kleinere Einheiten wie AGs werden nicht repr\u00e4sentiert. Die m\u00fcssen Sie quasi nachbauen, indem Sie zus\u00e4tzlich zur ORG UNIT noch eine Instructor Liste der Dozenten dazuschreiben.<\/p>\n<!-- \/wp:paragraph -->\n\n<!-- wp:paragraph -->\n<p class=\"has-big-font-size\"><strong>INSTRUCTOR<\/strong> = Schreiben Sie es ganz genau so, wie es im Jogustine angezeigt wird: Vorname Nachname. Sie k\u00f6nnen damit auch die Lehrveranstaltungen von Arbeitsgruppen in einer gemeinsamen Liste angeben. Auch eine Komma-separierte Liste von Namen ist m\u00f6glich.<\/p>\n<!-- \/wp:paragraph -->\n\n<!-- wp:paragraph -->\n<p class=\"has-big-font-size\"><strong>COURSE NUMBERS<\/strong> = Komma-separierte Liste von Kursnummern<\/p>\n<!-- \/wp:paragraph -->\n\n<!-- wp:jgu\/heading {\"tags\":{\"htmlTag\":\"h2\",\"classTag\":\"\",\"tag\":\"h2\"},\"heading\":\"Optionale Einstellungen\"} \/-->\n\n<!-- wp:paragraph -->\n<p class=\"has-big-font-size\">Diese finden Sie in den Blockeinstellungen in der rechten Spalte.<\/p>\n<!-- \/wp:paragraph -->\n\n<!-- wp:paragraph -->\n<p class=\"has-big-font-size\"><strong>SEMESTER<\/strong> = Es wird das aktuelle Semester ausgegeben. Als Semesterstart f\u00fcr das Sommersemester gilt der 01.04, f\u00fcr das Wintersemester der 01.10. eines Jahres.<br>Die Semesterumstellungszeit ist angelehnt an die automatische Teilnehmenden-Synchronisation von Jogustine ins LMS, diese beginnt jeweils zum 1. Oktober und zum 1. April jeden Jahres. <\/p>\n<!-- \/wp:paragraph -->\n\n<!-- wp:paragraph -->\n<p class=\"has-big-font-size\">Beispiel: Angabe eines Semesters im Format WiSe 2021\/22, SoSe 2026, also f\u00fcr den Sommer 2026 tragen Sie ein: SoSe 2026<\/p>\n<!-- \/wp:paragraph -->\n\n<!-- wp:paragraph -->\n<p class=\"has-big-font-size\"><strong>COURSE TYPES <\/strong>= Veranstaltungen \u00fcber Veranstaltungsarten einschr\u00e4nken. Damit \u00e4ndern Sie&nbsp;<em>nicht<\/em>&nbsp;die Reihenfolge der Veranstaltungstypen, sondern nur, welche Veranstaltungstypen dargestellt werden.&nbsp;Es werden immer alle Veranstaltungsarten ausgegeben (also Vorlesungen, Seminare usw.).&nbsp;Komma-separierte Liste von Kurstypen, z.B.: \"Vorlesung, Hauptseminar\"<\/p>\n<!-- \/wp:paragraph -->\n\n<!-- wp:paragraph -->\n<p class=\"has-big-font-size\"><\/p>\n<!-- \/wp:paragraph -->\n\n<!-- wp:paragraph -->\n<p class=\"has-big-font-size\"><\/p>\n<!-- \/wp:paragraph -->\n\n<!-- wp:jgu\/jogustine {\"semester\":\"SoSe 2026\",\"instructor\":\"Harms\",\"order\":\"event_category\",\"onepage\":true} \/-->","_links":{"self":[{"href":"https:\/\/cms.zdv.uni-mainz.de\/modul-demo\/wp-json\/wp\/v2\/pages\/115073","targetHints":{"allow":["GET"]}}],"collection":[{"href":"https:\/\/cms.zdv.uni-mainz.de\/modul-demo\/wp-json\/wp\/v2\/pages"}],"about":[{"href":"https:\/\/cms.zdv.uni-mainz.de\/modul-demo\/wp-json\/wp\/v2\/types\/page"}],"author":[{"embeddable":true,"href":"https:\/\/cms.zdv.uni-mainz.de\/modul-demo\/wp-json\/wp\/v2\/users\/16"}],"replies":[{"embeddable":true,"href":"https:\/\/cms.zdv.uni-mainz.de\/modul-demo\/wp-json\/wp\/v2\/comments?post=115073"}],"version-history":[{"count":14,"href":"https:\/\/cms.zdv.uni-mainz.de\/modul-demo\/wp-json\/wp\/v2\/pages\/115073\/revisions"}],"predecessor-version":[{"id":118575,"href":"https:\/\/cms.zdv.uni-mainz.de\/modul-demo\/wp-json\/wp\/v2\/pages\/115073\/revisions\/118575"}],"up":[{"embeddable":true,"href":"https:\/\/cms.zdv.uni-mainz.de\/modul-demo\/wp-json\/wp\/v2\/pages\/115148"}],"wp:attachment":[{"href":"https:\/\/cms.zdv.uni-mainz.de\/modul-demo\/wp-json\/wp\/v2\/media?parent=115073"}],"wp:term":[{"taxonomy":"category","embeddable":true,"href":"https:\/\/cms.zdv.uni-mainz.de\/modul-demo\/wp-json\/wp\/v2\/categories?post=115073"},{"taxonomy":"post_tag","embeddable":true,"href":"https:\/\/cms.zdv.uni-mainz.de\/modul-demo\/wp-json\/wp\/v2\/tags?post=115073"}],"curies":[{"name":"wp","href":"https:\/\/api.w.org\/{rel}","templated":true}]}}