{"id":115085,"date":"2024-03-07T08:07:49","date_gmt":"2024-03-07T07:07:49","guid":{"rendered":"https:\/\/cms.zdv.uni-mainz.de\/modul-demo\/?page_id=115085"},"modified":"2026-02-02T10:27:34","modified_gmt":"2026-02-02T09:27:34","slug":"footer","status":"publish","type":"page","link":"https:\/\/cms.zdv.uni-mainz.de\/modul-demo\/ge\/footer\/","title":{"rendered":"Footer"},"content":{"rendered":"<jgu-base-heading react-props=\"{\n    &quot;tags&quot;: {\n        &quot;htmlTag&quot;: &quot;h1&quot;,\n        &quot;classTag&quot;: &quot;&quot;,\n        &quot;tag&quot;: &quot;h1&quot;\n    },\n    &quot;heading&quot;: &quot;Footer&quot;,\n    &quot;textAlign&quot;: &quot;left&quot;,\n    &quot;anchor&quot;: &quot;&quot;,\n    &quot;index&quot;: &quot;&quot;,\n    &quot;color&quot;: &quot;red&quot;\n}\"><\/jgu-base-heading>\n\n\n\n<p>Den Footer \u00e4ndern Sie \u00fcber den Customizer. Diesen erreichen Sie im Dashboard &gt; Design &gt; Customizer<\/p>\n\n\n<jgu-base-heading react-props=\"{\n    &quot;tags&quot;: {\n        &quot;htmlTag&quot;: &quot;h2&quot;,\n        &quot;classTag&quot;: &quot;&quot;,\n        &quot;tag&quot;: &quot;h2&quot;\n    },\n    &quot;heading&quot;: &quot;Website-Informationen&quot;,\n    &quot;textAlign&quot;: &quot;left&quot;,\n    &quot;anchor&quot;: &quot;&quot;,\n    &quot;index&quot;: &quot;&quot;,\n    &quot;color&quot;: &quot;red&quot;\n}\"><\/jgu-base-heading>\n\n\n\n<p>Sitekopf-Typ: JGU-Logo mit Schriftzug oder JGU-Logo und optional darunter eigenen Schriftzug.<\/p>\n\n\n<jgu-base-heading react-props=\"{\n    &quot;tags&quot;: {\n        &quot;htmlTag&quot;: &quot;h2&quot;,\n        &quot;classTag&quot;: &quot;&quot;,\n        &quot;tag&quot;: &quot;h2&quot;\n    },\n    &quot;heading&quot;: &quot;Men\\u00fcs&quot;,\n    &quot;textAlign&quot;: &quot;left&quot;,\n    &quot;anchor&quot;: &quot;&quot;,\n    &quot;index&quot;: &quot;&quot;,\n    &quot;color&quot;: &quot;red&quot;\n}\"><\/jgu-base-heading>\n\n\n\n<p>Sie verwenden Men\u00fcs an drei Positionen:<\/p>\n\n\n\n<ul class=\"wp-block-list\">\n<li>Prim\u00e4re Navigation: das ist oben links das Burger-Menu<\/li>\n\n\n\n<li>Footer Quicklinks: in der Mitte zwischen der Adresse links und den Social Media rechts, f\u00fcr alles besondere und externe. Es wird NUR die zweite Men\u00fcebene angezeigt!<\/li>\n\n\n\n<li>Footer Social Media:  ein Men\u00fcpunkt wird eingeblendet, wenn Sie einem Individuellen Link einen der folgenden Linktexte geben: Facebook, Instagram, YouTube, Linkedin, TikTok, Bluesky, Mastodon <\/li>\n<\/ul>\n\n\n<jgu-base-heading react-props=\"{\n    &quot;heading&quot;: &quot;Homepage-Einstellungen&quot;,\n    &quot;textAlign&quot;: &quot;left&quot;,\n    &quot;anchor&quot;: &quot;&quot;,\n    &quot;index&quot;: &quot;&quot;,\n    &quot;color&quot;: &quot;red&quot;,\n    &quot;tags&quot;: {\n        &quot;htmlTag&quot;: &quot;h2&quot;,\n        &quot;classTag&quot;: &quot;&quot;\n    }\n}\"><\/jgu-base-heading>\n\n\n\n<p>Die Homepage ist immer eine statische Seite. Die Homepage ist die Seite, die  direkt angezeigt wird, wenn Sie die Webadresse ansehen. Es k\u00f6nnen nur ver\u00f6ffentlichte Seiten anzeigen.<\/p>\n\n\n\n<p>Die Beitragsseite ist eine Seite, in der alle Beitr\u00e4ge angezeigt werden. Obacht, alle anderen Inhalte der Seite werden NICHT angezeigt!<\/p>\n\n\n\n<p>W\u00e4hlen Sie Ihre Homepageseite bei Dashboard > Design > Customizer > Homepage-Einstellungen aus.<\/p>\n\n\n<jgu-base-heading react-props=\"{\n    &quot;tags&quot;: {\n        &quot;htmlTag&quot;: &quot;h2&quot;,\n        &quot;classTag&quot;: &quot;&quot;,\n        &quot;tag&quot;: &quot;h2&quot;\n    },\n    &quot;heading&quot;: &quot;Header-Icons&quot;,\n    &quot;textAlign&quot;: &quot;left&quot;,\n    &quot;anchor&quot;: &quot;&quot;,\n    &quot;index&quot;: &quot;&quot;,\n    &quot;color&quot;: &quot;red&quot;\n}\"><\/jgu-base-heading>\n\n\n\n<ul class=\"wp-block-list\">\n<li>Brief-Icon: hier ordnen Sie optional eine Kontaktseite zu <\/li>\n\n\n\n<li>Suche: eine Lupe wird angezeigt und eine Suche bei Metager erm\u00f6glicht<\/li>\n\n\n\n<li>Sprachwechsler: wird mit einschalten von WPML eingeblendet. Kann hier f\u00fcr die gesamte Website ausgeblendet werden. N\u00fctzlich, solange die englische Fassung noch in Arbeit ist.<\/li>\n<\/ul>\n\n\n<jgu-base-heading react-props=\"{\n    &quot;heading&quot;: &quot;Footer&quot;,\n    &quot;textAlign&quot;: &quot;left&quot;,\n    &quot;anchor&quot;: &quot;&quot;,\n    &quot;index&quot;: &quot;&quot;,\n    &quot;color&quot;: &quot;red&quot;,\n    &quot;tags&quot;: {\n        &quot;htmlTag&quot;: &quot;h2&quot;,\n        &quot;classTag&quot;: &quot;&quot;\n    }\n}\"><\/jgu-base-heading>\n\n\n\n<ul class=\"wp-block-list\">\n<li>Die Standardseiten Kontakt, Impressum, Datenschutz, Leichte Sprache, Barrierefreiheit ordnen Sie hier zu. Nur lokale Seiten k\u00f6nnen verwendet werden. Lassen Sie die Zuordnung leer, so wird auf die Startseite verwiesen.<\/li>\n\n\n\n<li>Leichte Sprache: hier soll eine kurze Beschreibung erl\u00e4utern, was man auf Ihrer Website findet.<\/li>\n\n\n\n<li>Sitemap: ein Service f\u00fcr Suchmaschinen<\/li>\n\n\n\n<li>Index: funktioniert noch nicht<\/li>\n\n\n\n<li>Campus-URL: im Zweifelsfall auf den Campusplan verweisen<\/li>\n\n\n\n<li>Adresse: die Adresse Ihrer Einrichtung eingeben<\/li>\n<\/ul>\n\n\n<jgu-base-heading react-props=\"{\n    &quot;tags&quot;: {\n        &quot;htmlTag&quot;: &quot;h2&quot;,\n        &quot;classTag&quot;: &quot;&quot;,\n        &quot;tag&quot;: &quot;h2&quot;\n    },\n    &quot;heading&quot;: &quot;Quicklinks&quot;,\n    &quot;textAlign&quot;: &quot;left&quot;,\n    &quot;anchor&quot;: &quot;&quot;,\n    &quot;index&quot;: &quot;&quot;,\n    &quot;color&quot;: &quot;red&quot;\n}\"><\/jgu-base-heading>\n\n\n\n<p>Die Quicklinks befinden sich in der Mitte des Footers<\/p>\n\n\n\n<p>So f\u00fcllen Sie es:  : <strong>Dashboard &gt; Design &gt; Customizer &gt; Men\u00fcs &gt; Men\u00fc-Position &gt; Quicklinks Footer<\/strong><br>In der Vorlage gibt es ein Men\u00fc Quicklinks Footer. Es werden alle Elemente der 2. Ebene angezeigt. Mit der ersten Ebene wird eine neue Spalte erzeugt. Sie k\u00f6nnen beliebige Men\u00fcelemente verwenden.<\/p>\n\n\n<jgu-base-heading react-props=\"{\n    &quot;tags&quot;: {\n        &quot;htmlTag&quot;: &quot;h2&quot;,\n        &quot;classTag&quot;: &quot;&quot;,\n        &quot;tag&quot;: &quot;h2&quot;\n    },\n    &quot;heading&quot;: &quot;Social Media&quot;,\n    &quot;textAlign&quot;: &quot;left&quot;,\n    &quot;anchor&quot;: &quot;&quot;,\n    &quot;index&quot;: &quot;&quot;,\n    &quot;color&quot;: &quot;red&quot;\n}\"><\/jgu-base-heading>\n\n\n\n<ul class=\"has-big-font-size wp-block-list\">\n<li>Es gibt zwei Social Media Leisten. Eine ganz unten rechts. Die kommt von der Uni-Startseite, enth\u00e4lt die zentralen Kan\u00e4le, wird von KOM gepflegt. Es ist nicht m\u00f6glich, diese auszublenden.<\/li>\n\n\n\n<li>Die zweite Social Media Leiste befindet sich im Footer links. Sie entscheiden, welche Kan\u00e4le dort eingeblendet werden, indem Sie die individuellen Links im Men\u00fc Social Media \u00e4ndern.<\/li>\n\n\n\n<li><strong>Dashboard &gt; Design &gt; Customizer &gt; Men\u00fcs &gt; Men\u00fc-Position &gt; Footer Social Media <\/strong>&gt; Social Links<\/li>\n\n\n\n<li>Haben Sie keine Social Media Kan\u00e4le, dann weisen Sie das Men\u00fc nicht zu. Sie k\u00f6nnen das Men\u00fc dann auch ersatzlos l\u00f6schen.<\/li>\n<\/ul>\n\n\n<jgu-base-heading react-props=\"{\n    &quot;tags&quot;: {\n        &quot;htmlTag&quot;: &quot;h2&quot;,\n        &quot;classTag&quot;: &quot;&quot;,\n        &quot;tag&quot;: &quot;h2&quot;\n    },\n    &quot;heading&quot;: &quot;Was beim Verwenden von Social Media Logos zu beachten ist&quot;,\n    &quot;textAlign&quot;: &quot;left&quot;,\n    &quot;anchor&quot;: &quot;&quot;,\n    &quot;index&quot;: &quot;&quot;,\n    &quot;color&quot;: &quot;red&quot;\n}\"><\/jgu-base-heading>\n\n\n\n<p class=\"has-big-font-size\">Beachten Sie beim sonstigen Verwenden dieser Logos die Branding-Richtlinien der Firmen: Gr\u00f6\u00dfe, Abstand, Farben, all dies wird in jeweils eigenen Richtlinien erl\u00e4utert.<\/p>\n\n\n\n<ul class=\"has-big-font-size wp-block-list\">\n<li>https:\/\/about.meta.com\/de\/brand\/resources\/facebook\/logo\/<\/li>\n\n\n\n<li>https:\/\/about.meta.com\/de\/brand\/resources\/instagram\/instagram-brand\/<\/li>\n\n\n\n<li>https:\/\/www.youtube.com\/howyoutubeworks\/reources\/brand-resources\/<\/li>\n\n\n\n<li>https:\/\/www.youtube.com\/howyoutubeworks\/resources\/brand-resources\/#logos-icons-and-colors<\/li>\n\n\n\n<li>https:\/\/about.twitter.com\/en\/who-we-are\/brand-toolkit<\/li>\n\n\n\n<li>https:\/\/brand.linkedin.com\/policies (background color preferred is solid white)<\/li>\n\n\n\n<li>https:\/\/tiktokbrandbook.com\/d\/HhXfjVK1Poj9\/brand#\/basics\/logo\/secondary-logo (simplified) (color white)<\/li>\n<\/ul>\n    <div style=\"display: none\">\n        \n    <\/div>","protected":false},"excerpt":{"rendered":"<p>Den Footer \u00e4ndern Sie \u00fcber den Customizer. Diesen erreichen Sie im Dashboard &gt; Design &gt; Customizer Sitekopf-Typ: JGU-Logo mit Schriftzug oder JGU-Logo und optional darunter eigenen Schriftzug. Sie verwenden Men\u00fcs an drei Positionen: Die Homepage ist immer eine statische Seite. Die Homepage ist die Seite, die direkt angezeigt wird, wenn Sie die Webadresse ansehen. Es &hellip; <a href=\"https:\/\/cms.zdv.uni-mainz.de\/modul-demo\/ge\/footer\/\">Weiter lesen<\/a><\/p>\n","protected":false},"author":16,"featured_media":0,"parent":115088,"menu_order":0,"comment_status":"closed","ping_status":"closed","template":"","meta":{"footnotes":""},"categories":[],"tags":[],"class_list":["post-115085","page","type-page","status-publish","hentry"],"content_raw":"<!-- wp:jgu\/heading {\"tags\":{\"htmlTag\":\"h1\",\"classTag\":\"\",\"tag\":\"h1\"},\"heading\":\"Footer\"} \/-->\n\n<!-- wp:paragraph -->\n<p>Den Footer \u00e4ndern Sie \u00fcber den Customizer. Diesen erreichen Sie im Dashboard &gt; Design &gt; Customizer<\/p>\n<!-- \/wp:paragraph -->\n\n<!-- wp:jgu\/heading {\"tags\":{\"htmlTag\":\"h2\",\"classTag\":\"\",\"tag\":\"h2\"},\"heading\":\"Website-Informationen\"} \/-->\n\n<!-- wp:paragraph -->\n<p>Sitekopf-Typ: JGU-Logo mit Schriftzug oder JGU-Logo und optional darunter eigenen Schriftzug.<\/p>\n<!-- \/wp:paragraph -->\n\n<!-- wp:jgu\/heading {\"tags\":{\"htmlTag\":\"h2\",\"classTag\":\"\",\"tag\":\"h2\"},\"heading\":\"Men\u00fcs\"} \/-->\n\n<!-- wp:paragraph -->\n<p>Sie verwenden Men\u00fcs an drei Positionen:<\/p>\n<!-- \/wp:paragraph -->\n\n<!-- wp:list -->\n<ul><!-- wp:list-item -->\n<li>Prim\u00e4re Navigation: das ist oben links das Burger-Menu<\/li>\n<!-- \/wp:list-item -->\n\n<!-- wp:list-item -->\n<li>Footer Quicklinks: in der Mitte zwischen der Adresse links und den Social Media rechts, f\u00fcr alles besondere und externe. Es wird NUR die zweite Men\u00fcebene angezeigt!<\/li>\n<!-- \/wp:list-item -->\n\n<!-- wp:list-item -->\n<li>Footer Social Media:  ein Men\u00fcpunkt wird eingeblendet, wenn Sie einem Individuellen Link einen der folgenden Linktexte geben: Facebook, Instagram, YouTube, Linkedin, TikTok, Bluesky, Mastodon <\/li>\n<!-- \/wp:list-item --><\/ul>\n<!-- \/wp:list -->\n\n<!-- wp:jgu\/heading {\"heading\":\"Homepage-Einstellungen\"} \/-->\n\n<!-- wp:paragraph -->\n<p>Die Homepage ist immer eine statische Seite. Die Homepage ist die Seite, die  direkt angezeigt wird, wenn Sie die Webadresse ansehen. Es k\u00f6nnen nur ver\u00f6ffentlichte Seiten anzeigen.<\/p>\n<!-- \/wp:paragraph -->\n\n<!-- wp:paragraph -->\n<p>Die Beitragsseite ist eine Seite, in der alle Beitr\u00e4ge angezeigt werden. Obacht, alle anderen Inhalte der Seite werden NICHT angezeigt!<\/p>\n<!-- \/wp:paragraph -->\n\n<!-- wp:paragraph -->\n<p>W\u00e4hlen Sie Ihre Homepageseite bei Dashboard > Design > Customizer > Homepage-Einstellungen aus.<\/p>\n<!-- \/wp:paragraph -->\n\n<!-- wp:jgu\/heading {\"tags\":{\"htmlTag\":\"h2\",\"classTag\":\"\",\"tag\":\"h2\"},\"heading\":\"Header-Icons\"} \/-->\n\n<!-- wp:list -->\n<ul><!-- wp:list-item -->\n<li>Brief-Icon: hier ordnen Sie optional eine Kontaktseite zu <\/li>\n<!-- \/wp:list-item -->\n\n<!-- wp:list-item -->\n<li>Suche: eine Lupe wird angezeigt und eine Suche bei Metager erm\u00f6glicht<\/li>\n<!-- \/wp:list-item -->\n\n<!-- wp:list-item -->\n<li>Sprachwechsler: wird mit einschalten von WPML eingeblendet. Kann hier f\u00fcr die gesamte Website ausgeblendet werden. N\u00fctzlich, solange die englische Fassung noch in Arbeit ist.<\/li>\n<!-- \/wp:list-item --><\/ul>\n<!-- \/wp:list -->\n\n<!-- wp:jgu\/heading {\"heading\":\"Footer\"} \/-->\n\n<!-- wp:list -->\n<ul><!-- wp:list-item -->\n<li>Die Standardseiten Kontakt, Impressum, Datenschutz, Leichte Sprache, Barrierefreiheit ordnen Sie hier zu. Nur lokale Seiten k\u00f6nnen verwendet werden. Lassen Sie die Zuordnung leer, so wird auf die Startseite verwiesen.<\/li>\n<!-- \/wp:list-item -->\n\n<!-- wp:list-item -->\n<li>Leichte Sprache: hier soll eine kurze Beschreibung erl\u00e4utern, was man auf Ihrer Website findet.<\/li>\n<!-- \/wp:list-item -->\n\n<!-- wp:list-item -->\n<li>Sitemap: ein Service f\u00fcr Suchmaschinen<\/li>\n<!-- \/wp:list-item -->\n\n<!-- wp:list-item -->\n<li>Index: funktioniert noch nicht<\/li>\n<!-- \/wp:list-item -->\n\n<!-- wp:list-item -->\n<li>Campus-URL: im Zweifelsfall auf den Campusplan verweisen<\/li>\n<!-- \/wp:list-item -->\n\n<!-- wp:list-item -->\n<li>Adresse: die Adresse Ihrer Einrichtung eingeben<\/li>\n<!-- \/wp:list-item --><\/ul>\n<!-- \/wp:list -->\n\n<!-- wp:jgu\/heading {\"tags\":{\"htmlTag\":\"h2\",\"classTag\":\"\",\"tag\":\"h2\"},\"heading\":\"Quicklinks\"} \/-->\n\n<!-- wp:paragraph -->\n<p>Die Quicklinks befinden sich in der Mitte des Footers<\/p>\n<!-- \/wp:paragraph -->\n\n<!-- wp:paragraph -->\n<p>So f\u00fcllen Sie es:  : <strong>Dashboard &gt; Design &gt; Customizer &gt; Men\u00fcs &gt; Men\u00fc-Position &gt; Quicklinks Footer<\/strong><br>In der Vorlage gibt es ein Men\u00fc Quicklinks Footer. Es werden alle Elemente der 2. Ebene angezeigt. Mit der ersten Ebene wird eine neue Spalte erzeugt. Sie k\u00f6nnen beliebige Men\u00fcelemente verwenden.<\/p>\n<!-- \/wp:paragraph -->\n\n<!-- wp:jgu\/heading {\"tags\":{\"htmlTag\":\"h2\",\"classTag\":\"\",\"tag\":\"h2\"},\"heading\":\"Social Media\"} \/-->\n\n<!-- wp:list {\"className\":\"has-big-font-size\"} -->\n<ul class=\"has-big-font-size\"><!-- wp:list-item -->\n<li>Es gibt zwei Social Media Leisten. Eine ganz unten rechts. Die kommt von der Uni-Startseite, enth\u00e4lt die zentralen Kan\u00e4le, wird von KOM gepflegt. Es ist nicht m\u00f6glich, diese auszublenden.<\/li>\n<!-- \/wp:list-item -->\n\n<!-- wp:list-item -->\n<li>Die zweite Social Media Leiste befindet sich im Footer links. Sie entscheiden, welche Kan\u00e4le dort eingeblendet werden, indem Sie die individuellen Links im Men\u00fc Social Media \u00e4ndern.<\/li>\n<!-- \/wp:list-item -->\n\n<!-- wp:list-item -->\n<li><strong>Dashboard &gt; Design &gt; Customizer &gt; Men\u00fcs &gt; Men\u00fc-Position &gt; Footer Social Media <\/strong>&gt; Social Links<\/li>\n<!-- \/wp:list-item -->\n\n<!-- wp:list-item -->\n<li>Haben Sie keine Social Media Kan\u00e4le, dann weisen Sie das Men\u00fc nicht zu. Sie k\u00f6nnen das Men\u00fc dann auch ersatzlos l\u00f6schen.<\/li>\n<!-- \/wp:list-item --><\/ul>\n<!-- \/wp:list -->\n\n<!-- wp:jgu\/heading {\"tags\":{\"htmlTag\":\"h2\",\"classTag\":\"\",\"tag\":\"h2\"},\"heading\":\"Was beim Verwenden von Social Media Logos zu beachten ist\"} \/-->\n\n<!-- wp:paragraph {\"className\":\"has-big-font-size\"} -->\n<p class=\"has-big-font-size\">Beachten Sie beim sonstigen Verwenden dieser Logos die Branding-Richtlinien der Firmen: Gr\u00f6\u00dfe, Abstand, Farben, all dies wird in jeweils eigenen Richtlinien erl\u00e4utert.<\/p>\n<!-- \/wp:paragraph -->\n\n<!-- wp:list {\"className\":\"has-big-font-size\"} -->\n<ul class=\"has-big-font-size\"><!-- wp:list-item -->\n<li>https:\/\/about.meta.com\/de\/brand\/resources\/facebook\/logo\/<\/li>\n<!-- \/wp:list-item -->\n\n<!-- wp:list-item -->\n<li>https:\/\/about.meta.com\/de\/brand\/resources\/instagram\/instagram-brand\/<\/li>\n<!-- \/wp:list-item -->\n\n<!-- wp:list-item -->\n<li>https:\/\/www.youtube.com\/howyoutubeworks\/reources\/brand-resources\/<\/li>\n<!-- \/wp:list-item -->\n\n<!-- wp:list-item -->\n<li>https:\/\/www.youtube.com\/howyoutubeworks\/resources\/brand-resources\/#logos-icons-and-colors<\/li>\n<!-- \/wp:list-item -->\n\n<!-- wp:list-item -->\n<li>https:\/\/about.twitter.com\/en\/who-we-are\/brand-toolkit<\/li>\n<!-- \/wp:list-item -->\n\n<!-- wp:list-item -->\n<li>https:\/\/brand.linkedin.com\/policies (background color preferred is solid white)<\/li>\n<!-- \/wp:list-item -->\n\n<!-- wp:list-item -->\n<li>https:\/\/tiktokbrandbook.com\/d\/HhXfjVK1Poj9\/brand#\/basics\/logo\/secondary-logo (simplified) (color white)<\/li>\n<!-- \/wp:list-item --><\/ul>\n<!-- \/wp:list -->","_links":{"self":[{"href":"https:\/\/cms.zdv.uni-mainz.de\/modul-demo\/wp-json\/wp\/v2\/pages\/115085","targetHints":{"allow":["GET"]}}],"collection":[{"href":"https:\/\/cms.zdv.uni-mainz.de\/modul-demo\/wp-json\/wp\/v2\/pages"}],"about":[{"href":"https:\/\/cms.zdv.uni-mainz.de\/modul-demo\/wp-json\/wp\/v2\/types\/page"}],"author":[{"embeddable":true,"href":"https:\/\/cms.zdv.uni-mainz.de\/modul-demo\/wp-json\/wp\/v2\/users\/16"}],"replies":[{"embeddable":true,"href":"https:\/\/cms.zdv.uni-mainz.de\/modul-demo\/wp-json\/wp\/v2\/comments?post=115085"}],"version-history":[{"count":9,"href":"https:\/\/cms.zdv.uni-mainz.de\/modul-demo\/wp-json\/wp\/v2\/pages\/115085\/revisions"}],"predecessor-version":[{"id":117878,"href":"https:\/\/cms.zdv.uni-mainz.de\/modul-demo\/wp-json\/wp\/v2\/pages\/115085\/revisions\/117878"}],"up":[{"embeddable":true,"href":"https:\/\/cms.zdv.uni-mainz.de\/modul-demo\/wp-json\/wp\/v2\/pages\/115088"}],"wp:attachment":[{"href":"https:\/\/cms.zdv.uni-mainz.de\/modul-demo\/wp-json\/wp\/v2\/media?parent=115085"}],"wp:term":[{"taxonomy":"category","embeddable":true,"href":"https:\/\/cms.zdv.uni-mainz.de\/modul-demo\/wp-json\/wp\/v2\/categories?post=115085"},{"taxonomy":"post_tag","embeddable":true,"href":"https:\/\/cms.zdv.uni-mainz.de\/modul-demo\/wp-json\/wp\/v2\/tags?post=115085"}],"curies":[{"name":"wp","href":"https:\/\/api.w.org\/{rel}","templated":true}]}}