{"id":115145,"date":"2024-03-08T10:30:24","date_gmt":"2024-03-08T09:30:24","guid":{"rendered":"https:\/\/cms.zdv.uni-mainz.de\/modul-demo\/?page_id=115145"},"modified":"2026-03-26T12:19:28","modified_gmt":"2026-03-26T11:19:28","slug":"fis","status":"publish","type":"page","link":"https:\/\/cms.zdv.uni-mainz.de\/modul-demo\/schnittstelle\/fis\/","title":{"rendered":"Fis"},"content":{"rendered":"<jgu-base-heading react-props=\"{\n    &quot;tags&quot;: {\n        &quot;htmlTag&quot;: &quot;h2&quot;,\n        &quot;classTag&quot;: &quot;&quot;,\n        &quot;tag&quot;: &quot;h2&quot;\n    },\n    &quot;heading&quot;: &quot;FIS - Publikationslisten aus der Gutenberg Research Elements&quot;,\n    &quot;textAlign&quot;: &quot;left&quot;,\n    &quot;anchor&quot;: &quot;&quot;,\n    &quot;index&quot;: &quot;&quot;,\n    &quot;color&quot;: &quot;red&quot;\n}\"><\/jgu-base-heading>\n\n\n\n<p class=\"has-big-font-size\">Voraussetzung ist, da\u00df die Publikationen in Gutenberg Research Elements vorhanden sind.<\/p>\n\n\n<jgu-base-button style=\"display: flex; flex-wrap: wrap; column-gap: 30px; max-width: 100%; flex-direction: row; justify-content: left\">\n  \n<jgu-base-buttonitem react-props=\"{\n    &quot;text&quot;: &quot;Gutenberg Research Elements&quot;,\n    &quot;link&quot;: {\n        &quot;url&quot;: &quot;https:\\\/\\\/www.ub.uni-mainz.de\\\/de\\\/gutenberg-research-elements&quot;,\n        &quot;linkTarget&quot;: &quot;&quot;,\n        &quot;rel&quot;: &quot;&quot;\n    },\n    &quot;align&quot;: &quot;left&quot;,\n    &quot;styling&quot;: &quot;primary&quot;,\n    &quot;icon&quot;: &quot;arrow-right-solid&quot;,\n    &quot;type&quot;: &quot;default&quot;,\n    &quot;iconBefore&quot;: false,\n    &quot;isSmall&quot;: false,\n    &quot;fullWidth&quot;: false,\n    &quot;className&quot;: &quot;&quot;\n}\"><\/jgu-base-buttonitem>\n\n<\/jgu-base-button>\n\n\n<p class=\"has-big-font-size\"><\/p>\n\n\n<jgu-base-heading react-props=\"{\n    &quot;index&quot;: &quot;Endpunkt&quot;,\n    &quot;tags&quot;: {\n        &quot;htmlTag&quot;: &quot;h2&quot;,\n        &quot;classTag&quot;: &quot;&quot;,\n        &quot;tag&quot;: &quot;h2&quot;\n    },\n    &quot;heading&quot;: &quot;Liste f\\u00fcr Personen, Arbeitsgruppen und mehr&quot;,\n    &quot;textAlign&quot;: &quot;left&quot;,\n    &quot;anchor&quot;: &quot;&quot;,\n    &quot;color&quot;: &quot;red&quot;\n}\"><\/jgu-base-heading>\n\n\n\n<p class=\"has-big-font-size\">W\u00e4hlen Sie zuerst den sogenannten Endpunkt aus. Danach schr\u00e4nken Sie die Publikationen ein. <\/p>\n\n\n\n<ul class=\"wp-block-list has-big-font-size\">\n<li>User, <\/li>\n\n\n\n<li>Equipment<\/li>\n\n\n\n<li>Tags<\/li>\n\n\n\n<li>ID einer Organisationseinheit<\/li>\n\n\n\n<li>Projekt-ID<\/li>\n<\/ul>\n\n\n\n<p class=\"has-big-font-size\">ANZAHL ELEMENTE: \u26a0\ufe0f Warnung: Wird ignoriert, wenn Sie die Ergebnisse nach Jahr oder Publikationstyp filtern, da sonst m\u00f6glicherweise keine Daten zur\u00fcckgeliefert werden.<\/p>\n\n\n\n<p class=\"has-big-font-size\">CSL-STYLE: Der Standard&nbsp;<code>apa-jgu<\/code>&nbsp;basiert auf dem APA-Standard, aber Autoren werden auf 3 plus et.al begrenzt, und die Ausgabe erfolgt in umgekehrter chronologischer Reihenfolge.<\/p>\n\n\n\n<p class=\"has-big-font-size\">GEBIETSSCHEMA: steuert die Sprache. Standardm\u00e4\u00dfig wird die Lokale-Einstellung des aktuellen Blogs verwendet. Im Normalfall ist hier also keine Eingabe notwendig.<\/p>\n\n\n\n<p class=\"has-big-font-size\">GRUPPIEREN NACH: Gruppiert die Publikationsliste nach Jahr oder Publikationstyp<\/p>\n\n\n\n<p class=\"has-big-font-size\">Type: Geben Sie hier standardm\u00e4\u00dfig nichts ein, dann erhalten Sie alle Publikationen.<\/p>\n\n\n\n<p class=\"has-big-font-size\">Filtert die Ausgabe nach Publikationstypen:<\/p>\n\n\n\n<ul class=\"wp-block-list has-big-font-size\">\n<li>article<\/li>\n\n\n\n<li>article-journal<\/li>\n\n\n\n<li>book<\/li>\n\n\n\n<li>chapter<\/li>\n\n\n\n<li>document<\/li>\n\n\n\n<li>paper-conference<\/li>\n\n\n\n<li>patent<\/li>\n\n\n\n<li>report<\/li>\n\n\n\n<li>thesis<\/li>\n\n\n\n<li>webpage<\/li>\n<\/ul>\n\n\n\n<p class=\"has-big-font-size\">JAHR: Komma-separierte Liste von Jahresangaben im Format&nbsp;<code>YYYY<\/code>, z.B.: &#8222;2020,2021&#8220;<\/p>\n\n\n<jgu-base-heading react-props=\"{\n    &quot;anchor&quot;: &quot;user&quot;,\n    &quot;tags&quot;: {\n        &quot;htmlTag&quot;: &quot;h2&quot;,\n        &quot;classTag&quot;: &quot;&quot;,\n        &quot;tag&quot;: &quot;h2&quot;\n    },\n    &quot;heading&quot;: &quot;User&quot;,\n    &quot;textAlign&quot;: &quot;left&quot;,\n    &quot;index&quot;: &quot;&quot;,\n    &quot;color&quot;: &quot;red&quot;\n}\"><\/jgu-base-heading>\n\n\n\n<p class=\"has-big-font-size\">Der JGU Account Name des Publizierenden.<\/p>\n\n\n\n<p class=\"has-big-font-size\">Beispiel: User = niberger, Anzahl Elemente = 3<\/p>\n\n\n\n\n<jgu-base-heading react-props=\"{\n    &quot;tags&quot;: {\n        &quot;htmlTag&quot;: &quot;h2&quot;,\n        &quot;classTag&quot;: &quot;&quot;,\n        &quot;tag&quot;: &quot;h2&quot;\n    },\n    &quot;heading&quot;: &quot;Equipment&quot;,\n    &quot;textAlign&quot;: &quot;left&quot;,\n    &quot;anchor&quot;: &quot;&quot;,\n    &quot;index&quot;: &quot;&quot;,\n    &quot;color&quot;: &quot;red&quot;\n}\"><\/jgu-base-heading>\n\n\n\n<p class=\"has-big-font-size\">Die Mogon-Gruppe hat bei Research Elements eine Equipment-Nr: 69007, Anzahl Elemente = 3<\/p>\n\n\n<div>\n\n\t\n\t<div class=\"csl-bib-body\">\n  <div class=\"csl-entry\">Sobania, D., und Rothlauf, F. (2020). Challenges of Program Synthesis with Grammatical Evolution. <i>Proceedings of 23rd European Conference on Genetic Programming<\/i>, 211-227. <a href=\"https:\/\/doi.org\/10.1007\/978-3-030-44094-7\" title=\"Bibliographische Informationen\">DOI<\/a><\/div>\n  <div class=\"csl-entry\">Sobania, D., und Rothlauf, F. (2019). Teaching GP to program like a human software developer: Using Perplexity Pressure to Guide Program Synthesis Approaches. <i>GECCO \u201919: Proceedings of the Genetic and Evolutionary Computation Conference<\/i>, 1065-1074. <a href=\"https:\/\/doi.org\/10.1145\/3321707.3321738?cid=81100197550\" title=\"Bibliographische Informationen\">DOI<\/a> <a href=\"https:\/\/dl.acm.org\/doi\/10.1145\/3321707.3321738?cid=81100197550\" title=\"Bibliographische Informationen\" >Author\/Publisher URL<\/a><\/div>\n  <div class=\"csl-entry\">Sobania, D., und Rothlauf, F. (2018). CovSel: A new approach for ensemble selection applied to symbolic regression problems. In H. E. Aguirre und K. Takadama (Hrsg.), <i>GECCO \u201918: Proceedings of the Genetic and Evolutionary Computation Conference<\/i> (S. 529-536). ACM. <a href=\"https:\/\/doi.org\/10.1145\/3205455\" title=\"Bibliographische Informationen\">DOI<\/a> <a href=\"https:\/\/dl.acm.org\/authorize?N695221\" title=\"Bibliographische Informationen\" >Author\/Publisher URL<\/a><\/div>\n<\/div>\t\n<\/div>\n\n\n<jgu-base-heading react-props=\"{\n    &quot;tags&quot;: {\n        &quot;htmlTag&quot;: &quot;h2&quot;,\n        &quot;classTag&quot;: &quot;&quot;,\n        &quot;tag&quot;: &quot;h2&quot;\n    },\n    &quot;heading&quot;: &quot;Tags&quot;,\n    &quot;textAlign&quot;: &quot;left&quot;,\n    &quot;anchor&quot;: &quot;&quot;,\n    &quot;index&quot;: &quot;&quot;,\n    &quot;color&quot;: &quot;red&quot;\n}\"><\/jgu-base-heading>\n\n\n\n<p class=\"has-big-font-size\">Hier werden getaggete Publikationen angezeigt f\u00fcr das Tag &#8222;Einstein, quant-ph&#8220;.<\/p>\n\n\n<div>\n\n\t\n\t<div class=\"csl-bib-body\">\n  <div class=\"csl-entry\">Piest, B., B\u00f6hm, J., Estrampes, T., et al. (2025). <i>Apparatus for quantum-mixture research in microgravity<\/i>. <a href=\"https:\/\/arxiv.org\/abs\/2508.20820v1\" title=\"Bibliographische Informationen\" >Author\/Publisher URL<\/a><\/div>\n  <div class=\"csl-entry\">M\u00fcller, G., Mart\u00ednez-Lahuerta, V. J., Sekulic, I., et al. (2024). <i>Bayesian optimization for state engineering of quantum gases<\/i>. <a href=\"https:\/\/arxiv.org\/abs\/2404.18234v1\" title=\"Bibliographische Informationen\" >Author\/Publisher URL<\/a><\/div>\n  <div class=\"csl-entry\">Ahrens, F., Ji, W., Budker, D., et al. (2024). <i>Levitated ferromagnetic magnetometer with energy resolution well below $\\hbar$<\/i>. <a href=\"https:\/\/arxiv.org\/abs\/2401.03774v1\" title=\"Bibliographische Informationen\" >Author\/Publisher URL<\/a><\/div>\n<\/div>\t\n<\/div>\n\n\n<jgu-base-heading react-props=\"{\n    &quot;tags&quot;: {\n        &quot;htmlTag&quot;: &quot;h2&quot;,\n        &quot;classTag&quot;: &quot;&quot;,\n        &quot;tag&quot;: &quot;h2&quot;\n    },\n    &quot;heading&quot;: &quot;ID einer Organisationseinheit&quot;,\n    &quot;textAlign&quot;: &quot;left&quot;,\n    &quot;anchor&quot;: &quot;&quot;,\n    &quot;index&quot;: &quot;&quot;,\n    &quot;color&quot;: &quot;red&quot;\n}\"><\/jgu-base-heading>\n\n\n\n<p class=\"has-big-font-size\">Dies ist gedacht f\u00fcr <em>eine<\/em> untergeordnete Organisationseinheit, nicht f\u00fcr lange Listen von Organisationseinheiten.<\/p>\n\n\n\n<p class=\"has-big-font-size\">Beispiel: Membranbiochemie hat die Orgnr: 103931, Anzahl der angezeigten Elemente = 3<\/p>\n\n\n<div>\n\n\t\n\t<div class=\"csl-bib-body\">\n  <div class=\"csl-entry\">Quarta, N., Bhandari, T. R., Debrich, K., et al. (2026). The cyanobacterial ESCRT-III protein IM30 forms biomolecular condensates at physiologically relevant conditions. <i>Biophysical Journal<\/i>, <i>125<\/i>(4), 1081-1094. <a href=\"https:\/\/doi.org\/10.1016\/j.bpj.2026.01.011\" title=\"Bibliographische Informationen\">DOI<\/a><\/div>\n  <div class=\"csl-entry\">Mater, V., Eisner, S., Seidel, C., Schneider, D. The Peripherally Membrane-Attached Protein MbFACL6 of Mycobacterium Tuberculosis Activates a Broad Spectrum of Substrates. <i>SSRN Electronic Journal<\/i>. Accepted. <a href=\"https:\/\/doi.org\/10.2139\/ssrn.4135307\" title=\"Bibliographische Informationen\">DOI<\/a><\/div>\n  <div class=\"csl-entry\">Schneider, D., Schmidt, C. L., Seidler, A. <i>Expression of Membrane-Bound Iron-Sulfur Proteins<\/i>. 37-48. <a href=\"https:\/\/doi.org\/10.1385\/1-59259-400-x:37\" title=\"Bibliographische Informationen\">DOI<\/a><\/div>\n<\/div>\t\n<\/div>\n\n\n<jgu-base-heading react-props=\"{\n    &quot;heading&quot;: &quot;Projekt-ID&quot;,\n    &quot;textAlign&quot;: &quot;left&quot;,\n    &quot;anchor&quot;: &quot;&quot;,\n    &quot;index&quot;: &quot;&quot;,\n    &quot;color&quot;: &quot;red&quot;,\n    &quot;tags&quot;: {\n        &quot;htmlTag&quot;: &quot;h2&quot;,\n        &quot;classTag&quot;: &quot;&quot;\n    }\n}\"><\/jgu-base-heading>\n\n\n\n<p class=\"has-big-font-size\">\u2757 Hinweis: Publikationen m\u00fcssen einem Projekt zun\u00e4chst manuell zugeordnet werden.<\/p>\n\n\n\n<p class=\"has-big-font-size\"><strong>Hinweis zur URL-Ausgabe:<\/strong> In Gutenberg Research Elements gibt es drei Felder, die eine URL enthalten k\u00f6nnen: Author-URL, Publisher-URL und Public-URL. Davon wird jedoch nur eine ausgegeben, nach folgender Reihenfolge:<\/p>\n\n\n\n<ul class=\"wp-block-list has-big-font-size\">\n<li>Ist das Author-URL Feld belegt, wird dieses verwendet. <\/li>\n\n\n\n<li>Ist dieses Feld nicht belegt, wird eine ggf. vorhandene Publisher-URL verwendet. <\/li>\n\n\n\n<li>Sind weder Author-URL noch Publisher-URL vorhanden, wird die Public-URL verwendet.<\/li>\n<\/ul>\n\n\n\n<p class=\"has-big-font-size\">Um die Ausgabe einer bestimmten URL f\u00fcr Ihre Publikation zu forcieren, verwenden Sie daher am besten das Author-URL Feld in Gutenberg Research Elements.<\/p>\n\n\n<jgu-base-heading react-props=\"{\n    &quot;tags&quot;: {\n        &quot;htmlTag&quot;: &quot;h2&quot;,\n        &quot;classTag&quot;: &quot;&quot;,\n        &quot;tag&quot;: &quot;h2&quot;\n    },\n    &quot;heading&quot;: &quot;Rekursive Abfrage der Publikationen eines gesamten Instituts&quot;,\n    &quot;textAlign&quot;: &quot;left&quot;,\n    &quot;anchor&quot;: &quot;&quot;,\n    &quot;index&quot;: &quot;&quot;,\n    &quot;color&quot;: &quot;red&quot;\n}\"><\/jgu-base-heading>\n\n\n\n<p class=\"has-big-font-size\">Dies kann \u00fcber einen Umweg funktionieren. Voraussetzung ist, dass alle Arbeitsgruppen auch im Einrichtungsverzeichnis (<a href=\"https:\/\/personen.uni-mainz.de\">https:\/\/personen.uni-mainz.de<\/a>) einen entsprechenden Eintrag haben. Im FIS Plugin kann man dann beim Parameter orgstructure auch mehrere Einheiten kombinieren.<\/p>\n\n\n\n<p class=\"has-big-font-size\">Jetzt kommt leider ein Aber: auch wenn das grunds\u00e4tzlich funktioniert, gibt es derzeit ein Problem, wenn gr\u00f6\u00dfere Datenmengen \u00fcber das FIS Plugin ausgegeben werden sollen. Das kann daher vor allem bei den Organisationsheiten ein Problem sein, wenn mehrere kombiniert werden (die Seite wird dann m\u00f6glicherweise nicht immer angezeigt). Bis dieses Problem in einer neueren Version behoben ist, wird es voraussichtlich noch etwas dauern (zumindest war soweit mein letzter Stand dazu).<\/p>\n\n\n<jgu-base-heading react-props=\"{\n    &quot;tags&quot;: {\n        &quot;htmlTag&quot;: &quot;h2&quot;,\n        &quot;classTag&quot;: &quot;&quot;,\n        &quot;tag&quot;: &quot;h2&quot;\n    },\n    &quot;heading&quot;: &quot;Funktionsweise des Plugins&quot;,\n    &quot;textAlign&quot;: &quot;left&quot;,\n    &quot;anchor&quot;: &quot;&quot;,\n    &quot;index&quot;: &quot;&quot;,\n    &quot;color&quot;: &quot;red&quot;\n}\"><\/jgu-base-heading>\n\n\n\n<p class=\"has-big-font-size\">Die Symplectic-Schnittstelle antwortet nicht so schnell, als da\u00df eine direkte dynamische Einbindung sinnvoll w\u00e4re. Auch von der standardm\u00e4\u00dfigen Sortierung her ist es nicht sinnvoll, diese Daten zu verwenden. Beispielsweise werden immer die zuletzt ge\u00e4nderten Eintr\u00e4ge zuerst geliefert anstatt die zeitlich neuesten Publikationen, wenn an alten Eintr\u00e4gen im nachhinein ge\u00e4ndert wurde. Daher ist seit Anfang an ein Cache in Form einer Datenbank dazwischengeschaltet. Dieser Cache h\u00e4lt alle Abfragen 10 Tage. Abfragen nach 6 Stunden ab Speicherzeit werden erneuert. So erh\u00e4lt man schnelle Antworten f\u00fcr alle Abfragen, die schon einmal in den letzten 10 Tagen abgefragt wurden. \u00c4nderungen in den Originaldaten werden nach 6 Stunden sichtbar.<\/p>\n    <div style=\"display: none\">\n        \n    <\/div>","protected":false},"excerpt":{"rendered":"<p>Voraussetzung ist, da\u00df die Publikationen in Gutenberg Research Elements vorhanden sind. W\u00e4hlen Sie zuerst den sogenannten Endpunkt aus. Danach schr\u00e4nken Sie die Publikationen ein. ANZAHL ELEMENTE: \u26a0\ufe0f Warnung: Wird ignoriert, wenn Sie die Ergebnisse nach Jahr oder Publikationstyp filtern, da sonst m\u00f6glicherweise keine Daten zur\u00fcckgeliefert werden. CSL-STYLE: Der Standard&nbsp;apa-jgu&nbsp;basiert auf dem APA-Standard, aber Autoren werden &hellip; <a href=\"https:\/\/cms.zdv.uni-mainz.de\/modul-demo\/schnittstelle\/fis\/\">Weiter lesen<\/a><\/p>\n","protected":false},"author":16,"featured_media":0,"parent":115148,"menu_order":0,"comment_status":"closed","ping_status":"closed","template":"","meta":{"footnotes":""},"categories":[],"tags":[],"class_list":["post-115145","page","type-page","status-publish","hentry"],"content_raw":"<!-- wp:jgu\/heading {\"tags\":{\"htmlTag\":\"h2\",\"classTag\":\"\",\"tag\":\"h2\"},\"heading\":\"FIS - Publikationslisten aus der Gutenberg Research Elements\"} \/-->\n\n<!-- wp:paragraph {\"className\":\"has-big-font-size\"} -->\n<p class=\"has-big-font-size\">Voraussetzung ist, da\u00df die Publikationen in Gutenberg Research Elements vorhanden sind.<\/p>\n<!-- \/wp:paragraph -->\n\n<!-- wp:jgu\/button -->\n<!-- wp:jgu\/button-item {\"text\":\"Gutenberg Research Elements\",\"link\":{\"url\":\"https:\/\/www.ub.uni-mainz.de\/de\/gutenberg-research-elements\",\"linkTarget\":\"\",\"rel\":\"\"}} \/-->\n<!-- \/wp:jgu\/button -->\n\n<!-- wp:paragraph {\"className\":\"has-big-font-size\"} -->\n<p class=\"has-big-font-size\"><\/p>\n<!-- \/wp:paragraph -->\n\n<!-- wp:jgu\/heading {\"index\":\"Endpunkt\",\"tags\":{\"htmlTag\":\"h2\",\"classTag\":\"\",\"tag\":\"h2\"},\"heading\":\"Liste f\u00fcr Personen, Arbeitsgruppen und mehr\"} \/-->\n\n<!-- wp:paragraph {\"className\":\"has-big-font-size\"} -->\n<p class=\"has-big-font-size\">W\u00e4hlen Sie zuerst den sogenannten Endpunkt aus. Danach schr\u00e4nken Sie die Publikationen ein. <\/p>\n<!-- \/wp:paragraph -->\n\n<!-- wp:list {\"className\":\"wp-block-list has-big-font-size\"} -->\n<ul class=\"wp-block-list has-big-font-size\"><!-- wp:list-item -->\n<li>User, <\/li>\n<!-- \/wp:list-item -->\n\n<!-- wp:list-item -->\n<li>Equipment<\/li>\n<!-- \/wp:list-item -->\n\n<!-- wp:list-item -->\n<li>Tags<\/li>\n<!-- \/wp:list-item -->\n\n<!-- wp:list-item -->\n<li>ID einer Organisationseinheit<\/li>\n<!-- \/wp:list-item -->\n\n<!-- wp:list-item -->\n<li>Projekt-ID<\/li>\n<!-- \/wp:list-item --><\/ul>\n<!-- \/wp:list -->\n\n<!-- wp:paragraph {\"className\":\"has-big-font-size\"} -->\n<p class=\"has-big-font-size\">ANZAHL ELEMENTE: \u26a0\ufe0f Warnung: Wird ignoriert, wenn Sie die Ergebnisse nach Jahr oder Publikationstyp filtern, da sonst m\u00f6glicherweise keine Daten zur\u00fcckgeliefert werden.<\/p>\n<!-- \/wp:paragraph -->\n\n<!-- wp:paragraph {\"className\":\"has-big-font-size\"} -->\n<p class=\"has-big-font-size\">CSL-STYLE: Der Standard&nbsp;<code>apa-jgu<\/code>&nbsp;basiert auf dem APA-Standard, aber Autoren werden auf 3 plus et.al begrenzt, und die Ausgabe erfolgt in umgekehrter chronologischer Reihenfolge.<\/p>\n<!-- \/wp:paragraph -->\n\n<!-- wp:paragraph {\"className\":\"has-big-font-size\"} -->\n<p class=\"has-big-font-size\">GEBIETSSCHEMA: steuert die Sprache. Standardm\u00e4\u00dfig wird die Lokale-Einstellung des aktuellen Blogs verwendet. Im Normalfall ist hier also keine Eingabe notwendig.<\/p>\n<!-- \/wp:paragraph -->\n\n<!-- wp:paragraph {\"className\":\"has-big-font-size\"} -->\n<p class=\"has-big-font-size\">GRUPPIEREN NACH: Gruppiert die Publikationsliste nach Jahr oder Publikationstyp<\/p>\n<!-- \/wp:paragraph -->\n\n<!-- wp:paragraph {\"className\":\"has-big-font-size\"} -->\n<p class=\"has-big-font-size\">Type: Geben Sie hier standardm\u00e4\u00dfig nichts ein, dann erhalten Sie alle Publikationen.<\/p>\n<!-- \/wp:paragraph -->\n\n<!-- wp:paragraph {\"className\":\"has-big-font-size\"} -->\n<p class=\"has-big-font-size\">Filtert die Ausgabe nach Publikationstypen:<\/p>\n<!-- \/wp:paragraph -->\n\n<!-- wp:list {\"className\":\"wp-block-list has-big-font-size\"} -->\n<ul class=\"wp-block-list has-big-font-size\"><!-- wp:list-item -->\n<li>article<\/li>\n<!-- \/wp:list-item -->\n\n<!-- wp:list-item -->\n<li>article-journal<\/li>\n<!-- \/wp:list-item -->\n\n<!-- wp:list-item -->\n<li>book<\/li>\n<!-- \/wp:list-item -->\n\n<!-- wp:list-item -->\n<li>chapter<\/li>\n<!-- \/wp:list-item -->\n\n<!-- wp:list-item -->\n<li>document<\/li>\n<!-- \/wp:list-item -->\n\n<!-- wp:list-item -->\n<li>paper-conference<\/li>\n<!-- \/wp:list-item -->\n\n<!-- wp:list-item -->\n<li>patent<\/li>\n<!-- \/wp:list-item -->\n\n<!-- wp:list-item -->\n<li>report<\/li>\n<!-- \/wp:list-item -->\n\n<!-- wp:list-item -->\n<li>thesis<\/li>\n<!-- \/wp:list-item -->\n\n<!-- wp:list-item -->\n<li>webpage<\/li>\n<!-- \/wp:list-item --><\/ul>\n<!-- \/wp:list -->\n\n<!-- wp:paragraph {\"className\":\"has-big-font-size\"} -->\n<p class=\"has-big-font-size\">JAHR: Komma-separierte Liste von Jahresangaben im Format&nbsp;<code>YYYY<\/code>, z.B.: \"2020,2021\"<\/p>\n<!-- \/wp:paragraph -->\n\n<!-- wp:jgu\/heading {\"anchor\":\"user\",\"tags\":{\"htmlTag\":\"h2\",\"classTag\":\"\",\"tag\":\"h2\"},\"heading\":\"User\"} \/-->\n\n<!-- wp:paragraph {\"className\":\"has-big-font-size\"} -->\n<p class=\"has-big-font-size\">Der JGU Account Name des Publizierenden.<\/p>\n<!-- \/wp:paragraph -->\n\n<!-- wp:paragraph {\"className\":\"has-big-font-size\"} -->\n<p class=\"has-big-font-size\">Beispiel: User = niberger, Anzahl Elemente = 3<\/p>\n<!-- \/wp:paragraph -->\n\n<!-- wp:jgu\/fis {\"n\":\"3\",\"style\":\"apa\",\"user\":\"niberger\"} \/-->\n\n<!-- wp:jgu\/heading {\"tags\":{\"htmlTag\":\"h2\",\"classTag\":\"\",\"tag\":\"h2\"},\"heading\":\"Equipment\"} \/-->\n\n<!-- wp:paragraph {\"className\":\"has-big-font-size\"} -->\n<p class=\"has-big-font-size\">Die Mogon-Gruppe hat bei Research Elements eine Equipment-Nr: 69007, Anzahl Elemente = 3<\/p>\n<!-- \/wp:paragraph -->\n\n<!-- wp:jgu\/fis {\"endPoint\":\"equipment\",\"equipment\":\"69007\",\"n\":\"3\"} \/-->\n\n<!-- wp:jgu\/heading {\"tags\":{\"htmlTag\":\"h2\",\"classTag\":\"\",\"tag\":\"h2\"},\"heading\":\"Tags\"} \/-->\n\n<!-- wp:paragraph {\"className\":\"has-big-font-size\"} -->\n<p class=\"has-big-font-size\">Hier werden getaggete Publikationen angezeigt f\u00fcr das Tag \"Einstein, quant-ph\".<\/p>\n<!-- \/wp:paragraph -->\n\n<!-- wp:jgu\/fis {\"endPoint\":\"tag\",\"n\":\"3\",\"tag\":\"Einstein, quant-ph\"} \/-->\n\n<!-- wp:jgu\/heading {\"tags\":{\"htmlTag\":\"h2\",\"classTag\":\"\",\"tag\":\"h2\"},\"heading\":\"ID einer Organisationseinheit\"} \/-->\n\n<!-- wp:paragraph {\"className\":\"has-big-font-size\"} -->\n<p class=\"has-big-font-size\">Dies ist gedacht f\u00fcr <em>eine<\/em> untergeordnete Organisationseinheit, nicht f\u00fcr lange Listen von Organisationseinheiten.<\/p>\n<!-- \/wp:paragraph -->\n\n<!-- wp:paragraph {\"className\":\"has-big-font-size\"} -->\n<p class=\"has-big-font-size\">Beispiel: Membranbiochemie hat die Orgnr: 103931, Anzahl der angezeigten Elemente = 3<\/p>\n<!-- \/wp:paragraph -->\n\n<!-- wp:jgu\/fis {\"endPoint\":\"orgStructure\",\"n\":\"3\",\"orgStructure\":\"103931\"} \/-->\n\n<!-- wp:jgu\/heading {\"heading\":\"Projekt-ID\"} \/-->\n\n<!-- wp:paragraph {\"className\":\"has-big-font-size\"} -->\n<p class=\"has-big-font-size\">\u2757 Hinweis: Publikationen m\u00fcssen einem Projekt zun\u00e4chst manuell zugeordnet werden.<\/p>\n<!-- \/wp:paragraph -->\n\n<!-- wp:paragraph {\"className\":\"has-big-font-size\"} -->\n<p class=\"has-big-font-size\"><strong>Hinweis zur URL-Ausgabe:<\/strong> In Gutenberg Research Elements gibt es drei Felder, die eine URL enthalten k\u00f6nnen: Author-URL, Publisher-URL und Public-URL. Davon wird jedoch nur eine ausgegeben, nach folgender Reihenfolge:<\/p>\n<!-- \/wp:paragraph -->\n\n<!-- wp:list {\"className\":\"wp-block-list has-big-font-size\"} -->\n<ul class=\"wp-block-list has-big-font-size\"><!-- wp:list-item -->\n<li>Ist das Author-URL Feld belegt, wird dieses verwendet. <\/li>\n<!-- \/wp:list-item -->\n\n<!-- wp:list-item -->\n<li>Ist dieses Feld nicht belegt, wird eine ggf. vorhandene Publisher-URL verwendet. <\/li>\n<!-- \/wp:list-item -->\n\n<!-- wp:list-item -->\n<li>Sind weder Author-URL noch Publisher-URL vorhanden, wird die Public-URL verwendet.<\/li>\n<!-- \/wp:list-item --><\/ul>\n<!-- \/wp:list -->\n\n<!-- wp:paragraph {\"className\":\"has-big-font-size\"} -->\n<p class=\"has-big-font-size\">Um die Ausgabe einer bestimmten URL f\u00fcr Ihre Publikation zu forcieren, verwenden Sie daher am besten das Author-URL Feld in Gutenberg Research Elements.<\/p>\n<!-- \/wp:paragraph -->\n\n<!-- wp:jgu\/heading {\"tags\":{\"htmlTag\":\"h2\",\"classTag\":\"\",\"tag\":\"h2\"},\"heading\":\"Rekursive Abfrage der Publikationen eines gesamten Instituts\"} \/-->\n\n<!-- wp:paragraph -->\n<p class=\"has-big-font-size\">Dies kann \u00fcber einen Umweg funktionieren. Voraussetzung ist, dass alle Arbeitsgruppen auch im Einrichtungsverzeichnis (<a href=\"https:\/\/personen.uni-mainz.de\">https:\/\/personen.uni-mainz.de<\/a>) einen entsprechenden Eintrag haben. Im FIS Plugin kann man dann beim Parameter orgstructure auch mehrere Einheiten kombinieren.<\/p>\n<!-- \/wp:paragraph -->\n\n<!-- wp:paragraph -->\n<p class=\"has-big-font-size\">Jetzt kommt leider ein Aber: auch wenn das grunds\u00e4tzlich funktioniert, gibt es derzeit ein Problem, wenn gr\u00f6\u00dfere Datenmengen \u00fcber das FIS Plugin ausgegeben werden sollen. Das kann daher vor allem bei den Organisationsheiten ein Problem sein, wenn mehrere kombiniert werden (die Seite wird dann m\u00f6glicherweise nicht immer angezeigt). Bis dieses Problem in einer neueren Version behoben ist, wird es voraussichtlich noch etwas dauern (zumindest war soweit mein letzter Stand dazu).<\/p>\n<!-- \/wp:paragraph -->\n\n<!-- wp:jgu\/heading {\"tags\":{\"htmlTag\":\"h2\",\"classTag\":\"\",\"tag\":\"h2\"},\"heading\":\"Funktionsweise des Plugins\"} \/-->\n\n<!-- wp:paragraph -->\n<p class=\"has-big-font-size\">Die Symplectic-Schnittstelle antwortet nicht so schnell, als da\u00df eine direkte dynamische Einbindung sinnvoll w\u00e4re. Auch von der standardm\u00e4\u00dfigen Sortierung her ist es nicht sinnvoll, diese Daten zu verwenden. Beispielsweise werden immer die zuletzt ge\u00e4nderten Eintr\u00e4ge zuerst geliefert anstatt die zeitlich neuesten Publikationen, wenn an alten Eintr\u00e4gen im nachhinein ge\u00e4ndert wurde. Daher ist seit Anfang an ein Cache in Form einer Datenbank dazwischengeschaltet. Dieser Cache h\u00e4lt alle Abfragen 10 Tage. Abfragen nach 6 Stunden ab Speicherzeit werden erneuert. So erh\u00e4lt man schnelle Antworten f\u00fcr alle Abfragen, die schon einmal in den letzten 10 Tagen abgefragt wurden. \u00c4nderungen in den Originaldaten werden nach 6 Stunden sichtbar.<\/p>\n<!-- \/wp:paragraph -->","_links":{"self":[{"href":"https:\/\/cms.zdv.uni-mainz.de\/modul-demo\/wp-json\/wp\/v2\/pages\/115145","targetHints":{"allow":["GET"]}}],"collection":[{"href":"https:\/\/cms.zdv.uni-mainz.de\/modul-demo\/wp-json\/wp\/v2\/pages"}],"about":[{"href":"https:\/\/cms.zdv.uni-mainz.de\/modul-demo\/wp-json\/wp\/v2\/types\/page"}],"author":[{"embeddable":true,"href":"https:\/\/cms.zdv.uni-mainz.de\/modul-demo\/wp-json\/wp\/v2\/users\/16"}],"replies":[{"embeddable":true,"href":"https:\/\/cms.zdv.uni-mainz.de\/modul-demo\/wp-json\/wp\/v2\/comments?post=115145"}],"version-history":[{"count":15,"href":"https:\/\/cms.zdv.uni-mainz.de\/modul-demo\/wp-json\/wp\/v2\/pages\/115145\/revisions"}],"predecessor-version":[{"id":119170,"href":"https:\/\/cms.zdv.uni-mainz.de\/modul-demo\/wp-json\/wp\/v2\/pages\/115145\/revisions\/119170"}],"up":[{"embeddable":true,"href":"https:\/\/cms.zdv.uni-mainz.de\/modul-demo\/wp-json\/wp\/v2\/pages\/115148"}],"wp:attachment":[{"href":"https:\/\/cms.zdv.uni-mainz.de\/modul-demo\/wp-json\/wp\/v2\/media?parent=115145"}],"wp:term":[{"taxonomy":"category","embeddable":true,"href":"https:\/\/cms.zdv.uni-mainz.de\/modul-demo\/wp-json\/wp\/v2\/categories?post=115145"},{"taxonomy":"post_tag","embeddable":true,"href":"https:\/\/cms.zdv.uni-mainz.de\/modul-demo\/wp-json\/wp\/v2\/tags?post=115145"}],"curies":[{"name":"wp","href":"https:\/\/api.w.org\/{rel}","templated":true}]}}