{"id":115735,"date":"2024-07-04T17:25:08","date_gmt":"2024-07-04T15:25:08","guid":{"rendered":"https:\/\/cms.zdv.uni-mainz.de\/modul-demo\/?page_id=115735"},"modified":"2024-07-04T17:25:08","modified_gmt":"2024-07-04T15:25:08","slug":"vorlagen","status":"publish","type":"page","link":"https:\/\/cms.zdv.uni-mainz.de\/modul-demo\/vorlagen\/","title":{"rendered":"Vorlagen"},"content":{"rendered":"<jgu-base-heading react-props=\"{\n    &quot;tags&quot;: {\n        &quot;htmlTag&quot;: &quot;h2&quot;,\n        &quot;classTag&quot;: &quot;&quot;,\n        &quot;tag&quot;: &quot;h2&quot;\n    },\n    &quot;heading&quot;: &quot;Wiederverwendbare Bl\\u00f6cke - Vorlagen&quot;,\n    &quot;textAlign&quot;: &quot;left&quot;,\n    &quot;anchor&quot;: &quot;&quot;,\n    &quot;index&quot;: &quot;&quot;,\n    &quot;color&quot;: &quot;red&quot;\n}\"><\/jgu-base-heading>\n\n\n\n<p>Bei den Gruppen in violetter Farbe handelt es sich um <strong>Wiederverwendbare Bl\u00f6cke<\/strong>.<\/p>\n\n\n\n<p>Die Wiederverwendbaren Bl\u00f6cke k\u00f6nnen \u00fcber &#8218;Original bearbeiten&#8216; ver\u00e4ndert werden.<\/p>\n\n\n\n<p>Alle &#8218;Wiederverwendbaren Bl\u00f6cke&#8216; bzw. Vorlagen, k\u00f6nnen grunds\u00e4tzlich \u00fcber <strong>Dashboard > Wiederverwendbare Bl\u00f6cke<\/strong> aufgerufen und auch von dort aus ge\u00f6ffnet und bearbeitet werden.<\/p>\n\n\n\n<p>Beispiel: In dem Konzept des Templates ist die Postadresse tats\u00e4chlich sehr oft verwendet, daher ist hierf\u00fcr eine Wiederverwendbare Vorlage vorhanden. Der Service-Bereich mit den Ansprechpartner*innen ist zus\u00e4tzlich als Vorlage konzipiert, der bei Bedarf auf mehreren Seiten verwendet werden kann: So wurde angedacht z.B. den &#8218;Service &#8211; komplett (Registerkarten) f\u00fcr z.B. die &#8218;Startseite&#8216; und &#8218;\u00dcber unsere Einrichtung&#8216; etc. zu verwenden und eine m\u00f6gliche an das Studium angepasste Vorlage &#8218;Studium &#8211; Fachberatung und Service komplett&#8216; auf den Seiten zum Studium und den Studiensteckbriefen, etc.<\/p>\n\n\n\n<p>Falls Sie Inhalte mehrfach verwenden m\u00f6chten, macht es durchaus Sinn, wiederverwendbare Bl\u00f6cke zu verwenden. Die Inhalte werden bei sp\u00e4teren notwendigen Aktualisierungen nur in der Vorlage ge\u00e4ndert, was nach einmaliger Einrichtung komfortabler f\u00fcr eine kontinuierliche Pflege wird und die Website \u00fcbersichtlich h\u00e4lt.\u00a0<\/p>\n\n\n\n<p>Falls Sie die Inhalte nicht mehrfach verwenden werden und auf die schon eingebauten Vorlagen lieber verzichten, k\u00f6nnen Sie auf einer Seite einen Wiederverwendbaren Block (\u00fcber die drei kleinen Punkte und im Pop-Up-Men\u00fc) von der Vorlage &#8218;Losl\u00f6sen&#8216;. Der Inhalt wird dann in die Seite integriert und kann\/muss dann mit dem Seiteninhalt bearbeitet werden.<\/p>\n    <div style=\"display: none\">\n        \n    <\/div>","protected":false},"excerpt":{"rendered":"<p>Bei den Gruppen in violetter Farbe handelt es sich um Wiederverwendbare Bl\u00f6cke. Die Wiederverwendbaren Bl\u00f6cke k\u00f6nnen \u00fcber &#8218;Original bearbeiten&#8216; ver\u00e4ndert werden. Alle &#8218;Wiederverwendbaren Bl\u00f6cke&#8216; bzw. Vorlagen, k\u00f6nnen grunds\u00e4tzlich \u00fcber Dashboard > Wiederverwendbare Bl\u00f6cke aufgerufen und auch von dort aus ge\u00f6ffnet und bearbeitet werden. Beispiel: In dem Konzept des Templates ist die Postadresse tats\u00e4chlich sehr oft &hellip; <a href=\"https:\/\/cms.zdv.uni-mainz.de\/modul-demo\/vorlagen\/\">Weiter lesen<\/a><\/p>\n","protected":false},"author":16,"featured_media":0,"parent":0,"menu_order":0,"comment_status":"closed","ping_status":"closed","template":"","meta":{"footnotes":""},"categories":[],"tags":[],"class_list":["post-115735","page","type-page","status-publish","hentry"],"content_raw":"<!-- wp:jgu\/heading {\"tags\":{\"htmlTag\":\"h2\",\"classTag\":\"\",\"tag\":\"h2\"},\"heading\":\"Wiederverwendbare Bl\u00f6cke - Vorlagen\"} \/-->\n\n<!-- wp:paragraph -->\n<p>Bei den Gruppen in violetter Farbe handelt es sich um <strong>Wiederverwendbare Bl\u00f6cke<\/strong>.<\/p>\n<!-- \/wp:paragraph -->\n\n<!-- wp:paragraph -->\n<p>Die Wiederverwendbaren Bl\u00f6cke k\u00f6nnen \u00fcber 'Original bearbeiten' ver\u00e4ndert werden.<\/p>\n<!-- \/wp:paragraph -->\n\n<!-- wp:paragraph -->\n<p>Alle 'Wiederverwendbaren Bl\u00f6cke' bzw. Vorlagen, k\u00f6nnen grunds\u00e4tzlich \u00fcber <strong>Dashboard > Wiederverwendbare Bl\u00f6cke<\/strong> aufgerufen und auch von dort aus ge\u00f6ffnet und bearbeitet werden.<\/p>\n<!-- \/wp:paragraph -->\n\n<!-- wp:paragraph -->\n<p>Beispiel: In dem Konzept des Templates ist die Postadresse tats\u00e4chlich sehr oft verwendet, daher ist hierf\u00fcr eine Wiederverwendbare Vorlage vorhanden. Der Service-Bereich mit den Ansprechpartner*innen ist zus\u00e4tzlich als Vorlage konzipiert, der bei Bedarf auf mehreren Seiten verwendet werden kann: So wurde angedacht z.B. den 'Service - komplett (Registerkarten) f\u00fcr z.B. die 'Startseite' und '\u00dcber unsere Einrichtung' etc. zu verwenden und eine m\u00f6gliche an das Studium angepasste Vorlage 'Studium - Fachberatung und Service komplett' auf den Seiten zum Studium und den Studiensteckbriefen, etc.<\/p>\n<!-- \/wp:paragraph -->\n\n<!-- wp:paragraph -->\n<p>Falls Sie Inhalte mehrfach verwenden m\u00f6chten, macht es durchaus Sinn, wiederverwendbare Bl\u00f6cke zu verwenden. Die Inhalte werden bei sp\u00e4teren notwendigen Aktualisierungen nur in der Vorlage ge\u00e4ndert, was nach einmaliger Einrichtung komfortabler f\u00fcr eine kontinuierliche Pflege wird und die Website \u00fcbersichtlich h\u00e4lt.\u00a0<\/p>\n<!-- \/wp:paragraph -->\n\n<!-- wp:paragraph -->\n<p>Falls Sie die Inhalte nicht mehrfach verwenden werden und auf die schon eingebauten Vorlagen lieber verzichten, k\u00f6nnen Sie auf einer Seite einen Wiederverwendbaren Block (\u00fcber die drei kleinen Punkte und im Pop-Up-Men\u00fc) von der Vorlage 'Losl\u00f6sen'. Der Inhalt wird dann in die Seite integriert und kann\/muss dann mit dem Seiteninhalt bearbeitet werden.<\/p>\n<!-- \/wp:paragraph -->","_links":{"self":[{"href":"https:\/\/cms.zdv.uni-mainz.de\/modul-demo\/wp-json\/wp\/v2\/pages\/115735","targetHints":{"allow":["GET"]}}],"collection":[{"href":"https:\/\/cms.zdv.uni-mainz.de\/modul-demo\/wp-json\/wp\/v2\/pages"}],"about":[{"href":"https:\/\/cms.zdv.uni-mainz.de\/modul-demo\/wp-json\/wp\/v2\/types\/page"}],"author":[{"embeddable":true,"href":"https:\/\/cms.zdv.uni-mainz.de\/modul-demo\/wp-json\/wp\/v2\/users\/16"}],"replies":[{"embeddable":true,"href":"https:\/\/cms.zdv.uni-mainz.de\/modul-demo\/wp-json\/wp\/v2\/comments?post=115735"}],"version-history":[{"count":1,"href":"https:\/\/cms.zdv.uni-mainz.de\/modul-demo\/wp-json\/wp\/v2\/pages\/115735\/revisions"}],"predecessor-version":[{"id":115738,"href":"https:\/\/cms.zdv.uni-mainz.de\/modul-demo\/wp-json\/wp\/v2\/pages\/115735\/revisions\/115738"}],"wp:attachment":[{"href":"https:\/\/cms.zdv.uni-mainz.de\/modul-demo\/wp-json\/wp\/v2\/media?parent=115735"}],"wp:term":[{"taxonomy":"category","embeddable":true,"href":"https:\/\/cms.zdv.uni-mainz.de\/modul-demo\/wp-json\/wp\/v2\/categories?post=115735"},{"taxonomy":"post_tag","embeddable":true,"href":"https:\/\/cms.zdv.uni-mainz.de\/modul-demo\/wp-json\/wp\/v2\/tags?post=115735"}],"curies":[{"name":"wp","href":"https:\/\/api.w.org\/{rel}","templated":true}]}}