{"id":115976,"date":"2024-09-16T10:53:02","date_gmt":"2024-09-16T08:53:02","guid":{"rendered":"https:\/\/cms.zdv.uni-mainz.de\/modul-demo\/?page_id=115976"},"modified":"2025-07-29T12:04:01","modified_gmt":"2025-07-29T10:04:01","slug":"sprungmarke","status":"publish","type":"page","link":"https:\/\/cms.zdv.uni-mainz.de\/modul-demo\/sprungmarke\/","title":{"rendered":"Sprungmarke"},"content":{"rendered":"<jgu-base-pageheader react-props=\"{\n    &quot;items&quot;: [\n        {\n            &quot;box&quot;: {\n                &quot;index&quot;: &quot;&quot;,\n                &quot;title&quot;: &quot;Sprungmarken \\\/ HTML Anchor&quot;,\n                &quot;link&quot;: {\n                    &quot;url&quot;: &quot;&quot;,\n                    &quot;title&quot;: &quot;learn more&quot;\n                }\n            },\n            &quot;color&quot;: &quot;default&quot;,\n            &quot;image&quot;: {\n                &quot;url&quot;: &quot;&quot;\n            },\n            &quot;imgCredit&quot;: &quot;&quot;,\n            &quot;useVideo&quot;: false,\n            &quot;video&quot;: false\n        }\n    ],\n    &quot;type&quot;: &quot;border&quot;,\n    &quot;align&quot;: &quot;full&quot;,\n    &quot;quicklinks&quot;: {\n        &quot;show&quot;: false,\n        &quot;selects&quot;: []\n    },\n    &quot;useBreadcrumb&quot;: false\n}\">\n<\/jgu-base-pageheader>\n\n\n<p class=\"has-big-font-size\">Dies Element finden Sie im Absatz, in der Ankernavigation, dem Akkordeon und den Registerkarten (Tab items).<\/p>\n\n\n\n<p>Mit dem Anchor definieren Sie eine Webadresse f\u00fcr genau diese Stelle. So k\u00f6nnen Sie auch in einer langen Seite direkt auf diesen Abschnitt Ihrer Seite verweisen.<\/p>\n\n\n\n<p class=\"has-big-font-size\"> Dies w\u00e4hlen Sie rechts in der Sidebar. Abh\u00e4ngig vom Block unter  Advanced &#8211; HTML Anchor (z.B. beim Absatz) oder als &#8222;slug&#8220;. <\/p>\n\n\n\n<p class=\"has-big-font-size\">Das ist allerdings nicht ganz genau, denn Slug wird in WordPress auch die Webseitenadresse hinter dem Domainnamen genannt. <\/p>\n\n\n\n<p>Es steht also &#8222;Slug&#8220; bei dem Block, aber was Sie damit setzen, ist der anchor<\/p>\n\n\n\n<p>Beispiel: https:\/\/ihre-website.uni-mainz.de\/slug#anchor<\/p>\n\n\n\n<div style=\"height:300px\" aria-hidden=\"true\" class=\"wp-block-spacer\"><\/div>\n    <div style=\"display: none\">\n        \n    <\/div>","protected":false},"excerpt":{"rendered":"<p>Dies Element finden Sie im Absatz, in der Ankernavigation, dem Akkordeon und den Registerkarten (Tab items). Mit dem Anchor definieren Sie eine Webadresse f\u00fcr genau diese Stelle. So k\u00f6nnen Sie auch in einer langen Seite direkt auf diesen Abschnitt Ihrer Seite verweisen. Dies w\u00e4hlen Sie rechts in der Sidebar. Abh\u00e4ngig vom Block unter Advanced &#8211; &hellip; <a href=\"https:\/\/cms.zdv.uni-mainz.de\/modul-demo\/sprungmarke\/\">Weiter lesen<\/a><\/p>\n","protected":false},"author":16,"featured_media":0,"parent":0,"menu_order":0,"comment_status":"closed","ping_status":"closed","template":"","meta":{"footnotes":""},"categories":[],"tags":[],"class_list":["post-115976","page","type-page","status-publish","hentry"],"content_raw":"<!-- wp:jgu\/pageheader {\"items\":[{\"box\":{\"index\":\"\",\"title\":\"Sprungmarken \/ HTML Anchor\",\"link\":{\"url\":\"\",\"title\":\"learn more\"}},\"color\":\"default\",\"image\":{\"url\":\"\"},\"imgCredit\":\"\",\"useVideo\":false,\"video\":false}],\"type\":\"border\"} \/-->\n\n<!-- wp:paragraph {\"className\":\"has-big-font-size\"} -->\n<p class=\"has-big-font-size\">Dies Element finden Sie im Absatz, in der Ankernavigation, dem Akkordeon und den Registerkarten (Tab items).<\/p>\n<!-- \/wp:paragraph -->\n\n<!-- wp:paragraph -->\n<p>Mit dem Anchor definieren Sie eine Webadresse f\u00fcr genau diese Stelle. So k\u00f6nnen Sie auch in einer langen Seite direkt auf diesen Abschnitt Ihrer Seite verweisen.<\/p>\n<!-- \/wp:paragraph -->\n\n<!-- wp:paragraph {\"className\":\"has-big-font-size\"} -->\n<p class=\"has-big-font-size\"> Dies w\u00e4hlen Sie rechts in der Sidebar. Abh\u00e4ngig vom Block unter  Advanced - HTML Anchor (z.B. beim Absatz) oder als \"slug\". <\/p>\n<!-- \/wp:paragraph -->\n\n<!-- wp:paragraph {\"className\":\"has-big-font-size\"} -->\n<p class=\"has-big-font-size\">Das ist allerdings nicht ganz genau, denn Slug wird in WordPress auch die Webseitenadresse hinter dem Domainnamen genannt. <\/p>\n<!-- \/wp:paragraph -->\n\n<!-- wp:paragraph -->\n<p>Es steht also \"Slug\" bei dem Block, aber was Sie damit setzen, ist der anchor<\/p>\n<!-- \/wp:paragraph -->\n\n<!-- wp:paragraph -->\n<p>Beispiel: https:\/\/ihre-website.uni-mainz.de\/slug#anchor<\/p>\n<!-- \/wp:paragraph -->\n\n<!-- wp:spacer {\"height\":\"300px\"} -->\n<div style=\"height:300px\" aria-hidden=\"true\" class=\"wp-block-spacer\"><\/div>\n<!-- \/wp:spacer -->","_links":{"self":[{"href":"https:\/\/cms.zdv.uni-mainz.de\/modul-demo\/wp-json\/wp\/v2\/pages\/115976","targetHints":{"allow":["GET"]}}],"collection":[{"href":"https:\/\/cms.zdv.uni-mainz.de\/modul-demo\/wp-json\/wp\/v2\/pages"}],"about":[{"href":"https:\/\/cms.zdv.uni-mainz.de\/modul-demo\/wp-json\/wp\/v2\/types\/page"}],"author":[{"embeddable":true,"href":"https:\/\/cms.zdv.uni-mainz.de\/modul-demo\/wp-json\/wp\/v2\/users\/16"}],"replies":[{"embeddable":true,"href":"https:\/\/cms.zdv.uni-mainz.de\/modul-demo\/wp-json\/wp\/v2\/comments?post=115976"}],"version-history":[{"count":2,"href":"https:\/\/cms.zdv.uni-mainz.de\/modul-demo\/wp-json\/wp\/v2\/pages\/115976\/revisions"}],"predecessor-version":[{"id":117202,"href":"https:\/\/cms.zdv.uni-mainz.de\/modul-demo\/wp-json\/wp\/v2\/pages\/115976\/revisions\/117202"}],"wp:attachment":[{"href":"https:\/\/cms.zdv.uni-mainz.de\/modul-demo\/wp-json\/wp\/v2\/media?parent=115976"}],"wp:term":[{"taxonomy":"category","embeddable":true,"href":"https:\/\/cms.zdv.uni-mainz.de\/modul-demo\/wp-json\/wp\/v2\/categories?post=115976"},{"taxonomy":"post_tag","embeddable":true,"href":"https:\/\/cms.zdv.uni-mainz.de\/modul-demo\/wp-json\/wp\/v2\/tags?post=115976"}],"curies":[{"name":"wp","href":"https:\/\/api.w.org\/{rel}","templated":true}]}}