{"id":117795,"date":"2025-12-30T11:53:29","date_gmt":"2025-12-30T10:53:29","guid":{"rendered":"https:\/\/cms.zdv.uni-mainz.de\/modul-demo\/?page_id=117795"},"modified":"2026-04-10T11:35:58","modified_gmt":"2026-04-10T09:35:58","slug":"query-loop","status":"publish","type":"page","link":"https:\/\/cms.zdv.uni-mainz.de\/modul-demo\/query-loop\/","title":{"rendered":"Query-loop"},"content":{"rendered":"\n<div class=\"wp-block-query is-layout-flow wp-block-query-is-layout-flow\"><ul class=\"columns-3 wp-block-post-template is-layout-grid wp-container-core-post-template-is-layout-2fc57c17 wp-block-post-template-is-layout-grid\"><li class=\"wp-block-post post-114102 post type-post status-publish format-standard hentry category-allgemein category-barrierefreiheit category-schreiben-fuer-webseiten category-seo tag-druckversion\">\n<h2 class=\"wp-block-post-title\"><a href=\"https:\/\/cms.zdv.uni-mainz.de\/modul-demo\/2024\/01\/22\/warum-man-nicht-hier-verlinkt\/\" target=\"_self\" >Niemals klicken Sie hier<\/a><\/h2>\n\n\n\n<div class=\"wp-block-post-excerpt\"><p class=\"wp-block-post-excerpt__excerpt\">Beim Schreiben f\u00fcr Webseiten ein beliebter Fehler: Formulierungen der Art &#8222;Infos zum Thema X finden Sie hier&#8222; <\/p><\/div>\n\n\n<hr class=\"wp-block-separator has-css-opacity\"\/>\n\n\n<div class=\"wp-block-post-date\"><time datetime=\"2024-01-22T11:01:24+01:00\">22. Januar 2024<\/time><\/div>\n<\/li><li class=\"wp-block-post post-114111 post type-post status-publish format-standard has-post-thumbnail hentry category-allgemein category-schreiben-fuer-webseiten category-seo\">\n<h2 class=\"wp-block-post-title\"><a href=\"https:\/\/cms.zdv.uni-mainz.de\/modul-demo\/2024\/01\/20\/willkommen\/\" target=\"_self\" >Fehler Nr. 2: Willkommen<\/a><\/h2>\n\n<figure class=\"alignwide wp-block-post-featured-image\"><a href=\"https:\/\/cms.zdv.uni-mainz.de\/modul-demo\/2024\/01\/20\/willkommen\/\" target=\"_self\"  ><img loading=\"lazy\" decoding=\"async\" width=\"1024\" height=\"768\" src=\"https:\/\/cms.zdv.uni-mainz.de\/modul-demo\/wp-content\/uploads\/sites\/22\/2024\/01\/spillplaz.jpg\" class=\"attachment-post-thumbnail size-post-thumbnail wp-post-image\" alt=\"Fehler Nr. 2: Willkommen\" style=\"object-fit:cover;\" srcset=\"https:\/\/cms.zdv.uni-mainz.de\/modul-demo\/wp-content\/uploads\/sites\/22\/2024\/01\/spillplaz.jpg 1024w, https:\/\/cms.zdv.uni-mainz.de\/modul-demo\/wp-content\/uploads\/sites\/22\/2024\/01\/spillplaz-300x225.jpg 300w, https:\/\/cms.zdv.uni-mainz.de\/modul-demo\/wp-content\/uploads\/sites\/22\/2024\/01\/spillplaz-768x576.jpg 768w\" sizes=\"auto, (max-width: 1024px) 100vw, 1024px\" \/><\/a><\/figure>\n\n<div class=\"wp-block-post-excerpt\"><p class=\"wp-block-post-excerpt__excerpt\">Gerade f\u00fcr Einstiegsseiten wie die Startseite ist dies immer noch beliebt, weil die Personen, welche bestimmen, was auf solchen Seiten steht, sehr h\u00f6flich sind. Sie behandeln die Startseite wie ein Gru\u00dfwort und da hei\u00dft man als h\u00f6fliche Person nat\u00fcrlich die Besucher willkommen. Aber es geht besser: Auf die Seite geh\u00f6ren Worte, die Ihre Besucher \u00fcber&hellip; <\/p><\/div>\n\n\n<hr class=\"wp-block-separator has-css-opacity\"\/>\n\n\n<div class=\"wp-block-post-date\"><time datetime=\"2024-01-20T11:20:44+01:00\">20. Januar 2024<\/time><\/div>\n<\/li><li class=\"wp-block-post post-118880 post type-post status-publish format-standard has-post-thumbnail hentry category-allgemein category-unkategorisiert\">\n<h2 class=\"wp-block-post-title\"><a href=\"https:\/\/cms.zdv.uni-mainz.de\/modul-demo\/2026\/05\/04\/wordpress-forum\/\" target=\"_self\" >WordPress Forum<\/a><\/h2>\n\n<figure class=\"alignwide wp-block-post-featured-image\"><a href=\"https:\/\/cms.zdv.uni-mainz.de\/modul-demo\/2026\/05\/04\/wordpress-forum\/\" target=\"_self\"  ><img loading=\"lazy\" decoding=\"async\" width=\"150\" height=\"85\" src=\"https:\/\/cms.zdv.uni-mainz.de\/modul-demo\/wp-content\/uploads\/sites\/22\/2026\/03\/Newsicon_NewsKreide-e1775717332999.png\" class=\"attachment-post-thumbnail size-post-thumbnail wp-post-image\" alt=\"WordPress Forum\" style=\"object-fit:cover;\" \/><\/a><\/figure>\n\n<div class=\"wp-block-post-excerpt\"><p class=\"wp-block-post-excerpt__excerpt\">Montag 4.5.26 von 11-12 Uhr Formulare Spamsicher machen und die h\u00e4ufigsten Anf\u00e4ngerfehler beim Schreiben von WebseitenDigital per BBB: https:\/\/bbb.rlp.net\/b\/slo-mk5-tdt-xe0 Wir freuen uns \u00fcber Themenvorschl\u00e4ge und Ihre Teilnahme.&nbsp; Alle weiteren Termine f\u00fcr 2026:https:\/\/cms.zdv.uni-mainz.de\/zdv\/service\/cms\/#support Interessierten k\u00f6nnen Sie diese Einladung gern weiterleiten. Wenn weitere Mitglieder Ihrer Redaktion diese Einladung erhalten sollen, schicken diese bitte eine E-Mail an sympa@lists.uni-mainz.de&hellip; <\/p><\/div>\n\n\n<hr class=\"wp-block-separator has-css-opacity\"\/>\n\n\n<div class=\"wp-block-post-date\"><time datetime=\"2026-05-04T09:35:39+02:00\">4. Mai 2026<\/time><\/div>\n<\/li><li class=\"wp-block-post post-118369 post type-post status-publish format-standard has-post-thumbnail hentry category-allgemein\">\n<h2 class=\"wp-block-post-title\"><a href=\"https:\/\/cms.zdv.uni-mainz.de\/modul-demo\/2026\/02\/23\/performanz\/\" target=\"_self\" >Performanz<\/a><\/h2>\n\n<figure class=\"alignwide wp-block-post-featured-image\"><a href=\"https:\/\/cms.zdv.uni-mainz.de\/modul-demo\/2026\/02\/23\/performanz\/\" target=\"_self\"  ><img loading=\"lazy\" decoding=\"async\" width=\"782\" height=\"509\" src=\"https:\/\/cms.zdv.uni-mainz.de\/modul-demo\/wp-content\/uploads\/sites\/22\/2026\/02\/abschnitt-umbenennen.png\" class=\"attachment-post-thumbnail size-post-thumbnail wp-post-image\" alt=\"Performanz\" style=\"object-fit:cover;\" srcset=\"https:\/\/cms.zdv.uni-mainz.de\/modul-demo\/wp-content\/uploads\/sites\/22\/2026\/02\/abschnitt-umbenennen.png 782w, https:\/\/cms.zdv.uni-mainz.de\/modul-demo\/wp-content\/uploads\/sites\/22\/2026\/02\/abschnitt-umbenennen-300x195.png 300w, https:\/\/cms.zdv.uni-mainz.de\/modul-demo\/wp-content\/uploads\/sites\/22\/2026\/02\/abschnitt-umbenennen-768x500.png 768w\" sizes=\"auto, (max-width: 782px) 100vw, 782px\" \/><\/a><\/figure>\n\n<div class=\"wp-block-post-excerpt\"><p class=\"wp-block-post-excerpt__excerpt\">In der Ansicht sind die Webseiten teilweise um das dreifache schneller geworden. Nun haben wir auch die Bearbeitungsseite optimiert. Die Inhalte Abschnitte \/ Sections, Registerkarten \/ Tabs und Akkordeons werden nun erst nach Klick geladen. Wenn also Ihre Webseite Abschnitte enth\u00e4lt, dann sehen Sie den Text &#8222;Abschnitt ausgeblendet &#8211; zum Bearbeiten klicken&#8220;. Sollten Sie bei&hellip; <\/p><\/div>\n\n\n<hr class=\"wp-block-separator has-css-opacity\"\/>\n\n\n<div class=\"wp-block-post-date\"><time datetime=\"2026-02-23T11:22:36+01:00\">23. Februar 2026<\/time><\/div>\n<\/li><li class=\"wp-block-post post-117676 post type-post status-publish format-standard has-post-thumbnail hentry category-allgemein\">\n<h2 class=\"wp-block-post-title\"><a href=\"https:\/\/cms.zdv.uni-mainz.de\/modul-demo\/2026\/02\/16\/refactor\/\" target=\"_self\" >Web Components Umstellung 17.2.26<\/a><\/h2>\n\n<figure class=\"alignwide wp-block-post-featured-image\"><a href=\"https:\/\/cms.zdv.uni-mainz.de\/modul-demo\/2026\/02\/16\/refactor\/\" target=\"_self\"  ><img loading=\"lazy\" decoding=\"async\" width=\"150\" height=\"85\" src=\"https:\/\/cms.zdv.uni-mainz.de\/modul-demo\/wp-content\/uploads\/sites\/22\/2026\/03\/Newsicon_NewsKreide-e1775717332999.png\" class=\"attachment-post-thumbnail size-post-thumbnail wp-post-image\" alt=\"Web Components Umstellung 17.2.26\" style=\"object-fit:cover;\" \/><\/a><\/figure>\n\n<div class=\"wp-block-post-excerpt\"><p class=\"wp-block-post-excerpt__excerpt\">Am\u00a017.02.2026\u00a0werden die neu programmierten Bl\u00f6cke im Produktivsystem aktiviert. Ab dann ist auch die jeweils aktuelle WordPress Versionen installiert. Der zukunftsfeste Programmcode beachtet die Barrierefreiheit und die mobilen Ansicht deutlich besser. Die neuen Webseiten laden teilweise dreimal schneller, dies ist nebenbei auch f\u00fcr die Suchmaschinenoptimierung von Belang, denn schnell ladende Seiten werden besser bewertet und entsprechend&hellip; <\/p><\/div>\n\n\n<hr class=\"wp-block-separator has-css-opacity\"\/>\n\n\n<div class=\"wp-block-post-date\"><time datetime=\"2026-02-16T12:04:38+01:00\">16. Februar 2026<\/time><\/div>\n<\/li><li class=\"wp-block-post post-117751 post type-post status-publish format-standard hentry category-allgemein\">\n<h2 class=\"wp-block-post-title\"><a href=\"https:\/\/cms.zdv.uni-mainz.de\/modul-demo\/2025\/12\/09\/wpml-translation-engine\/\" target=\"_self\" >Wpml Translation Engine<\/a><\/h2>\n\n\n\n<div class=\"wp-block-post-excerpt\"><p class=\"wp-block-post-excerpt__excerpt\">In dieser WPML Version gibt es erstmals eine KI-\u00dcbersetzung. Translation Manager k\u00f6nnen dies selbst einstellen. In der Vorversion war DEEPL standardm\u00e4\u00dfig eingestellt. Auch der \u00dcbersetzerservice der JGU arbeitet damit. So stellen Sie von KI auf DEEPL um: <\/p><\/div>\n\n\n<hr class=\"wp-block-separator has-css-opacity\"\/>\n\n\n<div class=\"wp-block-post-date\"><time datetime=\"2025-12-09T15:57:15+01:00\">9. Dezember 2025<\/time><\/div>\n<\/li><li class=\"wp-block-post post-117669 post type-post status-publish format-standard hentry category-allgemein\">\n<h2 class=\"wp-block-post-title\"><a href=\"https:\/\/cms.zdv.uni-mainz.de\/modul-demo\/2025\/11\/21\/chrome-142-und-idm\/\" target=\"_self\" >IdM wird nicht angezeigt<\/a><\/h2>\n\n\n\n<div class=\"wp-block-post-excerpt\"><p class=\"wp-block-post-excerpt__excerpt\">Im Browser Chrome und im Edge werden IdM-Daten intern nur dann angezeigt, wenn man den Zugriff auf das lokale Netzwerk erlaubt. Extern, also f\u00fcr die meisten Kunden, gibt es das Problem nicht. So sehen Sie nach, was in Ihrem Chrome dort eingestellt ist: Klicken Sie auf das Schieberegler-Icon links der URL &gt; Site settings &gt;&hellip; <\/p><\/div>\n\n\n<hr class=\"wp-block-separator has-css-opacity\"\/>\n\n\n<div class=\"wp-block-post-date\"><time datetime=\"2025-11-21T10:18:24+01:00\">21. November 2025<\/time><\/div>\n<\/li><li class=\"wp-block-post post-117655 post type-post status-publish format-standard hentry category-allgemein\">\n<h2 class=\"wp-block-post-title\"><a href=\"https:\/\/cms.zdv.uni-mainz.de\/modul-demo\/2025\/11\/21\/beitrage-sortieren\/\" target=\"_self\" >Beitr\u00e4ge sortieren, Medien-Links mit veraltetem Datum erzeugen<\/a><\/h2>\n\n\n\n<div class=\"wp-block-post-excerpt\"><p class=\"wp-block-post-excerpt__excerpt\">funktioniert mittels das Datums. Dies ist an zwei Stellen setzbar: im Beitrag selbst unten in den Custom Fields oder im Dashboard > Seitenliste in der Schnellbearbeitung. Das Setzen des Datums erm\u00f6glicht auch, Medien mit &#8222;alten Links&#8220; zu erzeugen. Im Medienlink befindet sich immer das Datum. Beim Umzug kann man dies Datum so erzeugen: <\/p><\/div>\n\n\n<hr class=\"wp-block-separator has-css-opacity\"\/>\n\n\n<div class=\"wp-block-post-date\"><time datetime=\"2025-11-21T09:55:21+01:00\">21. November 2025<\/time><\/div>\n<\/li><li class=\"wp-block-post post-117441 post type-post status-publish format-standard hentry category-allgemein\">\n<h2 class=\"wp-block-post-title\"><a href=\"https:\/\/cms.zdv.uni-mainz.de\/modul-demo\/2025\/11\/03\/bilder-optimieren\/\" target=\"_self\" >Bilder optimieren<\/a><\/h2>\n\n\n\n<div class=\"wp-block-post-excerpt\"><p class=\"wp-block-post-excerpt__excerpt\">Progressive JPG https:\/\/developers.google.com\/speed\/docs\/insights\/OptimizeImages https:\/\/www.jpeg.io\/ \/ <\/p><\/div>\n\n\n<hr class=\"wp-block-separator has-css-opacity\"\/>\n\n\n<div class=\"wp-block-post-date\"><time datetime=\"2025-11-03T10:44:17+01:00\">3. November 2025<\/time><\/div>\n<\/li><li class=\"wp-block-post post-117421 post type-post status-publish format-standard has-post-thumbnail hentry category-allgemein category-seo tag-bilder\">\n<h2 class=\"wp-block-post-title\"><a href=\"https:\/\/cms.zdv.uni-mainz.de\/modul-demo\/2025\/09\/01\/mobil-network\/\" target=\"_self\" >Seiten mobil mit LTE testen<\/a><\/h2>\n\n<figure class=\"alignwide wp-block-post-featured-image\"><a href=\"https:\/\/cms.zdv.uni-mainz.de\/modul-demo\/2025\/09\/01\/mobil-network\/\" target=\"_self\"  ><img loading=\"lazy\" decoding=\"async\" width=\"877\" height=\"347\" src=\"https:\/\/cms.zdv.uni-mainz.de\/modul-demo\/wp-content\/uploads\/sites\/22\/2025\/09\/mobil-network-throttling-chrome.png\" class=\"attachment-post-thumbnail size-post-thumbnail wp-post-image\" alt=\"Seiten mobil mit LTE testen\" style=\"object-fit:cover;\" srcset=\"https:\/\/cms.zdv.uni-mainz.de\/modul-demo\/wp-content\/uploads\/sites\/22\/2025\/09\/mobil-network-throttling-chrome.png 877w, https:\/\/cms.zdv.uni-mainz.de\/modul-demo\/wp-content\/uploads\/sites\/22\/2025\/09\/mobil-network-throttling-chrome-300x119.png 300w, https:\/\/cms.zdv.uni-mainz.de\/modul-demo\/wp-content\/uploads\/sites\/22\/2025\/09\/mobil-network-throttling-chrome-768x304.png 768w\" sizes=\"auto, (max-width: 877px) 100vw, 877px\" \/><\/a><\/figure>\n\n<div class=\"wp-block-post-excerpt\"><p class=\"wp-block-post-excerpt__excerpt\">Dazu m\u00fcssen Sie nicht unbedingt einen ganzen Zoo von Ger\u00e4ten vorr\u00e4tig haben. Der im Browser (Firefox, Chrome, Edge) eingebaute Entwicklermodus l\u00f6st das ganz gut. Bei den g\u00e4ngigen Browsern ist diese F\u00e4higkeit im Entwickler-Modus standardm\u00e4\u00dfig eingebaut und wird mit der F12 Taste aktiviert. Der Vorgang ist in allen Browsern der gleiche: Firefox Chrome Edge Vermeiden Sie&hellip; <\/p><\/div>\n\n\n<hr class=\"wp-block-separator has-css-opacity\"\/>\n\n\n<div class=\"wp-block-post-date\"><time datetime=\"2025-09-01T10:08:36+02:00\">1. September 2025<\/time><\/div>\n<\/li><li class=\"wp-block-post post-117965 post type-post status-publish format-standard hentry category-allgemein category-rechtliches\">\n<h2 class=\"wp-block-post-title\"><a href=\"https:\/\/cms.zdv.uni-mainz.de\/modul-demo\/2025\/02\/09\/urheberrecht\/\" target=\"_self\" >Urheberrecht<\/a><\/h2>\n\n\n\n<div class=\"wp-block-post-excerpt\"><p class=\"wp-block-post-excerpt__excerpt\">Hinweise zum Urheberrecht in Deutschland gibt es eigentlich keinen Copyright-Vermerk. Vielmehr entsteht das Urheberrecht durch die pers\u00f6nliche geistige Sch\u00f6pfung der Urheberin bzw. des Urhebers. Einer besonderen Eintragung bedarf es hierf\u00fcr grunds\u00e4tzlich nicht. Der Vermerk \u00fcbernimmt lediglich eine Warnfunktion. Er hat eine untergeordnete Rolle und soll lediglich die Zuordnung der Rechte (wer ist Rechteinhaber, wer kann&hellip; <\/p><\/div>\n\n\n<hr class=\"wp-block-separator has-css-opacity\"\/>\n\n\n<div class=\"wp-block-post-date\"><time datetime=\"2025-02-09T16:06:05+01:00\">9. Februar 2025<\/time><\/div>\n<\/li><li class=\"wp-block-post post-115493 post type-post status-publish format-standard hentry category-allgemein\">\n<h2 class=\"wp-block-post-title\"><a href=\"https:\/\/cms.zdv.uni-mainz.de\/modul-demo\/2024\/06\/11\/beitrag-mit-externem-link-startseite-jgu\/\" target=\"_self\" >Beitrag mit externem Link (Startseite JGU)<\/a><\/h2>\n\n\n\n<div class=\"wp-block-post-excerpt\"><p class=\"wp-block-post-excerpt__excerpt\"> <\/p><\/div>\n\n\n<hr class=\"wp-block-separator has-css-opacity\"\/>\n\n\n<div class=\"wp-block-post-date\"><time datetime=\"2024-06-11T12:52:56+02:00\">11. Juni 2024<\/time><\/div>\n<\/li><\/ul><\/div>\n    <div style=\"display: none\">\n        \n    <\/div>","protected":false},"excerpt":{"rendered":"","protected":false},"author":16,"featured_media":0,"parent":0,"menu_order":0,"comment_status":"closed","ping_status":"closed","template":"","meta":{"footnotes":""},"categories":[],"tags":[],"class_list":["post-117795","page","type-page","status-publish","hentry"],"content_raw":"<!-- wp:query {\"queryId\":7,\"query\":{\"perPage\":10,\"pages\":0,\"offset\":0,\"postType\":\"post\",\"order\":\"desc\",\"orderBy\":\"date\",\"author\":\"\",\"search\":\"\",\"exclude\":[],\"sticky\":\"\",\"inherit\":false}} -->\n<div class=\"wp-block-query\"><!-- wp:post-template {\"layout\":{\"type\":\"grid\",\"columnCount\":3}} -->\n<!-- wp:post-title {\"isLink\":true} \/-->\n\n<!-- wp:post-featured-image {\"isLink\":true,\"align\":\"wide\"} \/-->\n\n<!-- wp:post-excerpt \/-->\n\n<!-- wp:separator {\"opacity\":\"css\"} -->\n<hr class=\"wp-block-separator has-css-opacity\"\/>\n<!-- \/wp:separator -->\n\n<!-- wp:post-date \/-->\n<!-- \/wp:post-template --><\/div>\n<!-- \/wp:query -->","_links":{"self":[{"href":"https:\/\/cms.zdv.uni-mainz.de\/modul-demo\/wp-json\/wp\/v2\/pages\/117795","targetHints":{"allow":["GET"]}}],"collection":[{"href":"https:\/\/cms.zdv.uni-mainz.de\/modul-demo\/wp-json\/wp\/v2\/pages"}],"about":[{"href":"https:\/\/cms.zdv.uni-mainz.de\/modul-demo\/wp-json\/wp\/v2\/types\/page"}],"author":[{"embeddable":true,"href":"https:\/\/cms.zdv.uni-mainz.de\/modul-demo\/wp-json\/wp\/v2\/users\/16"}],"replies":[{"embeddable":true,"href":"https:\/\/cms.zdv.uni-mainz.de\/modul-demo\/wp-json\/wp\/v2\/comments?post=117795"}],"version-history":[{"count":5,"href":"https:\/\/cms.zdv.uni-mainz.de\/modul-demo\/wp-json\/wp\/v2\/pages\/117795\/revisions"}],"predecessor-version":[{"id":119311,"href":"https:\/\/cms.zdv.uni-mainz.de\/modul-demo\/wp-json\/wp\/v2\/pages\/117795\/revisions\/119311"}],"wp:attachment":[{"href":"https:\/\/cms.zdv.uni-mainz.de\/modul-demo\/wp-json\/wp\/v2\/media?parent=117795"}],"wp:term":[{"taxonomy":"category","embeddable":true,"href":"https:\/\/cms.zdv.uni-mainz.de\/modul-demo\/wp-json\/wp\/v2\/categories?post=117795"},{"taxonomy":"post_tag","embeddable":true,"href":"https:\/\/cms.zdv.uni-mainz.de\/modul-demo\/wp-json\/wp\/v2\/tags?post=117795"}],"curies":[{"name":"wp","href":"https:\/\/api.w.org\/{rel}","templated":true}]}}