{"id":118170,"date":"2026-02-18T08:41:58","date_gmt":"2026-02-18T07:41:58","guid":{"rendered":"https:\/\/cms.zdv.uni-mainz.de\/modul-demo\/?page_id=118170"},"modified":"2026-04-10T11:32:58","modified_gmt":"2026-04-10T09:32:58","slug":"events-slider","status":"publish","type":"page","link":"https:\/\/cms.zdv.uni-mainz.de\/modul-demo\/schnittstelle\/events-slider\/","title":{"rendered":"Events-Slider"},"content":{"rendered":"<jgu-base-heading react-props=\"{\n    &quot;tags&quot;: {\n        &quot;htmlTag&quot;: &quot;h2&quot;,\n        &quot;classTag&quot;: &quot;&quot;,\n        &quot;tag&quot;: &quot;h2&quot;\n    },\n    &quot;heading&quot;: &quot;Events-Slider&quot;,\n    &quot;textAlign&quot;: &quot;left&quot;,\n    &quot;anchor&quot;: &quot;&quot;,\n    &quot;index&quot;: &quot;&quot;,\n    &quot;color&quot;: &quot;red&quot;\n}\"><\/jgu-base-heading>\n\n\n\n<p class=\"has-big-font-size\">Auf einen Kalender einschr\u00e4nkbar, wird \u00fcber veranstaltung.uni-mainz.de gef\u00fcllt. Noch nicht fl\u00e4chendeckend ausgerollter \u00f6ffentlicher <a href=\"https:\/\/veranstaltung.zdv.uni-mainz.de\/\">Veranstaltungskalender<\/a>. Hier die Highlights der Musik:<\/p>\n\n\n<jgu-base-eventsslider react-props=\"{&quot;highlightSlider&quot;:true,&quot;limit&quot;:1,&quot;align&quot;:&quot;wide&quot;,&quot;calendar&quot;:&quot;&quot;,&quot;boxColor&quot;:&quot;default&quot;,&quot;link&quot;:[]}\"><\/jgu-base-eventsslider>\n\n\n\n<p class=\"has-big-font-size\">Events-Slider ohne Highlights, andere Farbe:<\/p>\n\n\n<jgu-base-eventsslider react-props=\"{&quot;boxColor&quot;:&quot;light&quot;,&quot;align&quot;:&quot;wide&quot;,&quot;calendar&quot;:&quot;&quot;,&quot;highlightSlider&quot;:false,&quot;limit&quot;:10,&quot;link&quot;:[]}\"><\/jgu-base-eventsslider>\n    <div style=\"display: none\">\n        \n    <\/div>","protected":false},"excerpt":{"rendered":"<p>Auf einen Kalender einschr\u00e4nkbar, wird \u00fcber veranstaltung.uni-mainz.de gef\u00fcllt. Noch nicht fl\u00e4chendeckend ausgerollter \u00f6ffentlicher Veranstaltungskalender. Hier die Highlights der Musik: Events-Slider ohne Highlights, andere Farbe:<\/p>\n","protected":false},"author":16,"featured_media":0,"parent":115148,"menu_order":0,"comment_status":"closed","ping_status":"closed","template":"","meta":{"footnotes":""},"categories":[],"tags":[],"class_list":["post-118170","page","type-page","status-publish","hentry"],"content_raw":"<!-- wp:jgu\/heading {\"tags\":{\"htmlTag\":\"h2\",\"classTag\":\"\",\"tag\":\"h2\"},\"heading\":\"Events-Slider\"} \/-->\n\n<!-- wp:paragraph -->\n<p class=\"has-big-font-size\">Auf einen Kalender einschr\u00e4nkbar, wird \u00fcber veranstaltung.uni-mainz.de gef\u00fcllt. Noch nicht fl\u00e4chendeckend ausgerollter \u00f6ffentlicher <a href=\"https:\/\/veranstaltung.zdv.uni-mainz.de\/\">Veranstaltungskalender<\/a>. Hier die Highlights der Musik:<\/p>\n<!-- \/wp:paragraph -->\n\n<!-- wp:jgu\/events-slider {\"highlightSlider\":true,\"limit\":1} \/-->\n\n<!-- wp:paragraph -->\n<p class=\"has-big-font-size\">Events-Slider ohne Highlights, andere Farbe:<\/p>\n<!-- \/wp:paragraph -->\n\n<!-- wp:jgu\/events-slider {\"boxColor\":\"light\"} \/-->","_links":{"self":[{"href":"https:\/\/cms.zdv.uni-mainz.de\/modul-demo\/wp-json\/wp\/v2\/pages\/118170","targetHints":{"allow":["GET"]}}],"collection":[{"href":"https:\/\/cms.zdv.uni-mainz.de\/modul-demo\/wp-json\/wp\/v2\/pages"}],"about":[{"href":"https:\/\/cms.zdv.uni-mainz.de\/modul-demo\/wp-json\/wp\/v2\/types\/page"}],"author":[{"embeddable":true,"href":"https:\/\/cms.zdv.uni-mainz.de\/modul-demo\/wp-json\/wp\/v2\/users\/16"}],"replies":[{"embeddable":true,"href":"https:\/\/cms.zdv.uni-mainz.de\/modul-demo\/wp-json\/wp\/v2\/comments?post=118170"}],"version-history":[{"count":5,"href":"https:\/\/cms.zdv.uni-mainz.de\/modul-demo\/wp-json\/wp\/v2\/pages\/118170\/revisions"}],"predecessor-version":[{"id":119304,"href":"https:\/\/cms.zdv.uni-mainz.de\/modul-demo\/wp-json\/wp\/v2\/pages\/118170\/revisions\/119304"}],"up":[{"embeddable":true,"href":"https:\/\/cms.zdv.uni-mainz.de\/modul-demo\/wp-json\/wp\/v2\/pages\/115148"}],"wp:attachment":[{"href":"https:\/\/cms.zdv.uni-mainz.de\/modul-demo\/wp-json\/wp\/v2\/media?parent=118170"}],"wp:term":[{"taxonomy":"category","embeddable":true,"href":"https:\/\/cms.zdv.uni-mainz.de\/modul-demo\/wp-json\/wp\/v2\/categories?post=118170"},{"taxonomy":"post_tag","embeddable":true,"href":"https:\/\/cms.zdv.uni-mainz.de\/modul-demo\/wp-json\/wp\/v2\/tags?post=118170"}],"curies":[{"name":"wp","href":"https:\/\/api.w.org\/{rel}","templated":true}]}}