{"id":118198,"date":"2026-02-20T08:21:58","date_gmt":"2026-02-20T07:21:58","guid":{"rendered":"https:\/\/cms.zdv.uni-mainz.de\/modul-demo\/?page_id=118198"},"modified":"2026-02-20T10:28:03","modified_gmt":"2026-02-20T09:28:03","slug":"tablepress","status":"publish","type":"page","link":"https:\/\/cms.zdv.uni-mainz.de\/modul-demo\/tablepress\/","title":{"rendered":"TablePress"},"content":{"rendered":"<jgu-base-heading react-props=\"{\n    &quot;tags&quot;: {\n        &quot;htmlTag&quot;: &quot;h2&quot;,\n        &quot;classTag&quot;: &quot;&quot;,\n        &quot;tag&quot;: &quot;h2&quot;\n    },\n    &quot;heading&quot;: &quot;TablePress&quot;,\n    &quot;textAlign&quot;: &quot;left&quot;,\n    &quot;anchor&quot;: &quot;&quot;,\n    &quot;index&quot;: &quot;&quot;,\n    &quot;color&quot;: &quot;red&quot;\n}\"><\/jgu-base-heading>\n\n\n\n<p class=\"has-big-font-size\">Wenn Sie das Plugin TablePress nutzen m\u00f6chten, muss das Plugin zun\u00e4chst aktiviert werden. Schreiben Sie dazu eine Anfrage an webmaster@uni-mainz.de und nennen Sie dort die Adresse der Website, f\u00fcr die TablePress aktiviert werden soll.<\/p>\n\n\n\n<p class=\"has-big-font-size\">Nach der Aktivierung steht Ihnen TablePress auch im neuen WordPress zur Verf\u00fcgung. <\/p>\n\n\n\n<p class=\"has-big-font-size\">Sie k\u00f6nnen TablePress-Tabellen, die Sie im alten WordPress verwendet haben, dort exportieren, am Besten als csv-Datei, und, wenn das Plugin TablePress in Ihrer neuen Website aktiviert ist, dort importieren:<\/p>\n\n\n\n<div class=\"wp-block-media-text has-media-on-the-right is-stacked-on-mobile\"><div class=\"wp-block-media-text__content\">\n<p class=\"has-big-font-size\">Hier finden Sie die Importfunktion&#8230;<\/p>\n<\/div><figure class=\"wp-block-media-text__media\"><img loading=\"lazy\" decoding=\"async\" width=\"405\" height=\"388\" src=\"https:\/\/cms.zdv.uni-mainz.de\/modul-demo\/wp-content\/uploads\/sites\/22\/2026\/02\/table-press-tabelle-importieren.png\" alt=\"\" class=\"wp-image-118213 size-full\" srcset=\"https:\/\/cms.zdv.uni-mainz.de\/modul-demo\/wp-content\/uploads\/sites\/22\/2026\/02\/table-press-tabelle-importieren.png 405w, https:\/\/cms.zdv.uni-mainz.de\/modul-demo\/wp-content\/uploads\/sites\/22\/2026\/02\/table-press-tabelle-importieren-300x287.png 300w\" sizes=\"auto, (max-width: 405px) 100vw, 405px\" \/><\/figure><\/div>\n\n\n\n<p class=\"has-big-font-size\">Um eine TablePress-Tabelle in eine Ihrer Seiten einzuf\u00fcgen, ben\u00f6tigen Sie den folgenden Block:<\/p>\n\n\n<jgu-base-image react-props=\"{\n    &quot;image&quot;: {\n        &quot;url&quot;: &quot;https:\\\/\\\/cms.zdv.uni-mainz.de\\\/modul-demo\\\/wp-content\\\/uploads\\\/sites\\\/22\\\/2026\\\/02\\\/table-press-block-auswaehlen.png&quot;,\n        &quot;id&quot;: 118231,\n        &quot;alt&quot;: &quot;TablePress Block ausw\\u00e4hlen&quot;,\n        &quot;caption&quot;: &quot;TablePress Block ausw\\u00e4hlen&quot;,\n        &quot;description&quot;: &quot;Programmversion: TablePress 3.2.7&quot;,\n        &quot;title&quot;: &quot;table press block auswaehlen&quot;,\n        &quot;width&quot;: 1075,\n        &quot;height&quot;: 442,\n        &quot;srcset&quot;: &quot;https:\\\/\\\/cms.zdv.uni-mainz.de\\\/modul-demo\\\/wp-content\\\/uploads\\\/sites\\\/22\\\/2026\\\/02\\\/table-press-block-auswaehlen.png 1075w, https:\\\/\\\/cms.zdv.uni-mainz.de\\\/modul-demo\\\/wp-content\\\/uploads\\\/sites\\\/22\\\/2026\\\/02\\\/table-press-block-auswaehlen-300x123.png 300w, https:\\\/\\\/cms.zdv.uni-mainz.de\\\/modul-demo\\\/wp-content\\\/uploads\\\/sites\\\/22\\\/2026\\\/02\\\/table-press-block-auswaehlen-1024x421.png 1024w, https:\\\/\\\/cms.zdv.uni-mainz.de\\\/modul-demo\\\/wp-content\\\/uploads\\\/sites\\\/22\\\/2026\\\/02\\\/table-press-block-auswaehlen-768x316.png 768w&quot;\n    },\n    &quot;align&quot;: &quot;&quot;,\n    &quot;hasLightbox&quot;: false,\n    &quot;caption&quot;: &quot;&quot;,\n    &quot;imgWidth&quot;: 0,\n    &quot;link&quot;: {\n        &quot;url&quot;: &quot;&quot;,\n        &quot;target&quot;: &quot;&quot;,\n        &quot;rel&quot;: &quot;&quot;\n    }\n}\" class=\"align-\">\n    \n<\/jgu-base-image>\n\n\n<p class=\"has-big-font-size\">Sobald der Block in Ihre Seite eingef\u00fcgt ist, k\u00f6nnen Sie auf diese Weise ausw\u00e4hlen, welche TablePress-Tabelle er darstellen soll:<\/p>\n\n\n<jgu-base-image react-props=\"{\n    &quot;image&quot;: {\n        &quot;url&quot;: &quot;https:\\\/\\\/cms.zdv.uni-mainz.de\\\/modul-demo\\\/wp-content\\\/uploads\\\/sites\\\/22\\\/2026\\\/02\\\/table-press-tabelle-auswaehlen.png&quot;,\n        &quot;id&quot;: 118248,\n        &quot;alt&quot;: &quot;TablePress Tabelle ausw\\u00e4hlen&quot;,\n        &quot;caption&quot;: &quot;Programmversion: TablePress 3.2.7&quot;,\n        &quot;description&quot;: &quot;Programmversion: TablePress 3.2.7&quot;,\n        &quot;title&quot;: &quot;table press tabelle auswaehlen&quot;,\n        &quot;width&quot;: 1401,\n        &quot;height&quot;: 250,\n        &quot;srcset&quot;: &quot;https:\\\/\\\/cms.zdv.uni-mainz.de\\\/modul-demo\\\/wp-content\\\/uploads\\\/sites\\\/22\\\/2026\\\/02\\\/table-press-tabelle-auswaehlen.png 1401w, https:\\\/\\\/cms.zdv.uni-mainz.de\\\/modul-demo\\\/wp-content\\\/uploads\\\/sites\\\/22\\\/2026\\\/02\\\/table-press-tabelle-auswaehlen-300x54.png 300w, https:\\\/\\\/cms.zdv.uni-mainz.de\\\/modul-demo\\\/wp-content\\\/uploads\\\/sites\\\/22\\\/2026\\\/02\\\/table-press-tabelle-auswaehlen-1024x183.png 1024w, https:\\\/\\\/cms.zdv.uni-mainz.de\\\/modul-demo\\\/wp-content\\\/uploads\\\/sites\\\/22\\\/2026\\\/02\\\/table-press-tabelle-auswaehlen-768x137.png 768w&quot;\n    },\n    &quot;align&quot;: &quot;&quot;,\n    &quot;hasLightbox&quot;: false,\n    &quot;caption&quot;: &quot;&quot;,\n    &quot;imgWidth&quot;: 0,\n    &quot;link&quot;: {\n        &quot;url&quot;: &quot;&quot;,\n        &quot;target&quot;: &quot;&quot;,\n        &quot;rel&quot;: &quot;&quot;\n    }\n}\" class=\"align-\">\n    \n<\/jgu-base-image>\n\n\n<p class=\"has-big-font-size\">Mehr Informationen zu TablePress finden sie hier: <a href=\"https:\/\/www.blogs.uni-mainz.de\/plugin\/tablepress\/\">https:\/\/www.blogs.uni-mainz.de\/plugin\/tablepress\/<\/a><\/p>\n    <div style=\"display: none\">\n        \n    <\/div>","protected":false},"excerpt":{"rendered":"<p>Wenn Sie das Plugin TablePress nutzen m\u00f6chten, muss das Plugin zun\u00e4chst aktiviert werden. Schreiben Sie dazu eine Anfrage an webmaster@uni-mainz.de und nennen Sie dort die Adresse der Website, f\u00fcr die TablePress aktiviert werden soll. Nach der Aktivierung steht Ihnen TablePress auch im neuen WordPress zur Verf\u00fcgung. Sie k\u00f6nnen TablePress-Tabellen, die Sie im alten WordPress verwendet &hellip; <a href=\"https:\/\/cms.zdv.uni-mainz.de\/modul-demo\/tablepress\/\">Weiter lesen<\/a><\/p>\n","protected":false},"author":107,"featured_media":0,"parent":0,"menu_order":0,"comment_status":"closed","ping_status":"closed","template":"","meta":{"footnotes":""},"categories":[],"tags":[],"class_list":["post-118198","page","type-page","status-publish","hentry"],"content_raw":"<!-- wp:jgu\/heading {\"tags\":{\"htmlTag\":\"h2\",\"classTag\":\"\",\"tag\":\"h2\"},\"heading\":\"TablePress\"} \/-->\n\n<!-- wp:paragraph -->\n<p class=\"has-big-font-size\">Wenn Sie das Plugin TablePress nutzen m\u00f6chten, muss das Plugin zun\u00e4chst aktiviert werden. Schreiben Sie dazu eine Anfrage an webmaster@uni-mainz.de und nennen Sie dort die Adresse der Website, f\u00fcr die TablePress aktiviert werden soll.<\/p>\n<!-- \/wp:paragraph -->\n\n<!-- wp:paragraph -->\n<p class=\"has-big-font-size\">Nach der Aktivierung steht Ihnen TablePress auch im neuen WordPress zur Verf\u00fcgung. <\/p>\n<!-- \/wp:paragraph -->\n\n<!-- wp:paragraph -->\n<p class=\"has-big-font-size\">Sie k\u00f6nnen TablePress-Tabellen, die Sie im alten WordPress verwendet haben, dort exportieren, am Besten als csv-Datei, und, wenn das Plugin TablePress in Ihrer neuen Website aktiviert ist, dort importieren:<\/p>\n<!-- \/wp:paragraph -->\n\n<!-- wp:media-text {\"mediaPosition\":\"right\",\"mediaId\":118213,\"mediaLink\":\"https:\/\/cms.zdv.uni-mainz.de\/modul-demo\/tablepress\/table-press-tabelle-importieren\/\",\"mediaType\":\"image\"} -->\n<div class=\"wp-block-media-text has-media-on-the-right is-stacked-on-mobile\"><div class=\"wp-block-media-text__content\"><!-- wp:paragraph {\"placeholder\":\"Inhalt\u00a0\u2026\"} -->\n<p class=\"has-big-font-size\">Hier finden Sie die Importfunktion...<\/p>\n<!-- \/wp:paragraph --><\/div><figure class=\"wp-block-media-text__media\"><img src=\"https:\/\/cms.zdv.uni-mainz.de\/modul-demo\/wp-content\/uploads\/sites\/22\/2026\/02\/table-press-tabelle-importieren.png\" alt=\"\" class=\"wp-image-118213 size-full\"\/><\/figure><\/div>\n<!-- \/wp:media-text -->\n\n<!-- wp:paragraph -->\n<p class=\"has-big-font-size\">Um eine TablePress-Tabelle in eine Ihrer Seiten einzuf\u00fcgen, ben\u00f6tigen Sie den folgenden Block:<\/p>\n<!-- \/wp:paragraph -->\n\n<!-- wp:jgu\/image {\"image\":{\"url\":null,\"id\":118231}} \/-->\n\n<!-- wp:paragraph -->\n<p class=\"has-big-font-size\">Sobald der Block in Ihre Seite eingef\u00fcgt ist, k\u00f6nnen Sie auf diese Weise ausw\u00e4hlen, welche TablePress-Tabelle er darstellen soll:<\/p>\n<!-- \/wp:paragraph -->\n\n<!-- wp:jgu\/image {\"image\":{\"url\":null,\"id\":118248}} \/-->\n\n<!-- wp:paragraph -->\n<p class=\"has-big-font-size\">Mehr Informationen zu TablePress finden sie hier: <a href=\"https:\/\/www.blogs.uni-mainz.de\/plugin\/tablepress\/\">https:\/\/www.blogs.uni-mainz.de\/plugin\/tablepress\/<\/a><\/p>\n<!-- \/wp:paragraph -->","_links":{"self":[{"href":"https:\/\/cms.zdv.uni-mainz.de\/modul-demo\/wp-json\/wp\/v2\/pages\/118198","targetHints":{"allow":["GET"]}}],"collection":[{"href":"https:\/\/cms.zdv.uni-mainz.de\/modul-demo\/wp-json\/wp\/v2\/pages"}],"about":[{"href":"https:\/\/cms.zdv.uni-mainz.de\/modul-demo\/wp-json\/wp\/v2\/types\/page"}],"author":[{"embeddable":true,"href":"https:\/\/cms.zdv.uni-mainz.de\/modul-demo\/wp-json\/wp\/v2\/users\/107"}],"replies":[{"embeddable":true,"href":"https:\/\/cms.zdv.uni-mainz.de\/modul-demo\/wp-json\/wp\/v2\/comments?post=118198"}],"version-history":[{"count":10,"href":"https:\/\/cms.zdv.uni-mainz.de\/modul-demo\/wp-json\/wp\/v2\/pages\/118198\/revisions"}],"predecessor-version":[{"id":118288,"href":"https:\/\/cms.zdv.uni-mainz.de\/modul-demo\/wp-json\/wp\/v2\/pages\/118198\/revisions\/118288"}],"wp:attachment":[{"href":"https:\/\/cms.zdv.uni-mainz.de\/modul-demo\/wp-json\/wp\/v2\/media?parent=118198"}],"wp:term":[{"taxonomy":"category","embeddable":true,"href":"https:\/\/cms.zdv.uni-mainz.de\/modul-demo\/wp-json\/wp\/v2\/categories?post=118198"},{"taxonomy":"post_tag","embeddable":true,"href":"https:\/\/cms.zdv.uni-mainz.de\/modul-demo\/wp-json\/wp\/v2\/tags?post=118198"}],"curies":[{"name":"wp","href":"https:\/\/api.w.org\/{rel}","templated":true}]}}