{"id":119316,"date":"2026-04-10T11:47:44","date_gmt":"2026-04-10T09:47:44","guid":{"rendered":"https:\/\/cms.zdv.uni-mainz.de\/modul-demo\/?page_id=119316"},"modified":"2026-04-10T11:47:44","modified_gmt":"2026-04-10T09:47:44","slug":"core-bloecke-unformatiert","status":"publish","type":"page","link":"https:\/\/cms.zdv.uni-mainz.de\/modul-demo\/core-bloecke-unformatiert\/","title":{"rendered":"Core-Bl\u00f6cke unformatiert"},"content":{"rendered":"\n<p class=\"has-big-font-size\">Abfrage-Schleife:<\/p>\n\n\n\n<div class=\"wp-block-query is-layout-flow wp-block-query-is-layout-flow\"><\/div>\n\n\n\n<p class=\"has-big-font-size\">Begriffsliste:<\/p>\n\n\n<ul class=\"wp-block-categories-list wp-block-categories\">\t<li class=\"cat-item cat-item-72\"><a href=\"https:\/\/cms.zdv.uni-mainz.de\/modul-demo\/tag\/bilder\/\">Bilder<\/a>\n<\/li>\n\t<li class=\"cat-item cat-item-60\"><a href=\"https:\/\/cms.zdv.uni-mainz.de\/modul-demo\/tag\/druckversion\/\">Druckversion<\/a>\n<\/li>\n\t<li class=\"cat-item cat-item-66\"><a href=\"https:\/\/cms.zdv.uni-mainz.de\/modul-demo\/tag\/einstellungen\/\">Einstellungen<\/a>\n<\/li>\n\t<li class=\"cat-item cat-item-69\"><a href=\"https:\/\/cms.zdv.uni-mainz.de\/modul-demo\/tag\/formulare\/\">Formulare<\/a>\n<\/li>\n\t<li class=\"cat-item cat-item-75\"><a href=\"https:\/\/cms.zdv.uni-mainz.de\/modul-demo\/tag\/icon\/\">Icon<\/a>\n<\/li>\n\t<li class=\"cat-item cat-item-63\"><a href=\"https:\/\/cms.zdv.uni-mainz.de\/modul-demo\/tag\/kommentare\/\">Kommentare<\/a>\n<\/li>\n<\/ul>\n\n\n<p class=\"has-big-font-size\">Akkordeon<\/p>\n\n\n\n<p class=\"has-big-font-size\">Raster<\/p>\n\n\n\n<p class=\"has-big-font-size\">Kalender<\/p>\n\n\n\n<p class=\"has-big-font-size\">Kategorienliste<\/p>\n\n\n\n<p class=\"has-big-font-size\">Neueste Beitr\u00e4ge<\/p>\n\n\n\n<p class=\"has-big-font-size\">Seitenliste<\/p>\n\n\n\n<p class=\"has-big-font-size\">Suche<\/p>\n\n\n\n<p class=\"has-big-font-size\">Social Icons<\/p>\n\n\n\n<p class=\"has-big-font-size\">Schlagwortwolke<\/p>\n\n\n\n<p class=\"has-big-font-size\"><\/p>\n\n\n\n<p class=\"has-big-font-size\">Theme<\/p>\n\n\n\n<p class=\"has-big-font-size\">Abfrageschleife<\/p>\n\n\n\n<p class=\"has-big-font-size\">Avatar<br>Titel<\/p>\n\n\n\n<p class=\"has-big-font-size\">Textauszug<\/p>\n\n\n\n<p class=\"has-big-font-size\">Beitragsbild<\/p>\n\n\n\n<p class=\"has-big-font-size\">Name des Autors<\/p>\n\n\n\n<p class=\"has-big-font-size\">Anzahl der Kommentare<\/p>\n\n\n\n<p class=\"has-big-font-size\">Link zu den Kommentaren<\/p>\n\n\n\n<p class=\"has-big-font-size\">Datum<\/p>\n\n\n\n<p class=\"has-big-font-size\">Ver\u00f6ffentlichungsdatum<\/p>\n\n\n\n<p class=\"has-big-font-size\">\u00c4nderungsdatum<\/p>\n\n\n\n<p class=\"has-big-font-size\">Lesedauer<\/p>\n\n\n\n<p class=\"has-big-font-size\">Anzahl der W\u00f6rter<\/p>\n\n\n\n<p class=\"has-big-font-size\">Weiterlesen<\/p>\n\n\n\n<p class=\"has-big-font-size\">Kommentare<\/p>\n\n\n\n<p class=\"has-big-font-size\">Kommentar-Formular<\/p>\n\n\n\n<p class=\"has-big-font-size\">Begriffsanzahl<\/p>\n\n\n\n<p class=\"has-big-font-size\">Name des Begriffs<\/p>\n\n\n\n<p class=\"has-big-font-size\">Begriffsabfrage<\/p>\n\n\n\n<p class=\"has-big-font-size\">Archiv-Titel<\/p>\n\n\n\n<p class=\"has-big-font-size\">Titel der Suchergebnisse<\/p>\n\n\n\n<p class=\"has-big-font-size\">Beschriftung des Inhaltstyps<\/p>\n\n\n\n<p class=\"has-big-font-size\">Biografie des Autors <\/p>\n    <div style=\"display: none\">\n        \n    <\/div>","protected":false},"excerpt":{"rendered":"<p>Abfrage-Schleife: Begriffsliste: Akkordeon Raster Kalender Kategorienliste Neueste Beitr\u00e4ge Seitenliste Suche Social Icons Schlagwortwolke Theme Abfrageschleife AvatarTitel Textauszug Beitragsbild Name des Autors Anzahl der Kommentare Link zu den Kommentaren Datum Ver\u00f6ffentlichungsdatum \u00c4nderungsdatum Lesedauer Anzahl der W\u00f6rter Weiterlesen Kommentare Kommentar-Formular Begriffsanzahl Name des Begriffs Begriffsabfrage Archiv-Titel Titel der Suchergebnisse Beschriftung des Inhaltstyps Biografie des Autors<\/p>\n","protected":false},"author":16,"featured_media":0,"parent":0,"menu_order":0,"comment_status":"closed","ping_status":"closed","template":"","meta":{"footnotes":""},"categories":[],"tags":[],"class_list":["post-119316","page","type-page","status-publish","hentry"],"content_raw":"<!-- wp:paragraph -->\n<p class=\"has-big-font-size\">Abfrage-Schleife:<\/p>\n<!-- \/wp:paragraph -->\n\n<!-- wp:query {\"queryId\":4,\"query\":{\"perPage\":10,\"pages\":0,\"offset\":0,\"postType\":\"post\",\"order\":\"desc\",\"orderBy\":\"date\",\"author\":\"\",\"search\":\"\",\"exclude\":[],\"sticky\":\"\",\"inherit\":true},\"metadata\":{\"categories\":[\"posts\"],\"patternName\":\"core\/query-small-posts\",\"name\":\"Kleines Bild und Titel\"}} -->\n<div class=\"wp-block-query\"><!-- wp:post-template -->\n<!-- wp:columns {\"verticalAlignment\":\"center\",\"className\":\"\"} -->\n<div class=\"wp-block-columns are-vertically-aligned-center\"><!-- wp:column {\"verticalAlignment\":\"center\",\"width\":\"25%\"} -->\n<div class=\"wp-block-column is-vertically-aligned-center\" style=\"flex-basis:25%\"><!-- wp:post-featured-image {\"isLink\":true} \/--><\/div>\n<!-- \/wp:column -->\n\n<!-- wp:column {\"verticalAlignment\":\"center\",\"width\":\"75%\"} -->\n<div class=\"wp-block-column is-vertically-aligned-center\" style=\"flex-basis:75%\"><!-- wp:post-title {\"isLink\":true} \/--><\/div>\n<!-- \/wp:column --><\/div>\n<!-- \/wp:columns -->\n<!-- \/wp:post-template --><\/div>\n<!-- \/wp:query -->\n\n<!-- wp:paragraph -->\n<p class=\"has-big-font-size\">Begriffsliste:<\/p>\n<!-- \/wp:paragraph -->\n\n<!-- wp:categories {\"taxonomy\":\"post_tag\"} \/-->\n\n<!-- wp:paragraph -->\n<p class=\"has-big-font-size\">Akkordeon<\/p>\n<!-- \/wp:paragraph -->\n\n<!-- wp:paragraph -->\n<p class=\"has-big-font-size\">Raster<\/p>\n<!-- \/wp:paragraph -->\n\n<!-- wp:paragraph -->\n<p class=\"has-big-font-size\">Kalender<\/p>\n<!-- \/wp:paragraph -->\n\n<!-- wp:paragraph -->\n<p class=\"has-big-font-size\">Kategorienliste<\/p>\n<!-- \/wp:paragraph -->\n\n<!-- wp:paragraph -->\n<p class=\"has-big-font-size\">Neueste Beitr\u00e4ge<\/p>\n<!-- \/wp:paragraph -->\n\n<!-- wp:paragraph -->\n<p class=\"has-big-font-size\">Seitenliste<\/p>\n<!-- \/wp:paragraph -->\n\n<!-- wp:paragraph -->\n<p class=\"has-big-font-size\">Suche<\/p>\n<!-- \/wp:paragraph -->\n\n<!-- wp:paragraph -->\n<p class=\"has-big-font-size\">Social Icons<\/p>\n<!-- \/wp:paragraph -->\n\n<!-- wp:paragraph -->\n<p class=\"has-big-font-size\">Schlagwortwolke<\/p>\n<!-- \/wp:paragraph -->\n\n<!-- wp:paragraph -->\n<p class=\"has-big-font-size\"><\/p>\n<!-- \/wp:paragraph -->\n\n<!-- wp:paragraph -->\n<p class=\"has-big-font-size\">Theme<\/p>\n<!-- \/wp:paragraph -->\n\n<!-- wp:paragraph -->\n<p class=\"has-big-font-size\">Abfrageschleife<\/p>\n<!-- \/wp:paragraph -->\n\n<!-- wp:paragraph -->\n<p class=\"has-big-font-size\">Avatar<br>Titel<\/p>\n<!-- \/wp:paragraph -->\n\n<!-- wp:paragraph -->\n<p class=\"has-big-font-size\">Textauszug<\/p>\n<!-- \/wp:paragraph -->\n\n<!-- wp:paragraph -->\n<p class=\"has-big-font-size\">Beitragsbild<\/p>\n<!-- \/wp:paragraph -->\n\n<!-- wp:paragraph -->\n<p class=\"has-big-font-size\">Name des Autors<\/p>\n<!-- \/wp:paragraph -->\n\n<!-- wp:paragraph -->\n<p class=\"has-big-font-size\">Anzahl der Kommentare<\/p>\n<!-- \/wp:paragraph -->\n\n<!-- wp:paragraph -->\n<p class=\"has-big-font-size\">Link zu den Kommentaren<\/p>\n<!-- \/wp:paragraph -->\n\n<!-- wp:paragraph -->\n<p class=\"has-big-font-size\">Datum<\/p>\n<!-- \/wp:paragraph -->\n\n<!-- wp:paragraph -->\n<p class=\"has-big-font-size\">Ver\u00f6ffentlichungsdatum<\/p>\n<!-- \/wp:paragraph -->\n\n<!-- wp:paragraph -->\n<p class=\"has-big-font-size\">\u00c4nderungsdatum<\/p>\n<!-- \/wp:paragraph -->\n\n<!-- wp:paragraph -->\n<p class=\"has-big-font-size\">Lesedauer<\/p>\n<!-- \/wp:paragraph -->\n\n<!-- wp:paragraph -->\n<p class=\"has-big-font-size\">Anzahl der W\u00f6rter<\/p>\n<!-- \/wp:paragraph -->\n\n<!-- wp:paragraph -->\n<p class=\"has-big-font-size\">Weiterlesen<\/p>\n<!-- \/wp:paragraph -->\n\n<!-- wp:paragraph -->\n<p class=\"has-big-font-size\">Kommentare<\/p>\n<!-- \/wp:paragraph -->\n\n<!-- wp:paragraph -->\n<p class=\"has-big-font-size\">Kommentar-Formular<\/p>\n<!-- \/wp:paragraph -->\n\n<!-- wp:paragraph -->\n<p class=\"has-big-font-size\">Begriffsanzahl<\/p>\n<!-- \/wp:paragraph -->\n\n<!-- wp:paragraph -->\n<p class=\"has-big-font-size\">Name des Begriffs<\/p>\n<!-- \/wp:paragraph -->\n\n<!-- wp:paragraph -->\n<p class=\"has-big-font-size\">Begriffsabfrage<\/p>\n<!-- \/wp:paragraph -->\n\n<!-- wp:paragraph -->\n<p class=\"has-big-font-size\">Archiv-Titel<\/p>\n<!-- \/wp:paragraph -->\n\n<!-- wp:paragraph -->\n<p class=\"has-big-font-size\">Titel der Suchergebnisse<\/p>\n<!-- \/wp:paragraph -->\n\n<!-- wp:paragraph -->\n<p class=\"has-big-font-size\">Beschriftung des Inhaltstyps<\/p>\n<!-- \/wp:paragraph -->\n\n<!-- wp:paragraph -->\n<p class=\"has-big-font-size\">Biografie des Autors <\/p>\n<!-- \/wp:paragraph -->","_links":{"self":[{"href":"https:\/\/cms.zdv.uni-mainz.de\/modul-demo\/wp-json\/wp\/v2\/pages\/119316","targetHints":{"allow":["GET"]}}],"collection":[{"href":"https:\/\/cms.zdv.uni-mainz.de\/modul-demo\/wp-json\/wp\/v2\/pages"}],"about":[{"href":"https:\/\/cms.zdv.uni-mainz.de\/modul-demo\/wp-json\/wp\/v2\/types\/page"}],"author":[{"embeddable":true,"href":"https:\/\/cms.zdv.uni-mainz.de\/modul-demo\/wp-json\/wp\/v2\/users\/16"}],"replies":[{"embeddable":true,"href":"https:\/\/cms.zdv.uni-mainz.de\/modul-demo\/wp-json\/wp\/v2\/comments?post=119316"}],"version-history":[{"count":2,"href":"https:\/\/cms.zdv.uni-mainz.de\/modul-demo\/wp-json\/wp\/v2\/pages\/119316\/revisions"}],"predecessor-version":[{"id":119322,"href":"https:\/\/cms.zdv.uni-mainz.de\/modul-demo\/wp-json\/wp\/v2\/pages\/119316\/revisions\/119322"}],"wp:attachment":[{"href":"https:\/\/cms.zdv.uni-mainz.de\/modul-demo\/wp-json\/wp\/v2\/media?parent=119316"}],"wp:term":[{"taxonomy":"category","embeddable":true,"href":"https:\/\/cms.zdv.uni-mainz.de\/modul-demo\/wp-json\/wp\/v2\/categories?post=119316"},{"taxonomy":"post_tag","embeddable":true,"href":"https:\/\/cms.zdv.uni-mainz.de\/modul-demo\/wp-json\/wp\/v2\/tags?post=119316"}],"curies":[{"name":"wp","href":"https:\/\/api.w.org\/{rel}","templated":true}]}}