{"id":2723,"date":"2022-07-28T10:30:57","date_gmt":"2022-07-28T08:30:57","guid":{"rendered":"https:\/\/cms-test.zdv.uni-mainz.de\/demo-module\/?page_id=2723"},"modified":"2025-03-10T18:09:43","modified_gmt":"2025-03-10T17:09:43","slug":"collapse","status":"publish","type":"page","link":"https:\/\/cms.zdv.uni-mainz.de\/modul-demo\/collapse\/","title":{"rendered":"Aufklappbarer Bereich"},"content":{"rendered":"<jgu-base-pageheader react-props=\"{\n    &quot;items&quot;: [\n        {\n            &quot;box&quot;: {\n                &quot;index&quot;: &quot;&quot;,\n                &quot;title&quot;: &quot;Aufklappbarer Bereich \\\/ Collapsible Area&quot;,\n                &quot;link&quot;: {\n                    &quot;url&quot;: &quot;&quot;,\n                    &quot;title&quot;: &quot;learn more&quot;\n                }\n            },\n            &quot;color&quot;: &quot;default&quot;,\n            &quot;image&quot;: {\n                &quot;url&quot;: &quot;&quot;\n            },\n            &quot;imgCredit&quot;: &quot;&quot;,\n            &quot;video&quot;: false\n        }\n    ],\n    &quot;type&quot;: &quot;border&quot;,\n    &quot;useBreadcrumb&quot;: true,\n    &quot;align&quot;: &quot;full&quot;,\n    &quot;quicklinks&quot;: {\n        &quot;show&quot;: false,\n        &quot;selects&quot;: []\n    }\n}\">\n<\/jgu-base-pageheader>\n\n\n<p>Verwenden Sie diesen Block ausschlie\u00dflich f\u00fcr einfache Texte und nicht f\u00fcr andere Bl\u00f6cke (z.B. \u00dcberschriften, Schwerpunkte, Buttons).<\/p>\n\n\n\n<p>Beim Aufklappbaren Bereich ist der enthaltene Text nach 5 Zeilen (diesen Standardwert \u00e4ndern Sie ab) nicht mehr sichtbar. Dort wird ein weiterlesen + angezeigt.<\/p>\n\n\n<jgu-base-collapsiblearea class=\"is-layout-flow wp-block-jgu-collapsible-area-is-layout-flow\" react-props=\"{&quot;visibleLines&quot;:5,&quot;collapse&quot;:&quot;always&quot;,&quot;collapsedHeight&quot;:150,&quot;content&quot;:&quot;\\n\\n&lt;p&gt; Hier beginnt der aufklappbare Bereich. Der Inhalt mu\\u00df mindestens 5 Zeilen einnehmen. Denken Sie dabei auch an gro\\u00dfe Bildschirme. Ist der Bereich k\\u00fcrzer als 5 Zeilen, kann das weiterlesen+ nicht angezeigt werden.&lt;\\\/p&gt;\\n\\n\\n\\n&lt;p&gt;Darum enth\\u00e4lt dieser Text noch einen weiteren Absatz.&lt;\\\/p&gt;\\n\\n\\n\\n&lt;p&gt;Und einen Abstandshalter:&lt;\\\/p&gt;\\n\\n\\n\\n&lt;div style=\\&quot;height:90px\\&quot; aria-hidden=\\&quot;true\\&quot; class=\\&quot;wp-block-spacer\\&quot;&gt;&lt;\\\/div&gt;\\n\\n\\n\\n&lt;p&gt;Hier endet der aufklappbare Bereich. Ist der Inhalt im Aufklappbaren Bereich kleiner als 5 Zeilen, verschwindet das weiterlesen +.&lt;\\\/p&gt;\\n\\n\\n&lt;jgu-base-heading react-props=\\&quot;{\\n    &amp;quot;tags&amp;quot;: {\\n        &amp;quot;htmlTag&amp;quot;: &amp;quot;h2&amp;quot;,\\n        &amp;quot;classTag&amp;quot;: &amp;quot;&amp;quot;,\\n        &amp;quot;tag&amp;quot;: &amp;quot;h2&amp;quot;\\n    },\\n    &amp;quot;heading&amp;quot;: &amp;quot;\\\\u00fcberschrift: wird nicht angezeigt &amp;quot;,\\n    &amp;quot;textAlign&amp;quot;: &amp;quot;left&amp;quot;,\\n    &amp;quot;anchor&amp;quot;: &amp;quot;&amp;quot;,\\n    &amp;quot;index&amp;quot;: &amp;quot;&amp;quot;,\\n    &amp;quot;color&amp;quot;: &amp;quot;red&amp;quot;\\n}\\&quot;&gt;&lt;\\\/jgu-base-heading&gt;\\n\\n\\n\\n&lt;p&gt;jgu-fis: doi links werden \\u00fcberlappend angezeigt&lt;\\\/p&gt;\\n\\n\\n&lt;div&gt;\\n\\n\\t\\n\\t&lt;div class=\\&quot;csl-bib-body\\&quot;&gt;\\n  &lt;div class=\\&quot;csl-entry\\&quot;&gt;Zhang, Y., Chen, R., Zhang, G., et al. (2026). HyTorC: Hybrid Address Translation for SSDs Supporting Compression. &lt;i&gt;ACM Transactions on Storage&lt;\\\/i&gt;, &lt;i&gt;22&lt;\\\/i&gt;(2), 1-31. &lt;a href=\\&quot;https:\\\/\\\/doi.org\\\/10.1145\\\/3767335\\&quot; title=\\&quot;Bibliographische Informationen\\&quot;&gt;DOI&lt;\\\/a&gt;&lt;\\\/div&gt;\\n  &lt;div class=\\&quot;csl-entry\\&quot;&gt;Sa\\u00df, J., Brinkmann, A., He, X., et al. (2025). ZTL: Enabling Zoned Namespace Support for\\nFile Systems. In S. Tomforde, C. Krupitzer, E. Suarez, und T. Pionteck (Hrsg.), &lt;i&gt;Lecture Notes in Computer Science (including subseries Lecture Notes in Artificial Intelligence and Lecture Notes in Bioinformatics)&lt;\\\/i&gt; (Bde. 15839). Cham:Springer. &lt;a href=\\&quot;https:\\\/\\\/link.springer.com\\\/book\\\/9783032032805\\&quot; title=\\&quot;Bibliographische Informationen\\&quot; &gt;Author\\\/Publisher URL&lt;\\\/a&gt;&lt;\\\/div&gt;\\n  &lt;div class=\\&quot;csl-entry\\&quot;&gt;Kishani, M., Ahmadi, S., Ahmadian, S., et al. (2025). ELICA: Efficient and Load Balanced I\\\/O Cache Architecture for Hyperconverged Infrastructures. &lt;i&gt;IEEE Transactions on Parallel and Distributed Systems&lt;\\\/i&gt;, &lt;i&gt;36&lt;\\\/i&gt;(10), 2152-2168. &lt;a href=\\&quot;https:\\\/\\\/doi.org\\\/10.1109\\\/tpds.2025.3592275\\&quot; title=\\&quot;Bibliographische Informationen\\&quot;&gt;DOI&lt;\\\/a&gt;&lt;\\\/div&gt;\\n  &lt;div class=\\&quot;csl-entry\\&quot;&gt;Al-Maaitah, N. O., Garcia-Blas, J., Sanchez-Gallegos, G., et al. (2025). A Comparative Study of Ad-hoc File Systems for Extreme Scale Computing. &lt;i&gt;Future Generation Computer Systems&lt;\\\/i&gt;, &lt;i&gt;170&lt;\\\/i&gt;, 1-18. &lt;a href=\\&quot;https:\\\/\\\/doi.org\\\/10.1016\\\/j.future.2025.107815\\&quot; title=\\&quot;Bibliographische Informationen\\&quot;&gt;DOI&lt;\\\/a&gt; &lt;a href=\\&quot;https:\\\/\\\/seafile.rlp.net\\\/f\\\/f8566cebc521493a98ec\\\/\\&quot; title=\\&quot;Bibliographische Informationen\\&quot; &gt;Author\\\/Publisher URL&lt;\\\/a&gt;&lt;\\\/div&gt;\\n  &lt;div class=\\&quot;csl-entry\\&quot;&gt;Cheng, W., Tu, S., Liu, Y., et al. (2025). FlashFox: a secret-sharing approach to securing data deletion for Flash-based SSD. &lt;i&gt;COMPUTER JOURNAL&lt;\\\/i&gt;, &lt;i&gt;68&lt;\\\/i&gt;(7), 734-748. &lt;a href=\\&quot;https:\\\/\\\/doi.org\\\/10.1093\\\/comjnl\\\/bxae145\\&quot; title=\\&quot;Bibliographische Informationen\\&quot;&gt;DOI&lt;\\\/a&gt; &lt;a href=\\&quot;https:\\\/\\\/www.webofscience.com\\\/api\\\/gateway?GWVersion=2&amp;SrcApp=fis-test-1&amp;SrcAuth=WosAPI&amp;KeyUT=WOS:001430958500001&amp;DestLinkType=FullRecord&amp;DestApp=WOS_CPL\\&quot; title=\\&quot;Bibliographische Informationen\\&quot; &gt;Author\\\/Publisher URL&lt;\\\/a&gt;&lt;\\\/div&gt;\\n&lt;\\\/div&gt;\\t\\n&lt;\\\/div&gt;\\n\\n&quot;,&quot;className&quot;:&quot;alignwide &quot;}\"><\/jgu-base-collapsiblearea>    <div style=\"display: none\">\n        \n    <\/div>","protected":false},"excerpt":{"rendered":"<p>Verwenden Sie diesen Block ausschlie\u00dflich f\u00fcr einfache Texte und nicht f\u00fcr andere Bl\u00f6cke (z.B. \u00dcberschriften, Schwerpunkte, Buttons). Beim Aufklappbaren Bereich ist der enthaltene Text nach 5 Zeilen (diesen Standardwert \u00e4ndern Sie ab) nicht mehr sichtbar. Dort wird ein weiterlesen + angezeigt.<\/p>\n","protected":false},"author":1,"featured_media":0,"parent":0,"menu_order":0,"comment_status":"closed","ping_status":"closed","template":"","meta":{"footnotes":""},"categories":[],"tags":[],"class_list":["post-2723","page","type-page","status-publish","hentry"],"content_raw":"<!-- wp:jgu\/pageheader {\"items\":[{\"box\":{\"index\":\"\",\"title\":\"Aufklappbarer Bereich \/ Collapsible Area\",\"link\":{\"url\":\"\",\"title\":\"learn more\"}},\"color\":\"default\",\"image\":{\"url\":\"\"},\"imgCredit\":\"\",\"video\":false}],\"type\":\"border\",\"useBreadcrumb\":true} \/-->\n\n<!-- wp:paragraph -->\n<p>Verwenden Sie diesen Block ausschlie\u00dflich f\u00fcr einfache Texte und nicht f\u00fcr andere Bl\u00f6cke (z.B. \u00dcberschriften, Schwerpunkte, Buttons).<\/p>\n<!-- \/wp:paragraph -->\n\n<!-- wp:paragraph -->\n<p>Beim Aufklappbaren Bereich ist der enthaltene Text nach 5 Zeilen (diesen Standardwert \u00e4ndern Sie ab) nicht mehr sichtbar. Dort wird ein weiterlesen + angezeigt.<\/p>\n<!-- \/wp:paragraph -->\n\n<!-- wp:jgu\/collapsible-area -->\n<!-- wp:paragraph -->\n<p> Hier beginnt der aufklappbare Bereich. Der Inhalt mu\u00df mindestens 5 Zeilen einnehmen. Denken Sie dabei auch an gro\u00dfe Bildschirme. Ist der Bereich k\u00fcrzer als 5 Zeilen, kann das weiterlesen+ nicht angezeigt werden.<\/p>\n<!-- \/wp:paragraph -->\n\n<!-- wp:paragraph -->\n<p>Darum enth\u00e4lt dieser Text noch einen weiteren Absatz.<\/p>\n<!-- \/wp:paragraph -->\n\n<!-- wp:paragraph -->\n<p>Und einen Abstandshalter:<\/p>\n<!-- \/wp:paragraph -->\n\n<!-- wp:spacer -->\n<div style=\"height:90px\" aria-hidden=\"true\" class=\"wp-block-spacer\"><\/div>\n<!-- \/wp:spacer -->\n\n<!-- wp:paragraph -->\n<p>Hier endet der aufklappbare Bereich. Ist der Inhalt im Aufklappbaren Bereich kleiner als 5 Zeilen, verschwindet das weiterlesen +.<\/p>\n<!-- \/wp:paragraph -->\n\n<!-- wp:jgu\/heading {\"tags\":{\"htmlTag\":\"h2\",\"classTag\":\"\",\"tag\":\"h2\"},\"heading\":\"\u00fcberschrift: wird nicht angezeigt \"} \/-->\n\n<!-- wp:paragraph -->\n<p>jgu-fis: doi links werden \u00fcberlappend angezeigt<\/p>\n<!-- \/wp:paragraph -->\n\n<!-- wp:jgu\/fis {\"n\":\"5\",\"user\":\"brinkman\"} \/-->\n<!-- \/wp:jgu\/collapsible-area -->","_links":{"self":[{"href":"https:\/\/cms.zdv.uni-mainz.de\/modul-demo\/wp-json\/wp\/v2\/pages\/2723","targetHints":{"allow":["GET"]}}],"collection":[{"href":"https:\/\/cms.zdv.uni-mainz.de\/modul-demo\/wp-json\/wp\/v2\/pages"}],"about":[{"href":"https:\/\/cms.zdv.uni-mainz.de\/modul-demo\/wp-json\/wp\/v2\/types\/page"}],"author":[{"embeddable":true,"href":"https:\/\/cms.zdv.uni-mainz.de\/modul-demo\/wp-json\/wp\/v2\/users\/1"}],"replies":[{"embeddable":true,"href":"https:\/\/cms.zdv.uni-mainz.de\/modul-demo\/wp-json\/wp\/v2\/comments?post=2723"}],"version-history":[{"count":16,"href":"https:\/\/cms.zdv.uni-mainz.de\/modul-demo\/wp-json\/wp\/v2\/pages\/2723\/revisions"}],"predecessor-version":[{"id":116768,"href":"https:\/\/cms.zdv.uni-mainz.de\/modul-demo\/wp-json\/wp\/v2\/pages\/2723\/revisions\/116768"}],"wp:attachment":[{"href":"https:\/\/cms.zdv.uni-mainz.de\/modul-demo\/wp-json\/wp\/v2\/media?parent=2723"}],"wp:term":[{"taxonomy":"category","embeddable":true,"href":"https:\/\/cms.zdv.uni-mainz.de\/modul-demo\/wp-json\/wp\/v2\/categories?post=2723"},{"taxonomy":"post_tag","embeddable":true,"href":"https:\/\/cms.zdv.uni-mainz.de\/modul-demo\/wp-json\/wp\/v2\/tags?post=2723"}],"curies":[{"name":"wp","href":"https:\/\/api.w.org\/{rel}","templated":true}]}}