{"id":2759,"date":"2022-07-28T15:50:30","date_gmt":"2022-07-28T13:50:30","guid":{"rendered":"https:\/\/cms-test.zdv.uni-mainz.de\/demo-module\/?page_id=2759"},"modified":"2024-02-21T08:45:58","modified_gmt":"2024-02-21T07:45:58","slug":"image","status":"publish","type":"page","link":"https:\/\/cms.zdv.uni-mainz.de\/modul-demo\/image\/","title":{"rendered":"Image"},"content":{"rendered":"\n<p class=\"has-big-font-size\">In der\u00a0Mediathek werden die Urheberrechtsangaben in den Bildinformationen hinterlegt. Diese hinterlegten Informationen k\u00f6nnen bei der reinen Nennung im Impressum auf der Seite bei den Einstellungen im Block &#8218;Bild&#8216; ausgeblendet werden. So w\u00fcrden die Bildrechte &#8211; auch ohne Ver\u00f6ffentlichung beim Bild &#8211; in den Bildinformationen gespeichert bleiben und z.B. f\u00fcr unterschiedl. Redakteure nachvollziehbar bleiben.)<br><\/p>\n\n\n<jgu-base-image react-props=\"{\n    &quot;align&quot;: &quot;center&quot;,\n    &quot;image&quot;: {\n        &quot;url&quot;: &quot;https:\\\/\\\/cms.zdv.uni-mainz.de\\\/modul-demo\\\/wp-content\\\/uploads\\\/sites\\\/22\\\/2024\\\/01\\\/2019-02-03_20-marmor-pferdekopf-scaled.jpg&quot;,\n        &quot;id&quot;: 113781,\n        &quot;credit&quot;: &quot;100 Prozent gr\\u00fcn&quot;,\n        &quot;alt&quot;: &quot;Um den Marmorkopf eines Pferdes ranken Farne&quot;,\n        &quot;caption&quot;: &quot;Equus romanus&quot;,\n        &quot;title&quot;: &quot;2019-02-03_20-marmor-pferdekopf&quot;,\n        &quot;width&quot;: 2560,\n        &quot;height&quot;: 1707,\n        &quot;srcset&quot;: &quot;https:\\\/\\\/cms.zdv.uni-mainz.de\\\/modul-demo\\\/wp-content\\\/uploads\\\/sites\\\/22\\\/2024\\\/01\\\/2019-02-03_20-marmor-pferdekopf-scaled.jpg 2560w, https:\\\/\\\/cms.zdv.uni-mainz.de\\\/modul-demo\\\/wp-content\\\/uploads\\\/sites\\\/22\\\/2024\\\/01\\\/2019-02-03_20-marmor-pferdekopf-300x200.jpg 300w, https:\\\/\\\/cms.zdv.uni-mainz.de\\\/modul-demo\\\/wp-content\\\/uploads\\\/sites\\\/22\\\/2024\\\/01\\\/2019-02-03_20-marmor-pferdekopf-1024x683.jpg 1024w, https:\\\/\\\/cms.zdv.uni-mainz.de\\\/modul-demo\\\/wp-content\\\/uploads\\\/sites\\\/22\\\/2024\\\/01\\\/2019-02-03_20-marmor-pferdekopf-768x512.jpg 768w, https:\\\/\\\/cms.zdv.uni-mainz.de\\\/modul-demo\\\/wp-content\\\/uploads\\\/sites\\\/22\\\/2024\\\/01\\\/2019-02-03_20-marmor-pferdekopf-1536x1024.jpg 1536w, https:\\\/\\\/cms.zdv.uni-mainz.de\\\/modul-demo\\\/wp-content\\\/uploads\\\/sites\\\/22\\\/2024\\\/01\\\/2019-02-03_20-marmor-pferdekopf-2048x1365.jpg 2048w&quot;\n    },\n    &quot;caption&quot;: &quot;Test - Bild 1&quot;,\n    &quot;width&quot;: 380,\n    &quot;hasLightbox&quot;: false,\n    &quot;imgWidth&quot;: 0,\n    &quot;link&quot;: {\n        &quot;url&quot;: &quot;&quot;,\n        &quot;target&quot;: &quot;&quot;,\n        &quot;rel&quot;: &quot;&quot;\n    }\n}\" class=\"align-center\">\n    \n<\/jgu-base-image>    <div style=\"display: none\">\n        \n    <\/div>","protected":false},"excerpt":{"rendered":"<p>In der\u00a0Mediathek werden die Urheberrechtsangaben in den Bildinformationen hinterlegt. Diese hinterlegten Informationen k\u00f6nnen bei der reinen Nennung im Impressum auf der Seite bei den Einstellungen im Block &#8218;Bild&#8216; ausgeblendet werden. So w\u00fcrden die Bildrechte &#8211; auch ohne Ver\u00f6ffentlichung beim Bild &#8211; in den Bildinformationen gespeichert bleiben und z.B. f\u00fcr unterschiedl. Redakteure nachvollziehbar bleiben.)<\/p>\n","protected":false},"author":1,"featured_media":0,"parent":0,"menu_order":0,"comment_status":"closed","ping_status":"closed","template":"","meta":{"footnotes":""},"categories":[],"tags":[],"class_list":["post-2759","page","type-page","status-publish","hentry"],"content_raw":"<!-- wp:paragraph -->\n<p class=\"has-big-font-size\">In der\u00a0Mediathek werden die Urheberrechtsangaben in den Bildinformationen hinterlegt. Diese hinterlegten Informationen k\u00f6nnen bei der reinen Nennung im Impressum auf der Seite bei den Einstellungen im Block 'Bild' ausgeblendet werden. So w\u00fcrden die Bildrechte - auch ohne Ver\u00f6ffentlichung beim Bild - in den Bildinformationen gespeichert bleiben und z.B. f\u00fcr unterschiedl. Redakteure nachvollziehbar bleiben.)<br><\/p>\n<!-- \/wp:paragraph -->\n\n<!-- wp:jgu\/image {\"align\":\"center\",\"image\":{\"url\":null,\"id\":113781,\"credit\":\"100 Prozent gr\u00fcn\"},\"caption\":\"Test - Bild 1\",\"width\":380} \/-->","_links":{"self":[{"href":"https:\/\/cms.zdv.uni-mainz.de\/modul-demo\/wp-json\/wp\/v2\/pages\/2759","targetHints":{"allow":["GET"]}}],"collection":[{"href":"https:\/\/cms.zdv.uni-mainz.de\/modul-demo\/wp-json\/wp\/v2\/pages"}],"about":[{"href":"https:\/\/cms.zdv.uni-mainz.de\/modul-demo\/wp-json\/wp\/v2\/types\/page"}],"author":[{"embeddable":true,"href":"https:\/\/cms.zdv.uni-mainz.de\/modul-demo\/wp-json\/wp\/v2\/users\/1"}],"replies":[{"embeddable":true,"href":"https:\/\/cms.zdv.uni-mainz.de\/modul-demo\/wp-json\/wp\/v2\/comments?post=2759"}],"version-history":[{"count":2,"href":"https:\/\/cms.zdv.uni-mainz.de\/modul-demo\/wp-json\/wp\/v2\/pages\/2759\/revisions"}],"predecessor-version":[{"id":115067,"href":"https:\/\/cms.zdv.uni-mainz.de\/modul-demo\/wp-json\/wp\/v2\/pages\/2759\/revisions\/115067"}],"wp:attachment":[{"href":"https:\/\/cms.zdv.uni-mainz.de\/modul-demo\/wp-json\/wp\/v2\/media?parent=2759"}],"wp:term":[{"taxonomy":"category","embeddable":true,"href":"https:\/\/cms.zdv.uni-mainz.de\/modul-demo\/wp-json\/wp\/v2\/categories?post=2759"},{"taxonomy":"post_tag","embeddable":true,"href":"https:\/\/cms.zdv.uni-mainz.de\/modul-demo\/wp-json\/wp\/v2\/tags?post=2759"}],"curies":[{"name":"wp","href":"https:\/\/api.w.org\/{rel}","templated":true}]}}