{"id":440,"date":"2024-01-02T08:36:54","date_gmt":"2024-01-02T07:36:54","guid":{"rendered":"https:\/\/cms.zdv.uni-mainz.de\/zdv\/?page_id=440"},"modified":"2026-02-25T11:24:35","modified_gmt":"2026-02-25T10:24:35","slug":"leichte-sprache","status":"publish","type":"page","link":"https:\/\/cms.zdv.uni-mainz.de\/modul-demo\/ge\/leichte-sprache\/","title":{"rendered":"Leichte Sprache"},"content":{"rendered":"<jgu-base-heading react-props=\"{\n    &quot;index&quot;: &quot;Leichte Sprache&quot;,\n    &quot;tags&quot;: {\n        &quot;htmlTag&quot;: &quot;h2&quot;,\n        &quot;classTag&quot;: &quot;&quot;,\n        &quot;tag&quot;: &quot;h2&quot;\n    },\n    &quot;heading&quot;: &quot;Das Zentrum f\\u00fcr Datenverarbeitung&quot;,\n    &quot;textAlign&quot;: &quot;left&quot;,\n    &quot;anchor&quot;: &quot;&quot;,\n    &quot;color&quot;: &quot;red&quot;\n}\"><\/jgu-base-heading>\n\n\n\n<p class=\"has-big-font-size\">Das ist die Internet-Seite vom Zentrum f\u00fcr Datenverarbeitung.<\/p>\n\n\n\n<p class=\"has-big-font-size\">Das Zentrum f\u00fcr Datenverarbeitung ist eine zentrale Einrichtung an der Johannes-Gutenberg Universit\u00e4t Mainz.<\/p>\n\n\n\n<p class=\"has-big-font-size\">Das Zentrum f\u00fcr Datenverarbeitung hat folgende Aufgaben:<\/p>\n\n\n\n<ul class=\"wp-block-list has-big-font-size\">\n<li>Den Instituten beim kaufen von Rechnern helfen.<\/li>\n\n\n\n<li>Alle an der Uni sollen einen Internet-Zugang haben.<\/li>\n\n\n\n<li>Die Daten der Uni sichern.<\/li>\n\n\n\n<li>Beim Ausdrucken helfen.<\/li>\n\n\n\n<li>Programme bereitstellen:\n<ul class=\"wp-block-list has-big-font-size\">\n<li>Alle an der Uni bekommen Mail vom Zentrum f\u00fcr Datenverarbeitung.<\/li>\n\n\n\n<li>Die Studierenden bekommen Stundenpl\u00e4ne<\/li>\n\n\n\n<li>Die Lehrer bekommen Programme f\u00fcr Kurse und Pr\u00fcfungen.<\/li>\n\n\n\n<li>Alle an der JGU Webseiten k\u00f6nnen eigene Webseiten machen.<\/li>\n\n\n\n<li>F\u00fcr die Verwaltung der Uni<\/li>\n<\/ul>\n<\/li>\n<\/ul>\n\n\n<jgu-base-heading react-props=\"{\n    &quot;tags&quot;: {\n        &quot;htmlTag&quot;: &quot;h2&quot;,\n        &quot;classTag&quot;: &quot;&quot;,\n        &quot;tag&quot;: &quot;h2&quot;\n    },\n    &quot;heading&quot;: &quot;Leichte Sprache - eine kurze Anleitung&quot;,\n    &quot;textAlign&quot;: &quot;left&quot;,\n    &quot;anchor&quot;: &quot;&quot;,\n    &quot;index&quot;: &quot;&quot;,\n    &quot;color&quot;: &quot;red&quot;\n}\"><\/jgu-base-heading>\n\n\n\n<p class=\"has-big-font-size\">Leichte Sprache ist standardisiert. Grundregel ist eine Information pro Satz. Sie m\u00fcssen einfache Bilder zugef\u00fcgt werden.Dilemma: aus kurzen Fachtexten werden l\u00e4ngere Texte in leichter Sprache.<\/p>\n\n\n<jgu-base-heading react-props=\"{\n    &quot;tags&quot;: {\n        &quot;htmlTag&quot;: &quot;h3&quot;,\n        &quot;classTag&quot;: &quot;&quot;,\n        &quot;tag&quot;: &quot;h3&quot;\n    },\n    &quot;heading&quot;: &quot;Wortebene&quot;,\n    &quot;textAlign&quot;: &quot;left&quot;,\n    &quot;anchor&quot;: &quot;&quot;,\n    &quot;index&quot;: &quot;&quot;,\n    &quot;color&quot;: &quot;red&quot;\n}\"><\/jgu-base-heading>\n\n\n\n<p class=\"has-big-font-size\">Vermeiden Sie:<\/p>\n\n\n\n<ul class=\"wp-block-list\">\n<li>Substantivierungen<\/li>\n\n\n\n<li>Komposita<\/li>\n\n\n\n<li>lange W\u00f6rter<\/li>\n\n\n\n<li>Abk\u00fcrzungen<\/li>\n\n\n\n<li>veraltete und ungebr\u00e4uchliche W\u00f6rter<\/li>\n\n\n\n<li>Fachbegriffe<\/li>\n\n\n\n<li>Wortneusch\u00f6pfungen (Neologismen)<\/li>\n\n\n\n<li>Synonyme<\/li>\n<\/ul>\n\n\n<jgu-base-heading react-props=\"{\n    &quot;tags&quot;: {\n        &quot;htmlTag&quot;: &quot;h3&quot;,\n        &quot;classTag&quot;: &quot;&quot;,\n        &quot;tag&quot;: &quot;h3&quot;\n    },\n    &quot;heading&quot;: &quot;Satzebene&quot;,\n    &quot;textAlign&quot;: &quot;left&quot;,\n    &quot;anchor&quot;: &quot;&quot;,\n    &quot;index&quot;: &quot;&quot;,\n    &quot;color&quot;: &quot;red&quot;\n}\"><\/jgu-base-heading>\n\n\n\n<p class=\"has-big-font-size\">Vermeiden Sie:<\/p>\n\n\n\n<ul class=\"wp-block-list\">\n<li>Nebens\u00e4tze, <\/li>\n\n\n\n<li>zu lange S\u00e4tze, <\/li>\n\n\n\n<li>zu viele Infos pro Satz<\/li>\n\n\n\n<li>Schachtels\u00e4tze<\/li>\n\n\n\n<li>Passiv, indirekte Rede<\/li>\n\n\n\n<li>Konjunktive<\/li>\n\n\n\n<li>Umschreibungen<\/li>\n\n\n\n<li>Zeitformen<\/li>\n\n\n\n<li>Bez\u00fcge, z.B. Pronomen<\/li>\n\n\n\n<li>Genitiv (wird durch Dativ ersetzt)<\/li>\n\n\n\n<li>H\u00e4ufige Negation (wenn n\u00f6tig, wird das negierende Wort gefettet)<\/li>\n<\/ul>\n\n\n<jgu-base-heading react-props=\"{\n    &quot;tags&quot;: {\n        &quot;htmlTag&quot;: &quot;h3&quot;,\n        &quot;classTag&quot;: &quot;&quot;,\n        &quot;tag&quot;: &quot;h3&quot;\n    },\n    &quot;heading&quot;: &quot;Textebene Gestaltung&quot;,\n    &quot;textAlign&quot;: &quot;left&quot;,\n    &quot;anchor&quot;: &quot;&quot;,\n    &quot;index&quot;: &quot;&quot;,\n    &quot;color&quot;: &quot;red&quot;\n}\"><\/jgu-base-heading>\n\n\n\n<p class=\"has-big-font-size\">Textorientierung durch \u00dcberschriften und Bilder. Auf JGU Webseiten sind die meisten dieser Elemente bereits durch das vorgegebene Layout erreicht, also Kontrast, Schriftart, Zeilenabstand sind ja bereits vorgegeben.<\/p>\n\n\n\n<p class=\"has-big-font-size\">Vermeiden Sie:<\/p>\n\n\n\n<ul class=\"wp-block-list\">\n<li>Auszeichnungen (deren Grund nicht ersichtlich ist) wie fett und kursiv<\/li>\n\n\n\n<li>Kontraste<\/li>\n\n\n\n<li>geringer Zeilenabstand<\/li>\n\n\n\n<li>weniger Zeichen pro Zeile<\/li>\n\n\n\n<li>wechselnde Schriftarten<\/li>\n\n\n\n<li>geringer Zeichenabstand<\/li>\n\n\n\n<li>unterschiedliche Textk\u00f6rper (z.B. Blocksatz)<\/li>\n\n\n\n<li>Silbentrennung<\/li>\n<\/ul>\n    <div style=\"display: none\">\n        \n    <\/div>","protected":false},"excerpt":{"rendered":"<p>Das ist die Internet-Seite vom Zentrum f\u00fcr Datenverarbeitung. Das Zentrum f\u00fcr Datenverarbeitung ist eine zentrale Einrichtung an der Johannes-Gutenberg Universit\u00e4t Mainz. Das Zentrum f\u00fcr Datenverarbeitung hat folgende Aufgaben: Leichte Sprache ist standardisiert. Grundregel ist eine Information pro Satz. Sie m\u00fcssen einfache Bilder zugef\u00fcgt werden.Dilemma: aus kurzen Fachtexten werden l\u00e4ngere Texte in leichter Sprache. Vermeiden Sie: &hellip; <a href=\"https:\/\/cms.zdv.uni-mainz.de\/modul-demo\/ge\/leichte-sprache\/\">Weiter lesen<\/a><\/p>\n","protected":false},"author":16,"featured_media":0,"parent":115088,"menu_order":0,"comment_status":"closed","ping_status":"closed","template":"","meta":{"footnotes":""},"categories":[],"tags":[],"class_list":["post-440","page","type-page","status-publish","hentry"],"content_raw":"<!-- wp:jgu\/heading {\"index\":\"Leichte Sprache\",\"tags\":{\"htmlTag\":\"h2\",\"classTag\":\"\",\"tag\":\"h2\"},\"heading\":\"Das Zentrum f\u00fcr Datenverarbeitung\"} \/-->\n\n<!-- wp:paragraph -->\n<p class=\"has-big-font-size\">Das ist die Internet-Seite vom Zentrum f\u00fcr Datenverarbeitung.<\/p>\n<!-- \/wp:paragraph -->\n\n<!-- wp:paragraph -->\n<p class=\"has-big-font-size\">Das Zentrum f\u00fcr Datenverarbeitung ist eine zentrale Einrichtung an der Johannes-Gutenberg Universit\u00e4t Mainz.<\/p>\n<!-- \/wp:paragraph -->\n\n<!-- wp:paragraph -->\n<p class=\"has-big-font-size\">Das Zentrum f\u00fcr Datenverarbeitung hat folgende Aufgaben:<\/p>\n<!-- \/wp:paragraph -->\n\n<!-- wp:list {\"className\":\"has-big-font-size\"} -->\n<ul class=\"wp-block-list has-big-font-size\"><!-- wp:list-item -->\n<li>Den Instituten beim kaufen von Rechnern helfen.<\/li>\n<!-- \/wp:list-item -->\n\n<!-- wp:list-item -->\n<li>Alle an der Uni sollen einen Internet-Zugang haben.<\/li>\n<!-- \/wp:list-item -->\n\n<!-- wp:list-item -->\n<li>Die Daten der Uni sichern.<\/li>\n<!-- \/wp:list-item -->\n\n<!-- wp:list-item -->\n<li>Beim Ausdrucken helfen.<\/li>\n<!-- \/wp:list-item -->\n\n<!-- wp:list-item -->\n<li>Programme bereitstellen:<!-- wp:list {\"className\":\"has-big-font-size\"} -->\n<ul class=\"wp-block-list has-big-font-size\"><!-- wp:list-item -->\n<li>Alle an der Uni bekommen Mail vom Zentrum f\u00fcr Datenverarbeitung.<\/li>\n<!-- \/wp:list-item -->\n\n<!-- wp:list-item -->\n<li>Die Studierenden bekommen Stundenpl\u00e4ne<\/li>\n<!-- \/wp:list-item -->\n\n<!-- wp:list-item -->\n<li>Die Lehrer bekommen Programme f\u00fcr Kurse und Pr\u00fcfungen.<\/li>\n<!-- \/wp:list-item -->\n\n<!-- wp:list-item -->\n<li>Alle an der JGU Webseiten k\u00f6nnen eigene Webseiten machen.<\/li>\n<!-- \/wp:list-item -->\n\n<!-- wp:list-item -->\n<li>F\u00fcr die Verwaltung der Uni<\/li>\n<!-- \/wp:list-item --><\/ul>\n<!-- \/wp:list --><\/li>\n<!-- \/wp:list-item --><\/ul>\n<!-- \/wp:list -->\n\n<!-- wp:jgu\/heading {\"tags\":{\"htmlTag\":\"h2\",\"classTag\":\"\",\"tag\":\"h2\"},\"heading\":\"Leichte Sprache - eine kurze Anleitung\"} \/-->\n\n<!-- wp:paragraph -->\n<p class=\"has-big-font-size\">Leichte Sprache ist standardisiert. Grundregel ist eine Information pro Satz. Sie m\u00fcssen einfache Bilder zugef\u00fcgt werden.Dilemma: aus kurzen Fachtexten werden l\u00e4ngere Texte in leichter Sprache.<\/p>\n<!-- \/wp:paragraph -->\n\n<!-- wp:jgu\/heading {\"tags\":{\"htmlTag\":\"h3\",\"classTag\":\"\",\"tag\":\"h3\"},\"heading\":\"Wortebene\"} \/-->\n\n<!-- wp:paragraph -->\n<p class=\"has-big-font-size\">Vermeiden Sie:<\/p>\n<!-- \/wp:paragraph -->\n\n<!-- wp:list -->\n<ul class=\"wp-block-list\"><!-- wp:list-item -->\n<li>Substantivierungen<\/li>\n<!-- \/wp:list-item -->\n\n<!-- wp:list-item -->\n<li>Komposita<\/li>\n<!-- \/wp:list-item -->\n\n<!-- wp:list-item -->\n<li>lange W\u00f6rter<\/li>\n<!-- \/wp:list-item -->\n\n<!-- wp:list-item -->\n<li>Abk\u00fcrzungen<\/li>\n<!-- \/wp:list-item -->\n\n<!-- wp:list-item -->\n<li>veraltete und ungebr\u00e4uchliche W\u00f6rter<\/li>\n<!-- \/wp:list-item -->\n\n<!-- wp:list-item -->\n<li>Fachbegriffe<\/li>\n<!-- \/wp:list-item -->\n\n<!-- wp:list-item -->\n<li>Wortneusch\u00f6pfungen (Neologismen)<\/li>\n<!-- \/wp:list-item -->\n\n<!-- wp:list-item -->\n<li>Synonyme<\/li>\n<!-- \/wp:list-item --><\/ul>\n<!-- \/wp:list -->\n\n<!-- wp:jgu\/heading {\"tags\":{\"htmlTag\":\"h3\",\"classTag\":\"\",\"tag\":\"h3\"},\"heading\":\"Satzebene\"} \/-->\n\n<!-- wp:paragraph -->\n<p class=\"has-big-font-size\">Vermeiden Sie:<\/p>\n<!-- \/wp:paragraph -->\n\n<!-- wp:list -->\n<ul class=\"wp-block-list\"><!-- wp:list-item -->\n<li>Nebens\u00e4tze, <\/li>\n<!-- \/wp:list-item -->\n\n<!-- wp:list-item -->\n<li>zu lange S\u00e4tze, <\/li>\n<!-- \/wp:list-item -->\n\n<!-- wp:list-item -->\n<li>zu viele Infos pro Satz<\/li>\n<!-- \/wp:list-item -->\n\n<!-- wp:list-item -->\n<li>Schachtels\u00e4tze<\/li>\n<!-- \/wp:list-item -->\n\n<!-- wp:list-item -->\n<li>Passiv, indirekte Rede<\/li>\n<!-- \/wp:list-item -->\n\n<!-- wp:list-item -->\n<li>Konjunktive<\/li>\n<!-- \/wp:list-item -->\n\n<!-- wp:list-item -->\n<li>Umschreibungen<\/li>\n<!-- \/wp:list-item -->\n\n<!-- wp:list-item -->\n<li>Zeitformen<\/li>\n<!-- \/wp:list-item -->\n\n<!-- wp:list-item -->\n<li>Bez\u00fcge, z.B. Pronomen<\/li>\n<!-- \/wp:list-item -->\n\n<!-- wp:list-item -->\n<li>Genitiv (wird durch Dativ ersetzt)<\/li>\n<!-- \/wp:list-item -->\n\n<!-- wp:list-item -->\n<li>H\u00e4ufige Negation (wenn n\u00f6tig, wird das negierende Wort gefettet)<\/li>\n<!-- \/wp:list-item --><\/ul>\n<!-- \/wp:list -->\n\n<!-- wp:jgu\/heading {\"tags\":{\"htmlTag\":\"h3\",\"classTag\":\"\",\"tag\":\"h3\"},\"heading\":\"Textebene Gestaltung\"} \/-->\n\n<!-- wp:paragraph -->\n<p class=\"has-big-font-size\">Textorientierung durch \u00dcberschriften und Bilder. Auf JGU Webseiten sind die meisten dieser Elemente bereits durch das vorgegebene Layout erreicht, also Kontrast, Schriftart, Zeilenabstand sind ja bereits vorgegeben.<\/p>\n<!-- \/wp:paragraph -->\n\n<!-- wp:paragraph -->\n<p class=\"has-big-font-size\">Vermeiden Sie:<\/p>\n<!-- \/wp:paragraph -->\n\n<!-- wp:list -->\n<ul class=\"wp-block-list\"><!-- wp:list-item -->\n<li>Auszeichnungen (deren Grund nicht ersichtlich ist) wie fett und kursiv<\/li>\n<!-- \/wp:list-item -->\n\n<!-- wp:list-item -->\n<li>Kontraste<\/li>\n<!-- \/wp:list-item -->\n\n<!-- wp:list-item -->\n<li>geringer Zeilenabstand<\/li>\n<!-- \/wp:list-item -->\n\n<!-- wp:list-item -->\n<li>weniger Zeichen pro Zeile<\/li>\n<!-- \/wp:list-item -->\n\n<!-- wp:list-item -->\n<li>wechselnde Schriftarten<\/li>\n<!-- \/wp:list-item -->\n\n<!-- wp:list-item -->\n<li>geringer Zeichenabstand<\/li>\n<!-- \/wp:list-item -->\n\n<!-- wp:list-item -->\n<li>unterschiedliche Textk\u00f6rper (z.B. Blocksatz)<\/li>\n<!-- \/wp:list-item -->\n\n<!-- wp:list-item -->\n<li>Silbentrennung<\/li>\n<!-- \/wp:list-item --><\/ul>\n<!-- \/wp:list -->","_links":{"self":[{"href":"https:\/\/cms.zdv.uni-mainz.de\/modul-demo\/wp-json\/wp\/v2\/pages\/440","targetHints":{"allow":["GET"]}}],"collection":[{"href":"https:\/\/cms.zdv.uni-mainz.de\/modul-demo\/wp-json\/wp\/v2\/pages"}],"about":[{"href":"https:\/\/cms.zdv.uni-mainz.de\/modul-demo\/wp-json\/wp\/v2\/types\/page"}],"author":[{"embeddable":true,"href":"https:\/\/cms.zdv.uni-mainz.de\/modul-demo\/wp-json\/wp\/v2\/users\/16"}],"replies":[{"embeddable":true,"href":"https:\/\/cms.zdv.uni-mainz.de\/modul-demo\/wp-json\/wp\/v2\/comments?post=440"}],"version-history":[{"count":3,"href":"https:\/\/cms.zdv.uni-mainz.de\/modul-demo\/wp-json\/wp\/v2\/pages\/440\/revisions"}],"predecessor-version":[{"id":118480,"href":"https:\/\/cms.zdv.uni-mainz.de\/modul-demo\/wp-json\/wp\/v2\/pages\/440\/revisions\/118480"}],"up":[{"embeddable":true,"href":"https:\/\/cms.zdv.uni-mainz.de\/modul-demo\/wp-json\/wp\/v2\/pages\/115088"}],"wp:attachment":[{"href":"https:\/\/cms.zdv.uni-mainz.de\/modul-demo\/wp-json\/wp\/v2\/media?parent=440"}],"wp:term":[{"taxonomy":"category","embeddable":true,"href":"https:\/\/cms.zdv.uni-mainz.de\/modul-demo\/wp-json\/wp\/v2\/categories?post=440"},{"taxonomy":"post_tag","embeddable":true,"href":"https:\/\/cms.zdv.uni-mainz.de\/modul-demo\/wp-json\/wp\/v2\/tags?post=440"}],"curies":[{"name":"wp","href":"https:\/\/api.w.org\/{rel}","templated":true}]}}