{"id":59,"date":"2023-12-18T16:36:55","date_gmt":"2023-12-18T15:36:55","guid":{"rendered":"https:\/\/cms.zdv.uni-mainz.de\/zdv\/?page_id=59"},"modified":"2024-03-07T08:21:13","modified_gmt":"2024-03-07T07:21:13","slug":"kontakt","status":"publish","type":"page","link":"https:\/\/cms.zdv.uni-mainz.de\/modul-demo\/ge\/kontakt\/","title":{"rendered":"Kontakt"},"content":{"rendered":"\n<p class=\"has-big-font-size\">Postanschrift:<\/p>\n\n\n\n<p class=\"has-big-font-size\">Zentrum f\u00fcr Datenverarbeitung<br>55099 Mainz<\/p>\n\n\n\n<p class=\"has-big-font-size\">Lieferadresse und Anschrift f\u00fcr G\u00e4ste:<\/p>\n\n\n\n<p class=\"has-big-font-size\">Anselm-Franz-von-Bentzel-Weg 12<br>55128 MainzZDV-Hotline:<\/p>\n\n\n\n<p class=\"has-big-font-size\">Bei technischen Fragen oder IT-Problemen, die mit Forschung, Lehre, Studium an der Universit\u00e4t Mainz zu tun haben, wenden Sie sich bitte an:\u00a0<a href=\"mailto:hotline@zdv.uni-mainz.de\">hotline@zdv.uni-mainz.de<\/a>\u00a0<\/p>\n\n\n\n<p class=\"has-big-font-size\">ZDV-Leitung:<\/p>\n\n\n\n<p class=\"has-big-font-size\">Carsten Allend\u00f6rfer und Dr. Stefan Schardt<br>Sekretariat: Tel.: (06131) 39-263 00<br>E-Mail:&nbsp;<a href=\"mailto:kontakt@zdv.uni-mainz.de\">kontakt@zdv.uni-mainz.de<\/a><\/p>\n\n\n<jgu-base-idm-organization react-props=\"{\n    &quot;id&quot;: &quot;398&quot;,\n    &quot;portraits&quot;: false,\n    &quot;link&quot;: &quot;idm&quot;,\n    &quot;layout&quot;: &quot;default&quot;,\n    &quot;displayOptions&quot;: {\n        &quot;portraits&quot;: true,\n        &quot;role&quot;: true,\n        &quot;organization&quot;: true,\n        &quot;personAddress&quot;: true,\n        &quot;officeHours&quot;: true,\n        &quot;room&quot;: true,\n        &quot;email&quot;: true,\n        &quot;phone&quot;: true,\n        &quot;website&quot;: true,\n        &quot;departmentAddress&quot;: true\n    },\n    &quot;depth&quot;: &quot;0&quot;,\n    &quot;startlevel&quot;: 2,\n    &quot;skip&quot;: [],\n    &quot;skipRoles&quot;: [],\n    &quot;roleIds&quot;: [],\n    &quot;align&quot;: &quot;left&quot;,\n    &quot;color&quot;: &quot;default&quot;,\n    &quot;mode&quot;: &quot;edit&quot;\n}\">\n        \n<\/jgu-base-idm-organization>\n    <div style=\"display: none\">\n        \n    <\/div>","protected":false},"excerpt":{"rendered":"<p>Postanschrift: Zentrum f\u00fcr Datenverarbeitung55099 Mainz Lieferadresse und Anschrift f\u00fcr G\u00e4ste: Anselm-Franz-von-Bentzel-Weg 1255128 MainzZDV-Hotline: Bei technischen Fragen oder IT-Problemen, die mit Forschung, Lehre, Studium an der Universit\u00e4t Mainz zu tun haben, wenden Sie sich bitte an:\u00a0hotline@zdv.uni-mainz.de\u00a0 ZDV-Leitung: Carsten Allend\u00f6rfer und Dr. Stefan SchardtSekretariat: Tel.: (06131) 39-263 00E-Mail:&nbsp;kontakt@zdv.uni-mainz.de<\/p>\n","protected":false},"author":16,"featured_media":0,"parent":115088,"menu_order":0,"comment_status":"closed","ping_status":"closed","template":"","meta":{"footnotes":""},"categories":[],"tags":[],"class_list":["post-59","page","type-page","status-publish","hentry"],"content_raw":"<!-- wp:paragraph -->\n<p class=\"has-big-font-size\">Postanschrift:<\/p>\n<!-- \/wp:paragraph -->\n\n<!-- wp:paragraph -->\n<p class=\"has-big-font-size\">Zentrum f\u00fcr Datenverarbeitung<br>55099 Mainz<\/p>\n<!-- \/wp:paragraph -->\n\n<!-- wp:paragraph -->\n<p class=\"has-big-font-size\">Lieferadresse und Anschrift f\u00fcr G\u00e4ste:<\/p>\n<!-- \/wp:paragraph -->\n\n<!-- wp:paragraph -->\n<p class=\"has-big-font-size\">Anselm-Franz-von-Bentzel-Weg 12<br>55128 MainzZDV-Hotline:<\/p>\n<!-- \/wp:paragraph -->\n\n<!-- wp:paragraph -->\n<p class=\"has-big-font-size\">Bei technischen Fragen oder IT-Problemen, die mit Forschung, Lehre, Studium an der Universit\u00e4t Mainz zu tun haben, wenden Sie sich bitte an:\u00a0<a href=\"mailto:hotline@zdv.uni-mainz.de\">hotline@zdv.uni-mainz.de<\/a>\u00a0<\/p>\n<!-- \/wp:paragraph -->\n\n<!-- wp:paragraph -->\n<p class=\"has-big-font-size\">ZDV-Leitung:<\/p>\n<!-- \/wp:paragraph -->\n\n<!-- wp:paragraph -->\n<p class=\"has-big-font-size\">Carsten Allend\u00f6rfer und Dr. Stefan Schardt<br>Sekretariat: Tel.: (06131) 39-263 00<br>E-Mail:&nbsp;<a href=\"mailto:kontakt@zdv.uni-mainz.de\">kontakt@zdv.uni-mainz.de<\/a><\/p>\n<!-- \/wp:paragraph -->\n\n<!-- wp:jgu\/idm-organization {\"id\":\"398\",\"portraits\":false} \/-->","_links":{"self":[{"href":"https:\/\/cms.zdv.uni-mainz.de\/modul-demo\/wp-json\/wp\/v2\/pages\/59","targetHints":{"allow":["GET"]}}],"collection":[{"href":"https:\/\/cms.zdv.uni-mainz.de\/modul-demo\/wp-json\/wp\/v2\/pages"}],"about":[{"href":"https:\/\/cms.zdv.uni-mainz.de\/modul-demo\/wp-json\/wp\/v2\/types\/page"}],"author":[{"embeddable":true,"href":"https:\/\/cms.zdv.uni-mainz.de\/modul-demo\/wp-json\/wp\/v2\/users\/16"}],"replies":[{"embeddable":true,"href":"https:\/\/cms.zdv.uni-mainz.de\/modul-demo\/wp-json\/wp\/v2\/comments?post=59"}],"version-history":[{"count":1,"href":"https:\/\/cms.zdv.uni-mainz.de\/modul-demo\/wp-json\/wp\/v2\/pages\/59\/revisions"}],"predecessor-version":[{"id":115118,"href":"https:\/\/cms.zdv.uni-mainz.de\/modul-demo\/wp-json\/wp\/v2\/pages\/59\/revisions\/115118"}],"up":[{"embeddable":true,"href":"https:\/\/cms.zdv.uni-mainz.de\/modul-demo\/wp-json\/wp\/v2\/pages\/115088"}],"wp:attachment":[{"href":"https:\/\/cms.zdv.uni-mainz.de\/modul-demo\/wp-json\/wp\/v2\/media?parent=59"}],"wp:term":[{"taxonomy":"category","embeddable":true,"href":"https:\/\/cms.zdv.uni-mainz.de\/modul-demo\/wp-json\/wp\/v2\/categories?post=59"},{"taxonomy":"post_tag","embeddable":true,"href":"https:\/\/cms.zdv.uni-mainz.de\/modul-demo\/wp-json\/wp\/v2\/tags?post=59"}],"curies":[{"name":"wp","href":"https:\/\/api.w.org\/{rel}","templated":true}]}}